{"id":73633,"date":"2025-10-27T11:50:50","date_gmt":"2025-10-27T10:50:50","guid":{"rendered":"https:\/\/example.walraven.com\/?page_id=155201"},"modified":"2025-12-22T12:22:09","modified_gmt":"2025-12-22T11:22:09","slug":"deklaracja-srodowiskowa-produktu","status":"publish","type":"page","link":"https:\/\/www.walraven.com\/pl\/sustainability\/deklaracja-srodowiskowa-produktu\/","title":{"rendered":"Deklaracja \u015arodowiskowa Produktu (EPD)"},"content":{"rendered":"","protected":false},"excerpt":{"rendered":"","protected":false},"author":43,"featured_media":73673,"parent":71753,"menu_order":0,"comment_status":"closed","ping_status":"closed","template":"page-templates\/tpl-landingspage.php","meta":{"_acf_changed":false,"footnotes":""},"class_list":["post-73633","page","type-page","status-publish","has-post-thumbnail","hentry"],"acf":[],"yoast_head":"<!-- This site is optimized with the Yoast SEO Premium plugin v27.3 (Yoast SEO v27.3) - https:\/\/yoast.com\/product\/yoast-seo-premium-wordpress\/ -->\n<title>Deklaracja \u015arodowiskowa Produktu (EPD) - Producent Walraven Polska<\/title>\n<meta name=\"description\" content=\"Zdajemy sobie spraw\u0119, \u017ce posiadanie EPD ma kluczowe znaczenie dla naszej organizacji i osi\u0105gni\u0119cia naszych cel\u00f3w w zakresie zr\u00f3wnowa\u017conego rozwoju. Wszystkie nasze EPD mo\u017cna znale\u017a\u0107 na naszej stronie internetowej.\" \/>\n<meta name=\"robots\" content=\"index, follow, max-snippet:-1, max-image-preview:large, max-video-preview:-1\" \/>\n<link rel=\"canonical\" href=\"https:\/\/www.walraven.com\/pl\/sustainability\/deklaracja-srodowiskowa-produktu\/\" \/>\n<meta property=\"og:locale\" content=\"pl_PL\" \/>\n<meta property=\"og:type\" content=\"article\" \/>\n<meta property=\"og:title\" content=\"Deklaracja \u015arodowiskowa Produktu (EPD)\" \/>\n<meta property=\"og:description\" content=\"Zdajemy sobie spraw\u0119, \u017ce posiadanie EPD ma kluczowe znaczenie dla naszej organizacji i osi\u0105gni\u0119cia naszych cel\u00f3w w zakresie zr\u00f3wnowa\u017conego rozwoju. Wszystkie nasze EPD mo\u017cna znale\u017a\u0107 na naszej stronie internetowej.\" \/>\n<meta property=\"og:url\" content=\"https:\/\/www.walraven.com\/pl\/sustainability\/deklaracja-srodowiskowa-produktu\/\" \/>\n<meta property=\"og:site_name\" content=\"Producent Walraven Polska\" \/>\n<meta property=\"article:publisher\" content=\"https:\/\/www.facebook.com\/Walraven-PL-134115383938171\/\" \/>\n<meta property=\"article:modified_time\" content=\"2025-12-22T11:22:09+00:00\" \/>\n<meta property=\"og:image\" content=\"https:\/\/www.walraven.com\/pl\/wp-content\/uploads\/sites\/8\/2025\/10\/Untitled-3-1.png\" \/>\n\t<meta property=\"og:image:width\" content=\"400\" \/>\n\t<meta property=\"og:image:height\" content=\"250\" \/>\n\t<meta property=\"og:image:type\" content=\"image\/png\" \/>\n<meta name=\"twitter:card\" content=\"summary_large_image\" \/>\n<meta name=\"twitter:label1\" content=\"Szacowany czas czytania\" \/>\n\t<meta name=\"twitter:data1\" content=\"3 minuty\" \/>\n<script type=\"application\/ld+json\" class=\"yoast-schema-graph\">{\"@context\":\"https:\\\/\\\/schema.org\",\"@graph\":[{\"@type\":\"WebPage\",\"@id\":\"https:\\\/\\\/www.walraven.com\\\/pl\\\/sustainability\\\/deklaracja-srodowiskowa-produktu\\\/\",\"url\":\"https:\\\/\\\/www.walraven.com\\\/pl\\\/sustainability\\\/deklaracja-srodowiskowa-produktu\\\/\",\"name\":\"Deklaracja \u015arodowiskowa Produktu (EPD) - Producent Walraven Polska\",\"isPartOf\":{\"@id\":\"https:\\\/\\\/www.walraven.com\\\/pl\\\/#website\"},\"primaryImageOfPage\":{\"@id\":\"https:\\\/\\\/www.walraven.com\\\/pl\\\/sustainability\\\/deklaracja-srodowiskowa-produktu\\\/#primaryimage\"},\"image\":{\"@id\":\"https:\\\/\\\/www.walraven.com\\\/pl\\\/sustainability\\\/deklaracja-srodowiskowa-produktu\\\/#primaryimage\"},\"thumbnailUrl\":\"https:\\\/\\\/www.walraven.com\\\/pl\\\/wp-content\\\/uploads\\\/sites\\\/8\\\/2025\\\/10\\\/Untitled-3-1.png\",\"datePublished\":\"2025-10-27T10:50:50+00:00\",\"dateModified\":\"2025-12-22T11:22:09+00:00\",\"description\":\"Zdajemy sobie spraw\u0119, \u017ce posiadanie EPD ma kluczowe znaczenie dla naszej organizacji i osi\u0105gni\u0119cia naszych cel\u00f3w w zakresie zr\u00f3wnowa\u017conego rozwoju. Wszystkie nasze EPD mo\u017cna znale\u017a\u0107 na naszej stronie internetowej.\",\"breadcrumb\":{\"@id\":\"https:\\\/\\\/www.walraven.com\\\/pl\\\/sustainability\\\/deklaracja-srodowiskowa-produktu\\\/#breadcrumb\"},\"inLanguage\":\"pl-PL\",\"potentialAction\":[{\"@type\":\"ReadAction\",\"target\":[\"https:\\\/\\\/www.walraven.com\\\/pl\\\/sustainability\\\/deklaracja-srodowiskowa-produktu\\\/\"]}]},{\"@type\":\"ImageObject\",\"inLanguage\":\"pl-PL\",\"@id\":\"https:\\\/\\\/www.walraven.com\\\/pl\\\/sustainability\\\/deklaracja-srodowiskowa-produktu\\\/#primaryimage\",\"url\":\"https:\\\/\\\/www.walraven.com\\\/pl\\\/wp-content\\\/uploads\\\/sites\\\/8\\\/2025\\\/10\\\/Untitled-3-1.png\",\"contentUrl\":\"https:\\\/\\\/www.walraven.com\\\/pl\\\/wp-content\\\/uploads\\\/sites\\\/8\\\/2025\\\/10\\\/Untitled-3-1.png\",\"width\":400,\"height\":250},{\"@type\":\"BreadcrumbList\",\"@id\":\"https:\\\/\\\/www.walraven.com\\\/pl\\\/sustainability\\\/deklaracja-srodowiskowa-produktu\\\/#breadcrumb\",\"itemListElement\":[{\"@type\":\"ListItem\",\"position\":1,\"name\":\"Home\",\"item\":\"https:\\\/\\\/www.walraven.com\\\/pl\\\/\"},{\"@type\":\"ListItem\",\"position\":2,\"name\":\"Wierzymy, \u017ce mo\u017cemy dokona\u0107 trwa\u0142ych zmian, buduj\u0105c mi\u0119dzynarodow\u0105 firm\u0119 z sercem\",\"item\":\"https:\\\/\\\/www.walraven.com\\\/pl\\\/sustainability\\\/\"},{\"@type\":\"ListItem\",\"position\":3,\"name\":\"Deklaracja \u015arodowiskowa Produktu (EPD)\"}]},{\"@type\":\"WebSite\",\"@id\":\"https:\\\/\\\/www.walraven.com\\\/pl\\\/#website\",\"url\":\"https:\\\/\\\/www.walraven.com\\\/pl\\\/\",\"name\":\"Producent Walraven Polska\",\"description\":\"\",\"publisher\":{\"@id\":\"https:\\\/\\\/www.walraven.com\\\/pl\\\/#organization\"},\"potentialAction\":[{\"@type\":\"SearchAction\",\"target\":{\"@type\":\"EntryPoint\",\"urlTemplate\":\"https:\\\/\\\/www.walraven.com\\\/pl\\\/?s={search_term_string}\"},\"query-input\":{\"@type\":\"PropertyValueSpecification\",\"valueRequired\":true,\"valueName\":\"search_term_string\"}}],\"inLanguage\":\"pl-PL\"},{\"@type\":\"Organization\",\"@id\":\"https:\\\/\\\/www.walraven.com\\\/pl\\\/#organization\",\"name\":\"Walraven Sp. z o.o.\",\"alternateName\":\"Walraven Sp. z o.o.\",\"url\":\"https:\\\/\\\/www.walraven.com\\\/pl\\\/\",\"logo\":{\"@type\":\"ImageObject\",\"inLanguage\":\"pl-PL\",\"@id\":\"https:\\\/\\\/www.walraven.com\\\/pl\\\/#\\\/schema\\\/logo\\\/image\\\/\",\"url\":\"https:\\\/\\\/www.walraven.com\\\/pl\\\/wp-content\\\/uploads\\\/sites\\\/8\\\/2023\\\/12\\\/Walraven_logo300x300.jpg\",\"contentUrl\":\"https:\\\/\\\/www.walraven.com\\\/pl\\\/wp-content\\\/uploads\\\/sites\\\/8\\\/2023\\\/12\\\/Walraven_logo300x300.jpg\",\"width\":300,\"height\":300,\"caption\":\"Walraven Sp. z o.o.\"},\"image\":{\"@id\":\"https:\\\/\\\/www.walraven.com\\\/pl\\\/#\\\/schema\\\/logo\\\/image\\\/\"},\"sameAs\":[\"https:\\\/\\\/www.facebook.com\\\/Walraven-PL-134115383938171\\\/\",\"https:\\\/\\\/www.youtube.com\\\/user\\\/WalravenPLD\",\"https:\\\/\\\/www.linkedin.com\\\/company\\\/7157706\\\/\",\"https:\\\/\\\/www.instagram.com\\\/walraven_pl\\\/\"]}]}<\/script>\n<!-- \/ Yoast SEO Premium plugin. -->","yoast_head_json":{"title":"Deklaracja \u015arodowiskowa Produktu (EPD) - Producent Walraven Polska","description":"Zdajemy sobie spraw\u0119, \u017ce posiadanie EPD ma kluczowe znaczenie dla naszej organizacji i osi\u0105gni\u0119cia naszych cel\u00f3w w zakresie zr\u00f3wnowa\u017conego rozwoju. Wszystkie nasze EPD mo\u017cna znale\u017a\u0107 na naszej stronie internetowej.","robots":{"index":"index","follow":"follow","max-snippet":"max-snippet:-1","max-image-preview":"max-image-preview:large","max-video-preview":"max-video-preview:-1"},"canonical":"https:\/\/www.walraven.com\/pl\/sustainability\/deklaracja-srodowiskowa-produktu\/","og_locale":"pl_PL","og_type":"article","og_title":"Deklaracja \u015arodowiskowa Produktu (EPD)","og_description":"Zdajemy sobie spraw\u0119, \u017ce posiadanie EPD ma kluczowe znaczenie dla naszej organizacji i osi\u0105gni\u0119cia naszych cel\u00f3w w zakresie zr\u00f3wnowa\u017conego rozwoju. Wszystkie nasze EPD mo\u017cna znale\u017a\u0107 na naszej stronie internetowej.","og_url":"https:\/\/www.walraven.com\/pl\/sustainability\/deklaracja-srodowiskowa-produktu\/","og_site_name":"Producent Walraven Polska","article_publisher":"https:\/\/www.facebook.com\/Walraven-PL-134115383938171\/","article_modified_time":"2025-12-22T11:22:09+00:00","og_image":[{"width":400,"height":250,"url":"https:\/\/www.walraven.com\/pl\/wp-content\/uploads\/sites\/8\/2025\/10\/Untitled-3-1.png","type":"image\/png"}],"twitter_card":"summary_large_image","twitter_misc":{"Szacowany czas czytania":"3 minuty"},"schema":{"@context":"https:\/\/schema.org","@graph":[{"@type":"WebPage","@id":"https:\/\/www.walraven.com\/pl\/sustainability\/deklaracja-srodowiskowa-produktu\/","url":"https:\/\/www.walraven.com\/pl\/sustainability\/deklaracja-srodowiskowa-produktu\/","name":"Deklaracja \u015arodowiskowa Produktu (EPD) - Producent Walraven Polska","isPartOf":{"@id":"https:\/\/www.walraven.com\/pl\/#website"},"primaryImageOfPage":{"@id":"https:\/\/www.walraven.com\/pl\/sustainability\/deklaracja-srodowiskowa-produktu\/#primaryimage"},"image":{"@id":"https:\/\/www.walraven.com\/pl\/sustainability\/deklaracja-srodowiskowa-produktu\/#primaryimage"},"thumbnailUrl":"https:\/\/www.walraven.com\/pl\/wp-content\/uploads\/sites\/8\/2025\/10\/Untitled-3-1.png","datePublished":"2025-10-27T10:50:50+00:00","dateModified":"2025-12-22T11:22:09+00:00","description":"Zdajemy sobie spraw\u0119, \u017ce posiadanie EPD ma kluczowe znaczenie dla naszej organizacji i osi\u0105gni\u0119cia naszych cel\u00f3w w zakresie zr\u00f3wnowa\u017conego rozwoju. Wszystkie nasze EPD mo\u017cna znale\u017a\u0107 na naszej stronie internetowej.","breadcrumb":{"@id":"https:\/\/www.walraven.com\/pl\/sustainability\/deklaracja-srodowiskowa-produktu\/#breadcrumb"},"inLanguage":"pl-PL","potentialAction":[{"@type":"ReadAction","target":["https:\/\/www.walraven.com\/pl\/sustainability\/deklaracja-srodowiskowa-produktu\/"]}]},{"@type":"ImageObject","inLanguage":"pl-PL","@id":"https:\/\/www.walraven.com\/pl\/sustainability\/deklaracja-srodowiskowa-produktu\/#primaryimage","url":"https:\/\/www.walraven.com\/pl\/wp-content\/uploads\/sites\/8\/2025\/10\/Untitled-3-1.png","contentUrl":"https:\/\/www.walraven.com\/pl\/wp-content\/uploads\/sites\/8\/2025\/10\/Untitled-3-1.png","width":400,"height":250},{"@type":"BreadcrumbList","@id":"https:\/\/www.walraven.com\/pl\/sustainability\/deklaracja-srodowiskowa-produktu\/#breadcrumb","itemListElement":[{"@type":"ListItem","position":1,"name":"Home","item":"https:\/\/www.walraven.com\/pl\/"},{"@type":"ListItem","position":2,"name":"Wierzymy, \u017ce mo\u017cemy dokona\u0107 trwa\u0142ych zmian, buduj\u0105c mi\u0119dzynarodow\u0105 firm\u0119 z sercem","item":"https:\/\/www.walraven.com\/pl\/sustainability\/"},{"@type":"ListItem","position":3,"name":"Deklaracja \u015arodowiskowa Produktu (EPD)"}]},{"@type":"WebSite","@id":"https:\/\/www.walraven.com\/pl\/#website","url":"https:\/\/www.walraven.com\/pl\/","name":"Producent Walraven Polska","description":"","publisher":{"@id":"https:\/\/www.walraven.com\/pl\/#organization"},"potentialAction":[{"@type":"SearchAction","target":{"@type":"EntryPoint","urlTemplate":"https:\/\/www.walraven.com\/pl\/?s={search_term_string}"},"query-input":{"@type":"PropertyValueSpecification","valueRequired":true,"valueName":"search_term_string"}}],"inLanguage":"pl-PL"},{"@type":"Organization","@id":"https:\/\/www.walraven.com\/pl\/#organization","name":"Walraven Sp. z o.o.","alternateName":"Walraven Sp. z o.o.","url":"https:\/\/www.walraven.com\/pl\/","logo":{"@type":"ImageObject","inLanguage":"pl-PL","@id":"https:\/\/www.walraven.com\/pl\/#\/schema\/logo\/image\/","url":"https:\/\/www.walraven.com\/pl\/wp-content\/uploads\/sites\/8\/2023\/12\/Walraven_logo300x300.jpg","contentUrl":"https:\/\/www.walraven.com\/pl\/wp-content\/uploads\/sites\/8\/2023\/12\/Walraven_logo300x300.jpg","width":300,"height":300,"caption":"Walraven Sp. z o.o."},"image":{"@id":"https:\/\/www.walraven.com\/pl\/#\/schema\/logo\/image\/"},"sameAs":["https:\/\/www.facebook.com\/Walraven-PL-134115383938171\/","https:\/\/www.youtube.com\/user\/WalravenPLD","https:\/\/www.linkedin.com\/company\/7157706\/","https:\/\/www.instagram.com\/walraven_pl\/"]}]}},"_links":{"self":[{"href":"https:\/\/www.walraven.com\/pl\/wp-json\/wp\/v2\/pages\/73633","targetHints":{"allow":["GET"]}}],"collection":[{"href":"https:\/\/www.walraven.com\/pl\/wp-json\/wp\/v2\/pages"}],"about":[{"href":"https:\/\/www.walraven.com\/pl\/wp-json\/wp\/v2\/types\/page"}],"author":[{"embeddable":true,"href":"https:\/\/www.walraven.com\/pl\/wp-json\/wp\/v2\/users\/43"}],"replies":[{"embeddable":true,"href":"https:\/\/www.walraven.com\/pl\/wp-json\/wp\/v2\/comments?post=73633"}],"version-history":[{"count":4,"href":"https:\/\/www.walraven.com\/pl\/wp-json\/wp\/v2\/pages\/73633\/revisions"}],"predecessor-version":[{"id":73825,"href":"https:\/\/www.walraven.com\/pl\/wp-json\/wp\/v2\/pages\/73633\/revisions\/73825"}],"up":[{"embeddable":true,"href":"https:\/\/www.walraven.com\/pl\/wp-json\/wp\/v2\/pages\/71753"}],"wp:featuredmedia":[{"embeddable":true,"href":"https:\/\/www.walraven.com\/pl\/wp-json\/wp\/v2\/media\/73673"}],"wp:attachment":[{"href":"https:\/\/www.walraven.com\/pl\/wp-json\/wp\/v2\/media?parent=73633"}],"curies":[{"name":"wp","href":"https:\/\/api.w.org\/{rel}","templated":true}]}}