{"id":74310,"date":"2026-03-20T12:13:44","date_gmt":"2026-03-20T11:13:44","guid":{"rendered":"https:\/\/www.walraven.com\/pl\/?page_id=74310"},"modified":"2026-03-20T13:28:25","modified_gmt":"2026-03-20T12:28:25","slug":"konstrukcje-prefabrykowane","status":"publish","type":"page","link":"https:\/\/www.walraven.com\/pl\/podesty-serwisowe-przejscia-dachowe\/prefabrykacja\/konstrukcje-prefabrykowane\/","title":{"rendered":"Konstrukcje prefabrykowane"},"content":{"rendered":"<p>Modele 3D kontrukcji prefabrykowanych:<\/p>\n","protected":false},"excerpt":{"rendered":"<p>Modele 3D kontrukcji prefabrykowanych:<\/p>\n","protected":false},"author":83,"featured_media":74313,"parent":72916,"menu_order":0,"comment_status":"closed","ping_status":"closed","template":"page-templates\/tpl-landingspage.php","meta":{"_acf_changed":false,"footnotes":""},"class_list":["post-74310","page","type-page","status-publish","has-post-thumbnail","hentry"],"acf":[],"yoast_head":"<!-- This site is optimized with the Yoast SEO Premium plugin v27.3 (Yoast SEO v27.3) - https:\/\/yoast.com\/product\/yoast-seo-premium-wordpress\/ -->\n<title>Konstrukcje prefabrykowane - Producent Walraven Polska<\/title>\n<meta name=\"description\" content=\"Prefabrykowane konstrukcje stalowe: przej\u015bcia dachowe, podesty obs\u0142ugowe, stela\u017ce pod urz\u0105dzenia HVAC, stela\u017ce pod pompy ciep\u0142a.\" \/>\n<meta name=\"robots\" content=\"index, follow, max-snippet:-1, max-image-preview:large, max-video-preview:-1\" \/>\n<link rel=\"canonical\" href=\"https:\/\/www.walraven.com\/pl\/podesty-serwisowe-przejscia-dachowe\/prefabrykacja\/konstrukcje-prefabrykowane\/\" \/>\n<meta property=\"og:locale\" content=\"pl_PL\" \/>\n<meta property=\"og:type\" content=\"article\" \/>\n<meta property=\"og:title\" content=\"Konstrukcje prefabrykowane\" \/>\n<meta property=\"og:description\" content=\"Prefabrykowane konstrukcje stalowe: przej\u015bcia dachowe, podesty obs\u0142ugowe, stela\u017ce pod urz\u0105dzenia HVAC, stela\u017ce pod pompy ciep\u0142a.\" \/>\n<meta property=\"og:url\" content=\"https:\/\/www.walraven.com\/pl\/podesty-serwisowe-przejscia-dachowe\/prefabrykacja\/konstrukcje-prefabrykowane\/\" \/>\n<meta property=\"og:site_name\" content=\"Producent Walraven Polska\" \/>\n<meta property=\"article:publisher\" content=\"https:\/\/www.facebook.com\/Walraven-PL-134115383938171\/\" \/>\n<meta property=\"article:modified_time\" content=\"2026-03-20T12:28:25+00:00\" \/>\n<meta property=\"og:image\" content=\"https:\/\/www.walraven.com\/pl\/wp-content\/uploads\/sites\/8\/2026\/03\/0-Main-x-scaled-e1774000004697.png\" \/>\n\t<meta property=\"og:image:width\" content=\"2550\" \/>\n\t<meta property=\"og:image:height\" content=\"1395\" \/>\n\t<meta property=\"og:image:type\" content=\"image\/png\" \/>\n<meta name=\"twitter:card\" content=\"summary_large_image\" \/>\n<meta name=\"twitter:label1\" content=\"Szacowany czas czytania\" \/>\n\t<meta name=\"twitter:data1\" content=\"5 minut\" \/>\n<script type=\"application\/ld+json\" class=\"yoast-schema-graph\">{\"@context\":\"https:\\\/\\\/schema.org\",\"@graph\":[{\"@type\":\"WebPage\",\"@id\":\"https:\\\/\\\/www.walraven.com\\\/pl\\\/podesty-serwisowe-przejscia-dachowe\\\/prefabrykacja\\\/konstrukcje-prefabrykowane\\\/\",\"url\":\"https:\\\/\\\/www.walraven.com\\\/pl\\\/podesty-serwisowe-przejscia-dachowe\\\/prefabrykacja\\\/konstrukcje-prefabrykowane\\\/\",\"name\":\"Konstrukcje prefabrykowane - Producent Walraven Polska\",\"isPartOf\":{\"@id\":\"https:\\\/\\\/www.walraven.com\\\/pl\\\/#website\"},\"primaryImageOfPage\":{\"@id\":\"https:\\\/\\\/www.walraven.com\\\/pl\\\/podesty-serwisowe-przejscia-dachowe\\\/prefabrykacja\\\/konstrukcje-prefabrykowane\\\/#primaryimage\"},\"image\":{\"@id\":\"https:\\\/\\\/www.walraven.com\\\/pl\\\/podesty-serwisowe-przejscia-dachowe\\\/prefabrykacja\\\/konstrukcje-prefabrykowane\\\/#primaryimage\"},\"thumbnailUrl\":\"https:\\\/\\\/www.walraven.com\\\/pl\\\/wp-content\\\/uploads\\\/sites\\\/8\\\/2026\\\/03\\\/0-Main-x-scaled-e1774000004697.png\",\"datePublished\":\"2026-03-20T11:13:44+00:00\",\"dateModified\":\"2026-03-20T12:28:25+00:00\",\"description\":\"Prefabrykowane konstrukcje stalowe: przej\u015bcia dachowe, podesty obs\u0142ugowe, stela\u017ce pod urz\u0105dzenia HVAC, stela\u017ce pod pompy ciep\u0142a.\",\"breadcrumb\":{\"@id\":\"https:\\\/\\\/www.walraven.com\\\/pl\\\/podesty-serwisowe-przejscia-dachowe\\\/prefabrykacja\\\/konstrukcje-prefabrykowane\\\/#breadcrumb\"},\"inLanguage\":\"pl-PL\",\"potentialAction\":[{\"@type\":\"ReadAction\",\"target\":[\"https:\\\/\\\/www.walraven.com\\\/pl\\\/podesty-serwisowe-przejscia-dachowe\\\/prefabrykacja\\\/konstrukcje-prefabrykowane\\\/\"]}]},{\"@type\":\"ImageObject\",\"inLanguage\":\"pl-PL\",\"@id\":\"https:\\\/\\\/www.walraven.com\\\/pl\\\/podesty-serwisowe-przejscia-dachowe\\\/prefabrykacja\\\/konstrukcje-prefabrykowane\\\/#primaryimage\",\"url\":\"https:\\\/\\\/www.walraven.com\\\/pl\\\/wp-content\\\/uploads\\\/sites\\\/8\\\/2026\\\/03\\\/0-Main-x-scaled-e1774000004697.png\",\"contentUrl\":\"https:\\\/\\\/www.walraven.com\\\/pl\\\/wp-content\\\/uploads\\\/sites\\\/8\\\/2026\\\/03\\\/0-Main-x-scaled-e1774000004697.png\",\"width\":2550,\"height\":1395},{\"@type\":\"BreadcrumbList\",\"@id\":\"https:\\\/\\\/www.walraven.com\\\/pl\\\/podesty-serwisowe-przejscia-dachowe\\\/prefabrykacja\\\/konstrukcje-prefabrykowane\\\/#breadcrumb\",\"itemListElement\":[{\"@type\":\"ListItem\",\"position\":1,\"name\":\"Home\",\"item\":\"https:\\\/\\\/www.walraven.com\\\/pl\\\/\"},{\"@type\":\"ListItem\",\"position\":2,\"name\":\"Podesty serwisowe\\\/ Przej\u015bcia dachowe\",\"item\":\"https:\\\/\\\/www.walraven.com\\\/pl\\\/podesty-serwisowe-przejscia-dachowe\\\/\"},{\"@type\":\"ListItem\",\"position\":3,\"name\":\"Prefabrykacja\",\"item\":\"https:\\\/\\\/www.walraven.com\\\/pl\\\/podesty-serwisowe-przejscia-dachowe\\\/prefabrykacja\\\/\"},{\"@type\":\"ListItem\",\"position\":4,\"name\":\"Konstrukcje prefabrykowane\"}]},{\"@type\":\"WebSite\",\"@id\":\"https:\\\/\\\/www.walraven.com\\\/pl\\\/#website\",\"url\":\"https:\\\/\\\/www.walraven.com\\\/pl\\\/\",\"name\":\"Producent Walraven Polska\",\"description\":\"\",\"publisher\":{\"@id\":\"https:\\\/\\\/www.walraven.com\\\/pl\\\/#organization\"},\"potentialAction\":[{\"@type\":\"SearchAction\",\"target\":{\"@type\":\"EntryPoint\",\"urlTemplate\":\"https:\\\/\\\/www.walraven.com\\\/pl\\\/?s={search_term_string}\"},\"query-input\":{\"@type\":\"PropertyValueSpecification\",\"valueRequired\":true,\"valueName\":\"search_term_string\"}}],\"inLanguage\":\"pl-PL\"},{\"@type\":\"Organization\",\"@id\":\"https:\\\/\\\/www.walraven.com\\\/pl\\\/#organization\",\"name\":\"Walraven Sp. z o.o.\",\"alternateName\":\"Walraven Sp. z o.o.\",\"url\":\"https:\\\/\\\/www.walraven.com\\\/pl\\\/\",\"logo\":{\"@type\":\"ImageObject\",\"inLanguage\":\"pl-PL\",\"@id\":\"https:\\\/\\\/www.walraven.com\\\/pl\\\/#\\\/schema\\\/logo\\\/image\\\/\",\"url\":\"https:\\\/\\\/www.walraven.com\\\/pl\\\/wp-content\\\/uploads\\\/sites\\\/8\\\/2023\\\/12\\\/Walraven_logo300x300.jpg\",\"contentUrl\":\"https:\\\/\\\/www.walraven.com\\\/pl\\\/wp-content\\\/uploads\\\/sites\\\/8\\\/2023\\\/12\\\/Walraven_logo300x300.jpg\",\"width\":300,\"height\":300,\"caption\":\"Walraven Sp. z o.o.\"},\"image\":{\"@id\":\"https:\\\/\\\/www.walraven.com\\\/pl\\\/#\\\/schema\\\/logo\\\/image\\\/\"},\"sameAs\":[\"https:\\\/\\\/www.facebook.com\\\/Walraven-PL-134115383938171\\\/\",\"https:\\\/\\\/www.youtube.com\\\/user\\\/WalravenPLD\",\"https:\\\/\\\/www.linkedin.com\\\/company\\\/7157706\\\/\",\"https:\\\/\\\/www.instagram.com\\\/walraven_pl\\\/\"]}]}<\/script>\n<!-- \/ Yoast SEO Premium plugin. -->","yoast_head_json":{"title":"Konstrukcje prefabrykowane - Producent Walraven Polska","description":"Prefabrykowane konstrukcje stalowe: przej\u015bcia dachowe, podesty obs\u0142ugowe, stela\u017ce pod urz\u0105dzenia HVAC, stela\u017ce pod pompy ciep\u0142a.","robots":{"index":"index","follow":"follow","max-snippet":"max-snippet:-1","max-image-preview":"max-image-preview:large","max-video-preview":"max-video-preview:-1"},"canonical":"https:\/\/www.walraven.com\/pl\/podesty-serwisowe-przejscia-dachowe\/prefabrykacja\/konstrukcje-prefabrykowane\/","og_locale":"pl_PL","og_type":"article","og_title":"Konstrukcje prefabrykowane","og_description":"Prefabrykowane konstrukcje stalowe: przej\u015bcia dachowe, podesty obs\u0142ugowe, stela\u017ce pod urz\u0105dzenia HVAC, stela\u017ce pod pompy ciep\u0142a.","og_url":"https:\/\/www.walraven.com\/pl\/podesty-serwisowe-przejscia-dachowe\/prefabrykacja\/konstrukcje-prefabrykowane\/","og_site_name":"Producent Walraven Polska","article_publisher":"https:\/\/www.facebook.com\/Walraven-PL-134115383938171\/","article_modified_time":"2026-03-20T12:28:25+00:00","og_image":[{"width":2550,"height":1395,"url":"https:\/\/www.walraven.com\/pl\/wp-content\/uploads\/sites\/8\/2026\/03\/0-Main-x-scaled-e1774000004697.png","type":"image\/png"}],"twitter_card":"summary_large_image","twitter_misc":{"Szacowany czas czytania":"5 minut"},"schema":{"@context":"https:\/\/schema.org","@graph":[{"@type":"WebPage","@id":"https:\/\/www.walraven.com\/pl\/podesty-serwisowe-przejscia-dachowe\/prefabrykacja\/konstrukcje-prefabrykowane\/","url":"https:\/\/www.walraven.com\/pl\/podesty-serwisowe-przejscia-dachowe\/prefabrykacja\/konstrukcje-prefabrykowane\/","name":"Konstrukcje prefabrykowane - Producent Walraven Polska","isPartOf":{"@id":"https:\/\/www.walraven.com\/pl\/#website"},"primaryImageOfPage":{"@id":"https:\/\/www.walraven.com\/pl\/podesty-serwisowe-przejscia-dachowe\/prefabrykacja\/konstrukcje-prefabrykowane\/#primaryimage"},"image":{"@id":"https:\/\/www.walraven.com\/pl\/podesty-serwisowe-przejscia-dachowe\/prefabrykacja\/konstrukcje-prefabrykowane\/#primaryimage"},"thumbnailUrl":"https:\/\/www.walraven.com\/pl\/wp-content\/uploads\/sites\/8\/2026\/03\/0-Main-x-scaled-e1774000004697.png","datePublished":"2026-03-20T11:13:44+00:00","dateModified":"2026-03-20T12:28:25+00:00","description":"Prefabrykowane konstrukcje stalowe: przej\u015bcia dachowe, podesty obs\u0142ugowe, stela\u017ce pod urz\u0105dzenia HVAC, stela\u017ce pod pompy ciep\u0142a.","breadcrumb":{"@id":"https:\/\/www.walraven.com\/pl\/podesty-serwisowe-przejscia-dachowe\/prefabrykacja\/konstrukcje-prefabrykowane\/#breadcrumb"},"inLanguage":"pl-PL","potentialAction":[{"@type":"ReadAction","target":["https:\/\/www.walraven.com\/pl\/podesty-serwisowe-przejscia-dachowe\/prefabrykacja\/konstrukcje-prefabrykowane\/"]}]},{"@type":"ImageObject","inLanguage":"pl-PL","@id":"https:\/\/www.walraven.com\/pl\/podesty-serwisowe-przejscia-dachowe\/prefabrykacja\/konstrukcje-prefabrykowane\/#primaryimage","url":"https:\/\/www.walraven.com\/pl\/wp-content\/uploads\/sites\/8\/2026\/03\/0-Main-x-scaled-e1774000004697.png","contentUrl":"https:\/\/www.walraven.com\/pl\/wp-content\/uploads\/sites\/8\/2026\/03\/0-Main-x-scaled-e1774000004697.png","width":2550,"height":1395},{"@type":"BreadcrumbList","@id":"https:\/\/www.walraven.com\/pl\/podesty-serwisowe-przejscia-dachowe\/prefabrykacja\/konstrukcje-prefabrykowane\/#breadcrumb","itemListElement":[{"@type":"ListItem","position":1,"name":"Home","item":"https:\/\/www.walraven.com\/pl\/"},{"@type":"ListItem","position":2,"name":"Podesty serwisowe\/ Przej\u015bcia dachowe","item":"https:\/\/www.walraven.com\/pl\/podesty-serwisowe-przejscia-dachowe\/"},{"@type":"ListItem","position":3,"name":"Prefabrykacja","item":"https:\/\/www.walraven.com\/pl\/podesty-serwisowe-przejscia-dachowe\/prefabrykacja\/"},{"@type":"ListItem","position":4,"name":"Konstrukcje prefabrykowane"}]},{"@type":"WebSite","@id":"https:\/\/www.walraven.com\/pl\/#website","url":"https:\/\/www.walraven.com\/pl\/","name":"Producent Walraven Polska","description":"","publisher":{"@id":"https:\/\/www.walraven.com\/pl\/#organization"},"potentialAction":[{"@type":"SearchAction","target":{"@type":"EntryPoint","urlTemplate":"https:\/\/www.walraven.com\/pl\/?s={search_term_string}"},"query-input":{"@type":"PropertyValueSpecification","valueRequired":true,"valueName":"search_term_string"}}],"inLanguage":"pl-PL"},{"@type":"Organization","@id":"https:\/\/www.walraven.com\/pl\/#organization","name":"Walraven Sp. z o.o.","alternateName":"Walraven Sp. z o.o.","url":"https:\/\/www.walraven.com\/pl\/","logo":{"@type":"ImageObject","inLanguage":"pl-PL","@id":"https:\/\/www.walraven.com\/pl\/#\/schema\/logo\/image\/","url":"https:\/\/www.walraven.com\/pl\/wp-content\/uploads\/sites\/8\/2023\/12\/Walraven_logo300x300.jpg","contentUrl":"https:\/\/www.walraven.com\/pl\/wp-content\/uploads\/sites\/8\/2023\/12\/Walraven_logo300x300.jpg","width":300,"height":300,"caption":"Walraven Sp. z o.o."},"image":{"@id":"https:\/\/www.walraven.com\/pl\/#\/schema\/logo\/image\/"},"sameAs":["https:\/\/www.facebook.com\/Walraven-PL-134115383938171\/","https:\/\/www.youtube.com\/user\/WalravenPLD","https:\/\/www.linkedin.com\/company\/7157706\/","https:\/\/www.instagram.com\/walraven_pl\/"]}]}},"_links":{"self":[{"href":"https:\/\/www.walraven.com\/pl\/wp-json\/wp\/v2\/pages\/74310","targetHints":{"allow":["GET"]}}],"collection":[{"href":"https:\/\/www.walraven.com\/pl\/wp-json\/wp\/v2\/pages"}],"about":[{"href":"https:\/\/www.walraven.com\/pl\/wp-json\/wp\/v2\/types\/page"}],"author":[{"embeddable":true,"href":"https:\/\/www.walraven.com\/pl\/wp-json\/wp\/v2\/users\/83"}],"replies":[{"embeddable":true,"href":"https:\/\/www.walraven.com\/pl\/wp-json\/wp\/v2\/comments?post=74310"}],"version-history":[{"count":5,"href":"https:\/\/www.walraven.com\/pl\/wp-json\/wp\/v2\/pages\/74310\/revisions"}],"predecessor-version":[{"id":74376,"href":"https:\/\/www.walraven.com\/pl\/wp-json\/wp\/v2\/pages\/74310\/revisions\/74376"}],"up":[{"embeddable":true,"href":"https:\/\/www.walraven.com\/pl\/wp-json\/wp\/v2\/pages\/72916"}],"wp:featuredmedia":[{"embeddable":true,"href":"https:\/\/www.walraven.com\/pl\/wp-json\/wp\/v2\/media\/74313"}],"wp:attachment":[{"href":"https:\/\/www.walraven.com\/pl\/wp-json\/wp\/v2\/media?parent=74310"}],"curies":[{"name":"wp","href":"https:\/\/api.w.org\/{rel}","templated":true}]}}