{"id":74383,"date":"2026-03-26T10:29:19","date_gmt":"2026-03-26T09:29:19","guid":{"rendered":"https:\/\/www.walraven.com\/pl\/?page_id=74383"},"modified":"2026-03-27T08:49:22","modified_gmt":"2026-03-27T07:49:22","slug":"skrecane-vs-spawane","status":"publish","type":"page","link":"https:\/\/www.walraven.com\/pl\/podesty-serwisowe-przejscia-dachowe\/prefabrykacja\/skrecane-vs-spawane\/","title":{"rendered":"Stalowe konstrukcje skr\u0119cane: kiedy b\u0119d\u0105 lepszym rozwi\u0105zaniem?"},"content":{"rendered":"","protected":false},"excerpt":{"rendered":"","protected":false},"author":83,"featured_media":0,"parent":72916,"menu_order":0,"comment_status":"closed","ping_status":"closed","template":"page-templates\/tpl-landingspage.php","meta":{"_acf_changed":false,"footnotes":""},"class_list":["post-74383","page","type-page","status-publish","hentry"],"acf":[],"yoast_head":"<!-- This site is optimized with the Yoast SEO Premium plugin v27.3 (Yoast SEO v27.3) - https:\/\/yoast.com\/product\/yoast-seo-premium-wordpress\/ -->\n<title>Stalowe konstrukcje skr\u0119cane: kiedy b\u0119d\u0105 lepszym rozwi\u0105zaniem? - Producent Walraven Polska<\/title>\n<meta name=\"robots\" content=\"index, follow, max-snippet:-1, max-image-preview:large, max-video-preview:-1\" \/>\n<link rel=\"canonical\" href=\"https:\/\/www.walraven.com\/pl\/podesty-serwisowe-przejscia-dachowe\/prefabrykacja\/skrecane-vs-spawane\/\" \/>\n<meta property=\"og:locale\" content=\"pl_PL\" \/>\n<meta property=\"og:type\" content=\"article\" \/>\n<meta property=\"og:title\" content=\"Stalowe konstrukcje skr\u0119cane: kiedy b\u0119d\u0105 lepszym rozwi\u0105zaniem?\" \/>\n<meta property=\"og:url\" content=\"https:\/\/www.walraven.com\/pl\/podesty-serwisowe-przejscia-dachowe\/prefabrykacja\/skrecane-vs-spawane\/\" \/>\n<meta property=\"og:site_name\" content=\"Producent Walraven Polska\" \/>\n<meta property=\"article:publisher\" content=\"https:\/\/www.facebook.com\/Walraven-PL-134115383938171\/\" \/>\n<meta property=\"article:modified_time\" content=\"2026-03-27T07:49:22+00:00\" \/>\n<meta name=\"twitter:card\" content=\"summary_large_image\" \/>\n<meta name=\"twitter:label1\" content=\"Szacowany czas czytania\" \/>\n\t<meta name=\"twitter:data1\" content=\"6 minut\" \/>\n<script type=\"application\/ld+json\" class=\"yoast-schema-graph\">{\"@context\":\"https:\\\/\\\/schema.org\",\"@graph\":[{\"@type\":\"WebPage\",\"@id\":\"https:\\\/\\\/www.walraven.com\\\/pl\\\/podesty-serwisowe-przejscia-dachowe\\\/prefabrykacja\\\/skrecane-vs-spawane\\\/\",\"url\":\"https:\\\/\\\/www.walraven.com\\\/pl\\\/podesty-serwisowe-przejscia-dachowe\\\/prefabrykacja\\\/skrecane-vs-spawane\\\/\",\"name\":\"Stalowe konstrukcje skr\u0119cane: kiedy b\u0119d\u0105 lepszym rozwi\u0105zaniem? - Producent Walraven Polska\",\"isPartOf\":{\"@id\":\"https:\\\/\\\/www.walraven.com\\\/pl\\\/#website\"},\"datePublished\":\"2026-03-26T09:29:19+00:00\",\"dateModified\":\"2026-03-27T07:49:22+00:00\",\"breadcrumb\":{\"@id\":\"https:\\\/\\\/www.walraven.com\\\/pl\\\/podesty-serwisowe-przejscia-dachowe\\\/prefabrykacja\\\/skrecane-vs-spawane\\\/#breadcrumb\"},\"inLanguage\":\"pl-PL\",\"potentialAction\":[{\"@type\":\"ReadAction\",\"target\":[\"https:\\\/\\\/www.walraven.com\\\/pl\\\/podesty-serwisowe-przejscia-dachowe\\\/prefabrykacja\\\/skrecane-vs-spawane\\\/\"]}]},{\"@type\":\"BreadcrumbList\",\"@id\":\"https:\\\/\\\/www.walraven.com\\\/pl\\\/podesty-serwisowe-przejscia-dachowe\\\/prefabrykacja\\\/skrecane-vs-spawane\\\/#breadcrumb\",\"itemListElement\":[{\"@type\":\"ListItem\",\"position\":1,\"name\":\"Home\",\"item\":\"https:\\\/\\\/www.walraven.com\\\/pl\\\/\"},{\"@type\":\"ListItem\",\"position\":2,\"name\":\"Podesty serwisowe\\\/ Przej\u015bcia dachowe\",\"item\":\"https:\\\/\\\/www.walraven.com\\\/pl\\\/podesty-serwisowe-przejscia-dachowe\\\/\"},{\"@type\":\"ListItem\",\"position\":3,\"name\":\"Prefabrykacja\",\"item\":\"https:\\\/\\\/www.walraven.com\\\/pl\\\/podesty-serwisowe-przejscia-dachowe\\\/prefabrykacja\\\/\"},{\"@type\":\"ListItem\",\"position\":4,\"name\":\"Stalowe konstrukcje skr\u0119cane: kiedy b\u0119d\u0105 lepszym rozwi\u0105zaniem?\"}]},{\"@type\":\"WebSite\",\"@id\":\"https:\\\/\\\/www.walraven.com\\\/pl\\\/#website\",\"url\":\"https:\\\/\\\/www.walraven.com\\\/pl\\\/\",\"name\":\"Producent Walraven Polska\",\"description\":\"\",\"publisher\":{\"@id\":\"https:\\\/\\\/www.walraven.com\\\/pl\\\/#organization\"},\"potentialAction\":[{\"@type\":\"SearchAction\",\"target\":{\"@type\":\"EntryPoint\",\"urlTemplate\":\"https:\\\/\\\/www.walraven.com\\\/pl\\\/?s={search_term_string}\"},\"query-input\":{\"@type\":\"PropertyValueSpecification\",\"valueRequired\":true,\"valueName\":\"search_term_string\"}}],\"inLanguage\":\"pl-PL\"},{\"@type\":\"Organization\",\"@id\":\"https:\\\/\\\/www.walraven.com\\\/pl\\\/#organization\",\"name\":\"Walraven Sp. z o.o.\",\"alternateName\":\"Walraven Sp. z o.o.\",\"url\":\"https:\\\/\\\/www.walraven.com\\\/pl\\\/\",\"logo\":{\"@type\":\"ImageObject\",\"inLanguage\":\"pl-PL\",\"@id\":\"https:\\\/\\\/www.walraven.com\\\/pl\\\/#\\\/schema\\\/logo\\\/image\\\/\",\"url\":\"https:\\\/\\\/www.walraven.com\\\/pl\\\/wp-content\\\/uploads\\\/sites\\\/8\\\/2023\\\/12\\\/Walraven_logo300x300.jpg\",\"contentUrl\":\"https:\\\/\\\/www.walraven.com\\\/pl\\\/wp-content\\\/uploads\\\/sites\\\/8\\\/2023\\\/12\\\/Walraven_logo300x300.jpg\",\"width\":300,\"height\":300,\"caption\":\"Walraven Sp. z o.o.\"},\"image\":{\"@id\":\"https:\\\/\\\/www.walraven.com\\\/pl\\\/#\\\/schema\\\/logo\\\/image\\\/\"},\"sameAs\":[\"https:\\\/\\\/www.facebook.com\\\/Walraven-PL-134115383938171\\\/\",\"https:\\\/\\\/www.youtube.com\\\/user\\\/WalravenPLD\",\"https:\\\/\\\/www.linkedin.com\\\/company\\\/7157706\\\/\",\"https:\\\/\\\/www.instagram.com\\\/walraven_pl\\\/\"]}]}<\/script>\n<!-- \/ Yoast SEO Premium plugin. -->","yoast_head_json":{"title":"Stalowe konstrukcje skr\u0119cane: kiedy b\u0119d\u0105 lepszym rozwi\u0105zaniem? - Producent Walraven Polska","robots":{"index":"index","follow":"follow","max-snippet":"max-snippet:-1","max-image-preview":"max-image-preview:large","max-video-preview":"max-video-preview:-1"},"canonical":"https:\/\/www.walraven.com\/pl\/podesty-serwisowe-przejscia-dachowe\/prefabrykacja\/skrecane-vs-spawane\/","og_locale":"pl_PL","og_type":"article","og_title":"Stalowe konstrukcje skr\u0119cane: kiedy b\u0119d\u0105 lepszym rozwi\u0105zaniem?","og_url":"https:\/\/www.walraven.com\/pl\/podesty-serwisowe-przejscia-dachowe\/prefabrykacja\/skrecane-vs-spawane\/","og_site_name":"Producent Walraven Polska","article_publisher":"https:\/\/www.facebook.com\/Walraven-PL-134115383938171\/","article_modified_time":"2026-03-27T07:49:22+00:00","twitter_card":"summary_large_image","twitter_misc":{"Szacowany czas czytania":"6 minut"},"schema":{"@context":"https:\/\/schema.org","@graph":[{"@type":"WebPage","@id":"https:\/\/www.walraven.com\/pl\/podesty-serwisowe-przejscia-dachowe\/prefabrykacja\/skrecane-vs-spawane\/","url":"https:\/\/www.walraven.com\/pl\/podesty-serwisowe-przejscia-dachowe\/prefabrykacja\/skrecane-vs-spawane\/","name":"Stalowe konstrukcje skr\u0119cane: kiedy b\u0119d\u0105 lepszym rozwi\u0105zaniem? - Producent Walraven Polska","isPartOf":{"@id":"https:\/\/www.walraven.com\/pl\/#website"},"datePublished":"2026-03-26T09:29:19+00:00","dateModified":"2026-03-27T07:49:22+00:00","breadcrumb":{"@id":"https:\/\/www.walraven.com\/pl\/podesty-serwisowe-przejscia-dachowe\/prefabrykacja\/skrecane-vs-spawane\/#breadcrumb"},"inLanguage":"pl-PL","potentialAction":[{"@type":"ReadAction","target":["https:\/\/www.walraven.com\/pl\/podesty-serwisowe-przejscia-dachowe\/prefabrykacja\/skrecane-vs-spawane\/"]}]},{"@type":"BreadcrumbList","@id":"https:\/\/www.walraven.com\/pl\/podesty-serwisowe-przejscia-dachowe\/prefabrykacja\/skrecane-vs-spawane\/#breadcrumb","itemListElement":[{"@type":"ListItem","position":1,"name":"Home","item":"https:\/\/www.walraven.com\/pl\/"},{"@type":"ListItem","position":2,"name":"Podesty serwisowe\/ Przej\u015bcia dachowe","item":"https:\/\/www.walraven.com\/pl\/podesty-serwisowe-przejscia-dachowe\/"},{"@type":"ListItem","position":3,"name":"Prefabrykacja","item":"https:\/\/www.walraven.com\/pl\/podesty-serwisowe-przejscia-dachowe\/prefabrykacja\/"},{"@type":"ListItem","position":4,"name":"Stalowe konstrukcje skr\u0119cane: kiedy b\u0119d\u0105 lepszym rozwi\u0105zaniem?"}]},{"@type":"WebSite","@id":"https:\/\/www.walraven.com\/pl\/#website","url":"https:\/\/www.walraven.com\/pl\/","name":"Producent Walraven Polska","description":"","publisher":{"@id":"https:\/\/www.walraven.com\/pl\/#organization"},"potentialAction":[{"@type":"SearchAction","target":{"@type":"EntryPoint","urlTemplate":"https:\/\/www.walraven.com\/pl\/?s={search_term_string}"},"query-input":{"@type":"PropertyValueSpecification","valueRequired":true,"valueName":"search_term_string"}}],"inLanguage":"pl-PL"},{"@type":"Organization","@id":"https:\/\/www.walraven.com\/pl\/#organization","name":"Walraven Sp. z o.o.","alternateName":"Walraven Sp. z o.o.","url":"https:\/\/www.walraven.com\/pl\/","logo":{"@type":"ImageObject","inLanguage":"pl-PL","@id":"https:\/\/www.walraven.com\/pl\/#\/schema\/logo\/image\/","url":"https:\/\/www.walraven.com\/pl\/wp-content\/uploads\/sites\/8\/2023\/12\/Walraven_logo300x300.jpg","contentUrl":"https:\/\/www.walraven.com\/pl\/wp-content\/uploads\/sites\/8\/2023\/12\/Walraven_logo300x300.jpg","width":300,"height":300,"caption":"Walraven Sp. z o.o."},"image":{"@id":"https:\/\/www.walraven.com\/pl\/#\/schema\/logo\/image\/"},"sameAs":["https:\/\/www.facebook.com\/Walraven-PL-134115383938171\/","https:\/\/www.youtube.com\/user\/WalravenPLD","https:\/\/www.linkedin.com\/company\/7157706\/","https:\/\/www.instagram.com\/walraven_pl\/"]}]}},"_links":{"self":[{"href":"https:\/\/www.walraven.com\/pl\/wp-json\/wp\/v2\/pages\/74383","targetHints":{"allow":["GET"]}}],"collection":[{"href":"https:\/\/www.walraven.com\/pl\/wp-json\/wp\/v2\/pages"}],"about":[{"href":"https:\/\/www.walraven.com\/pl\/wp-json\/wp\/v2\/types\/page"}],"author":[{"embeddable":true,"href":"https:\/\/www.walraven.com\/pl\/wp-json\/wp\/v2\/users\/83"}],"replies":[{"embeddable":true,"href":"https:\/\/www.walraven.com\/pl\/wp-json\/wp\/v2\/comments?post=74383"}],"version-history":[{"count":6,"href":"https:\/\/www.walraven.com\/pl\/wp-json\/wp\/v2\/pages\/74383\/revisions"}],"predecessor-version":[{"id":74429,"href":"https:\/\/www.walraven.com\/pl\/wp-json\/wp\/v2\/pages\/74383\/revisions\/74429"}],"up":[{"embeddable":true,"href":"https:\/\/www.walraven.com\/pl\/wp-json\/wp\/v2\/pages\/72916"}],"wp:attachment":[{"href":"https:\/\/www.walraven.com\/pl\/wp-json\/wp\/v2\/media?parent=74383"}],"curies":[{"name":"wp","href":"https:\/\/api.w.org\/{rel}","templated":true}]}}