{"id":888,"date":"2016-10-19T16:25:27","date_gmt":"2016-10-19T14:25:27","guid":{"rendered":"https:\/\/www.walraven.com\/?page_id=7155"},"modified":"2018-05-29T17:40:53","modified_gmt":"2018-05-29T15:40:53","slug":"polityka-cookies","status":"publish","type":"page","link":"https:\/\/www.walraven.com\/pl\/polityka-cookies\/","title":{"rendered":"Polityka Cookies"},"content":{"rendered":"<h2>1. Zasady dotycz\u0105ce plik\u00f3w Cookie i polityki \u015bledzenia<\/h2>\n<p><a href=\"http:\/\/www.walraven.com\">www.walraven.com<\/a> jest stron\u0105 internetow\u0105 nale\u017c\u0105c\u0105 i administrowan\u0105 przez Walraven. Ten punkt dostarcza informacji jakie pliki cookie mo\u017cna ustawi\u0107 podczas odwiedzania witryny oraz jak je odrzuci\u0107 lub usun\u0105\u0107. Korzystaj\u0105c z tej witryny wyra\u017caj\u0105 Pa\u0144stwo zgod\u0119 na u\u017cywanie przez nas plik\u00f3w cookie w spos\u00f3b opisany poni\u017cej.<\/p>\n<h3>1.1 Czym s\u0105 pliki cookie?<\/h3>\n<p>Plik cookie to plik z informacj\u0105, kt\u00f3ry zapisuje si\u0119 na komputerze lub innym urz\u0105dzeniu na jakim przegl\u0105dana jest strona internetowa. Pozwala on stronie internetowej na rozpoznanie U\u017cytkownika strony, w przypadku gdy na stron\u0119 powraca korzystaj\u0105c z tego samego urz\u0105dzenia i przegl\u0105darki internetowej. Wykorzystywane przez nas pliki cookie mog\u0105 by\u0107 to pliki sesyjne (tymczasowe pliki identyfikuj\u0105ce i \u015bledz\u0105ce U\u017cytkownika, kt\u00f3re kasowane s\u0105 po ka\u017cdej sesji) lub pliki trwa\u0142e (pliki umo\u017cliwiaj\u0105ce \u201ezapami\u0119tanie\u201d Pa\u0144stwa oraz ustawionych preferencji na naszych stronach internetowych, pliki te pozostaj\u0105 na komputerze po zamkni\u0119ciu sesji). Inne podobne pliki, dzia\u0142aj\u0105ce w ten sam spos\u00f3b s\u0105 r\u00f3wnie\u017c okre\u015blane jako pliki \u201ecookie\u201d, nazwa ta odnosi si\u0119 do wszystkich plik\u00f3w zbieraj\u0105cych opisane powy\u017cej informacje.<\/p>\n<p>Pliki cookie s\u0105 bardzo popularn\u0105 technologi\u0105 s\u0142u\u017c\u0105c\u0105 zapami\u0119tywaniu pewnych informacji dotycz\u0105cych odwiedzaj\u0105cych stron\u0119 u\u017cytkownik\u00f3w. Zdecydowana wi\u0119kszo\u015b\u0107 witryn korzysta obecnie z plik\u00f3w cookie i s\u0105 one powszechnie u\u017cywane do wielu r\u00f3\u017cnych zada\u0144.<\/p>\n<p>U\u017cywane przez nas pliki cookie:<\/p>\n<ol>\n<li>Niezb\u0119dne pliki cookie: pliki niezb\u0119dne do dzia\u0142ania strony internetowej;<\/li>\n<li>Cookie analityczne\/badaj\u0105ce zasi\u0119gi: w celu analizy korzystania z witryny, na przyk\u0142ad rozpoznawania i zliczania ilo\u015bci odwiedzaj\u0105cych oraz sposobu poruszania si\u0119 po witrynie. Pomagaj\u0105 nam zbiera\u0107 informacje na temat tego, kt\u00f3re cz\u0119\u015bci strony s\u0105 najbardziej popularne, a kt\u00f3re jej sekcje wymagaj\u0105 ulepszenia, aby zwi\u0119kszy\u0107 komfort U\u017cytkownik\u00f3w z jej korzystania;<\/li>\n<li>Cookie funkcjonalno\u015bci: pliki, kt\u00f3re s\u0142u\u017c\u0105 do rozpoznawania U\u017cytkownika po powrocie do witryny w celu personalizacji jej tre\u015bci, na przyk\u0142ad poprzez zapami\u0119tanie kraju lub innych preferencji serwisu;<\/li>\n<li>Pliki cookie \u015bledz\u0105ce parametry: S\u0142u\u017c\u0105 do rejestrowania informacji o wizytach w witrynie i odwiedzonych stronach oraz klikni\u0119tych linkach. Wykorzystujemy te dane, aby dopasowywa\u0107 stron\u0119 do Pa\u0144stwa zainteresowa\u0144.<\/li>\n<\/ol>\n<p>Ten dokument zawiera informacje na temat konkretnych plik\u00f3w cookie u\u017cywanych na tej stronie internetowej.<\/p>\n<h3>1.2 Jak kontrolowa\u0107 i usuwa\u0107 pliki cookie<\/h3>\n<p>Po odwiedzeniu naszej strony U\u017cytkownikowi pojawia si\u0119 informacja o tym, \u017ce strona korzysta z plik\u00f3w cookie. Aby to powiadomienie mog\u0142o si\u0119 pojawi\u0107 musieli\u015bmy u\u017cy\u0107 pliku cookie. Je\u015bli b\u0119dziecie Pa\u0144stwo nadal korzysta\u0107 z tej strony, wi\u0119cej plik\u00f3w cookie i innych technologii s\u0142u\u017c\u0105cych do \u015bledzenia podejmowanych na stronie dzia\u0142a\u0144 zostanie umieszczonych na Pa\u0144stwa urz\u0105dzeniach zgodnie z opisem w poni\u017cszej tabeli, aby zwi\u0119kszy\u0107 wygod\u0119 korzystania z witryny. Kontynuuj\u0105c z korzystania z naszej witryny i akceptuj\u0105c nasz\u0105 Polityk\u0119 Prywatno\u015bci wyra\u017cacie Pa\u0144stwo zgod\u0119 na u\u017cywanie plik\u00f3w cookie\/technologii \u015bledz\u0105cych.<\/p>\n<p>Nie b\u0119dziemy u\u017cywa\u0107 plik\u00f3w cookie do zbierania spersonalizowanych danych. Jednak\u017ce, je\u015bli chc\u0105 Pa\u0144stwo ograniczy\u0107 lub wy\u0142\u0105czy\u0107 pliki cookie, kt\u00f3re s\u0105 u\u017cywane na tej stronie (lub w ka\u017cdej innej witrynie internetowej) mo\u017cna to zrobi\u0107 w ustawieniach przegl\u0105darki. Funkcja \u201ePomoc\u201d w przegl\u0105darce powinna pokaza\u0107 w jaki spos\u00f3b nale\u017cy to zrobi\u0107. Pliki cookie, kt\u00f3re s\u0105 zbierane na tej stronie mo\u017cna wy\u0142\u0105czy\u0107.<\/p>\n<p>Mo\u017cna r\u00f3wnie\u017c odwiedzi\u0107 stron\u0119 <a href=\"http:\/\/www.allaboutcookies.org\/\" target=\"_blank\" rel=\"noopener\">http:\/\/www.allaboutcookies.org\/<\/a>, kt\u00f3ra zawiera szczeg\u00f3\u0142owe informacje dotycz\u0105ce plik\u00f3w cookie i ich obs\u0142ugi w r\u00f3\u017cnych przegl\u0105darkach. Znajduj\u0105 si\u0119 tam r\u00f3wnie\u017c informacje w jaki spos\u00f3b pliki cookie usun\u0105\u0107 z urz\u0105dzenia. Prosimy pami\u0119ta\u0107, \u017ce strony te nie nale\u017c\u0105 i nie s\u0105 administrowane przez Walraven, nie jeste\u015bmy odpowiedzialni za ich zawarto\u015b\u0107.<\/p>\n<p>Zablokowanie wszystkich plik\u00f3w cookie mo\u017ce oznacza\u0107, \u017ce niekt\u00f3re tre\u015bci i funkcjonalno\u015bci strony nie b\u0119d\u0105 dost\u0119pne.<\/p>\n<h3>1.3 G\u0142\u00f3wne pliki cookie wykorzystywane w naszej witrynie<\/h3>\n<p>Poni\u017cej znajduje si\u0119 lista g\u0142\u00f3wnych plik\u00f3w cookie u\u017cywanych na tej stronie:<\/p>\n<table border=\"1\" cellspacing=\"5\" cellpadding=\"5\">\n<tbody>\n<tr>\n<td width=\"188\">Cookie Nazwa<\/td>\n<td width=\"421\">Google Analytics<\/td>\n<\/tr>\n<tr>\n<td width=\"188\">ID<\/td>\n<td width=\"421\">_ga<\/p>\n<p>_gat<\/td>\n<\/tr>\n<tr>\n<td width=\"188\">Cel<\/td>\n<td width=\"421\">Ten plik pozwala nam na:<\/p>\n<p>Gromadzenie informacji dotycz\u0105cych danego urz\u0105dzenia, w tym adres IP, system operacyjny, przegl\u0105darka internetowa. Dane te zbierane s\u0105 do sporz\u0105dzania raport\u00f3w i statystyk, w celu okre\u015blenia ilo\u015bci odbiorc\u00f3w strony oraz informacji z jakich \u015brodowisk przegl\u0105daj\u0105 stron\u0119; dane dotycz\u0105ce zachowania na stronie s\u0105 zbierane anonimowo.<\/td>\n<\/tr>\n<tr>\n<td width=\"188\">Okres przechowywania pliku<\/td>\n<td width=\"421\">Jest to plik cookie, kt\u00f3ry pozostaje zapisany w urz\u0105dzeniu do momentu zako\u0144czenia sesji przegl\u0105dania.<\/td>\n<\/tr>\n<tr>\n<td width=\"188\">\u017br\u00f3d\u0142o pliku Cookie<\/td>\n<td width=\"421\">Google<\/td>\n<\/tr>\n<tr>\n<td width=\"188\">Dalsze informacje<\/td>\n<td width=\"421\">Ta strona korzysta z Google Analytics; internetowe narz\u0119dzie do analizy statystyk, udost\u0119pnione przez firm\u0119 Google. Google Analytics wykorzystuje pliki cookie w celu oceny korzystania z witryny oraz zbiera informacje i tworzy raporty na temat aktywno\u015bci na stronie. Ten plik cookie nie zbiera informacji, kt\u00f3re pozwalaj\u0105 na identyfikacj\u0119 konkretnej osoby. Aby uzyska\u0107 informacje jak odrzuci\u0107 te pliki lub jak je usun\u0105\u0107 odwied\u017a stron\u0119: <a href=\"https:\/\/tools.google.com\/dlpage\/gaoptout\" target=\"_blank\" rel=\"noopener\">https:\/\/tools.google.com\/dlpage\/gaoptout<\/a>.<\/td>\n<\/tr>\n<\/tbody>\n<\/table>\n<h3>1.4 Pliki cookie innych firm<\/h3>\n<p>Nale\u017cy pami\u0119ta\u0107, \u017ce aby poprawi\u0107 jako\u015b\u0107 strony internetowej, strony trzecie mog\u0105 r\u00f3wnie\u017c u\u017cywa\u0107 plik\u00f3w cookie. Na przyk\u0142ad, zdarza si\u0119, \u017ce umieszczamy na naszej stronie filmy video z witryn takich jak YouTube. Natomiast YouTube mo\u017ce ustawia\u0107 pliki cookie w przegl\u0105darce, aby wy\u015bwietla\u0107 wideo i monitorowa\u0107 nieprzypisane do konkretnej osoby dane statystyczne.<\/p>\n<h3>1.5 \u015aledzenie wiadomo\u015bci e-mail<\/h3>\n<p>Niekt\u00f3re wysy\u0142ane przez nas wiadomo\u015bci mailowe (np. newsletter) mog\u0105 zawiera\u0107 linki \u201epixel\u201d, kt\u00f3re pozwalaj\u0105 nam uzyska\u0107 informacje na temat tego, czy otworzyli Pa\u0144stwo wys\u0142an\u0105 wiadomo\u015b\u0107 i sprawdzi\u0107 czy zosta\u0142y podj\u0119te dalsze dzia\u0142ania (czy klikni\u0119to znajduj\u0105ce si\u0119 w wiadomo\u015bci linki). U\u017cywamy tych danych, aby okre\u015bli\u0107, jakie tematy i kt\u00f3re informacje s\u0105 dla Pa\u0144stwa najbardziej interesuj\u0105ce.<\/p>\n<p>Usuwaj\u0105c wiadomo\u015b\u0107 email usuwaj\u0105 Pa\u0144stwo r\u00f3wnie\u017c \u201ePixel\u201d \u015bledz\u0105cy. Je\u015bli nie chc\u0105 Pa\u0144stwo, aby \u201ePixel\u201d zosta\u0142 pobrany na urz\u0105dzenie na kt\u00f3rym otwarto dan\u0105 widomo\u015b\u0107 wystarczy, \u017ce zaznacz\u0105 Pa\u0144stwo opcj\u0119, aby otrzymany od nas e-mail otwiera\u0142 si\u0119 w postaci zwyk\u0142ego tekstu lub html.<\/p>\n<p>Mog\u0105 Pa\u0144stwo r\u00f3wnie\u017c wypisa\u0107 si\u0119 z naszej listy mailingowej, klikaj\u0105c w link rezygnacji z subskrypcji w wiadomo\u015bci email lub kontaktuj\u0105c si\u0119 z nami pod adresem <a href=\"mailto:info.pl@walraven.com\">info.pl@walraven.com<\/a><\/p>\n<h3>1.6 Zmiany<\/h3>\n<p>Mo\u017cemy wprowadza\u0107 zmiany dotycz\u0105ce pobierania plik\u00f3w cookie w dowolnym momencie publikuj\u0105c zmienion\u0105 Polityk\u0119 Prywatno\u015bci, Polityk\u0119 Cookie na stronie internetowej. Wszelkie zmiany b\u0119d\u0105 obowi\u0105zywa\u0142y od momentu zamieszczenia zmodyfikowanych warunk\u00f3w na stronie. Dalsze korzystanie ze strony oznacza, \u017ce wyra\u017casz zgod\u0119 na powy\u017csze.<\/p>\n<h3>1.7 Skontaktuj si\u0119 z nami<\/h3>\n<p>Je\u015bli masz jakiekolwiek pytania lub w\u0105tpliwo\u015bci dotycz\u0105ce plik\u00f3w cookie lub naszej Polityki Prywatno\u015bci skontaktuj si\u0119 z nami pod adresem <a href=\"mailto:info.pl@walraven.com\">info.pl@walraven.com<\/a>.<\/p>\n","protected":false},"excerpt":{"rendered":"<p>1. Zasady dotycz\u0105ce plik\u00f3w Cookie i polityki \u015bledzenia www.walraven.com jest stron\u0105 internetow\u0105 nale\u017c\u0105c\u0105 i administrowan\u0105 przez Walraven. Ten punkt dostarcza informacji jakie pliki cookie mo\u017cna ustawi\u0107 podczas odwiedzania witryny oraz jak je odrzuci\u0107 lub usun\u0105\u0107. Korzystaj\u0105c z tej witryny wyra\u017caj\u0105 Pa\u0144stwo zgod\u0119 na u\u017cywanie przez nas plik\u00f3w cookie w spos\u00f3b opisany poni\u017cej. 1.1 Czym s\u0105 [&hellip;]<\/p>\n","protected":false},"author":7,"featured_media":0,"parent":0,"menu_order":0,"comment_status":"closed","ping_status":"closed","template":"","meta":{"_acf_changed":false,"footnotes":""},"class_list":["post-888","page","type-page","status-publish","hentry"],"acf":[],"yoast_head":"<!-- This site is optimized with the Yoast SEO Premium plugin v27.3 (Yoast SEO v27.3) - https:\/\/yoast.com\/product\/yoast-seo-premium-wordpress\/ -->\n<title>Polityka Cookies - Producent Walraven Polska<\/title>\n<meta name=\"description\" content=\"Sprawd\u017a co oznacza akceptacja plik\u00f3w cookies pochodz\u0105cych z witryny Walraven.com dla u\u017cytkownika. Polityka Cookies.\" \/>\n<meta name=\"robots\" content=\"index, follow, max-snippet:-1, max-image-preview:large, max-video-preview:-1\" \/>\n<link rel=\"canonical\" href=\"https:\/\/www.walraven.com\/pl\/polityka-cookies\/\" \/>\n<meta property=\"og:locale\" content=\"pl_PL\" \/>\n<meta property=\"og:type\" content=\"article\" \/>\n<meta property=\"og:title\" content=\"Polityka Cookies\" \/>\n<meta property=\"og:description\" content=\"Sprawd\u017a co oznacza akceptacja plik\u00f3w cookies pochodz\u0105cych z witryny Walraven.com dla u\u017cytkownika. Polityka Cookies.\" \/>\n<meta property=\"og:url\" content=\"https:\/\/www.walraven.com\/pl\/polityka-cookies\/\" \/>\n<meta property=\"og:site_name\" content=\"Producent Walraven Polska\" \/>\n<meta property=\"article:publisher\" content=\"https:\/\/www.facebook.com\/Walraven-PL-134115383938171\/\" \/>\n<meta property=\"article:modified_time\" content=\"2018-05-29T15:40:53+00:00\" \/>\n<meta name=\"twitter:card\" content=\"summary_large_image\" \/>\n<meta name=\"twitter:label1\" content=\"Szacowany czas czytania\" \/>\n\t<meta name=\"twitter:data1\" content=\"6 minut\" \/>\n<script type=\"application\/ld+json\" class=\"yoast-schema-graph\">{\"@context\":\"https:\\\/\\\/schema.org\",\"@graph\":[{\"@type\":\"WebPage\",\"@id\":\"https:\\\/\\\/www.walraven.com\\\/pl\\\/polityka-cookies\\\/\",\"url\":\"https:\\\/\\\/www.walraven.com\\\/pl\\\/polityka-cookies\\\/\",\"name\":\"Polityka Cookies - Producent Walraven Polska\",\"isPartOf\":{\"@id\":\"https:\\\/\\\/www.walraven.com\\\/pl\\\/#website\"},\"datePublished\":\"2016-10-19T14:25:27+00:00\",\"dateModified\":\"2018-05-29T15:40:53+00:00\",\"description\":\"Sprawd\u017a co oznacza akceptacja plik\u00f3w cookies pochodz\u0105cych z witryny Walraven.com dla u\u017cytkownika. Polityka Cookies.\",\"breadcrumb\":{\"@id\":\"https:\\\/\\\/www.walraven.com\\\/pl\\\/polityka-cookies\\\/#breadcrumb\"},\"inLanguage\":\"pl-PL\",\"potentialAction\":[{\"@type\":\"ReadAction\",\"target\":[\"https:\\\/\\\/www.walraven.com\\\/pl\\\/polityka-cookies\\\/\"]}]},{\"@type\":\"BreadcrumbList\",\"@id\":\"https:\\\/\\\/www.walraven.com\\\/pl\\\/polityka-cookies\\\/#breadcrumb\",\"itemListElement\":[{\"@type\":\"ListItem\",\"position\":1,\"name\":\"Home\",\"item\":\"https:\\\/\\\/www.walraven.com\\\/pl\\\/\"},{\"@type\":\"ListItem\",\"position\":2,\"name\":\"Polityka Cookies\"}]},{\"@type\":\"WebSite\",\"@id\":\"https:\\\/\\\/www.walraven.com\\\/pl\\\/#website\",\"url\":\"https:\\\/\\\/www.walraven.com\\\/pl\\\/\",\"name\":\"Producent Walraven Polska\",\"description\":\"\",\"publisher\":{\"@id\":\"https:\\\/\\\/www.walraven.com\\\/pl\\\/#organization\"},\"potentialAction\":[{\"@type\":\"SearchAction\",\"target\":{\"@type\":\"EntryPoint\",\"urlTemplate\":\"https:\\\/\\\/www.walraven.com\\\/pl\\\/?s={search_term_string}\"},\"query-input\":{\"@type\":\"PropertyValueSpecification\",\"valueRequired\":true,\"valueName\":\"search_term_string\"}}],\"inLanguage\":\"pl-PL\"},{\"@type\":\"Organization\",\"@id\":\"https:\\\/\\\/www.walraven.com\\\/pl\\\/#organization\",\"name\":\"Walraven Sp. z o.o.\",\"alternateName\":\"Walraven Sp. z o.o.\",\"url\":\"https:\\\/\\\/www.walraven.com\\\/pl\\\/\",\"logo\":{\"@type\":\"ImageObject\",\"inLanguage\":\"pl-PL\",\"@id\":\"https:\\\/\\\/www.walraven.com\\\/pl\\\/#\\\/schema\\\/logo\\\/image\\\/\",\"url\":\"https:\\\/\\\/www.walraven.com\\\/pl\\\/wp-content\\\/uploads\\\/sites\\\/8\\\/2023\\\/12\\\/Walraven_logo300x300.jpg\",\"contentUrl\":\"https:\\\/\\\/www.walraven.com\\\/pl\\\/wp-content\\\/uploads\\\/sites\\\/8\\\/2023\\\/12\\\/Walraven_logo300x300.jpg\",\"width\":300,\"height\":300,\"caption\":\"Walraven Sp. z o.o.\"},\"image\":{\"@id\":\"https:\\\/\\\/www.walraven.com\\\/pl\\\/#\\\/schema\\\/logo\\\/image\\\/\"},\"sameAs\":[\"https:\\\/\\\/www.facebook.com\\\/Walraven-PL-134115383938171\\\/\",\"https:\\\/\\\/www.youtube.com\\\/user\\\/WalravenPLD\",\"https:\\\/\\\/www.linkedin.com\\\/company\\\/7157706\\\/\",\"https:\\\/\\\/www.instagram.com\\\/walraven_pl\\\/\"]}]}<\/script>\n<!-- \/ Yoast SEO Premium plugin. -->","yoast_head_json":{"title":"Polityka Cookies - Producent Walraven Polska","description":"Sprawd\u017a co oznacza akceptacja plik\u00f3w cookies pochodz\u0105cych z witryny Walraven.com dla u\u017cytkownika. Polityka Cookies.","robots":{"index":"index","follow":"follow","max-snippet":"max-snippet:-1","max-image-preview":"max-image-preview:large","max-video-preview":"max-video-preview:-1"},"canonical":"https:\/\/www.walraven.com\/pl\/polityka-cookies\/","og_locale":"pl_PL","og_type":"article","og_title":"Polityka Cookies","og_description":"Sprawd\u017a co oznacza akceptacja plik\u00f3w cookies pochodz\u0105cych z witryny Walraven.com dla u\u017cytkownika. Polityka Cookies.","og_url":"https:\/\/www.walraven.com\/pl\/polityka-cookies\/","og_site_name":"Producent Walraven Polska","article_publisher":"https:\/\/www.facebook.com\/Walraven-PL-134115383938171\/","article_modified_time":"2018-05-29T15:40:53+00:00","twitter_card":"summary_large_image","twitter_misc":{"Szacowany czas czytania":"6 minut"},"schema":{"@context":"https:\/\/schema.org","@graph":[{"@type":"WebPage","@id":"https:\/\/www.walraven.com\/pl\/polityka-cookies\/","url":"https:\/\/www.walraven.com\/pl\/polityka-cookies\/","name":"Polityka Cookies - Producent Walraven Polska","isPartOf":{"@id":"https:\/\/www.walraven.com\/pl\/#website"},"datePublished":"2016-10-19T14:25:27+00:00","dateModified":"2018-05-29T15:40:53+00:00","description":"Sprawd\u017a co oznacza akceptacja plik\u00f3w cookies pochodz\u0105cych z witryny Walraven.com dla u\u017cytkownika. Polityka Cookies.","breadcrumb":{"@id":"https:\/\/www.walraven.com\/pl\/polityka-cookies\/#breadcrumb"},"inLanguage":"pl-PL","potentialAction":[{"@type":"ReadAction","target":["https:\/\/www.walraven.com\/pl\/polityka-cookies\/"]}]},{"@type":"BreadcrumbList","@id":"https:\/\/www.walraven.com\/pl\/polityka-cookies\/#breadcrumb","itemListElement":[{"@type":"ListItem","position":1,"name":"Home","item":"https:\/\/www.walraven.com\/pl\/"},{"@type":"ListItem","position":2,"name":"Polityka Cookies"}]},{"@type":"WebSite","@id":"https:\/\/www.walraven.com\/pl\/#website","url":"https:\/\/www.walraven.com\/pl\/","name":"Producent Walraven Polska","description":"","publisher":{"@id":"https:\/\/www.walraven.com\/pl\/#organization"},"potentialAction":[{"@type":"SearchAction","target":{"@type":"EntryPoint","urlTemplate":"https:\/\/www.walraven.com\/pl\/?s={search_term_string}"},"query-input":{"@type":"PropertyValueSpecification","valueRequired":true,"valueName":"search_term_string"}}],"inLanguage":"pl-PL"},{"@type":"Organization","@id":"https:\/\/www.walraven.com\/pl\/#organization","name":"Walraven Sp. z o.o.","alternateName":"Walraven Sp. z o.o.","url":"https:\/\/www.walraven.com\/pl\/","logo":{"@type":"ImageObject","inLanguage":"pl-PL","@id":"https:\/\/www.walraven.com\/pl\/#\/schema\/logo\/image\/","url":"https:\/\/www.walraven.com\/pl\/wp-content\/uploads\/sites\/8\/2023\/12\/Walraven_logo300x300.jpg","contentUrl":"https:\/\/www.walraven.com\/pl\/wp-content\/uploads\/sites\/8\/2023\/12\/Walraven_logo300x300.jpg","width":300,"height":300,"caption":"Walraven Sp. z o.o."},"image":{"@id":"https:\/\/www.walraven.com\/pl\/#\/schema\/logo\/image\/"},"sameAs":["https:\/\/www.facebook.com\/Walraven-PL-134115383938171\/","https:\/\/www.youtube.com\/user\/WalravenPLD","https:\/\/www.linkedin.com\/company\/7157706\/","https:\/\/www.instagram.com\/walraven_pl\/"]}]}},"_links":{"self":[{"href":"https:\/\/www.walraven.com\/pl\/wp-json\/wp\/v2\/pages\/888","targetHints":{"allow":["GET"]}}],"collection":[{"href":"https:\/\/www.walraven.com\/pl\/wp-json\/wp\/v2\/pages"}],"about":[{"href":"https:\/\/www.walraven.com\/pl\/wp-json\/wp\/v2\/types\/page"}],"author":[{"embeddable":true,"href":"https:\/\/www.walraven.com\/pl\/wp-json\/wp\/v2\/users\/7"}],"replies":[{"embeddable":true,"href":"https:\/\/www.walraven.com\/pl\/wp-json\/wp\/v2\/comments?post=888"}],"version-history":[{"count":11,"href":"https:\/\/www.walraven.com\/pl\/wp-json\/wp\/v2\/pages\/888\/revisions"}],"predecessor-version":[{"id":61721,"href":"https:\/\/www.walraven.com\/pl\/wp-json\/wp\/v2\/pages\/888\/revisions\/61721"}],"wp:attachment":[{"href":"https:\/\/www.walraven.com\/pl\/wp-json\/wp\/v2\/media?parent=888"}],"curies":[{"name":"wp","href":"https:\/\/api.w.org\/{rel}","templated":true}]}}