{"id":22986,"date":"2025-07-25T15:02:34","date_gmt":"2025-07-25T13:02:34","guid":{"rendered":"https:\/\/example.walraven.com\/?page_id=154493"},"modified":"2025-10-28T12:34:01","modified_gmt":"2025-10-28T11:34:01","slug":"channel-systems","status":"publish","type":"page","link":"https:\/\/www.walraven.com\/ro\/channel-systems\/","title":{"rendered":"Sistemele Walraven Channel simplific\u0103 instalarea sistemelor HVAC"},"content":{"rendered":"","protected":false},"excerpt":{"rendered":"","protected":false},"author":62,"featured_media":0,"parent":0,"menu_order":0,"comment_status":"closed","ping_status":"closed","template":"page-templates\/tpl-landingspage.php","meta":{"_acf_changed":false,"footnotes":""},"class_list":["post-22986","page","type-page","status-publish","hentry"],"acf":[],"yoast_head":"<!-- This site is optimized with the Yoast SEO Premium plugin v27.3 (Yoast SEO v27.3) - https:\/\/yoast.com\/product\/yoast-seo-premium-wordpress\/ -->\n<title>Sistemele Walraven Channel simplific\u0103 instalarea sistemelor HVAC - Walraven Rom\u00e2nia<\/title>\n<meta name=\"description\" content=\"Descoperi\u021bi de ce profesioni\u0219tii din domeniul HVAC au \u00eencredere \u00een Walraven pentru instala\u021bii eficiente \u0219i f\u0103r\u0103 probleme. Solu\u021biile noastre complete \u0219i modulare se adapteaz\u0103 la o varietate de necesit\u0103\u021bi ale proiectelor, de la aplica\u021bii u\u0219oare p\u00e2n\u0103 la cele cu sarcini grele. Gama extins\u0103 de accesorii gata de utilizare \u00eembun\u0103t\u0103\u021be\u0219te semnificativ performan\u021ba pe teren, asigur\u00e2nd instala\u021bii u\u0219oare, rapide \u0219i sigure.\" \/>\n<meta name=\"robots\" content=\"index, follow, max-snippet:-1, max-image-preview:large, max-video-preview:-1\" \/>\n<link rel=\"canonical\" href=\"https:\/\/www.walraven.com\/ro\/channel-systems\/\" \/>\n<meta property=\"og:locale\" content=\"ro_RO\" \/>\n<meta property=\"og:type\" content=\"article\" \/>\n<meta property=\"og:title\" content=\"Sistemele Walraven Channel simplific\u0103 instalarea sistemelor HVAC\" \/>\n<meta property=\"og:description\" content=\"Descoperi\u021bi de ce profesioni\u0219tii din domeniul HVAC au \u00eencredere \u00een Walraven pentru instala\u021bii eficiente \u0219i f\u0103r\u0103 probleme. Solu\u021biile noastre complete \u0219i modulare se adapteaz\u0103 la o varietate de necesit\u0103\u021bi ale proiectelor, de la aplica\u021bii u\u0219oare p\u00e2n\u0103 la cele cu sarcini grele. Gama extins\u0103 de accesorii gata de utilizare \u00eembun\u0103t\u0103\u021be\u0219te semnificativ performan\u021ba pe teren, asigur\u00e2nd instala\u021bii u\u0219oare, rapide \u0219i sigure.\" \/>\n<meta property=\"og:url\" content=\"https:\/\/www.walraven.com\/ro\/channel-systems\/\" \/>\n<meta property=\"og:site_name\" content=\"Walraven Rom\u00e2nia\" \/>\n<meta property=\"article:modified_time\" content=\"2025-10-28T11:34:01+00:00\" \/>\n<meta name=\"twitter:card\" content=\"summary_large_image\" \/>\n<meta name=\"twitter:label1\" content=\"Timp estimat pentru citire\" \/>\n\t<meta name=\"twitter:data1\" content=\"4 minute\" \/>\n<script type=\"application\/ld+json\" class=\"yoast-schema-graph\">{\"@context\":\"https:\\\/\\\/schema.org\",\"@graph\":[{\"@type\":\"WebPage\",\"@id\":\"https:\\\/\\\/www.walraven.com\\\/ro\\\/channel-systems\\\/\",\"url\":\"https:\\\/\\\/www.walraven.com\\\/ro\\\/channel-systems\\\/\",\"name\":\"Sistemele Walraven Channel simplific\u0103 instalarea sistemelor HVAC - Walraven Rom\u00e2nia\",\"isPartOf\":{\"@id\":\"https:\\\/\\\/www.walraven.com\\\/ro\\\/#website\"},\"datePublished\":\"2025-07-25T13:02:34+00:00\",\"dateModified\":\"2025-10-28T11:34:01+00:00\",\"description\":\"Descoperi\u021bi de ce profesioni\u0219tii din domeniul HVAC au \u00eencredere \u00een Walraven pentru instala\u021bii eficiente \u0219i f\u0103r\u0103 probleme. Solu\u021biile noastre complete \u0219i modulare se adapteaz\u0103 la o varietate de necesit\u0103\u021bi ale proiectelor, de la aplica\u021bii u\u0219oare p\u00e2n\u0103 la cele cu sarcini grele. Gama extins\u0103 de accesorii gata de utilizare \u00eembun\u0103t\u0103\u021be\u0219te semnificativ performan\u021ba pe teren, asigur\u00e2nd instala\u021bii u\u0219oare, rapide \u0219i sigure.\",\"breadcrumb\":{\"@id\":\"https:\\\/\\\/www.walraven.com\\\/ro\\\/channel-systems\\\/#breadcrumb\"},\"inLanguage\":\"ro-RO\",\"potentialAction\":[{\"@type\":\"ReadAction\",\"target\":[\"https:\\\/\\\/www.walraven.com\\\/ro\\\/channel-systems\\\/\"]}]},{\"@type\":\"BreadcrumbList\",\"@id\":\"https:\\\/\\\/www.walraven.com\\\/ro\\\/channel-systems\\\/#breadcrumb\",\"itemListElement\":[{\"@type\":\"ListItem\",\"position\":1,\"name\":\"Prima pagin\u0103\",\"item\":\"https:\\\/\\\/www.walraven.com\\\/ro\\\/\"},{\"@type\":\"ListItem\",\"position\":2,\"name\":\"Sistemele Walraven Channel simplific\u0103 instalarea sistemelor HVAC\"}]},{\"@type\":\"WebSite\",\"@id\":\"https:\\\/\\\/www.walraven.com\\\/ro\\\/#website\",\"url\":\"https:\\\/\\\/www.walraven.com\\\/ro\\\/\",\"name\":\"Walraven Rom\u00e2nia\",\"description\":\"\",\"publisher\":{\"@id\":\"https:\\\/\\\/www.walraven.com\\\/ro\\\/#organization\"},\"potentialAction\":[{\"@type\":\"SearchAction\",\"target\":{\"@type\":\"EntryPoint\",\"urlTemplate\":\"https:\\\/\\\/www.walraven.com\\\/ro\\\/?s={search_term_string}\"},\"query-input\":{\"@type\":\"PropertyValueSpecification\",\"valueRequired\":true,\"valueName\":\"search_term_string\"}}],\"inLanguage\":\"ro-RO\"},{\"@type\":\"Organization\",\"@id\":\"https:\\\/\\\/www.walraven.com\\\/ro\\\/#organization\",\"name\":\"Walraven Kft.\",\"alternateName\":\"Walraven Kft.\",\"url\":\"https:\\\/\\\/www.walraven.com\\\/ro\\\/\",\"logo\":{\"@type\":\"ImageObject\",\"inLanguage\":\"ro-RO\",\"@id\":\"https:\\\/\\\/www.walraven.com\\\/ro\\\/#\\\/schema\\\/logo\\\/image\\\/\",\"url\":\"https:\\\/\\\/www.walraven.com\\\/ro\\\/wp-content\\\/uploads\\\/sites\\\/23\\\/2023\\\/12\\\/Walraven_logo300x300.jpg\",\"contentUrl\":\"https:\\\/\\\/www.walraven.com\\\/ro\\\/wp-content\\\/uploads\\\/sites\\\/23\\\/2023\\\/12\\\/Walraven_logo300x300.jpg\",\"width\":300,\"height\":300,\"caption\":\"Walraven Kft.\"},\"image\":{\"@id\":\"https:\\\/\\\/www.walraven.com\\\/ro\\\/#\\\/schema\\\/logo\\\/image\\\/\"}}]}<\/script>\n<!-- \/ Yoast SEO Premium plugin. -->","yoast_head_json":{"title":"Sistemele Walraven Channel simplific\u0103 instalarea sistemelor HVAC - Walraven Rom\u00e2nia","description":"Descoperi\u021bi de ce profesioni\u0219tii din domeniul HVAC au \u00eencredere \u00een Walraven pentru instala\u021bii eficiente \u0219i f\u0103r\u0103 probleme. Solu\u021biile noastre complete \u0219i modulare se adapteaz\u0103 la o varietate de necesit\u0103\u021bi ale proiectelor, de la aplica\u021bii u\u0219oare p\u00e2n\u0103 la cele cu sarcini grele. Gama extins\u0103 de accesorii gata de utilizare \u00eembun\u0103t\u0103\u021be\u0219te semnificativ performan\u021ba pe teren, asigur\u00e2nd instala\u021bii u\u0219oare, rapide \u0219i sigure.","robots":{"index":"index","follow":"follow","max-snippet":"max-snippet:-1","max-image-preview":"max-image-preview:large","max-video-preview":"max-video-preview:-1"},"canonical":"https:\/\/www.walraven.com\/ro\/channel-systems\/","og_locale":"ro_RO","og_type":"article","og_title":"Sistemele Walraven Channel simplific\u0103 instalarea sistemelor HVAC","og_description":"Descoperi\u021bi de ce profesioni\u0219tii din domeniul HVAC au \u00eencredere \u00een Walraven pentru instala\u021bii eficiente \u0219i f\u0103r\u0103 probleme. Solu\u021biile noastre complete \u0219i modulare se adapteaz\u0103 la o varietate de necesit\u0103\u021bi ale proiectelor, de la aplica\u021bii u\u0219oare p\u00e2n\u0103 la cele cu sarcini grele. Gama extins\u0103 de accesorii gata de utilizare \u00eembun\u0103t\u0103\u021be\u0219te semnificativ performan\u021ba pe teren, asigur\u00e2nd instala\u021bii u\u0219oare, rapide \u0219i sigure.","og_url":"https:\/\/www.walraven.com\/ro\/channel-systems\/","og_site_name":"Walraven Rom\u00e2nia","article_modified_time":"2025-10-28T11:34:01+00:00","twitter_card":"summary_large_image","twitter_misc":{"Timp estimat pentru citire":"4 minute"},"schema":{"@context":"https:\/\/schema.org","@graph":[{"@type":"WebPage","@id":"https:\/\/www.walraven.com\/ro\/channel-systems\/","url":"https:\/\/www.walraven.com\/ro\/channel-systems\/","name":"Sistemele Walraven Channel simplific\u0103 instalarea sistemelor HVAC - Walraven Rom\u00e2nia","isPartOf":{"@id":"https:\/\/www.walraven.com\/ro\/#website"},"datePublished":"2025-07-25T13:02:34+00:00","dateModified":"2025-10-28T11:34:01+00:00","description":"Descoperi\u021bi de ce profesioni\u0219tii din domeniul HVAC au \u00eencredere \u00een Walraven pentru instala\u021bii eficiente \u0219i f\u0103r\u0103 probleme. Solu\u021biile noastre complete \u0219i modulare se adapteaz\u0103 la o varietate de necesit\u0103\u021bi ale proiectelor, de la aplica\u021bii u\u0219oare p\u00e2n\u0103 la cele cu sarcini grele. Gama extins\u0103 de accesorii gata de utilizare \u00eembun\u0103t\u0103\u021be\u0219te semnificativ performan\u021ba pe teren, asigur\u00e2nd instala\u021bii u\u0219oare, rapide \u0219i sigure.","breadcrumb":{"@id":"https:\/\/www.walraven.com\/ro\/channel-systems\/#breadcrumb"},"inLanguage":"ro-RO","potentialAction":[{"@type":"ReadAction","target":["https:\/\/www.walraven.com\/ro\/channel-systems\/"]}]},{"@type":"BreadcrumbList","@id":"https:\/\/www.walraven.com\/ro\/channel-systems\/#breadcrumb","itemListElement":[{"@type":"ListItem","position":1,"name":"Prima pagin\u0103","item":"https:\/\/www.walraven.com\/ro\/"},{"@type":"ListItem","position":2,"name":"Sistemele Walraven Channel simplific\u0103 instalarea sistemelor HVAC"}]},{"@type":"WebSite","@id":"https:\/\/www.walraven.com\/ro\/#website","url":"https:\/\/www.walraven.com\/ro\/","name":"Walraven Rom\u00e2nia","description":"","publisher":{"@id":"https:\/\/www.walraven.com\/ro\/#organization"},"potentialAction":[{"@type":"SearchAction","target":{"@type":"EntryPoint","urlTemplate":"https:\/\/www.walraven.com\/ro\/?s={search_term_string}"},"query-input":{"@type":"PropertyValueSpecification","valueRequired":true,"valueName":"search_term_string"}}],"inLanguage":"ro-RO"},{"@type":"Organization","@id":"https:\/\/www.walraven.com\/ro\/#organization","name":"Walraven Kft.","alternateName":"Walraven Kft.","url":"https:\/\/www.walraven.com\/ro\/","logo":{"@type":"ImageObject","inLanguage":"ro-RO","@id":"https:\/\/www.walraven.com\/ro\/#\/schema\/logo\/image\/","url":"https:\/\/www.walraven.com\/ro\/wp-content\/uploads\/sites\/23\/2023\/12\/Walraven_logo300x300.jpg","contentUrl":"https:\/\/www.walraven.com\/ro\/wp-content\/uploads\/sites\/23\/2023\/12\/Walraven_logo300x300.jpg","width":300,"height":300,"caption":"Walraven Kft."},"image":{"@id":"https:\/\/www.walraven.com\/ro\/#\/schema\/logo\/image\/"}}]}},"_links":{"self":[{"href":"https:\/\/www.walraven.com\/ro\/wp-json\/wp\/v2\/pages\/22986","targetHints":{"allow":["GET"]}}],"collection":[{"href":"https:\/\/www.walraven.com\/ro\/wp-json\/wp\/v2\/pages"}],"about":[{"href":"https:\/\/www.walraven.com\/ro\/wp-json\/wp\/v2\/types\/page"}],"author":[{"embeddable":true,"href":"https:\/\/www.walraven.com\/ro\/wp-json\/wp\/v2\/users\/62"}],"replies":[{"embeddable":true,"href":"https:\/\/www.walraven.com\/ro\/wp-json\/wp\/v2\/comments?post=22986"}],"version-history":[{"count":5,"href":"https:\/\/www.walraven.com\/ro\/wp-json\/wp\/v2\/pages\/22986\/revisions"}],"predecessor-version":[{"id":23082,"href":"https:\/\/www.walraven.com\/ro\/wp-json\/wp\/v2\/pages\/22986\/revisions\/23082"}],"wp:attachment":[{"href":"https:\/\/www.walraven.com\/ro\/wp-json\/wp\/v2\/media?parent=22986"}],"curies":[{"name":"wp","href":"https:\/\/api.w.org\/{rel}","templated":true}]}}