{"id":238,"date":"2016-10-19T16:25:27","date_gmt":"2016-10-19T14:25:27","guid":{"rendered":"https:\/\/www.walraven.com\/?page_id=7155"},"modified":"2024-08-21T12:04:32","modified_gmt":"2024-08-21T10:04:32","slug":"cookies","status":"publish","type":"page","link":"https:\/\/www.walraven.com\/se\/cookies\/","title":{"rendered":"Cookies"},"content":{"rendered":"<h2>Cookies<\/h2>\n<p><a href=\"http:\/\/www.walraven.com\">www.walraven.com<\/a> \u00e4r hemsidan som \u00e4gs och drivs av Walraven. Denna sektion f\u00f6rser er med information om vilka cookies som anv\u00e4nds n\u00e4r ni bes\u00f6ker hemsidan och hur man avvisar eller raderar hemsidans cookies. Genom att forts\u00e4tta anv\u00e4nda denna hemsida, godk\u00e4nner ni anv\u00e4ndandet av cookies p\u00e5 det s\u00e4tt som beskrivs i denna integritetspolicy.<\/p>\n<h3>Vad \u00e4r cookies?<\/h3>\n<p>En cookie \u00e4r en mindre datafil som placeras p\u00e5 er dator eller en annan enhet som till\u00e5ter hemsidan att igenk\u00e4nna dig som anv\u00e4ndare n\u00e4r du \u00e5terv\u00e4nder till hemsidan vid anv\u00e4ndning av samma dator eller webbl\u00e4sare, antingen under bes\u00f6kstiden (genom en \u2019sessionscookie\u2019) eller upprepade bes\u00f6k (en \u2019best\u00e4ndig cookie\u2019). Andra liknande filer fungerar p\u00e5 samma s\u00e4tt och vi anv\u00e4nder ordet \u2019cookie\u2019 i denna integritetspolicy f\u00f6r att h\u00e4nvisa till alla filer som samlar in uppgifter p\u00e5 detta s\u00e4tt.<\/p>\n<p>Cookies \u00e4r en extremt vanlig teknologi f\u00f6r att komma ih\u00e5g vissa uppgifter om en bes\u00f6kare p\u00e5 hemsidan. Den stora majoriteten av hemsidor anv\u00e4nder i nul\u00e4get cookies och de anv\u00e4nds f\u00f6r ett stort antal olika uppgifter. Vi anv\u00e4nder f\u00f6ljande cookies:<\/p>\n<ol>\n<li>Str\u00e4ngt n\u00f6dv\u00e4ndiga cookies: som kr\u00e4vs f\u00f6r hemsidans drift;<\/li>\n<li>Analytiska\/prestanda cookies: f\u00f6r att analysera anv\u00e4ndning av hemsidan, till exempel, k\u00e4nna igen och r\u00e4kna antalet bes\u00f6kare och hur de r\u00f6r sig p\u00e5 hemsidan. Detta hj\u00e4lper oss att se vilka delar av hemsidan som \u00e4r popul\u00e4ra och vilka delar som beh\u00f6ver f\u00f6rb\u00e4ttras f\u00f6r att g\u00f6ra upplevelsen b\u00e4ttre f\u00f6r anv\u00e4ndare;<\/li>\n<li>Funktionalitetscookies: f\u00f6r att k\u00e4nna igen er n\u00e4r ni \u00e5terv\u00e4nder till hemsidan s\u00e5 att inneh\u00e5llet kan anpassas till er, till exempel, f\u00f6r att k\u00e4nna igen ert land och sidpreferenser; och<\/li>\n<li>Targetingcookies: f\u00f6r att registrera ert bes\u00f6k p\u00e5 hemsidan och de sidor som ni har bes\u00f6kt och l\u00e4nkar som ni har f\u00f6ljt. Vi anv\u00e4nder detta f\u00f6r att g\u00f6ra hemsidan mer relevant f\u00f6r era intressen.<\/li>\n<\/ol>\n<p>Detta dokument ger er information om de specifika cookies som anv\u00e4nds p\u00e5 hemsidan.<\/p>\n<h3>Hur man kontrollerar och raderar cookies<\/h3>\n<p>N\u00e4r ni n\u00e5dde hemsidan, fick ni ett meddelande som uppm\u00e4rksammade er om v\u00e5r anv\u00e4nding av cookies. Vi var tvungna att anv\u00e4nda en cookie f\u00f6r att presentera den notisen (ni kan see detaljerna om denna cookie under \u2019Cookie Godk\u00e4nnelse\u2019 i tabellen nedan). Om ni forts\u00e4tter att anv\u00e4nda v\u00e5r hemsida, kommer fler cookies och fler sp\u00e5rningsteknologier att placeras p\u00e5 er dator som beskrivet i tabellen nedanf\u00f6r f\u00f6r att f\u00f6rb\u00e4ttra er anv\u00e4ndarupplevelse medan ni \u00e4r p\u00e5 hemsidan. Genom att forts\u00e4tta anv\u00e4nda hemsidan och\/eller genom att acceptera v\u00e5ra villkor och v\u00e5r integritetspolicy, godk\u00e4nner ni anv\u00e4ndandet av s\u00e5dana cookies och sp\u00e5rningsteknologier.<\/p>\n<p>Vi kommer inte anv\u00e4nda cookies f\u00f6r att samla personligt identifierbar information om er. Om ni d\u00e4remot \u00f6nskar att begr\u00e4nsa eller blockera anv\u00e4ndandet av cookies som finns installerade p\u00e5 denna hemsidan (eller vilken annan hemsida som helst) kan ni g\u00f6ra detta genom era webbl\u00e4sarinst\u00e4llningar. \u2019Hj\u00e4lp\u2019-funktionen i eran webbl\u00e4sare borde ber\u00e4tta hur. F\u00f6r de cookies som \u00e4r installerade p\u00e5 denna hemsida, kan man \u00e4ven inaktivera dessa cookies genom att f\u00f6lja instruktionerna f\u00f6rsedda i sektionen \u2019Inaktivera cookies\u2019.<\/p>\n<p>Alternativt kan ni bes\u00f6ka hemsidan http:\/\/www.allaboutcookies.org\/ som inneh\u00e5ller omfattande information om hur man g\u00f6r detta f\u00f6r ett stort urval av webbl\u00e4sare. Ni kan \u00e4ven hitta detaljer om hur man raderar cookies fr\u00e5n er dator, samt mer generell information om cookies. V\u00e4nligen notera att eftersom ingen av dessa hemsidor \u00e4gs eller drivs av Walraven \u00e4r vi inte ansvariga f\u00f6r inneh\u00e5llet p\u00e5 dem.<\/p>\n<p>Var v\u00e4nligt medveten om att, genom att begr\u00e4nsa cookies p\u00e5 hemsidan inneb\u00e4r det att ni inte kan fullt utnyttja de funktioner eller tj\u00e4nster tillg\u00e4ngliga p\u00e5 hemsidan.<\/p>\n<h3>Huvudsakliga cookies p\u00e5 v\u00e5r hemsida<\/h3>\n<p>Nedanf\u00f6r \u00e4r listan p\u00e5 de huvudsakliga cookies som anv\u00e4nds p\u00e5 hemsidan och vad varje anv\u00e4nds till<\/p>\n<table border=\"1\" cellspacing=\"5\" cellpadding=\"5\">\n<tbody>\n<tr>\n<td width=\"188\">Cookie namn<\/td>\n<td width=\"421\">Google Analytics<\/td>\n<\/tr>\n<tr>\n<td width=\"188\">ID<\/td>\n<td width=\"421\">_ga<\/p>\n<p>_gat<\/td>\n<\/tr>\n<tr>\n<td width=\"188\">Syfte<\/td>\n<td width=\"421\">Denna cookie l\u00e5ter oss:<\/p>\n<p>Samla uppgifter om er dator, inklusive er IP-adress, operativsystem och webbl\u00e4sartyp, f\u00f6r systemadministration och f\u00f6r att kunna skapa rapporter, uppskatta v\u00e5r bes\u00f6ksstorlek och anv\u00e4ndarm\u00f6nster; och anonymt sp\u00e5ra aktiviteter p\u00e5 hemsidan.<\/td>\n<\/tr>\n<tr>\n<td width=\"188\">G\u00e5r ut<\/td>\n<td width=\"421\">This is a persistent cookie, which remains on your device after your<br \/>\nbrowsing session has ended.Detta \u00e4r en best\u00e4ndig cookie, som ligger kvar p\u00e5 er enhet efter att er webbl\u00e4sarsession har avslutats.<\/td>\n<\/tr>\n<tr>\n<td width=\"188\">Cookiens k\u00e4lla<\/td>\n<td width=\"421\">Google<\/td>\n<\/tr>\n<tr>\n<td width=\"188\">Ytterligare information<\/td>\n<td width=\"421\">Denna hemsida anv\u00e4nder Google Analytics; en webbanalystj\u00e4nst tillhandah\u00e5llet av Google, Inc. Google Analytics installerar cookies f\u00f6r att kunna utv\u00e4rdera ert anv\u00e4ndande av hemsidan och kompilera rapporter f\u00f6r oss om hemsideaktiviteter. Denna cookie samlar inte in information som identifierar en individ. F\u00f6r att se hur man avvisar eller raderar dessa cookies, l\u00e4s: <a href=\"https:\/\/tools.google.com\/dlpage\/gaoptout\">https:\/\/tools.google.com\/dlpage\/gaoptout<\/a>.<\/td>\n<\/tr>\n<\/tbody>\n<\/table>\n<p>&nbsp;<\/p>\n<h3>Cookies fr\u00e5n utomst\u00e5ende verksamheter<\/h3>\n<p>Var v\u00e4nlig och notera att f\u00f6r att f\u00f6rb\u00e4ttra er anv\u00e4ndarupplevelse p\u00e5 hemsidan kan utomst\u00e5ende verksamheter ocks\u00e5 anv\u00e4nda cookies. Till exempel, anv\u00e4nder vi ibland inneh\u00e5ll fr\u00e5n hemsidor som YouTube, och YouTube kan installera cookies i er webbl\u00e4sare f\u00f6r att kunna visa videon och \u00f6vervaka statistisk information.<\/p>\n<p>D\u00e4rf\u00f6r, n\u00e4r ni bes\u00f6ker en sida med inneh\u00e5ll fr\u00e5n utomst\u00e5ende verksamheter, kan ni bli presenterade med cookies fr\u00e5n dessa hemsidor. Vi kontrollerar inte spridning av dessa cookies och ni borde unders\u00f6ka de relevanta utomst\u00e5ende verksamheters hemsidor f\u00f6r mer information om dessa.<\/p>\n<p>Information om YouTubes integritetspolicy kan ni hitta h\u00e4r: https:\/\/www.youtube.com\/static?template=privacy_guidelines.<\/p>\n<h3>E-postsp\u00e5rning<\/h3>\n<p>N\u00e5gra av de mejl vi skickar kan inneh\u00e5lla en \u2019pixel\u2019 eller sp\u00e5rade l\u00e4nkar vilket till\u00e5ter oss att identifiera n\u00e4r ni har \u00f6ppnat ett mejl och f\u00f6r att bekr\u00e4fta vilka l\u00e4nkar i mejlet ni har bes\u00f6kt. Vi anv\u00e4nder denna information f\u00f6r att avg\u00f6ra vilka delar av v\u00e5ra mejl som \u00e4r av st\u00f6rst intresse f\u00f6r er.<\/p>\n<p>Ni kan radera denna pixel genom att radera mejlet. Om ni \u00f6nskar att inte ladda ner pixeln till er dator eller andra enheter, kan i g\u00f6ra detta genom att v\u00e4lja att motta mejl fr\u00e5n oss i oformaterad text ist\u00e4llet f\u00f6r HTML.<\/p>\n<p>Alternativt kan ni s\u00e4ga upp er fr\u00e5n v\u00e5r mejllista genom att klicka p\u00e5 upps\u00e4gningsl\u00e4nken i mejlet eller genom att kontakta oss p\u00e5 <a href=\"mailto:info.se@walraven.com\">info.se@walraven.com<\/a><\/p>\n<h3>\u00c4ndringar<\/h3>\n<p>Vi kan g\u00f6ra \u00e4ndringar i denna Cookie Policy n\u00e4rsomhelst genom att skicka ut en kopia av den reviderade policyn p\u00e5 hemsidan. \u00c4ndringarna tr\u00e4der i kraft p\u00e5 datumet vi informerar om de \u00e4ndrade villkoren p\u00e5 hemsidan. Er fortsatta anv\u00e4ndning av hemsidan inneb\u00e4r att ni godk\u00e4nner att bli bunden till den \u00e4ndrade policyn.<\/p>\n<h3>Kontakta oss<\/h3>\n<p>Om ni har n\u00e5gra fr\u00e5gor eller angel\u00e4genhet om v\u00e5ra cookies eller er integritet n\u00e4r ni anv\u00e4nder denna hemsidan, kontakta oss g\u00e4rna p\u00e5 <a href=\"mailto:info.se@walraven.com\">info.se@walraven.com<\/a><\/p>\n","protected":false},"excerpt":{"rendered":"<p>Cookies www.walraven.com \u00e4r hemsidan som \u00e4gs och drivs av Walraven. Denna sektion f\u00f6rser er med information om vilka cookies som anv\u00e4nds n\u00e4r ni bes\u00f6ker hemsidan och hur man avvisar eller raderar hemsidans cookies. Genom att forts\u00e4tta anv\u00e4nda denna hemsida, godk\u00e4nner ni anv\u00e4ndandet av cookies p\u00e5 det s\u00e4tt som beskrivs i denna integritetspolicy. Vad \u00e4r cookies? [&hellip;]<\/p>\n","protected":false},"author":7,"featured_media":0,"parent":0,"menu_order":0,"comment_status":"closed","ping_status":"closed","template":"","meta":{"_acf_changed":false,"footnotes":""},"class_list":["post-238","page","type-page","status-publish","hentry"],"acf":[],"yoast_head":"<!-- This site is optimized with the Yoast SEO Premium plugin v27.3 (Yoast SEO v27.3) - https:\/\/yoast.com\/product\/yoast-seo-premium-wordpress\/ -->\n<title>Cookies - Walraven Sverige<\/title>\n<meta name=\"robots\" content=\"index, follow, max-snippet:-1, max-image-preview:large, max-video-preview:-1\" \/>\n<link rel=\"canonical\" href=\"https:\/\/www.walraven.com\/se\/cookies\/\" \/>\n<meta property=\"og:locale\" content=\"sv_SE\" \/>\n<meta property=\"og:type\" content=\"article\" \/>\n<meta property=\"og:title\" content=\"Cookies\" \/>\n<meta property=\"og:description\" content=\"Cookies www.walraven.com \u00e4r hemsidan som \u00e4gs och drivs av Walraven. Denna sektion f\u00f6rser er med information om vilka cookies som anv\u00e4nds n\u00e4r ni bes\u00f6ker hemsidan och hur man avvisar eller raderar hemsidans cookies. Genom att forts\u00e4tta anv\u00e4nda denna hemsida, godk\u00e4nner ni anv\u00e4ndandet av cookies p\u00e5 det s\u00e4tt som beskrivs i denna integritetspolicy. Vad \u00e4r cookies? [&hellip;]\" \/>\n<meta property=\"og:url\" content=\"https:\/\/www.walraven.com\/se\/cookies\/\" \/>\n<meta property=\"og:site_name\" content=\"Walraven Sverige\" \/>\n<meta property=\"article:modified_time\" content=\"2024-08-21T10:04:32+00:00\" \/>\n<meta name=\"twitter:card\" content=\"summary_large_image\" \/>\n<meta name=\"twitter:label1\" content=\"Est. reading time\" \/>\n\t<meta name=\"twitter:data1\" content=\"6 minutes\" \/>\n<script type=\"application\/ld+json\" class=\"yoast-schema-graph\">{\"@context\":\"https:\\\/\\\/schema.org\",\"@graph\":[{\"@type\":\"WebPage\",\"@id\":\"https:\\\/\\\/www.walraven.com\\\/se\\\/cookies\\\/\",\"url\":\"https:\\\/\\\/www.walraven.com\\\/se\\\/cookies\\\/\",\"name\":\"Cookies - Walraven Sverige\",\"isPartOf\":{\"@id\":\"https:\\\/\\\/www.walraven.com\\\/se\\\/#website\"},\"datePublished\":\"2016-10-19T14:25:27+00:00\",\"dateModified\":\"2024-08-21T10:04:32+00:00\",\"breadcrumb\":{\"@id\":\"https:\\\/\\\/www.walraven.com\\\/se\\\/cookies\\\/#breadcrumb\"},\"inLanguage\":\"sv-SE\",\"potentialAction\":[{\"@type\":\"ReadAction\",\"target\":[\"https:\\\/\\\/www.walraven.com\\\/se\\\/cookies\\\/\"]}]},{\"@type\":\"BreadcrumbList\",\"@id\":\"https:\\\/\\\/www.walraven.com\\\/se\\\/cookies\\\/#breadcrumb\",\"itemListElement\":[{\"@type\":\"ListItem\",\"position\":1,\"name\":\"Hem\",\"item\":\"https:\\\/\\\/www.walraven.com\\\/se\\\/\"},{\"@type\":\"ListItem\",\"position\":2,\"name\":\"Cookies\"}]},{\"@type\":\"WebSite\",\"@id\":\"https:\\\/\\\/www.walraven.com\\\/se\\\/#website\",\"url\":\"https:\\\/\\\/www.walraven.com\\\/se\\\/\",\"name\":\"Walraven Sverige\",\"description\":\"\",\"publisher\":{\"@id\":\"https:\\\/\\\/www.walraven.com\\\/se\\\/#organization\"},\"potentialAction\":[{\"@type\":\"SearchAction\",\"target\":{\"@type\":\"EntryPoint\",\"urlTemplate\":\"https:\\\/\\\/www.walraven.com\\\/se\\\/?s={search_term_string}\"},\"query-input\":{\"@type\":\"PropertyValueSpecification\",\"valueRequired\":true,\"valueName\":\"search_term_string\"}}],\"inLanguage\":\"sv-SE\"},{\"@type\":\"Organization\",\"@id\":\"https:\\\/\\\/www.walraven.com\\\/se\\\/#organization\",\"name\":\"Walraven Nordic AB\",\"alternateName\":\"Walraven Nordic AB\",\"url\":\"https:\\\/\\\/www.walraven.com\\\/se\\\/\",\"logo\":{\"@type\":\"ImageObject\",\"inLanguage\":\"sv-SE\",\"@id\":\"https:\\\/\\\/www.walraven.com\\\/se\\\/#\\\/schema\\\/logo\\\/image\\\/\",\"url\":\"https:\\\/\\\/www.walraven.com\\\/se\\\/wp-content\\\/uploads\\\/sites\\\/15\\\/2023\\\/12\\\/Walraven_logo300x300.jpg\",\"contentUrl\":\"https:\\\/\\\/www.walraven.com\\\/se\\\/wp-content\\\/uploads\\\/sites\\\/15\\\/2023\\\/12\\\/Walraven_logo300x300.jpg\",\"width\":300,\"height\":300,\"caption\":\"Walraven Nordic AB\"},\"image\":{\"@id\":\"https:\\\/\\\/www.walraven.com\\\/se\\\/#\\\/schema\\\/logo\\\/image\\\/\"},\"sameAs\":[\"https:\\\/\\\/www.youtube.com\\\/channel\\\/UCS8Qmqffzee1wAbnQMCsxCQ\",\"https:\\\/\\\/www.linkedin.com\\\/company\\\/walraven-nordic-ab\\\/\"]}]}<\/script>\n<!-- \/ Yoast SEO Premium plugin. -->","yoast_head_json":{"title":"Cookies - Walraven Sverige","robots":{"index":"index","follow":"follow","max-snippet":"max-snippet:-1","max-image-preview":"max-image-preview:large","max-video-preview":"max-video-preview:-1"},"canonical":"https:\/\/www.walraven.com\/se\/cookies\/","og_locale":"sv_SE","og_type":"article","og_title":"Cookies","og_description":"Cookies www.walraven.com \u00e4r hemsidan som \u00e4gs och drivs av Walraven. Denna sektion f\u00f6rser er med information om vilka cookies som anv\u00e4nds n\u00e4r ni bes\u00f6ker hemsidan och hur man avvisar eller raderar hemsidans cookies. Genom att forts\u00e4tta anv\u00e4nda denna hemsida, godk\u00e4nner ni anv\u00e4ndandet av cookies p\u00e5 det s\u00e4tt som beskrivs i denna integritetspolicy. Vad \u00e4r cookies? [&hellip;]","og_url":"https:\/\/www.walraven.com\/se\/cookies\/","og_site_name":"Walraven Sverige","article_modified_time":"2024-08-21T10:04:32+00:00","twitter_card":"summary_large_image","twitter_misc":{"Est. reading time":"6 minutes"},"schema":{"@context":"https:\/\/schema.org","@graph":[{"@type":"WebPage","@id":"https:\/\/www.walraven.com\/se\/cookies\/","url":"https:\/\/www.walraven.com\/se\/cookies\/","name":"Cookies - Walraven Sverige","isPartOf":{"@id":"https:\/\/www.walraven.com\/se\/#website"},"datePublished":"2016-10-19T14:25:27+00:00","dateModified":"2024-08-21T10:04:32+00:00","breadcrumb":{"@id":"https:\/\/www.walraven.com\/se\/cookies\/#breadcrumb"},"inLanguage":"sv-SE","potentialAction":[{"@type":"ReadAction","target":["https:\/\/www.walraven.com\/se\/cookies\/"]}]},{"@type":"BreadcrumbList","@id":"https:\/\/www.walraven.com\/se\/cookies\/#breadcrumb","itemListElement":[{"@type":"ListItem","position":1,"name":"Hem","item":"https:\/\/www.walraven.com\/se\/"},{"@type":"ListItem","position":2,"name":"Cookies"}]},{"@type":"WebSite","@id":"https:\/\/www.walraven.com\/se\/#website","url":"https:\/\/www.walraven.com\/se\/","name":"Walraven Sverige","description":"","publisher":{"@id":"https:\/\/www.walraven.com\/se\/#organization"},"potentialAction":[{"@type":"SearchAction","target":{"@type":"EntryPoint","urlTemplate":"https:\/\/www.walraven.com\/se\/?s={search_term_string}"},"query-input":{"@type":"PropertyValueSpecification","valueRequired":true,"valueName":"search_term_string"}}],"inLanguage":"sv-SE"},{"@type":"Organization","@id":"https:\/\/www.walraven.com\/se\/#organization","name":"Walraven Nordic AB","alternateName":"Walraven Nordic AB","url":"https:\/\/www.walraven.com\/se\/","logo":{"@type":"ImageObject","inLanguage":"sv-SE","@id":"https:\/\/www.walraven.com\/se\/#\/schema\/logo\/image\/","url":"https:\/\/www.walraven.com\/se\/wp-content\/uploads\/sites\/15\/2023\/12\/Walraven_logo300x300.jpg","contentUrl":"https:\/\/www.walraven.com\/se\/wp-content\/uploads\/sites\/15\/2023\/12\/Walraven_logo300x300.jpg","width":300,"height":300,"caption":"Walraven Nordic AB"},"image":{"@id":"https:\/\/www.walraven.com\/se\/#\/schema\/logo\/image\/"},"sameAs":["https:\/\/www.youtube.com\/channel\/UCS8Qmqffzee1wAbnQMCsxCQ","https:\/\/www.linkedin.com\/company\/walraven-nordic-ab\/"]}]}},"_links":{"self":[{"href":"https:\/\/www.walraven.com\/se\/wp-json\/wp\/v2\/pages\/238","targetHints":{"allow":["GET"]}}],"collection":[{"href":"https:\/\/www.walraven.com\/se\/wp-json\/wp\/v2\/pages"}],"about":[{"href":"https:\/\/www.walraven.com\/se\/wp-json\/wp\/v2\/types\/page"}],"author":[{"embeddable":true,"href":"https:\/\/www.walraven.com\/se\/wp-json\/wp\/v2\/users\/7"}],"replies":[{"embeddable":true,"href":"https:\/\/www.walraven.com\/se\/wp-json\/wp\/v2\/comments?post=238"}],"version-history":[{"count":5,"href":"https:\/\/www.walraven.com\/se\/wp-json\/wp\/v2\/pages\/238\/revisions"}],"predecessor-version":[{"id":55087,"href":"https:\/\/www.walraven.com\/se\/wp-json\/wp\/v2\/pages\/238\/revisions\/55087"}],"wp:attachment":[{"href":"https:\/\/www.walraven.com\/se\/wp-json\/wp\/v2\/media?parent=238"}],"curies":[{"name":"wp","href":"https:\/\/api.w.org\/{rel}","templated":true}]}}