{"id":239,"date":"2016-10-19T16:22:27","date_gmt":"2016-10-19T14:22:27","guid":{"rendered":"https:\/\/www.walraven.com\/?page_id=7147"},"modified":"2021-12-15T14:26:01","modified_gmt":"2021-12-15T13:26:01","slug":"ansvarsfriskrivelse","status":"publish","type":"page","link":"https:\/\/www.walraven.com\/se\/ansvarsfriskrivelse\/","title":{"rendered":"Ansvarsfriskrivning"},"content":{"rendered":"<p>\u00c4ven om vi tar stor omsorg i sammanst\u00e4llningen av det som publiceras p\u00e5 denna webbplats kan det f\u00f6rekomma att information som publiceras h\u00e4r inte \u00e4r fullst\u00e4ndig eller korrekt.<\/p>\n<p>Vi tar inget ansvar f\u00f6r direkt eller indirekt f\u00f6rlust eller skada av n\u00e5got som kan uppkomma fr\u00e5n eller kopplas p\u00e5 n\u00e5got s\u00e4tt med anv\u00e4ndning eller tillf\u00e4llig otillg\u00e4nglighet av denna webbplats. Vi tar inget ansvar f\u00f6r n\u00e5gon direkt eller indirekt f\u00f6rlust eller skada som h\u00e4rr\u00f6r fr\u00e5n anv\u00e4ndningen av den information som erh\u00e5llits via denna webbplats.<br \/>\nDet \u00e4r f\u00f6rbjudet f\u00f6r bes\u00f6kare p\u00e5 webbplatsen att publicera eller reproducera information som lagras p\u00e5 denna webbplats utan v\u00e5r till\u00e5telse.<\/p>\n","protected":false},"excerpt":{"rendered":"<p>\u00c4ven om vi tar stor omsorg i sammanst\u00e4llningen av det som publiceras p\u00e5 denna webbplats kan det f\u00f6rekomma att information som publiceras h\u00e4r inte \u00e4r fullst\u00e4ndig eller korrekt. Vi tar inget ansvar f\u00f6r direkt eller indirekt f\u00f6rlust eller skada av n\u00e5got som kan uppkomma fr\u00e5n eller kopplas p\u00e5 n\u00e5got s\u00e4tt med anv\u00e4ndning eller tillf\u00e4llig otillg\u00e4nglighet [&hellip;]<\/p>\n","protected":false},"author":7,"featured_media":0,"parent":0,"menu_order":0,"comment_status":"closed","ping_status":"closed","template":"","meta":{"_acf_changed":false,"footnotes":""},"class_list":["post-239","page","type-page","status-publish","hentry"],"acf":[],"yoast_head":"<!-- This site is optimized with the Yoast SEO Premium plugin v27.3 (Yoast SEO v27.3) - https:\/\/yoast.com\/product\/yoast-seo-premium-wordpress\/ -->\n<title>Ansvarsfriskrivning - Walraven Sverige<\/title>\n<meta name=\"robots\" content=\"index, follow, max-snippet:-1, max-image-preview:large, max-video-preview:-1\" \/>\n<link rel=\"canonical\" href=\"https:\/\/www.walraven.com\/se\/ansvarsfriskrivelse\/\" \/>\n<meta property=\"og:locale\" content=\"sv_SE\" \/>\n<meta property=\"og:type\" content=\"article\" \/>\n<meta property=\"og:title\" content=\"Ansvarsfriskrivning\" \/>\n<meta property=\"og:description\" content=\"\u00c4ven om vi tar stor omsorg i sammanst\u00e4llningen av det som publiceras p\u00e5 denna webbplats kan det f\u00f6rekomma att information som publiceras h\u00e4r inte \u00e4r fullst\u00e4ndig eller korrekt. Vi tar inget ansvar f\u00f6r direkt eller indirekt f\u00f6rlust eller skada av n\u00e5got som kan uppkomma fr\u00e5n eller kopplas p\u00e5 n\u00e5got s\u00e4tt med anv\u00e4ndning eller tillf\u00e4llig otillg\u00e4nglighet [&hellip;]\" \/>\n<meta property=\"og:url\" content=\"https:\/\/www.walraven.com\/se\/ansvarsfriskrivelse\/\" \/>\n<meta property=\"og:site_name\" content=\"Walraven Sverige\" \/>\n<meta property=\"article:modified_time\" content=\"2021-12-15T13:26:01+00:00\" \/>\n<meta name=\"twitter:card\" content=\"summary_large_image\" \/>\n<meta name=\"twitter:label1\" content=\"Est. reading time\" \/>\n\t<meta name=\"twitter:data1\" content=\"1 minute\" \/>\n<script type=\"application\/ld+json\" class=\"yoast-schema-graph\">{\"@context\":\"https:\\\/\\\/schema.org\",\"@graph\":[{\"@type\":\"WebPage\",\"@id\":\"https:\\\/\\\/www.walraven.com\\\/se\\\/ansvarsfriskrivelse\\\/\",\"url\":\"https:\\\/\\\/www.walraven.com\\\/se\\\/ansvarsfriskrivelse\\\/\",\"name\":\"Ansvarsfriskrivning - Walraven Sverige\",\"isPartOf\":{\"@id\":\"https:\\\/\\\/www.walraven.com\\\/se\\\/#website\"},\"datePublished\":\"2016-10-19T14:22:27+00:00\",\"dateModified\":\"2021-12-15T13:26:01+00:00\",\"breadcrumb\":{\"@id\":\"https:\\\/\\\/www.walraven.com\\\/se\\\/ansvarsfriskrivelse\\\/#breadcrumb\"},\"inLanguage\":\"sv-SE\",\"potentialAction\":[{\"@type\":\"ReadAction\",\"target\":[\"https:\\\/\\\/www.walraven.com\\\/se\\\/ansvarsfriskrivelse\\\/\"]}]},{\"@type\":\"BreadcrumbList\",\"@id\":\"https:\\\/\\\/www.walraven.com\\\/se\\\/ansvarsfriskrivelse\\\/#breadcrumb\",\"itemListElement\":[{\"@type\":\"ListItem\",\"position\":1,\"name\":\"Hem\",\"item\":\"https:\\\/\\\/www.walraven.com\\\/se\\\/\"},{\"@type\":\"ListItem\",\"position\":2,\"name\":\"Ansvarsfriskrivning\"}]},{\"@type\":\"WebSite\",\"@id\":\"https:\\\/\\\/www.walraven.com\\\/se\\\/#website\",\"url\":\"https:\\\/\\\/www.walraven.com\\\/se\\\/\",\"name\":\"Walraven Sverige\",\"description\":\"\",\"publisher\":{\"@id\":\"https:\\\/\\\/www.walraven.com\\\/se\\\/#organization\"},\"potentialAction\":[{\"@type\":\"SearchAction\",\"target\":{\"@type\":\"EntryPoint\",\"urlTemplate\":\"https:\\\/\\\/www.walraven.com\\\/se\\\/?s={search_term_string}\"},\"query-input\":{\"@type\":\"PropertyValueSpecification\",\"valueRequired\":true,\"valueName\":\"search_term_string\"}}],\"inLanguage\":\"sv-SE\"},{\"@type\":\"Organization\",\"@id\":\"https:\\\/\\\/www.walraven.com\\\/se\\\/#organization\",\"name\":\"Walraven Nordic AB\",\"alternateName\":\"Walraven Nordic AB\",\"url\":\"https:\\\/\\\/www.walraven.com\\\/se\\\/\",\"logo\":{\"@type\":\"ImageObject\",\"inLanguage\":\"sv-SE\",\"@id\":\"https:\\\/\\\/www.walraven.com\\\/se\\\/#\\\/schema\\\/logo\\\/image\\\/\",\"url\":\"https:\\\/\\\/www.walraven.com\\\/se\\\/wp-content\\\/uploads\\\/sites\\\/15\\\/2023\\\/12\\\/Walraven_logo300x300.jpg\",\"contentUrl\":\"https:\\\/\\\/www.walraven.com\\\/se\\\/wp-content\\\/uploads\\\/sites\\\/15\\\/2023\\\/12\\\/Walraven_logo300x300.jpg\",\"width\":300,\"height\":300,\"caption\":\"Walraven Nordic AB\"},\"image\":{\"@id\":\"https:\\\/\\\/www.walraven.com\\\/se\\\/#\\\/schema\\\/logo\\\/image\\\/\"},\"sameAs\":[\"https:\\\/\\\/www.youtube.com\\\/channel\\\/UCS8Qmqffzee1wAbnQMCsxCQ\",\"https:\\\/\\\/www.linkedin.com\\\/company\\\/walraven-nordic-ab\\\/\"]}]}<\/script>\n<!-- \/ Yoast SEO Premium plugin. -->","yoast_head_json":{"title":"Ansvarsfriskrivning - Walraven Sverige","robots":{"index":"index","follow":"follow","max-snippet":"max-snippet:-1","max-image-preview":"max-image-preview:large","max-video-preview":"max-video-preview:-1"},"canonical":"https:\/\/www.walraven.com\/se\/ansvarsfriskrivelse\/","og_locale":"sv_SE","og_type":"article","og_title":"Ansvarsfriskrivning","og_description":"\u00c4ven om vi tar stor omsorg i sammanst\u00e4llningen av det som publiceras p\u00e5 denna webbplats kan det f\u00f6rekomma att information som publiceras h\u00e4r inte \u00e4r fullst\u00e4ndig eller korrekt. Vi tar inget ansvar f\u00f6r direkt eller indirekt f\u00f6rlust eller skada av n\u00e5got som kan uppkomma fr\u00e5n eller kopplas p\u00e5 n\u00e5got s\u00e4tt med anv\u00e4ndning eller tillf\u00e4llig otillg\u00e4nglighet [&hellip;]","og_url":"https:\/\/www.walraven.com\/se\/ansvarsfriskrivelse\/","og_site_name":"Walraven Sverige","article_modified_time":"2021-12-15T13:26:01+00:00","twitter_card":"summary_large_image","twitter_misc":{"Est. reading time":"1 minute"},"schema":{"@context":"https:\/\/schema.org","@graph":[{"@type":"WebPage","@id":"https:\/\/www.walraven.com\/se\/ansvarsfriskrivelse\/","url":"https:\/\/www.walraven.com\/se\/ansvarsfriskrivelse\/","name":"Ansvarsfriskrivning - Walraven Sverige","isPartOf":{"@id":"https:\/\/www.walraven.com\/se\/#website"},"datePublished":"2016-10-19T14:22:27+00:00","dateModified":"2021-12-15T13:26:01+00:00","breadcrumb":{"@id":"https:\/\/www.walraven.com\/se\/ansvarsfriskrivelse\/#breadcrumb"},"inLanguage":"sv-SE","potentialAction":[{"@type":"ReadAction","target":["https:\/\/www.walraven.com\/se\/ansvarsfriskrivelse\/"]}]},{"@type":"BreadcrumbList","@id":"https:\/\/www.walraven.com\/se\/ansvarsfriskrivelse\/#breadcrumb","itemListElement":[{"@type":"ListItem","position":1,"name":"Hem","item":"https:\/\/www.walraven.com\/se\/"},{"@type":"ListItem","position":2,"name":"Ansvarsfriskrivning"}]},{"@type":"WebSite","@id":"https:\/\/www.walraven.com\/se\/#website","url":"https:\/\/www.walraven.com\/se\/","name":"Walraven Sverige","description":"","publisher":{"@id":"https:\/\/www.walraven.com\/se\/#organization"},"potentialAction":[{"@type":"SearchAction","target":{"@type":"EntryPoint","urlTemplate":"https:\/\/www.walraven.com\/se\/?s={search_term_string}"},"query-input":{"@type":"PropertyValueSpecification","valueRequired":true,"valueName":"search_term_string"}}],"inLanguage":"sv-SE"},{"@type":"Organization","@id":"https:\/\/www.walraven.com\/se\/#organization","name":"Walraven Nordic AB","alternateName":"Walraven Nordic AB","url":"https:\/\/www.walraven.com\/se\/","logo":{"@type":"ImageObject","inLanguage":"sv-SE","@id":"https:\/\/www.walraven.com\/se\/#\/schema\/logo\/image\/","url":"https:\/\/www.walraven.com\/se\/wp-content\/uploads\/sites\/15\/2023\/12\/Walraven_logo300x300.jpg","contentUrl":"https:\/\/www.walraven.com\/se\/wp-content\/uploads\/sites\/15\/2023\/12\/Walraven_logo300x300.jpg","width":300,"height":300,"caption":"Walraven Nordic AB"},"image":{"@id":"https:\/\/www.walraven.com\/se\/#\/schema\/logo\/image\/"},"sameAs":["https:\/\/www.youtube.com\/channel\/UCS8Qmqffzee1wAbnQMCsxCQ","https:\/\/www.linkedin.com\/company\/walraven-nordic-ab\/"]}]}},"_links":{"self":[{"href":"https:\/\/www.walraven.com\/se\/wp-json\/wp\/v2\/pages\/239","targetHints":{"allow":["GET"]}}],"collection":[{"href":"https:\/\/www.walraven.com\/se\/wp-json\/wp\/v2\/pages"}],"about":[{"href":"https:\/\/www.walraven.com\/se\/wp-json\/wp\/v2\/types\/page"}],"author":[{"embeddable":true,"href":"https:\/\/www.walraven.com\/se\/wp-json\/wp\/v2\/users\/7"}],"replies":[{"embeddable":true,"href":"https:\/\/www.walraven.com\/se\/wp-json\/wp\/v2\/comments?post=239"}],"version-history":[{"count":4,"href":"https:\/\/www.walraven.com\/se\/wp-json\/wp\/v2\/pages\/239\/revisions"}],"predecessor-version":[{"id":41182,"href":"https:\/\/www.walraven.com\/se\/wp-json\/wp\/v2\/pages\/239\/revisions\/41182"}],"wp:attachment":[{"href":"https:\/\/www.walraven.com\/se\/wp-json\/wp\/v2\/media?parent=239"}],"curies":[{"name":"wp","href":"https:\/\/api.w.org\/{rel}","templated":true}]}}