{"id":40689,"date":"2018-03-21T15:33:05","date_gmt":"2018-03-21T14:33:05","guid":{"rendered":"https:\/\/www.walraven.com\/?page_id=119809"},"modified":"2024-12-18T13:15:36","modified_gmt":"2024-12-18T12:15:36","slug":"equipment-supports","status":"publish","type":"page","link":"https:\/\/www.walraven.com\/se\/taklosningar\/equipment-supports\/","title":{"rendered":"Aggregatst\u00f6d"},"content":{"rendered":"","protected":false},"excerpt":{"rendered":"","protected":false},"author":43,"featured_media":0,"parent":40640,"menu_order":0,"comment_status":"closed","ping_status":"closed","template":"page-templates\/tpl-landingspage.php","meta":{"_acf_changed":false,"footnotes":""},"class_list":["post-40689","page","type-page","status-publish","hentry"],"acf":[],"yoast_head":"<!-- This site is optimized with the Yoast SEO Premium plugin v27.3 (Yoast SEO v27.3) - https:\/\/yoast.com\/product\/yoast-seo-premium-wordpress\/ -->\n<title>Aggregatst\u00f6d - Walraven Sverige<\/title>\n<meta name=\"description\" content=\"F\u00f6r att st\u00f6dja vanliga AC-aggregat, ventilationsaggregat och andra enheter har Walraven utvecklat en rad standardiserade, f\u00f6rmonterade och l\u00e4ttanpassade l\u00f6sningar. \u2705 H\u00f6gkvalitativa produkter \u2705Gratis projektst\u00f6d \u2705 Din utmaning, v\u00e5r support\" \/>\n<meta name=\"robots\" content=\"index, follow, max-snippet:-1, max-image-preview:large, max-video-preview:-1\" \/>\n<link rel=\"canonical\" href=\"https:\/\/www.walraven.com\/se\/taklosningar\/equipment-supports\/\" \/>\n<meta property=\"og:locale\" content=\"sv_SE\" \/>\n<meta property=\"og:type\" content=\"article\" \/>\n<meta property=\"og:title\" content=\"Aggregatst\u00f6d\" \/>\n<meta property=\"og:description\" content=\"F\u00f6r att st\u00f6dja vanliga AC-aggregat, ventilationsaggregat och andra enheter har Walraven utvecklat en rad standardiserade, f\u00f6rmonterade och l\u00e4ttanpassade l\u00f6sningar. \u2705 H\u00f6gkvalitativa produkter \u2705Gratis projektst\u00f6d \u2705 Din utmaning, v\u00e5r support\" \/>\n<meta property=\"og:url\" content=\"https:\/\/www.walraven.com\/se\/taklosningar\/equipment-supports\/\" \/>\n<meta property=\"og:site_name\" content=\"Walraven Sverige\" \/>\n<meta property=\"article:modified_time\" content=\"2024-12-18T12:15:36+00:00\" \/>\n<meta name=\"twitter:card\" content=\"summary_large_image\" \/>\n<meta name=\"twitter:label1\" content=\"Est. reading time\" \/>\n\t<meta name=\"twitter:data1\" content=\"2 minutes\" \/>\n<script type=\"application\/ld+json\" class=\"yoast-schema-graph\">{\"@context\":\"https:\\\/\\\/schema.org\",\"@graph\":[{\"@type\":\"WebPage\",\"@id\":\"https:\\\/\\\/www.walraven.com\\\/se\\\/taklosningar\\\/equipment-supports\\\/\",\"url\":\"https:\\\/\\\/www.walraven.com\\\/se\\\/taklosningar\\\/equipment-supports\\\/\",\"name\":\"Aggregatst\u00f6d - Walraven Sverige\",\"isPartOf\":{\"@id\":\"https:\\\/\\\/www.walraven.com\\\/se\\\/#website\"},\"datePublished\":\"2018-03-21T14:33:05+00:00\",\"dateModified\":\"2024-12-18T12:15:36+00:00\",\"description\":\"F\u00f6r att st\u00f6dja vanliga AC-aggregat, ventilationsaggregat och andra enheter har Walraven utvecklat en rad standardiserade, f\u00f6rmonterade och l\u00e4ttanpassade l\u00f6sningar. \u2705 H\u00f6gkvalitativa produkter \u2705Gratis projektst\u00f6d \u2705 Din utmaning, v\u00e5r support\",\"breadcrumb\":{\"@id\":\"https:\\\/\\\/www.walraven.com\\\/se\\\/taklosningar\\\/equipment-supports\\\/#breadcrumb\"},\"inLanguage\":\"sv-SE\",\"potentialAction\":[{\"@type\":\"ReadAction\",\"target\":[\"https:\\\/\\\/www.walraven.com\\\/se\\\/taklosningar\\\/equipment-supports\\\/\"]}]},{\"@type\":\"BreadcrumbList\",\"@id\":\"https:\\\/\\\/www.walraven.com\\\/se\\\/taklosningar\\\/equipment-supports\\\/#breadcrumb\",\"itemListElement\":[{\"@type\":\"ListItem\",\"position\":1,\"name\":\"Hem\",\"item\":\"https:\\\/\\\/www.walraven.com\\\/se\\\/\"},{\"@type\":\"ListItem\",\"position\":2,\"name\":\"Walraven Takl\u00f6sningar\",\"item\":\"https:\\\/\\\/www.walraven.com\\\/se\\\/taklosningar\\\/\"},{\"@type\":\"ListItem\",\"position\":3,\"name\":\"Aggregatst\u00f6d\"}]},{\"@type\":\"WebSite\",\"@id\":\"https:\\\/\\\/www.walraven.com\\\/se\\\/#website\",\"url\":\"https:\\\/\\\/www.walraven.com\\\/se\\\/\",\"name\":\"Walraven Sverige\",\"description\":\"\",\"publisher\":{\"@id\":\"https:\\\/\\\/www.walraven.com\\\/se\\\/#organization\"},\"potentialAction\":[{\"@type\":\"SearchAction\",\"target\":{\"@type\":\"EntryPoint\",\"urlTemplate\":\"https:\\\/\\\/www.walraven.com\\\/se\\\/?s={search_term_string}\"},\"query-input\":{\"@type\":\"PropertyValueSpecification\",\"valueRequired\":true,\"valueName\":\"search_term_string\"}}],\"inLanguage\":\"sv-SE\"},{\"@type\":\"Organization\",\"@id\":\"https:\\\/\\\/www.walraven.com\\\/se\\\/#organization\",\"name\":\"Walraven Nordic AB\",\"alternateName\":\"Walraven Nordic AB\",\"url\":\"https:\\\/\\\/www.walraven.com\\\/se\\\/\",\"logo\":{\"@type\":\"ImageObject\",\"inLanguage\":\"sv-SE\",\"@id\":\"https:\\\/\\\/www.walraven.com\\\/se\\\/#\\\/schema\\\/logo\\\/image\\\/\",\"url\":\"https:\\\/\\\/www.walraven.com\\\/se\\\/wp-content\\\/uploads\\\/sites\\\/15\\\/2023\\\/12\\\/Walraven_logo300x300.jpg\",\"contentUrl\":\"https:\\\/\\\/www.walraven.com\\\/se\\\/wp-content\\\/uploads\\\/sites\\\/15\\\/2023\\\/12\\\/Walraven_logo300x300.jpg\",\"width\":300,\"height\":300,\"caption\":\"Walraven Nordic AB\"},\"image\":{\"@id\":\"https:\\\/\\\/www.walraven.com\\\/se\\\/#\\\/schema\\\/logo\\\/image\\\/\"},\"sameAs\":[\"https:\\\/\\\/www.youtube.com\\\/channel\\\/UCS8Qmqffzee1wAbnQMCsxCQ\",\"https:\\\/\\\/www.linkedin.com\\\/company\\\/walraven-nordic-ab\\\/\"]}]}<\/script>\n<!-- \/ Yoast SEO Premium plugin. -->","yoast_head_json":{"title":"Aggregatst\u00f6d - Walraven Sverige","description":"F\u00f6r att st\u00f6dja vanliga AC-aggregat, ventilationsaggregat och andra enheter har Walraven utvecklat en rad standardiserade, f\u00f6rmonterade och l\u00e4ttanpassade l\u00f6sningar. \u2705 H\u00f6gkvalitativa produkter \u2705Gratis projektst\u00f6d \u2705 Din utmaning, v\u00e5r support","robots":{"index":"index","follow":"follow","max-snippet":"max-snippet:-1","max-image-preview":"max-image-preview:large","max-video-preview":"max-video-preview:-1"},"canonical":"https:\/\/www.walraven.com\/se\/taklosningar\/equipment-supports\/","og_locale":"sv_SE","og_type":"article","og_title":"Aggregatst\u00f6d","og_description":"F\u00f6r att st\u00f6dja vanliga AC-aggregat, ventilationsaggregat och andra enheter har Walraven utvecklat en rad standardiserade, f\u00f6rmonterade och l\u00e4ttanpassade l\u00f6sningar. \u2705 H\u00f6gkvalitativa produkter \u2705Gratis projektst\u00f6d \u2705 Din utmaning, v\u00e5r support","og_url":"https:\/\/www.walraven.com\/se\/taklosningar\/equipment-supports\/","og_site_name":"Walraven Sverige","article_modified_time":"2024-12-18T12:15:36+00:00","twitter_card":"summary_large_image","twitter_misc":{"Est. reading time":"2 minutes"},"schema":{"@context":"https:\/\/schema.org","@graph":[{"@type":"WebPage","@id":"https:\/\/www.walraven.com\/se\/taklosningar\/equipment-supports\/","url":"https:\/\/www.walraven.com\/se\/taklosningar\/equipment-supports\/","name":"Aggregatst\u00f6d - Walraven Sverige","isPartOf":{"@id":"https:\/\/www.walraven.com\/se\/#website"},"datePublished":"2018-03-21T14:33:05+00:00","dateModified":"2024-12-18T12:15:36+00:00","description":"F\u00f6r att st\u00f6dja vanliga AC-aggregat, ventilationsaggregat och andra enheter har Walraven utvecklat en rad standardiserade, f\u00f6rmonterade och l\u00e4ttanpassade l\u00f6sningar. \u2705 H\u00f6gkvalitativa produkter \u2705Gratis projektst\u00f6d \u2705 Din utmaning, v\u00e5r support","breadcrumb":{"@id":"https:\/\/www.walraven.com\/se\/taklosningar\/equipment-supports\/#breadcrumb"},"inLanguage":"sv-SE","potentialAction":[{"@type":"ReadAction","target":["https:\/\/www.walraven.com\/se\/taklosningar\/equipment-supports\/"]}]},{"@type":"BreadcrumbList","@id":"https:\/\/www.walraven.com\/se\/taklosningar\/equipment-supports\/#breadcrumb","itemListElement":[{"@type":"ListItem","position":1,"name":"Hem","item":"https:\/\/www.walraven.com\/se\/"},{"@type":"ListItem","position":2,"name":"Walraven Takl\u00f6sningar","item":"https:\/\/www.walraven.com\/se\/taklosningar\/"},{"@type":"ListItem","position":3,"name":"Aggregatst\u00f6d"}]},{"@type":"WebSite","@id":"https:\/\/www.walraven.com\/se\/#website","url":"https:\/\/www.walraven.com\/se\/","name":"Walraven Sverige","description":"","publisher":{"@id":"https:\/\/www.walraven.com\/se\/#organization"},"potentialAction":[{"@type":"SearchAction","target":{"@type":"EntryPoint","urlTemplate":"https:\/\/www.walraven.com\/se\/?s={search_term_string}"},"query-input":{"@type":"PropertyValueSpecification","valueRequired":true,"valueName":"search_term_string"}}],"inLanguage":"sv-SE"},{"@type":"Organization","@id":"https:\/\/www.walraven.com\/se\/#organization","name":"Walraven Nordic AB","alternateName":"Walraven Nordic AB","url":"https:\/\/www.walraven.com\/se\/","logo":{"@type":"ImageObject","inLanguage":"sv-SE","@id":"https:\/\/www.walraven.com\/se\/#\/schema\/logo\/image\/","url":"https:\/\/www.walraven.com\/se\/wp-content\/uploads\/sites\/15\/2023\/12\/Walraven_logo300x300.jpg","contentUrl":"https:\/\/www.walraven.com\/se\/wp-content\/uploads\/sites\/15\/2023\/12\/Walraven_logo300x300.jpg","width":300,"height":300,"caption":"Walraven Nordic AB"},"image":{"@id":"https:\/\/www.walraven.com\/se\/#\/schema\/logo\/image\/"},"sameAs":["https:\/\/www.youtube.com\/channel\/UCS8Qmqffzee1wAbnQMCsxCQ","https:\/\/www.linkedin.com\/company\/walraven-nordic-ab\/"]}]}},"_links":{"self":[{"href":"https:\/\/www.walraven.com\/se\/wp-json\/wp\/v2\/pages\/40689","targetHints":{"allow":["GET"]}}],"collection":[{"href":"https:\/\/www.walraven.com\/se\/wp-json\/wp\/v2\/pages"}],"about":[{"href":"https:\/\/www.walraven.com\/se\/wp-json\/wp\/v2\/types\/page"}],"author":[{"embeddable":true,"href":"https:\/\/www.walraven.com\/se\/wp-json\/wp\/v2\/users\/43"}],"replies":[{"embeddable":true,"href":"https:\/\/www.walraven.com\/se\/wp-json\/wp\/v2\/comments?post=40689"}],"version-history":[{"count":6,"href":"https:\/\/www.walraven.com\/se\/wp-json\/wp\/v2\/pages\/40689\/revisions"}],"predecessor-version":[{"id":55278,"href":"https:\/\/www.walraven.com\/se\/wp-json\/wp\/v2\/pages\/40689\/revisions\/55278"}],"up":[{"embeddable":true,"href":"https:\/\/www.walraven.com\/se\/wp-json\/wp\/v2\/pages\/40640"}],"wp:attachment":[{"href":"https:\/\/www.walraven.com\/se\/wp-json\/wp\/v2\/media?parent=40689"}],"curies":[{"name":"wp","href":"https:\/\/api.w.org\/{rel}","templated":true}]}}