{"id":41475,"date":"2019-03-19T13:26:25","date_gmt":"2019-03-19T12:26:25","guid":{"rendered":"https:\/\/www.walraven.com\/en\/?page_id=54150"},"modified":"2025-07-28T11:58:18","modified_gmt":"2025-07-28T09:58:18","slug":"expansionsfogar-sommar-och-tomrum","status":"publish","type":"page","link":"https:\/\/www.walraven.com\/se\/brandskyddssystem\/expansionsfogar-sommar-och-tomrum\/","title":{"rendered":"Expansionsfogar, s\u00f6mmar och tomrum"},"content":{"rendered":"","protected":false},"excerpt":{"rendered":"","protected":false},"author":43,"featured_media":0,"parent":41468,"menu_order":0,"comment_status":"closed","ping_status":"closed","template":"page-templates\/tpl-landingspage.php","meta":{"_acf_changed":false,"footnotes":""},"class_list":["post-41475","page","type-page","status-publish","hentry"],"acf":[],"yoast_head":"<!-- This site is optimized with the Yoast SEO Premium plugin v27.3 (Yoast SEO v27.3) - https:\/\/yoast.com\/product\/yoast-seo-premium-wordpress\/ -->\n<title>Expansionsfogar, s\u00f6mmar och tomrum - Walraven Sverige<\/title>\n<meta name=\"description\" content=\"Walravens produkter \u00e4r godk\u00e4nda och testade f\u00f6r att effektivt brandstoppa fogar, s\u00f6mmar och h\u00e5lrum mellan v\u00e4ggar, golv och tak i brandceller.\" \/>\n<meta name=\"robots\" content=\"index, follow, max-snippet:-1, max-image-preview:large, max-video-preview:-1\" \/>\n<link rel=\"canonical\" href=\"https:\/\/www.walraven.com\/se\/brandskyddssystem\/expansionsfogar-sommar-och-tomrum\/\" \/>\n<meta property=\"og:locale\" content=\"sv_SE\" \/>\n<meta property=\"og:type\" content=\"article\" \/>\n<meta property=\"og:title\" content=\"Expansionsfogar, s\u00f6mmar och tomrum\" \/>\n<meta property=\"og:description\" content=\"Walravens produkter \u00e4r godk\u00e4nda och testade f\u00f6r att effektivt brandstoppa fogar, s\u00f6mmar och h\u00e5lrum mellan v\u00e4ggar, golv och tak i brandceller.\" \/>\n<meta property=\"og:url\" content=\"https:\/\/www.walraven.com\/se\/brandskyddssystem\/expansionsfogar-sommar-och-tomrum\/\" \/>\n<meta property=\"og:site_name\" content=\"Walraven Sverige\" \/>\n<meta property=\"article:modified_time\" content=\"2025-07-28T09:58:18+00:00\" \/>\n<meta name=\"twitter:card\" content=\"summary_large_image\" \/>\n<meta name=\"twitter:label1\" content=\"Est. reading time\" \/>\n\t<meta name=\"twitter:data1\" content=\"3 minutes\" \/>\n<script type=\"application\/ld+json\" class=\"yoast-schema-graph\">{\"@context\":\"https:\\\/\\\/schema.org\",\"@graph\":[{\"@type\":\"WebPage\",\"@id\":\"https:\\\/\\\/www.walraven.com\\\/se\\\/brandskyddssystem\\\/expansionsfogar-sommar-och-tomrum\\\/\",\"url\":\"https:\\\/\\\/www.walraven.com\\\/se\\\/brandskyddssystem\\\/expansionsfogar-sommar-och-tomrum\\\/\",\"name\":\"Expansionsfogar, s\u00f6mmar och tomrum - Walraven Sverige\",\"isPartOf\":{\"@id\":\"https:\\\/\\\/www.walraven.com\\\/se\\\/#website\"},\"datePublished\":\"2019-03-19T12:26:25+00:00\",\"dateModified\":\"2025-07-28T09:58:18+00:00\",\"description\":\"Walravens produkter \u00e4r godk\u00e4nda och testade f\u00f6r att effektivt brandstoppa fogar, s\u00f6mmar och h\u00e5lrum mellan v\u00e4ggar, golv och tak i brandceller.\",\"breadcrumb\":{\"@id\":\"https:\\\/\\\/www.walraven.com\\\/se\\\/brandskyddssystem\\\/expansionsfogar-sommar-och-tomrum\\\/#breadcrumb\"},\"inLanguage\":\"sv-SE\",\"potentialAction\":[{\"@type\":\"ReadAction\",\"target\":[\"https:\\\/\\\/www.walraven.com\\\/se\\\/brandskyddssystem\\\/expansionsfogar-sommar-och-tomrum\\\/\"]}]},{\"@type\":\"BreadcrumbList\",\"@id\":\"https:\\\/\\\/www.walraven.com\\\/se\\\/brandskyddssystem\\\/expansionsfogar-sommar-och-tomrum\\\/#breadcrumb\",\"itemListElement\":[{\"@type\":\"ListItem\",\"position\":1,\"name\":\"Hem\",\"item\":\"https:\\\/\\\/www.walraven.com\\\/se\\\/\"},{\"@type\":\"ListItem\",\"position\":2,\"name\":\"Brandskyddssystem\",\"item\":\"https:\\\/\\\/www.walraven.com\\\/se\\\/brandskyddssystem\\\/\"},{\"@type\":\"ListItem\",\"position\":3,\"name\":\"Expansionsfogar, s\u00f6mmar och tomrum\"}]},{\"@type\":\"WebSite\",\"@id\":\"https:\\\/\\\/www.walraven.com\\\/se\\\/#website\",\"url\":\"https:\\\/\\\/www.walraven.com\\\/se\\\/\",\"name\":\"Walraven Sverige\",\"description\":\"\",\"publisher\":{\"@id\":\"https:\\\/\\\/www.walraven.com\\\/se\\\/#organization\"},\"potentialAction\":[{\"@type\":\"SearchAction\",\"target\":{\"@type\":\"EntryPoint\",\"urlTemplate\":\"https:\\\/\\\/www.walraven.com\\\/se\\\/?s={search_term_string}\"},\"query-input\":{\"@type\":\"PropertyValueSpecification\",\"valueRequired\":true,\"valueName\":\"search_term_string\"}}],\"inLanguage\":\"sv-SE\"},{\"@type\":\"Organization\",\"@id\":\"https:\\\/\\\/www.walraven.com\\\/se\\\/#organization\",\"name\":\"Walraven Nordic AB\",\"alternateName\":\"Walraven Nordic AB\",\"url\":\"https:\\\/\\\/www.walraven.com\\\/se\\\/\",\"logo\":{\"@type\":\"ImageObject\",\"inLanguage\":\"sv-SE\",\"@id\":\"https:\\\/\\\/www.walraven.com\\\/se\\\/#\\\/schema\\\/logo\\\/image\\\/\",\"url\":\"https:\\\/\\\/www.walraven.com\\\/se\\\/wp-content\\\/uploads\\\/sites\\\/15\\\/2023\\\/12\\\/Walraven_logo300x300.jpg\",\"contentUrl\":\"https:\\\/\\\/www.walraven.com\\\/se\\\/wp-content\\\/uploads\\\/sites\\\/15\\\/2023\\\/12\\\/Walraven_logo300x300.jpg\",\"width\":300,\"height\":300,\"caption\":\"Walraven Nordic AB\"},\"image\":{\"@id\":\"https:\\\/\\\/www.walraven.com\\\/se\\\/#\\\/schema\\\/logo\\\/image\\\/\"},\"sameAs\":[\"https:\\\/\\\/www.youtube.com\\\/channel\\\/UCS8Qmqffzee1wAbnQMCsxCQ\",\"https:\\\/\\\/www.linkedin.com\\\/company\\\/walraven-nordic-ab\\\/\"]}]}<\/script>\n<!-- \/ Yoast SEO Premium plugin. -->","yoast_head_json":{"title":"Expansionsfogar, s\u00f6mmar och tomrum - Walraven Sverige","description":"Walravens produkter \u00e4r godk\u00e4nda och testade f\u00f6r att effektivt brandstoppa fogar, s\u00f6mmar och h\u00e5lrum mellan v\u00e4ggar, golv och tak i brandceller.","robots":{"index":"index","follow":"follow","max-snippet":"max-snippet:-1","max-image-preview":"max-image-preview:large","max-video-preview":"max-video-preview:-1"},"canonical":"https:\/\/www.walraven.com\/se\/brandskyddssystem\/expansionsfogar-sommar-och-tomrum\/","og_locale":"sv_SE","og_type":"article","og_title":"Expansionsfogar, s\u00f6mmar och tomrum","og_description":"Walravens produkter \u00e4r godk\u00e4nda och testade f\u00f6r att effektivt brandstoppa fogar, s\u00f6mmar och h\u00e5lrum mellan v\u00e4ggar, golv och tak i brandceller.","og_url":"https:\/\/www.walraven.com\/se\/brandskyddssystem\/expansionsfogar-sommar-och-tomrum\/","og_site_name":"Walraven Sverige","article_modified_time":"2025-07-28T09:58:18+00:00","twitter_card":"summary_large_image","twitter_misc":{"Est. reading time":"3 minutes"},"schema":{"@context":"https:\/\/schema.org","@graph":[{"@type":"WebPage","@id":"https:\/\/www.walraven.com\/se\/brandskyddssystem\/expansionsfogar-sommar-och-tomrum\/","url":"https:\/\/www.walraven.com\/se\/brandskyddssystem\/expansionsfogar-sommar-och-tomrum\/","name":"Expansionsfogar, s\u00f6mmar och tomrum - Walraven Sverige","isPartOf":{"@id":"https:\/\/www.walraven.com\/se\/#website"},"datePublished":"2019-03-19T12:26:25+00:00","dateModified":"2025-07-28T09:58:18+00:00","description":"Walravens produkter \u00e4r godk\u00e4nda och testade f\u00f6r att effektivt brandstoppa fogar, s\u00f6mmar och h\u00e5lrum mellan v\u00e4ggar, golv och tak i brandceller.","breadcrumb":{"@id":"https:\/\/www.walraven.com\/se\/brandskyddssystem\/expansionsfogar-sommar-och-tomrum\/#breadcrumb"},"inLanguage":"sv-SE","potentialAction":[{"@type":"ReadAction","target":["https:\/\/www.walraven.com\/se\/brandskyddssystem\/expansionsfogar-sommar-och-tomrum\/"]}]},{"@type":"BreadcrumbList","@id":"https:\/\/www.walraven.com\/se\/brandskyddssystem\/expansionsfogar-sommar-och-tomrum\/#breadcrumb","itemListElement":[{"@type":"ListItem","position":1,"name":"Hem","item":"https:\/\/www.walraven.com\/se\/"},{"@type":"ListItem","position":2,"name":"Brandskyddssystem","item":"https:\/\/www.walraven.com\/se\/brandskyddssystem\/"},{"@type":"ListItem","position":3,"name":"Expansionsfogar, s\u00f6mmar och tomrum"}]},{"@type":"WebSite","@id":"https:\/\/www.walraven.com\/se\/#website","url":"https:\/\/www.walraven.com\/se\/","name":"Walraven Sverige","description":"","publisher":{"@id":"https:\/\/www.walraven.com\/se\/#organization"},"potentialAction":[{"@type":"SearchAction","target":{"@type":"EntryPoint","urlTemplate":"https:\/\/www.walraven.com\/se\/?s={search_term_string}"},"query-input":{"@type":"PropertyValueSpecification","valueRequired":true,"valueName":"search_term_string"}}],"inLanguage":"sv-SE"},{"@type":"Organization","@id":"https:\/\/www.walraven.com\/se\/#organization","name":"Walraven Nordic AB","alternateName":"Walraven Nordic AB","url":"https:\/\/www.walraven.com\/se\/","logo":{"@type":"ImageObject","inLanguage":"sv-SE","@id":"https:\/\/www.walraven.com\/se\/#\/schema\/logo\/image\/","url":"https:\/\/www.walraven.com\/se\/wp-content\/uploads\/sites\/15\/2023\/12\/Walraven_logo300x300.jpg","contentUrl":"https:\/\/www.walraven.com\/se\/wp-content\/uploads\/sites\/15\/2023\/12\/Walraven_logo300x300.jpg","width":300,"height":300,"caption":"Walraven Nordic AB"},"image":{"@id":"https:\/\/www.walraven.com\/se\/#\/schema\/logo\/image\/"},"sameAs":["https:\/\/www.youtube.com\/channel\/UCS8Qmqffzee1wAbnQMCsxCQ","https:\/\/www.linkedin.com\/company\/walraven-nordic-ab\/"]}]}},"_links":{"self":[{"href":"https:\/\/www.walraven.com\/se\/wp-json\/wp\/v2\/pages\/41475","targetHints":{"allow":["GET"]}}],"collection":[{"href":"https:\/\/www.walraven.com\/se\/wp-json\/wp\/v2\/pages"}],"about":[{"href":"https:\/\/www.walraven.com\/se\/wp-json\/wp\/v2\/types\/page"}],"author":[{"embeddable":true,"href":"https:\/\/www.walraven.com\/se\/wp-json\/wp\/v2\/users\/43"}],"replies":[{"embeddable":true,"href":"https:\/\/www.walraven.com\/se\/wp-json\/wp\/v2\/comments?post=41475"}],"version-history":[{"count":4,"href":"https:\/\/www.walraven.com\/se\/wp-json\/wp\/v2\/pages\/41475\/revisions"}],"predecessor-version":[{"id":55470,"href":"https:\/\/www.walraven.com\/se\/wp-json\/wp\/v2\/pages\/41475\/revisions\/55470"}],"up":[{"embeddable":true,"href":"https:\/\/www.walraven.com\/se\/wp-json\/wp\/v2\/pages\/41468"}],"wp:attachment":[{"href":"https:\/\/www.walraven.com\/se\/wp-json\/wp\/v2\/media?parent=41475"}],"curies":[{"name":"wp","href":"https:\/\/api.w.org\/{rel}","templated":true}]}}