{"id":41518,"date":"2019-03-13T10:57:53","date_gmt":"2019-03-13T09:57:53","guid":{"rendered":"https:\/\/www.walraven.com\/en\/?page_id=54112"},"modified":"2023-07-21T13:38:06","modified_gmt":"2023-07-21T11:38:06","slug":"upphangningssystem","status":"publish","type":"page","link":"https:\/\/www.walraven.com\/se\/upphangningssystem\/","title":{"rendered":"Upph\u00e4ngningssystem"},"content":{"rendered":"","protected":false},"excerpt":{"rendered":"<p>Walraven tillverkar ett brett sortiment av upph\u00e4ngningsprodukter f\u00f6r v\u00e4rmesystem, sanitetsinstallationer, elinstallationer, sprinklerr\u00f6r, luftkanaler, kylsystem, solpaneler och mycket mer. V\u00e5ra erbjudna l\u00f6sningar \u00e4r skapade av enstaka produkter som \u00e4r utformade f\u00f6r att kombineras&#8230;<\/p>\n","protected":false},"author":43,"featured_media":50348,"parent":0,"menu_order":0,"comment_status":"closed","ping_status":"closed","template":"page-templates\/tpl-landingspage.php","meta":{"_acf_changed":false,"footnotes":""},"class_list":["post-41518","page","type-page","status-publish","has-post-thumbnail","hentry"],"acf":[],"yoast_head":"<!-- This site is optimized with the Yoast SEO Premium plugin v27.3 (Yoast SEO v27.3) - https:\/\/yoast.com\/product\/yoast-seo-premium-wordpress\/ -->\n<title>Upph\u00e4ngningssystem - Walraven Sverige<\/title>\n<meta name=\"description\" content=\"Walraven manufactures a wide variety of fixing products. Our products are designed to combine together and work as effective fixing systems.\" \/>\n<meta name=\"robots\" content=\"index, follow, max-snippet:-1, max-image-preview:large, max-video-preview:-1\" \/>\n<link rel=\"canonical\" href=\"https:\/\/www.walraven.com\/se\/upphangningssystem\/\" \/>\n<meta property=\"og:locale\" content=\"sv_SE\" \/>\n<meta property=\"og:type\" content=\"article\" \/>\n<meta property=\"og:title\" content=\"Upph\u00e4ngningssystem\" \/>\n<meta property=\"og:description\" content=\"Walraven manufactures a wide variety of fixing products. Our products are designed to combine together and work as effective fixing systems.\" \/>\n<meta property=\"og:url\" content=\"https:\/\/www.walraven.com\/se\/upphangningssystem\/\" \/>\n<meta property=\"og:site_name\" content=\"Walraven Sverige\" \/>\n<meta property=\"article:modified_time\" content=\"2023-07-21T11:38:06+00:00\" \/>\n<meta property=\"og:image\" content=\"https:\/\/www.walraven.com\/se\/wp-content\/uploads\/sites\/15\/2023\/02\/Fixing-Systems-medium_v02.jpg\" \/>\n\t<meta property=\"og:image:width\" content=\"600\" \/>\n\t<meta property=\"og:image:height\" content=\"300\" \/>\n\t<meta property=\"og:image:type\" content=\"image\/jpeg\" \/>\n<meta name=\"twitter:card\" content=\"summary_large_image\" \/>\n<script type=\"application\/ld+json\" class=\"yoast-schema-graph\">{\"@context\":\"https:\\\/\\\/schema.org\",\"@graph\":[{\"@type\":\"WebPage\",\"@id\":\"https:\\\/\\\/www.walraven.com\\\/se\\\/upphangningssystem\\\/\",\"url\":\"https:\\\/\\\/www.walraven.com\\\/se\\\/upphangningssystem\\\/\",\"name\":\"Upph\u00e4ngningssystem - Walraven Sverige\",\"isPartOf\":{\"@id\":\"https:\\\/\\\/www.walraven.com\\\/se\\\/#website\"},\"primaryImageOfPage\":{\"@id\":\"https:\\\/\\\/www.walraven.com\\\/se\\\/upphangningssystem\\\/#primaryimage\"},\"image\":{\"@id\":\"https:\\\/\\\/www.walraven.com\\\/se\\\/upphangningssystem\\\/#primaryimage\"},\"thumbnailUrl\":\"https:\\\/\\\/www.walraven.com\\\/se\\\/wp-content\\\/uploads\\\/sites\\\/15\\\/2023\\\/02\\\/Fixing-Systems-medium_v02.jpg\",\"datePublished\":\"2019-03-13T09:57:53+00:00\",\"dateModified\":\"2023-07-21T11:38:06+00:00\",\"description\":\"Walraven manufactures a wide variety of fixing products. Our products are designed to combine together and work as effective fixing systems.\",\"breadcrumb\":{\"@id\":\"https:\\\/\\\/www.walraven.com\\\/se\\\/upphangningssystem\\\/#breadcrumb\"},\"inLanguage\":\"sv-SE\",\"potentialAction\":[{\"@type\":\"ReadAction\",\"target\":[\"https:\\\/\\\/www.walraven.com\\\/se\\\/upphangningssystem\\\/\"]}]},{\"@type\":\"ImageObject\",\"inLanguage\":\"sv-SE\",\"@id\":\"https:\\\/\\\/www.walraven.com\\\/se\\\/upphangningssystem\\\/#primaryimage\",\"url\":\"https:\\\/\\\/www.walraven.com\\\/se\\\/wp-content\\\/uploads\\\/sites\\\/15\\\/2023\\\/02\\\/Fixing-Systems-medium_v02.jpg\",\"contentUrl\":\"https:\\\/\\\/www.walraven.com\\\/se\\\/wp-content\\\/uploads\\\/sites\\\/15\\\/2023\\\/02\\\/Fixing-Systems-medium_v02.jpg\",\"width\":600,\"height\":300,\"caption\":\"Fixing-Systems-medium_v02\"},{\"@type\":\"BreadcrumbList\",\"@id\":\"https:\\\/\\\/www.walraven.com\\\/se\\\/upphangningssystem\\\/#breadcrumb\",\"itemListElement\":[{\"@type\":\"ListItem\",\"position\":1,\"name\":\"Hem\",\"item\":\"https:\\\/\\\/www.walraven.com\\\/se\\\/\"},{\"@type\":\"ListItem\",\"position\":2,\"name\":\"Upph\u00e4ngningssystem\"}]},{\"@type\":\"WebSite\",\"@id\":\"https:\\\/\\\/www.walraven.com\\\/se\\\/#website\",\"url\":\"https:\\\/\\\/www.walraven.com\\\/se\\\/\",\"name\":\"Walraven Sverige\",\"description\":\"\",\"publisher\":{\"@id\":\"https:\\\/\\\/www.walraven.com\\\/se\\\/#organization\"},\"potentialAction\":[{\"@type\":\"SearchAction\",\"target\":{\"@type\":\"EntryPoint\",\"urlTemplate\":\"https:\\\/\\\/www.walraven.com\\\/se\\\/?s={search_term_string}\"},\"query-input\":{\"@type\":\"PropertyValueSpecification\",\"valueRequired\":true,\"valueName\":\"search_term_string\"}}],\"inLanguage\":\"sv-SE\"},{\"@type\":\"Organization\",\"@id\":\"https:\\\/\\\/www.walraven.com\\\/se\\\/#organization\",\"name\":\"Walraven Nordic AB\",\"alternateName\":\"Walraven Nordic AB\",\"url\":\"https:\\\/\\\/www.walraven.com\\\/se\\\/\",\"logo\":{\"@type\":\"ImageObject\",\"inLanguage\":\"sv-SE\",\"@id\":\"https:\\\/\\\/www.walraven.com\\\/se\\\/#\\\/schema\\\/logo\\\/image\\\/\",\"url\":\"https:\\\/\\\/www.walraven.com\\\/se\\\/wp-content\\\/uploads\\\/sites\\\/15\\\/2023\\\/12\\\/Walraven_logo300x300.jpg\",\"contentUrl\":\"https:\\\/\\\/www.walraven.com\\\/se\\\/wp-content\\\/uploads\\\/sites\\\/15\\\/2023\\\/12\\\/Walraven_logo300x300.jpg\",\"width\":300,\"height\":300,\"caption\":\"Walraven Nordic AB\"},\"image\":{\"@id\":\"https:\\\/\\\/www.walraven.com\\\/se\\\/#\\\/schema\\\/logo\\\/image\\\/\"},\"sameAs\":[\"https:\\\/\\\/www.youtube.com\\\/channel\\\/UCS8Qmqffzee1wAbnQMCsxCQ\",\"https:\\\/\\\/www.linkedin.com\\\/company\\\/walraven-nordic-ab\\\/\"]}]}<\/script>\n<!-- \/ Yoast SEO Premium plugin. -->","yoast_head_json":{"title":"Upph\u00e4ngningssystem - Walraven Sverige","description":"Walraven manufactures a wide variety of fixing products. Our products are designed to combine together and work as effective fixing systems.","robots":{"index":"index","follow":"follow","max-snippet":"max-snippet:-1","max-image-preview":"max-image-preview:large","max-video-preview":"max-video-preview:-1"},"canonical":"https:\/\/www.walraven.com\/se\/upphangningssystem\/","og_locale":"sv_SE","og_type":"article","og_title":"Upph\u00e4ngningssystem","og_description":"Walraven manufactures a wide variety of fixing products. Our products are designed to combine together and work as effective fixing systems.","og_url":"https:\/\/www.walraven.com\/se\/upphangningssystem\/","og_site_name":"Walraven Sverige","article_modified_time":"2023-07-21T11:38:06+00:00","og_image":[{"width":600,"height":300,"url":"https:\/\/www.walraven.com\/se\/wp-content\/uploads\/sites\/15\/2023\/02\/Fixing-Systems-medium_v02.jpg","type":"image\/jpeg"}],"twitter_card":"summary_large_image","schema":{"@context":"https:\/\/schema.org","@graph":[{"@type":"WebPage","@id":"https:\/\/www.walraven.com\/se\/upphangningssystem\/","url":"https:\/\/www.walraven.com\/se\/upphangningssystem\/","name":"Upph\u00e4ngningssystem - Walraven Sverige","isPartOf":{"@id":"https:\/\/www.walraven.com\/se\/#website"},"primaryImageOfPage":{"@id":"https:\/\/www.walraven.com\/se\/upphangningssystem\/#primaryimage"},"image":{"@id":"https:\/\/www.walraven.com\/se\/upphangningssystem\/#primaryimage"},"thumbnailUrl":"https:\/\/www.walraven.com\/se\/wp-content\/uploads\/sites\/15\/2023\/02\/Fixing-Systems-medium_v02.jpg","datePublished":"2019-03-13T09:57:53+00:00","dateModified":"2023-07-21T11:38:06+00:00","description":"Walraven manufactures a wide variety of fixing products. Our products are designed to combine together and work as effective fixing systems.","breadcrumb":{"@id":"https:\/\/www.walraven.com\/se\/upphangningssystem\/#breadcrumb"},"inLanguage":"sv-SE","potentialAction":[{"@type":"ReadAction","target":["https:\/\/www.walraven.com\/se\/upphangningssystem\/"]}]},{"@type":"ImageObject","inLanguage":"sv-SE","@id":"https:\/\/www.walraven.com\/se\/upphangningssystem\/#primaryimage","url":"https:\/\/www.walraven.com\/se\/wp-content\/uploads\/sites\/15\/2023\/02\/Fixing-Systems-medium_v02.jpg","contentUrl":"https:\/\/www.walraven.com\/se\/wp-content\/uploads\/sites\/15\/2023\/02\/Fixing-Systems-medium_v02.jpg","width":600,"height":300,"caption":"Fixing-Systems-medium_v02"},{"@type":"BreadcrumbList","@id":"https:\/\/www.walraven.com\/se\/upphangningssystem\/#breadcrumb","itemListElement":[{"@type":"ListItem","position":1,"name":"Hem","item":"https:\/\/www.walraven.com\/se\/"},{"@type":"ListItem","position":2,"name":"Upph\u00e4ngningssystem"}]},{"@type":"WebSite","@id":"https:\/\/www.walraven.com\/se\/#website","url":"https:\/\/www.walraven.com\/se\/","name":"Walraven Sverige","description":"","publisher":{"@id":"https:\/\/www.walraven.com\/se\/#organization"},"potentialAction":[{"@type":"SearchAction","target":{"@type":"EntryPoint","urlTemplate":"https:\/\/www.walraven.com\/se\/?s={search_term_string}"},"query-input":{"@type":"PropertyValueSpecification","valueRequired":true,"valueName":"search_term_string"}}],"inLanguage":"sv-SE"},{"@type":"Organization","@id":"https:\/\/www.walraven.com\/se\/#organization","name":"Walraven Nordic AB","alternateName":"Walraven Nordic AB","url":"https:\/\/www.walraven.com\/se\/","logo":{"@type":"ImageObject","inLanguage":"sv-SE","@id":"https:\/\/www.walraven.com\/se\/#\/schema\/logo\/image\/","url":"https:\/\/www.walraven.com\/se\/wp-content\/uploads\/sites\/15\/2023\/12\/Walraven_logo300x300.jpg","contentUrl":"https:\/\/www.walraven.com\/se\/wp-content\/uploads\/sites\/15\/2023\/12\/Walraven_logo300x300.jpg","width":300,"height":300,"caption":"Walraven Nordic AB"},"image":{"@id":"https:\/\/www.walraven.com\/se\/#\/schema\/logo\/image\/"},"sameAs":["https:\/\/www.youtube.com\/channel\/UCS8Qmqffzee1wAbnQMCsxCQ","https:\/\/www.linkedin.com\/company\/walraven-nordic-ab\/"]}]}},"_links":{"self":[{"href":"https:\/\/www.walraven.com\/se\/wp-json\/wp\/v2\/pages\/41518","targetHints":{"allow":["GET"]}}],"collection":[{"href":"https:\/\/www.walraven.com\/se\/wp-json\/wp\/v2\/pages"}],"about":[{"href":"https:\/\/www.walraven.com\/se\/wp-json\/wp\/v2\/types\/page"}],"author":[{"embeddable":true,"href":"https:\/\/www.walraven.com\/se\/wp-json\/wp\/v2\/users\/43"}],"replies":[{"embeddable":true,"href":"https:\/\/www.walraven.com\/se\/wp-json\/wp\/v2\/comments?post=41518"}],"version-history":[{"count":5,"href":"https:\/\/www.walraven.com\/se\/wp-json\/wp\/v2\/pages\/41518\/revisions"}],"predecessor-version":[{"id":50583,"href":"https:\/\/www.walraven.com\/se\/wp-json\/wp\/v2\/pages\/41518\/revisions\/50583"}],"wp:featuredmedia":[{"embeddable":true,"href":"https:\/\/www.walraven.com\/se\/wp-json\/wp\/v2\/media\/50348"}],"wp:attachment":[{"href":"https:\/\/www.walraven.com\/se\/wp-json\/wp\/v2\/media?parent=41518"}],"curies":[{"name":"wp","href":"https:\/\/api.w.org\/{rel}","templated":true}]}}