{"id":41555,"date":"2019-06-21T15:16:20","date_gmt":"2019-06-21T13:16:20","guid":{"rendered":"https:\/\/www.walraven.com\/en\/?page_id=55125"},"modified":"2024-06-07T11:08:29","modified_gmt":"2024-06-07T09:08:29","slug":"losningar-for-elektriska-montage","status":"publish","type":"page","link":"https:\/\/www.walraven.com\/se\/upphangningssystem\/losningar-for-elektriska-montage\/","title":{"rendered":"L\u00f6sningar f\u00f6r elektriska montage"},"content":{"rendered":"","protected":false},"excerpt":{"rendered":"","protected":false},"author":43,"featured_media":0,"parent":41518,"menu_order":0,"comment_status":"closed","ping_status":"closed","template":"page-templates\/tpl-landingspage.php","meta":{"_acf_changed":false,"footnotes":""},"class_list":["post-41555","page","type-page","status-publish","hentry"],"acf":[],"yoast_head":"<!-- This site is optimized with the Yoast SEO Premium plugin v27.3 (Yoast SEO v27.3) - https:\/\/yoast.com\/product\/yoast-seo-premium-wordpress\/ -->\n<title>L\u00f6sningar f\u00f6r elektriska montage - Walraven Sverige<\/title>\n<meta name=\"description\" content=\"Britclips\u00ae det fr\u00e4msta varum\u00e4rket f\u00f6r elektriska fixeringsl\u00f6sningar. \u2705 \u00d6ver 140 h\u00f6gkvalitativa inf\u00e4stningsprodukter,\" \/>\n<meta name=\"robots\" content=\"index, follow, max-snippet:-1, max-image-preview:large, max-video-preview:-1\" \/>\n<link rel=\"canonical\" href=\"https:\/\/www.walraven.com\/se\/upphangningssystem\/losningar-for-elektriska-montage\/\" \/>\n<meta property=\"og:locale\" content=\"sv_SE\" \/>\n<meta property=\"og:type\" content=\"article\" \/>\n<meta property=\"og:title\" content=\"L\u00f6sningar f\u00f6r elektriska montage\" \/>\n<meta property=\"og:description\" content=\"Britclips\u00ae det fr\u00e4msta varum\u00e4rket f\u00f6r elektriska fixeringsl\u00f6sningar. \u2705 \u00d6ver 140 h\u00f6gkvalitativa inf\u00e4stningsprodukter,\" \/>\n<meta property=\"og:url\" content=\"https:\/\/www.walraven.com\/se\/upphangningssystem\/losningar-for-elektriska-montage\/\" \/>\n<meta property=\"og:site_name\" content=\"Walraven Sverige\" \/>\n<meta property=\"article:modified_time\" content=\"2024-06-07T09:08:29+00:00\" \/>\n<meta name=\"twitter:card\" content=\"summary_large_image\" \/>\n<meta name=\"twitter:label1\" content=\"Est. reading time\" \/>\n\t<meta name=\"twitter:data1\" content=\"1 minute\" \/>\n<script type=\"application\/ld+json\" class=\"yoast-schema-graph\">{\"@context\":\"https:\\\/\\\/schema.org\",\"@graph\":[{\"@type\":\"WebPage\",\"@id\":\"https:\\\/\\\/www.walraven.com\\\/se\\\/upphangningssystem\\\/losningar-for-elektriska-montage\\\/\",\"url\":\"https:\\\/\\\/www.walraven.com\\\/se\\\/upphangningssystem\\\/losningar-for-elektriska-montage\\\/\",\"name\":\"L\u00f6sningar f\u00f6r elektriska montage - Walraven Sverige\",\"isPartOf\":{\"@id\":\"https:\\\/\\\/www.walraven.com\\\/se\\\/#website\"},\"datePublished\":\"2019-06-21T13:16:20+00:00\",\"dateModified\":\"2024-06-07T09:08:29+00:00\",\"description\":\"Britclips\u00ae det fr\u00e4msta varum\u00e4rket f\u00f6r elektriska fixeringsl\u00f6sningar. \u2705 \u00d6ver 140 h\u00f6gkvalitativa inf\u00e4stningsprodukter,\",\"breadcrumb\":{\"@id\":\"https:\\\/\\\/www.walraven.com\\\/se\\\/upphangningssystem\\\/losningar-for-elektriska-montage\\\/#breadcrumb\"},\"inLanguage\":\"sv-SE\",\"potentialAction\":[{\"@type\":\"ReadAction\",\"target\":[\"https:\\\/\\\/www.walraven.com\\\/se\\\/upphangningssystem\\\/losningar-for-elektriska-montage\\\/\"]}]},{\"@type\":\"BreadcrumbList\",\"@id\":\"https:\\\/\\\/www.walraven.com\\\/se\\\/upphangningssystem\\\/losningar-for-elektriska-montage\\\/#breadcrumb\",\"itemListElement\":[{\"@type\":\"ListItem\",\"position\":1,\"name\":\"Hem\",\"item\":\"https:\\\/\\\/www.walraven.com\\\/se\\\/\"},{\"@type\":\"ListItem\",\"position\":2,\"name\":\"Upph\u00e4ngningssystem\",\"item\":\"https:\\\/\\\/www.walraven.com\\\/se\\\/upphangningssystem\\\/\"},{\"@type\":\"ListItem\",\"position\":3,\"name\":\"L\u00f6sningar f\u00f6r elektriska montage\"}]},{\"@type\":\"WebSite\",\"@id\":\"https:\\\/\\\/www.walraven.com\\\/se\\\/#website\",\"url\":\"https:\\\/\\\/www.walraven.com\\\/se\\\/\",\"name\":\"Walraven Sverige\",\"description\":\"\",\"publisher\":{\"@id\":\"https:\\\/\\\/www.walraven.com\\\/se\\\/#organization\"},\"potentialAction\":[{\"@type\":\"SearchAction\",\"target\":{\"@type\":\"EntryPoint\",\"urlTemplate\":\"https:\\\/\\\/www.walraven.com\\\/se\\\/?s={search_term_string}\"},\"query-input\":{\"@type\":\"PropertyValueSpecification\",\"valueRequired\":true,\"valueName\":\"search_term_string\"}}],\"inLanguage\":\"sv-SE\"},{\"@type\":\"Organization\",\"@id\":\"https:\\\/\\\/www.walraven.com\\\/se\\\/#organization\",\"name\":\"Walraven Nordic AB\",\"alternateName\":\"Walraven Nordic AB\",\"url\":\"https:\\\/\\\/www.walraven.com\\\/se\\\/\",\"logo\":{\"@type\":\"ImageObject\",\"inLanguage\":\"sv-SE\",\"@id\":\"https:\\\/\\\/www.walraven.com\\\/se\\\/#\\\/schema\\\/logo\\\/image\\\/\",\"url\":\"https:\\\/\\\/www.walraven.com\\\/se\\\/wp-content\\\/uploads\\\/sites\\\/15\\\/2023\\\/12\\\/Walraven_logo300x300.jpg\",\"contentUrl\":\"https:\\\/\\\/www.walraven.com\\\/se\\\/wp-content\\\/uploads\\\/sites\\\/15\\\/2023\\\/12\\\/Walraven_logo300x300.jpg\",\"width\":300,\"height\":300,\"caption\":\"Walraven Nordic AB\"},\"image\":{\"@id\":\"https:\\\/\\\/www.walraven.com\\\/se\\\/#\\\/schema\\\/logo\\\/image\\\/\"},\"sameAs\":[\"https:\\\/\\\/www.youtube.com\\\/channel\\\/UCS8Qmqffzee1wAbnQMCsxCQ\",\"https:\\\/\\\/www.linkedin.com\\\/company\\\/walraven-nordic-ab\\\/\"]}]}<\/script>\n<!-- \/ Yoast SEO Premium plugin. -->","yoast_head_json":{"title":"L\u00f6sningar f\u00f6r elektriska montage - Walraven Sverige","description":"Britclips\u00ae det fr\u00e4msta varum\u00e4rket f\u00f6r elektriska fixeringsl\u00f6sningar. \u2705 \u00d6ver 140 h\u00f6gkvalitativa inf\u00e4stningsprodukter,","robots":{"index":"index","follow":"follow","max-snippet":"max-snippet:-1","max-image-preview":"max-image-preview:large","max-video-preview":"max-video-preview:-1"},"canonical":"https:\/\/www.walraven.com\/se\/upphangningssystem\/losningar-for-elektriska-montage\/","og_locale":"sv_SE","og_type":"article","og_title":"L\u00f6sningar f\u00f6r elektriska montage","og_description":"Britclips\u00ae det fr\u00e4msta varum\u00e4rket f\u00f6r elektriska fixeringsl\u00f6sningar. \u2705 \u00d6ver 140 h\u00f6gkvalitativa inf\u00e4stningsprodukter,","og_url":"https:\/\/www.walraven.com\/se\/upphangningssystem\/losningar-for-elektriska-montage\/","og_site_name":"Walraven Sverige","article_modified_time":"2024-06-07T09:08:29+00:00","twitter_card":"summary_large_image","twitter_misc":{"Est. reading time":"1 minute"},"schema":{"@context":"https:\/\/schema.org","@graph":[{"@type":"WebPage","@id":"https:\/\/www.walraven.com\/se\/upphangningssystem\/losningar-for-elektriska-montage\/","url":"https:\/\/www.walraven.com\/se\/upphangningssystem\/losningar-for-elektriska-montage\/","name":"L\u00f6sningar f\u00f6r elektriska montage - Walraven Sverige","isPartOf":{"@id":"https:\/\/www.walraven.com\/se\/#website"},"datePublished":"2019-06-21T13:16:20+00:00","dateModified":"2024-06-07T09:08:29+00:00","description":"Britclips\u00ae det fr\u00e4msta varum\u00e4rket f\u00f6r elektriska fixeringsl\u00f6sningar. \u2705 \u00d6ver 140 h\u00f6gkvalitativa inf\u00e4stningsprodukter,","breadcrumb":{"@id":"https:\/\/www.walraven.com\/se\/upphangningssystem\/losningar-for-elektriska-montage\/#breadcrumb"},"inLanguage":"sv-SE","potentialAction":[{"@type":"ReadAction","target":["https:\/\/www.walraven.com\/se\/upphangningssystem\/losningar-for-elektriska-montage\/"]}]},{"@type":"BreadcrumbList","@id":"https:\/\/www.walraven.com\/se\/upphangningssystem\/losningar-for-elektriska-montage\/#breadcrumb","itemListElement":[{"@type":"ListItem","position":1,"name":"Hem","item":"https:\/\/www.walraven.com\/se\/"},{"@type":"ListItem","position":2,"name":"Upph\u00e4ngningssystem","item":"https:\/\/www.walraven.com\/se\/upphangningssystem\/"},{"@type":"ListItem","position":3,"name":"L\u00f6sningar f\u00f6r elektriska montage"}]},{"@type":"WebSite","@id":"https:\/\/www.walraven.com\/se\/#website","url":"https:\/\/www.walraven.com\/se\/","name":"Walraven Sverige","description":"","publisher":{"@id":"https:\/\/www.walraven.com\/se\/#organization"},"potentialAction":[{"@type":"SearchAction","target":{"@type":"EntryPoint","urlTemplate":"https:\/\/www.walraven.com\/se\/?s={search_term_string}"},"query-input":{"@type":"PropertyValueSpecification","valueRequired":true,"valueName":"search_term_string"}}],"inLanguage":"sv-SE"},{"@type":"Organization","@id":"https:\/\/www.walraven.com\/se\/#organization","name":"Walraven Nordic AB","alternateName":"Walraven Nordic AB","url":"https:\/\/www.walraven.com\/se\/","logo":{"@type":"ImageObject","inLanguage":"sv-SE","@id":"https:\/\/www.walraven.com\/se\/#\/schema\/logo\/image\/","url":"https:\/\/www.walraven.com\/se\/wp-content\/uploads\/sites\/15\/2023\/12\/Walraven_logo300x300.jpg","contentUrl":"https:\/\/www.walraven.com\/se\/wp-content\/uploads\/sites\/15\/2023\/12\/Walraven_logo300x300.jpg","width":300,"height":300,"caption":"Walraven Nordic AB"},"image":{"@id":"https:\/\/www.walraven.com\/se\/#\/schema\/logo\/image\/"},"sameAs":["https:\/\/www.youtube.com\/channel\/UCS8Qmqffzee1wAbnQMCsxCQ","https:\/\/www.linkedin.com\/company\/walraven-nordic-ab\/"]}]}},"_links":{"self":[{"href":"https:\/\/www.walraven.com\/se\/wp-json\/wp\/v2\/pages\/41555","targetHints":{"allow":["GET"]}}],"collection":[{"href":"https:\/\/www.walraven.com\/se\/wp-json\/wp\/v2\/pages"}],"about":[{"href":"https:\/\/www.walraven.com\/se\/wp-json\/wp\/v2\/types\/page"}],"author":[{"embeddable":true,"href":"https:\/\/www.walraven.com\/se\/wp-json\/wp\/v2\/users\/43"}],"replies":[{"embeddable":true,"href":"https:\/\/www.walraven.com\/se\/wp-json\/wp\/v2\/comments?post=41555"}],"version-history":[{"count":5,"href":"https:\/\/www.walraven.com\/se\/wp-json\/wp\/v2\/pages\/41555\/revisions"}],"predecessor-version":[{"id":54999,"href":"https:\/\/www.walraven.com\/se\/wp-json\/wp\/v2\/pages\/41555\/revisions\/54999"}],"up":[{"embeddable":true,"href":"https:\/\/www.walraven.com\/se\/wp-json\/wp\/v2\/pages\/41518"}],"wp:attachment":[{"href":"https:\/\/www.walraven.com\/se\/wp-json\/wp\/v2\/media?parent=41555"}],"curies":[{"name":"wp","href":"https:\/\/api.w.org\/{rel}","templated":true}]}}