{"id":48509,"date":"2021-03-03T10:15:34","date_gmt":"2021-03-03T09:15:34","guid":{"rendered":"https:\/\/www.walraven.com\/se\/?page_id=48509"},"modified":"2024-12-18T11:50:06","modified_gmt":"2024-12-18T10:50:06","slug":"ny-sprinklerbroshyr-ute","status":"publish","type":"page","link":"https:\/\/www.walraven.com\/se\/ny-sprinklerbroshyr-ute\/","title":{"rendered":"Ny Sprinklerbroschyr ute!"},"content":{"rendered":"<h2>Vi sl\u00e4pper v\u00e5r sprinklerbroschyr!<\/h2>\n<p>Har du en sprinklerfr\u00e5ga? Se v\u00e5r nya broschyr som du kan ladda ner h\u00e4r.<\/p>\n<p>Denna broschyr inneh\u00e5ller Walravens sprinklergodk\u00e4nda produktsortiment, och inneh\u00e5ller \u00e4ven en monteringsguide. Alla produkter i denna guide \u00e4r godk\u00e4nd av minst ett av f\u00f6ljande institut: VdS (VdS CEA 4001), UNE (UNE 12845) eller FM Global. Den senaste och mest korrekta informationen hittar man i de enskilda produkternas datablad.<\/p>\n<p>Har du fler fr\u00e5gor som du inte kan f\u00e5 svar h\u00e4r, kontakta oss genom att fylla i formul\u00e4ret bredvid eller ring oss p\u00e5 +46 40 36 54 20.<\/p>\n","protected":false},"excerpt":{"rendered":"<p>Vi sl\u00e4pper v\u00e5r sprinklerbroschyr! Har du en sprinklerfr\u00e5ga? Se v\u00e5r nya broschyr som du kan ladda ner h\u00e4r. Denna broschyr inneh\u00e5ller Walravens sprinklergodk\u00e4nda produktsortiment, och inneh\u00e5ller \u00e4ven en monteringsguide. Alla produkter i denna guide \u00e4r godk\u00e4nd av minst ett av f\u00f6ljande institut: VdS (VdS CEA 4001), UNE (UNE 12845) eller FM Global. Den senaste och [&hellip;]<\/p>\n","protected":false},"author":48,"featured_media":48524,"parent":0,"menu_order":0,"comment_status":"closed","ping_status":"closed","template":"page-templates\/tpl-landingspage.php","meta":{"_acf_changed":false,"footnotes":""},"class_list":["post-48509","page","type-page","status-publish","has-post-thumbnail","hentry"],"acf":[],"yoast_head":"<!-- This site is optimized with the Yoast SEO Premium plugin v27.5 (Yoast SEO v27.5) - https:\/\/yoast.com\/product\/yoast-seo-premium-wordpress\/ -->\n<title>Ny Sprinklerbroschyr ute! - Walraven Sverige<\/title>\n<meta name=\"description\" content=\"Har du n\u00e5gra fr\u00e5gor eller funderingar g\u00e4llande din sprinklerinstallation? \u00c4r du os\u00e4ker p\u00e5 vilken\/vilka produkter du ska anv\u00e4nda, se hit. Nu har vi tagit fram en broschyr d\u00e4r du enkelt f\u00e5r en \u00f6versikt. Ladda hem broschyren h\u00e4r.\" \/>\n<meta name=\"robots\" content=\"index, follow, max-snippet:-1, max-image-preview:large, max-video-preview:-1\" \/>\n<link rel=\"canonical\" href=\"https:\/\/www.walraven.com\/se\/ny-sprinklerbroshyr-ute\/\" \/>\n<meta property=\"og:locale\" content=\"sv_SE\" \/>\n<meta property=\"og:type\" content=\"article\" \/>\n<meta property=\"og:title\" content=\"Ny Sprinklerbroschyr ute!\" \/>\n<meta property=\"og:description\" content=\"Har du n\u00e5gra fr\u00e5gor eller funderingar g\u00e4llande din sprinklerinstallation? \u00c4r du os\u00e4ker p\u00e5 vilken\/vilka produkter du ska anv\u00e4nda, se hit. Nu har vi tagit fram en broschyr d\u00e4r du enkelt f\u00e5r en \u00f6versikt. Ladda hem broschyren h\u00e4r.\" \/>\n<meta property=\"og:url\" content=\"https:\/\/www.walraven.com\/se\/ny-sprinklerbroshyr-ute\/\" \/>\n<meta property=\"og:site_name\" content=\"Walraven Sverige\" \/>\n<meta property=\"article:modified_time\" content=\"2024-12-18T10:50:06+00:00\" \/>\n<meta property=\"og:image\" content=\"https:\/\/www.walraven.com\/se\/wp-content\/uploads\/sites\/15\/2021\/03\/Sprinkler-1.jpg\" \/>\n\t<meta property=\"og:image:width\" content=\"594\" \/>\n\t<meta property=\"og:image:height\" content=\"839\" \/>\n\t<meta property=\"og:image:type\" content=\"image\/jpeg\" \/>\n<meta name=\"twitter:card\" content=\"summary_large_image\" \/>\n<meta name=\"twitter:label1\" content=\"Est. reading time\" \/>\n\t<meta name=\"twitter:data1\" content=\"2 minutes\" \/>\n<script type=\"application\/ld+json\" class=\"yoast-schema-graph\">{\"@context\":\"https:\\\/\\\/schema.org\",\"@graph\":[{\"@type\":\"WebPage\",\"@id\":\"https:\\\/\\\/www.walraven.com\\\/se\\\/ny-sprinklerbroshyr-ute\\\/\",\"url\":\"https:\\\/\\\/www.walraven.com\\\/se\\\/ny-sprinklerbroshyr-ute\\\/\",\"name\":\"Ny Sprinklerbroschyr ute! - Walraven Sverige\",\"isPartOf\":{\"@id\":\"https:\\\/\\\/www.walraven.com\\\/se\\\/#website\"},\"primaryImageOfPage\":{\"@id\":\"https:\\\/\\\/www.walraven.com\\\/se\\\/ny-sprinklerbroshyr-ute\\\/#primaryimage\"},\"image\":{\"@id\":\"https:\\\/\\\/www.walraven.com\\\/se\\\/ny-sprinklerbroshyr-ute\\\/#primaryimage\"},\"thumbnailUrl\":\"https:\\\/\\\/www.walraven.com\\\/se\\\/wp-content\\\/uploads\\\/sites\\\/15\\\/2021\\\/03\\\/Sprinkler-1.jpg\",\"datePublished\":\"2021-03-03T09:15:34+00:00\",\"dateModified\":\"2024-12-18T10:50:06+00:00\",\"description\":\"Har du n\u00e5gra fr\u00e5gor eller funderingar g\u00e4llande din sprinklerinstallation? \u00c4r du os\u00e4ker p\u00e5 vilken\\\/vilka produkter du ska anv\u00e4nda, se hit. Nu har vi tagit fram en broschyr d\u00e4r du enkelt f\u00e5r en \u00f6versikt. Ladda hem broschyren h\u00e4r.\",\"breadcrumb\":{\"@id\":\"https:\\\/\\\/www.walraven.com\\\/se\\\/ny-sprinklerbroshyr-ute\\\/#breadcrumb\"},\"inLanguage\":\"sv-SE\",\"potentialAction\":[{\"@type\":\"ReadAction\",\"target\":[\"https:\\\/\\\/www.walraven.com\\\/se\\\/ny-sprinklerbroshyr-ute\\\/\"]}]},{\"@type\":\"ImageObject\",\"inLanguage\":\"sv-SE\",\"@id\":\"https:\\\/\\\/www.walraven.com\\\/se\\\/ny-sprinklerbroshyr-ute\\\/#primaryimage\",\"url\":\"https:\\\/\\\/www.walraven.com\\\/se\\\/wp-content\\\/uploads\\\/sites\\\/15\\\/2021\\\/03\\\/Sprinkler-1.jpg\",\"contentUrl\":\"https:\\\/\\\/www.walraven.com\\\/se\\\/wp-content\\\/uploads\\\/sites\\\/15\\\/2021\\\/03\\\/Sprinkler-1.jpg\",\"width\":594,\"height\":839},{\"@type\":\"BreadcrumbList\",\"@id\":\"https:\\\/\\\/www.walraven.com\\\/se\\\/ny-sprinklerbroshyr-ute\\\/#breadcrumb\",\"itemListElement\":[{\"@type\":\"ListItem\",\"position\":1,\"name\":\"Hem\",\"item\":\"https:\\\/\\\/www.walraven.com\\\/se\\\/\"},{\"@type\":\"ListItem\",\"position\":2,\"name\":\"Ny Sprinklerbroschyr ute!\"}]},{\"@type\":\"WebSite\",\"@id\":\"https:\\\/\\\/www.walraven.com\\\/se\\\/#website\",\"url\":\"https:\\\/\\\/www.walraven.com\\\/se\\\/\",\"name\":\"Walraven Sverige\",\"description\":\"\",\"publisher\":{\"@id\":\"https:\\\/\\\/www.walraven.com\\\/se\\\/#organization\"},\"potentialAction\":[{\"@type\":\"SearchAction\",\"target\":{\"@type\":\"EntryPoint\",\"urlTemplate\":\"https:\\\/\\\/www.walraven.com\\\/se\\\/?s={search_term_string}\"},\"query-input\":{\"@type\":\"PropertyValueSpecification\",\"valueRequired\":true,\"valueName\":\"search_term_string\"}}],\"inLanguage\":\"sv-SE\"},{\"@type\":\"Organization\",\"@id\":\"https:\\\/\\\/www.walraven.com\\\/se\\\/#organization\",\"name\":\"Walraven Nordic AB\",\"alternateName\":\"Walraven Nordic AB\",\"url\":\"https:\\\/\\\/www.walraven.com\\\/se\\\/\",\"logo\":{\"@type\":\"ImageObject\",\"inLanguage\":\"sv-SE\",\"@id\":\"https:\\\/\\\/www.walraven.com\\\/se\\\/#\\\/schema\\\/logo\\\/image\\\/\",\"url\":\"https:\\\/\\\/www.walraven.com\\\/se\\\/wp-content\\\/uploads\\\/sites\\\/15\\\/2023\\\/12\\\/Walraven_logo300x300.jpg\",\"contentUrl\":\"https:\\\/\\\/www.walraven.com\\\/se\\\/wp-content\\\/uploads\\\/sites\\\/15\\\/2023\\\/12\\\/Walraven_logo300x300.jpg\",\"width\":300,\"height\":300,\"caption\":\"Walraven Nordic AB\"},\"image\":{\"@id\":\"https:\\\/\\\/www.walraven.com\\\/se\\\/#\\\/schema\\\/logo\\\/image\\\/\"},\"sameAs\":[\"https:\\\/\\\/www.youtube.com\\\/channel\\\/UCS8Qmqffzee1wAbnQMCsxCQ\",\"https:\\\/\\\/www.linkedin.com\\\/company\\\/walraven-nordic-ab\\\/\"]}]}<\/script>\n<!-- \/ Yoast SEO Premium plugin. -->","yoast_head_json":{"title":"Ny Sprinklerbroschyr ute! - Walraven Sverige","description":"Har du n\u00e5gra fr\u00e5gor eller funderingar g\u00e4llande din sprinklerinstallation? \u00c4r du os\u00e4ker p\u00e5 vilken\/vilka produkter du ska anv\u00e4nda, se hit. Nu har vi tagit fram en broschyr d\u00e4r du enkelt f\u00e5r en \u00f6versikt. Ladda hem broschyren h\u00e4r.","robots":{"index":"index","follow":"follow","max-snippet":"max-snippet:-1","max-image-preview":"max-image-preview:large","max-video-preview":"max-video-preview:-1"},"canonical":"https:\/\/www.walraven.com\/se\/ny-sprinklerbroshyr-ute\/","og_locale":"sv_SE","og_type":"article","og_title":"Ny Sprinklerbroschyr ute!","og_description":"Har du n\u00e5gra fr\u00e5gor eller funderingar g\u00e4llande din sprinklerinstallation? \u00c4r du os\u00e4ker p\u00e5 vilken\/vilka produkter du ska anv\u00e4nda, se hit. Nu har vi tagit fram en broschyr d\u00e4r du enkelt f\u00e5r en \u00f6versikt. Ladda hem broschyren h\u00e4r.","og_url":"https:\/\/www.walraven.com\/se\/ny-sprinklerbroshyr-ute\/","og_site_name":"Walraven Sverige","article_modified_time":"2024-12-18T10:50:06+00:00","og_image":[{"width":594,"height":839,"url":"https:\/\/www.walraven.com\/se\/wp-content\/uploads\/sites\/15\/2021\/03\/Sprinkler-1.jpg","type":"image\/jpeg"}],"twitter_card":"summary_large_image","twitter_misc":{"Est. reading time":"2 minutes"},"schema":{"@context":"https:\/\/schema.org","@graph":[{"@type":"WebPage","@id":"https:\/\/www.walraven.com\/se\/ny-sprinklerbroshyr-ute\/","url":"https:\/\/www.walraven.com\/se\/ny-sprinklerbroshyr-ute\/","name":"Ny Sprinklerbroschyr ute! - Walraven Sverige","isPartOf":{"@id":"https:\/\/www.walraven.com\/se\/#website"},"primaryImageOfPage":{"@id":"https:\/\/www.walraven.com\/se\/ny-sprinklerbroshyr-ute\/#primaryimage"},"image":{"@id":"https:\/\/www.walraven.com\/se\/ny-sprinklerbroshyr-ute\/#primaryimage"},"thumbnailUrl":"https:\/\/www.walraven.com\/se\/wp-content\/uploads\/sites\/15\/2021\/03\/Sprinkler-1.jpg","datePublished":"2021-03-03T09:15:34+00:00","dateModified":"2024-12-18T10:50:06+00:00","description":"Har du n\u00e5gra fr\u00e5gor eller funderingar g\u00e4llande din sprinklerinstallation? \u00c4r du os\u00e4ker p\u00e5 vilken\/vilka produkter du ska anv\u00e4nda, se hit. Nu har vi tagit fram en broschyr d\u00e4r du enkelt f\u00e5r en \u00f6versikt. Ladda hem broschyren h\u00e4r.","breadcrumb":{"@id":"https:\/\/www.walraven.com\/se\/ny-sprinklerbroshyr-ute\/#breadcrumb"},"inLanguage":"sv-SE","potentialAction":[{"@type":"ReadAction","target":["https:\/\/www.walraven.com\/se\/ny-sprinklerbroshyr-ute\/"]}]},{"@type":"ImageObject","inLanguage":"sv-SE","@id":"https:\/\/www.walraven.com\/se\/ny-sprinklerbroshyr-ute\/#primaryimage","url":"https:\/\/www.walraven.com\/se\/wp-content\/uploads\/sites\/15\/2021\/03\/Sprinkler-1.jpg","contentUrl":"https:\/\/www.walraven.com\/se\/wp-content\/uploads\/sites\/15\/2021\/03\/Sprinkler-1.jpg","width":594,"height":839},{"@type":"BreadcrumbList","@id":"https:\/\/www.walraven.com\/se\/ny-sprinklerbroshyr-ute\/#breadcrumb","itemListElement":[{"@type":"ListItem","position":1,"name":"Hem","item":"https:\/\/www.walraven.com\/se\/"},{"@type":"ListItem","position":2,"name":"Ny Sprinklerbroschyr ute!"}]},{"@type":"WebSite","@id":"https:\/\/www.walraven.com\/se\/#website","url":"https:\/\/www.walraven.com\/se\/","name":"Walraven Sverige","description":"","publisher":{"@id":"https:\/\/www.walraven.com\/se\/#organization"},"potentialAction":[{"@type":"SearchAction","target":{"@type":"EntryPoint","urlTemplate":"https:\/\/www.walraven.com\/se\/?s={search_term_string}"},"query-input":{"@type":"PropertyValueSpecification","valueRequired":true,"valueName":"search_term_string"}}],"inLanguage":"sv-SE"},{"@type":"Organization","@id":"https:\/\/www.walraven.com\/se\/#organization","name":"Walraven Nordic AB","alternateName":"Walraven Nordic AB","url":"https:\/\/www.walraven.com\/se\/","logo":{"@type":"ImageObject","inLanguage":"sv-SE","@id":"https:\/\/www.walraven.com\/se\/#\/schema\/logo\/image\/","url":"https:\/\/www.walraven.com\/se\/wp-content\/uploads\/sites\/15\/2023\/12\/Walraven_logo300x300.jpg","contentUrl":"https:\/\/www.walraven.com\/se\/wp-content\/uploads\/sites\/15\/2023\/12\/Walraven_logo300x300.jpg","width":300,"height":300,"caption":"Walraven Nordic AB"},"image":{"@id":"https:\/\/www.walraven.com\/se\/#\/schema\/logo\/image\/"},"sameAs":["https:\/\/www.youtube.com\/channel\/UCS8Qmqffzee1wAbnQMCsxCQ","https:\/\/www.linkedin.com\/company\/walraven-nordic-ab\/"]}]}},"_links":{"self":[{"href":"https:\/\/www.walraven.com\/se\/wp-json\/wp\/v2\/pages\/48509","targetHints":{"allow":["GET"]}}],"collection":[{"href":"https:\/\/www.walraven.com\/se\/wp-json\/wp\/v2\/pages"}],"about":[{"href":"https:\/\/www.walraven.com\/se\/wp-json\/wp\/v2\/types\/page"}],"author":[{"embeddable":true,"href":"https:\/\/www.walraven.com\/se\/wp-json\/wp\/v2\/users\/48"}],"replies":[{"embeddable":true,"href":"https:\/\/www.walraven.com\/se\/wp-json\/wp\/v2\/comments?post=48509"}],"version-history":[{"count":6,"href":"https:\/\/www.walraven.com\/se\/wp-json\/wp\/v2\/pages\/48509\/revisions"}],"predecessor-version":[{"id":55249,"href":"https:\/\/www.walraven.com\/se\/wp-json\/wp\/v2\/pages\/48509\/revisions\/55249"}],"wp:featuredmedia":[{"embeddable":true,"href":"https:\/\/www.walraven.com\/se\/wp-json\/wp\/v2\/media\/48524"}],"wp:attachment":[{"href":"https:\/\/www.walraven.com\/se\/wp-json\/wp\/v2\/media?parent=48509"}],"curies":[{"name":"wp","href":"https:\/\/api.w.org\/{rel}","templated":true}]}}