{"id":48589,"date":"2018-06-27T11:38:46","date_gmt":"2018-06-27T09:38:46","guid":{"rendered":"https:\/\/www.walraven.com\/?page_id=120340"},"modified":"2023-07-21T13:53:02","modified_gmt":"2023-07-21T11:53:02","slug":"infastningar","status":"publish","type":"page","link":"https:\/\/www.walraven.com\/se\/infastningar\/","title":{"rendered":"Walraven Inf\u00e4stningar"},"content":{"rendered":"","protected":false},"excerpt":{"rendered":"","protected":false},"author":43,"featured_media":41637,"parent":0,"menu_order":0,"comment_status":"closed","ping_status":"closed","template":"page-templates\/tpl-landingspage.php","meta":{"_acf_changed":false,"footnotes":""},"class_list":["post-48589","page","type-page","status-publish","has-post-thumbnail","hentry"],"acf":[],"yoast_head":"<!-- This site is optimized with the Yoast SEO Premium plugin v27.3 (Yoast SEO v27.3) - https:\/\/yoast.com\/product\/yoast-seo-premium-wordpress\/ -->\n<title>Walraven Inf\u00e4stningar - Walraven Sverige<\/title>\n<meta name=\"description\" content=\"V\u00e5rt helt\u00e4ckande sortiment av ETA-godk\u00e4nda ankare kompletteras av v\u00e5rt exklusiva ankarber\u00e4kningsprogram, samt v\u00e5r ingenj\u00f6rsavdelning, som hj\u00e4lper med allt fr\u00e5n enklare tekniska fr\u00e5gor till projektering och besiktning.\" \/>\n<meta name=\"robots\" content=\"index, follow, max-snippet:-1, max-image-preview:large, max-video-preview:-1\" \/>\n<link rel=\"canonical\" href=\"https:\/\/www.walraven.com\/se\/infastningar\/\" \/>\n<meta property=\"og:locale\" content=\"sv_SE\" \/>\n<meta property=\"og:type\" content=\"article\" \/>\n<meta property=\"og:title\" content=\"Walraven Inf\u00e4stningar\" \/>\n<meta property=\"og:description\" content=\"Interested in a free sample bag for heavy duty anchors? Visit our website for more information.\" \/>\n<meta property=\"og:url\" content=\"https:\/\/www.walraven.com\/se\/infastningar\/\" \/>\n<meta property=\"og:site_name\" content=\"Walraven Sverige\" \/>\n<meta property=\"article:modified_time\" content=\"2023-07-21T11:53:02+00:00\" \/>\n<meta name=\"twitter:card\" content=\"summary_large_image\" \/>\n<meta name=\"twitter:image\" content=\"https:\/\/www.walraven.com\/se\/wp-content\/uploads\/sites\/15\/2019\/05\/HDA_small-2.jpg\" \/>\n<script type=\"application\/ld+json\" class=\"yoast-schema-graph\">{\"@context\":\"https:\\\/\\\/schema.org\",\"@graph\":[{\"@type\":\"WebPage\",\"@id\":\"https:\\\/\\\/www.walraven.com\\\/se\\\/infastningar\\\/\",\"url\":\"https:\\\/\\\/www.walraven.com\\\/se\\\/infastningar\\\/\",\"name\":\"Walraven Inf\u00e4stningar - Walraven Sverige\",\"isPartOf\":{\"@id\":\"https:\\\/\\\/www.walraven.com\\\/se\\\/#website\"},\"primaryImageOfPage\":{\"@id\":\"https:\\\/\\\/www.walraven.com\\\/se\\\/infastningar\\\/#primaryimage\"},\"image\":{\"@id\":\"https:\\\/\\\/www.walraven.com\\\/se\\\/infastningar\\\/#primaryimage\"},\"thumbnailUrl\":\"https:\\\/\\\/www.walraven.com\\\/se\\\/wp-content\\\/uploads\\\/sites\\\/15\\\/2019\\\/05\\\/HDA_small-2.jpg\",\"datePublished\":\"2018-06-27T09:38:46+00:00\",\"dateModified\":\"2023-07-21T11:53:02+00:00\",\"description\":\"V\u00e5rt helt\u00e4ckande sortiment av ETA-godk\u00e4nda ankare kompletteras av v\u00e5rt exklusiva ankarber\u00e4kningsprogram, samt v\u00e5r ingenj\u00f6rsavdelning, som hj\u00e4lper med allt fr\u00e5n enklare tekniska fr\u00e5gor till projektering och besiktning.\",\"breadcrumb\":{\"@id\":\"https:\\\/\\\/www.walraven.com\\\/se\\\/infastningar\\\/#breadcrumb\"},\"inLanguage\":\"sv-SE\",\"potentialAction\":[{\"@type\":\"ReadAction\",\"target\":[\"https:\\\/\\\/www.walraven.com\\\/se\\\/infastningar\\\/\"]}]},{\"@type\":\"ImageObject\",\"inLanguage\":\"sv-SE\",\"@id\":\"https:\\\/\\\/www.walraven.com\\\/se\\\/infastningar\\\/#primaryimage\",\"url\":\"https:\\\/\\\/www.walraven.com\\\/se\\\/wp-content\\\/uploads\\\/sites\\\/15\\\/2019\\\/05\\\/HDA_small-2.jpg\",\"contentUrl\":\"https:\\\/\\\/www.walraven.com\\\/se\\\/wp-content\\\/uploads\\\/sites\\\/15\\\/2019\\\/05\\\/HDA_small-2.jpg\",\"width\":300,\"height\":200},{\"@type\":\"BreadcrumbList\",\"@id\":\"https:\\\/\\\/www.walraven.com\\\/se\\\/infastningar\\\/#breadcrumb\",\"itemListElement\":[{\"@type\":\"ListItem\",\"position\":1,\"name\":\"Hem\",\"item\":\"https:\\\/\\\/www.walraven.com\\\/se\\\/\"},{\"@type\":\"ListItem\",\"position\":2,\"name\":\"Walraven Inf\u00e4stningar\"}]},{\"@type\":\"WebSite\",\"@id\":\"https:\\\/\\\/www.walraven.com\\\/se\\\/#website\",\"url\":\"https:\\\/\\\/www.walraven.com\\\/se\\\/\",\"name\":\"Walraven Sverige\",\"description\":\"\",\"publisher\":{\"@id\":\"https:\\\/\\\/www.walraven.com\\\/se\\\/#organization\"},\"potentialAction\":[{\"@type\":\"SearchAction\",\"target\":{\"@type\":\"EntryPoint\",\"urlTemplate\":\"https:\\\/\\\/www.walraven.com\\\/se\\\/?s={search_term_string}\"},\"query-input\":{\"@type\":\"PropertyValueSpecification\",\"valueRequired\":true,\"valueName\":\"search_term_string\"}}],\"inLanguage\":\"sv-SE\"},{\"@type\":\"Organization\",\"@id\":\"https:\\\/\\\/www.walraven.com\\\/se\\\/#organization\",\"name\":\"Walraven Nordic AB\",\"alternateName\":\"Walraven Nordic AB\",\"url\":\"https:\\\/\\\/www.walraven.com\\\/se\\\/\",\"logo\":{\"@type\":\"ImageObject\",\"inLanguage\":\"sv-SE\",\"@id\":\"https:\\\/\\\/www.walraven.com\\\/se\\\/#\\\/schema\\\/logo\\\/image\\\/\",\"url\":\"https:\\\/\\\/www.walraven.com\\\/se\\\/wp-content\\\/uploads\\\/sites\\\/15\\\/2023\\\/12\\\/Walraven_logo300x300.jpg\",\"contentUrl\":\"https:\\\/\\\/www.walraven.com\\\/se\\\/wp-content\\\/uploads\\\/sites\\\/15\\\/2023\\\/12\\\/Walraven_logo300x300.jpg\",\"width\":300,\"height\":300,\"caption\":\"Walraven Nordic AB\"},\"image\":{\"@id\":\"https:\\\/\\\/www.walraven.com\\\/se\\\/#\\\/schema\\\/logo\\\/image\\\/\"},\"sameAs\":[\"https:\\\/\\\/www.youtube.com\\\/channel\\\/UCS8Qmqffzee1wAbnQMCsxCQ\",\"https:\\\/\\\/www.linkedin.com\\\/company\\\/walraven-nordic-ab\\\/\"]}]}<\/script>\n<!-- \/ Yoast SEO Premium plugin. -->","yoast_head_json":{"title":"Walraven Inf\u00e4stningar - Walraven Sverige","description":"V\u00e5rt helt\u00e4ckande sortiment av ETA-godk\u00e4nda ankare kompletteras av v\u00e5rt exklusiva ankarber\u00e4kningsprogram, samt v\u00e5r ingenj\u00f6rsavdelning, som hj\u00e4lper med allt fr\u00e5n enklare tekniska fr\u00e5gor till projektering och besiktning.","robots":{"index":"index","follow":"follow","max-snippet":"max-snippet:-1","max-image-preview":"max-image-preview:large","max-video-preview":"max-video-preview:-1"},"canonical":"https:\/\/www.walraven.com\/se\/infastningar\/","og_locale":"sv_SE","og_type":"article","og_title":"Walraven Inf\u00e4stningar","og_description":"Interested in a free sample bag for heavy duty anchors? Visit our website for more information.","og_url":"https:\/\/www.walraven.com\/se\/infastningar\/","og_site_name":"Walraven Sverige","article_modified_time":"2023-07-21T11:53:02+00:00","twitter_card":"summary_large_image","twitter_image":"https:\/\/www.walraven.com\/se\/wp-content\/uploads\/sites\/15\/2019\/05\/HDA_small-2.jpg","schema":{"@context":"https:\/\/schema.org","@graph":[{"@type":"WebPage","@id":"https:\/\/www.walraven.com\/se\/infastningar\/","url":"https:\/\/www.walraven.com\/se\/infastningar\/","name":"Walraven Inf\u00e4stningar - Walraven Sverige","isPartOf":{"@id":"https:\/\/www.walraven.com\/se\/#website"},"primaryImageOfPage":{"@id":"https:\/\/www.walraven.com\/se\/infastningar\/#primaryimage"},"image":{"@id":"https:\/\/www.walraven.com\/se\/infastningar\/#primaryimage"},"thumbnailUrl":"https:\/\/www.walraven.com\/se\/wp-content\/uploads\/sites\/15\/2019\/05\/HDA_small-2.jpg","datePublished":"2018-06-27T09:38:46+00:00","dateModified":"2023-07-21T11:53:02+00:00","description":"V\u00e5rt helt\u00e4ckande sortiment av ETA-godk\u00e4nda ankare kompletteras av v\u00e5rt exklusiva ankarber\u00e4kningsprogram, samt v\u00e5r ingenj\u00f6rsavdelning, som hj\u00e4lper med allt fr\u00e5n enklare tekniska fr\u00e5gor till projektering och besiktning.","breadcrumb":{"@id":"https:\/\/www.walraven.com\/se\/infastningar\/#breadcrumb"},"inLanguage":"sv-SE","potentialAction":[{"@type":"ReadAction","target":["https:\/\/www.walraven.com\/se\/infastningar\/"]}]},{"@type":"ImageObject","inLanguage":"sv-SE","@id":"https:\/\/www.walraven.com\/se\/infastningar\/#primaryimage","url":"https:\/\/www.walraven.com\/se\/wp-content\/uploads\/sites\/15\/2019\/05\/HDA_small-2.jpg","contentUrl":"https:\/\/www.walraven.com\/se\/wp-content\/uploads\/sites\/15\/2019\/05\/HDA_small-2.jpg","width":300,"height":200},{"@type":"BreadcrumbList","@id":"https:\/\/www.walraven.com\/se\/infastningar\/#breadcrumb","itemListElement":[{"@type":"ListItem","position":1,"name":"Hem","item":"https:\/\/www.walraven.com\/se\/"},{"@type":"ListItem","position":2,"name":"Walraven Inf\u00e4stningar"}]},{"@type":"WebSite","@id":"https:\/\/www.walraven.com\/se\/#website","url":"https:\/\/www.walraven.com\/se\/","name":"Walraven Sverige","description":"","publisher":{"@id":"https:\/\/www.walraven.com\/se\/#organization"},"potentialAction":[{"@type":"SearchAction","target":{"@type":"EntryPoint","urlTemplate":"https:\/\/www.walraven.com\/se\/?s={search_term_string}"},"query-input":{"@type":"PropertyValueSpecification","valueRequired":true,"valueName":"search_term_string"}}],"inLanguage":"sv-SE"},{"@type":"Organization","@id":"https:\/\/www.walraven.com\/se\/#organization","name":"Walraven Nordic AB","alternateName":"Walraven Nordic AB","url":"https:\/\/www.walraven.com\/se\/","logo":{"@type":"ImageObject","inLanguage":"sv-SE","@id":"https:\/\/www.walraven.com\/se\/#\/schema\/logo\/image\/","url":"https:\/\/www.walraven.com\/se\/wp-content\/uploads\/sites\/15\/2023\/12\/Walraven_logo300x300.jpg","contentUrl":"https:\/\/www.walraven.com\/se\/wp-content\/uploads\/sites\/15\/2023\/12\/Walraven_logo300x300.jpg","width":300,"height":300,"caption":"Walraven Nordic AB"},"image":{"@id":"https:\/\/www.walraven.com\/se\/#\/schema\/logo\/image\/"},"sameAs":["https:\/\/www.youtube.com\/channel\/UCS8Qmqffzee1wAbnQMCsxCQ","https:\/\/www.linkedin.com\/company\/walraven-nordic-ab\/"]}]}},"_links":{"self":[{"href":"https:\/\/www.walraven.com\/se\/wp-json\/wp\/v2\/pages\/48589","targetHints":{"allow":["GET"]}}],"collection":[{"href":"https:\/\/www.walraven.com\/se\/wp-json\/wp\/v2\/pages"}],"about":[{"href":"https:\/\/www.walraven.com\/se\/wp-json\/wp\/v2\/types\/page"}],"author":[{"embeddable":true,"href":"https:\/\/www.walraven.com\/se\/wp-json\/wp\/v2\/users\/43"}],"replies":[{"embeddable":true,"href":"https:\/\/www.walraven.com\/se\/wp-json\/wp\/v2\/comments?post=48589"}],"version-history":[{"count":5,"href":"https:\/\/www.walraven.com\/se\/wp-json\/wp\/v2\/pages\/48589\/revisions"}],"predecessor-version":[{"id":50597,"href":"https:\/\/www.walraven.com\/se\/wp-json\/wp\/v2\/pages\/48589\/revisions\/50597"}],"wp:featuredmedia":[{"embeddable":true,"href":"https:\/\/www.walraven.com\/se\/wp-json\/wp\/v2\/media\/41637"}],"wp:attachment":[{"href":"https:\/\/www.walraven.com\/se\/wp-json\/wp\/v2\/media?parent=48589"}],"curies":[{"name":"wp","href":"https:\/\/api.w.org\/{rel}","templated":true}]}}