{"id":49851,"date":"2021-11-26T11:15:22","date_gmt":"2021-11-26T10:15:22","guid":{"rendered":"https:\/\/www.walraven.com\/?page_id=126794"},"modified":"2022-03-14T10:35:15","modified_gmt":"2022-03-14T09:35:15","slug":"vibrationernas-grunder","status":"publish","type":"page","link":"https:\/\/www.walraven.com\/se\/vibrationernas-grunder\/","title":{"rendered":"Vibrationernas grunder"},"content":{"rendered":"<h2>Vad \u00e4r vibrationer och varf\u00f6r vill du undvika dem?<\/h2>\n<p>I takt med att byggnadernas anv\u00e4ndare st\u00f6rs alltmer av mekaniska vibrationer och vibrationsframkallade ljud fr\u00e5n mekanisk utrustning har VVS-branschen blivit alltmer uppm\u00e4rksam p\u00e5 den akustiska utformningen av mekanisk utrustning och mekaniska installationer. Men innan vi tittar p\u00e5 exempel p\u00e5 hur vibrationer kan f\u00f6rhindras ska vi titta p\u00e5 definitionen och konsekvenserna av vibrationer.<\/p>\n<h2>Vad \u00e4r vibrationer?<\/h2>\n<p>Enkelt uttryckt \u00e4r vibrationer ett mekaniskt fenomen d\u00e4r sv\u00e4ngningar uppkommer runt en j\u00e4mviktspunkt. I vissa fall, till exempel n\u00e4r en gitarrstr\u00e4ng vibrerar, kan detta vara \u00f6nskv\u00e4rt, men ofta \u00e4r vibrationerna o\u00f6nskade eftersom de leder till o\u00f6nskade ljud och besv\u00e4r. Typiska exempel p\u00e5 o\u00f6nskade vibrationer \u00e4r vibrationsr\u00f6relser fr\u00e5n motorer, elmotorer eller andra mekaniska enheter eller utrustning som \u00e4r ig\u00e5ng.<\/p>\n<h2>Vibrationernas ljudeffekter<\/h2>\n<p>Inom VVS-branschen uppkommer ljud oftast som ett resultat av att en viss utrustning vibrerar. Men vissa typer av vibrationer kan \u00e4ven leda till ljud som inte uppfattas av det m\u00e4nskliga \u00f6rat. Men det \u00e4r viktigt att f\u00f6rst\u00e5 att \u00e4ven ljudeffekter som inte h\u00f6rs kan p\u00e5verka byggnadsanv\u00e4ndarnas h\u00e4lsa och trivsel. Det b\u00e4sta s\u00e4ttet att minska ljud, b\u00e5de s\u00e5dana som h\u00f6rs och s\u00e5dana vi inte h\u00f6r, \u00e4r d\u00e4rf\u00f6r att begr\u00e4nsa de vibrationer som uppst\u00e5r p\u00e5 grund av mekanisk utrustning.<\/p>\n<h2>Vilka \u00e4r de vanligaste k\u00e4llorna till vibrationer i byggnader?<\/h2>\n<p>VVS-utrustning som \u00e4r fast monterad p\u00e5 ett fundament, en v\u00e4gg eller ett tak kan skicka vibrationer genom den st\u00f6djande konstruktionen och orsaka o\u00f6nskade stom-ljud. Dessa ljud kan spridas l\u00e5ngt, till och med genom hela byggnaden. Precis som utrustning kan ledningar, r\u00f6r och kanaler sprida stom-ljud om de \u00e4r fast monterade p\u00e5 vibrerande utrustning.<\/p>\n<h2>De o\u00f6nskade ljuden \u00e4r inte det enda problemet<\/h2>\n<p>F\u00f6rutom de o\u00f6nskade ljuden kan regelbundna och \u00e5terkommande vibrationer leda till andra problem som kan p\u00e5verka utrustningen, byggnaden och dess anv\u00e4ndare. Det handlar bland annat om:<\/p>\n<p>\u2022 besv\u00e4r f\u00f6r m\u00e4nniskor<br \/>\n\u2022 minskad s\u00e4kerhet f\u00f6r de som befinner sig n\u00e4ra vibrerande utrustning<br \/>\n\u2022 negativa konsekvenser f\u00f6r byggnadens konstruktion<br \/>\n\u2022 \u00f6kat underh\u00e5llsbehov f\u00f6r utrustningen<br \/>\n\u2022 minskad livsl\u00e4ngd f\u00f6r utrustningen<br \/>\n\u2022 felaktig drift av utrustningen<br \/>\n\u2022 brott mot lagstadgade krav<\/p>\n<h2>Hur kan man \u00e5tg\u00e4rda vibrationerna?<\/h2>\n<p>Att isolera k\u00e4llorna till vibrationerna med hj\u00e4lp av elastiska enheter, till exempel isolatorer, \u00e4r den mest effektiva metoden f\u00f6r att eliminera vibrationer. Noggrant utvalda vibroakustiska anti-vibrationssystem med isolatorer m\u00e5ste om m\u00f6jligt placeras direkt mellan konstruktionen och den utrustning som ger upphov till de o\u00f6nskade vibrationerna. Isolatorerna kan d\u00e5 effektivt absorbera upp till 99 % av \u00f6verskottsvibrationerna som skapas av utrustningen.<\/p>\n<h2>Att f\u00f6rebygga \u00e4r enklare och billigare \u00e4n att \u00e5tg\u00e4rda!<\/h2>\n<p>Att \u00e5tg\u00e4rda ett befintligt ljud- eller vibrationsproblem kan vara betydligt dyrare \u00e4n att l\u00f6sa problemet redan innan utrustningen installeras. Kostnaderna f\u00f6r \u00e5tg\u00e4rdandet kan innefatta den tid som kr\u00e4vs f\u00f6r att samordna unders\u00f6kningen, direkta betalningar till installat\u00f6ren och m\u00f6jlig ers\u00e4ttning till de byggnadsanv\u00e4ndare som har anm\u00e4lt problemet. D\u00e4rf\u00f6r b\u00f6r du alltid ha som m\u00e5l att f\u00f6rebygga vibrations- och ljudproblem ist\u00e4llet f\u00f6r att \u00e5tg\u00e4rda dem i efterhand. Den l\u00e5ga extra kostnaden f\u00f6r att f\u00f6rebygga problemen (vanligtvis ca 1\u20132 % av den totala kostnaden f\u00f6r VVS-systemet) \u00e4r v\u00e4l investerade pengar j\u00e4mf\u00f6rt med att beh\u00f6va \u00e5tg\u00e4rda befintliga problem i efterhand.<\/p>\n<h2>L\u00e4s mer om anti-vibrationsl\u00f6sningarna fr\u00e5n Walraven<\/h2>\n<p>I Walravens sortiment hittar du ett helt\u00e4ckande utbud av vibroakustiska isolatorer av <a href=\"https:\/\/www.walraven.com\/se\/produkter\/walraven-vibratek-hr-1-gummidampare\/\">gummi<\/a> metall i form av anti-vibrations<a href=\"https:\/\/www.walraven.com\/se\/produkter\/walraven-vibratek-pr-t-gummidampare-matta\/\">mattor,<\/a> <a href=\"https:\/\/www.walraven.com\/se\/produkter\/walraven-vibratek-mr-b-maskinsko-gummidampare\/\">-f\u00e4sten <\/a>och <a href=\"https:\/\/www.walraven.com\/se\/produkter\/walraven-vibratek-hs-1x-fjaderkorg\/\">-fj\u00e4drar<\/a> f\u00f6r eliminering av vibrationsproblem i VVS-anslutningar. Isolatorerna kan \u00e4ven enkelt integreras med andra typiska <a href=\"https:\/\/www.walraven.com\/se\/produkter\/rorupphangning-och-tillbehor\/\">upph\u00e4ngningsl\u00f6sningar<\/a>, <a href=\"https:\/\/www.walraven.com\/se\/upphangningssystem\/bis-rapidstrut\/\">skensystem<\/a> eller <a href=\"https:\/\/www.walraven.com\/se\/taklosningar\/\">takinstallationer<\/a>.<\/p>\n<p><a href=\"https:\/\/www.walraven.com\/se\/produkter\/vibration-och-akustisk-isolering\/\"><b>L\u00e4s mer<\/b><\/a><\/p>\n","protected":false},"excerpt":{"rendered":"<p>Vad \u00e4r vibrationer och varf\u00f6r vill du undvika dem? I takt med att byggnadernas anv\u00e4ndare st\u00f6rs alltmer av mekaniska vibrationer och vibrationsframkallade ljud fr\u00e5n mekanisk utrustning har VVS-branschen blivit alltmer uppm\u00e4rksam p\u00e5 den akustiska utformningen av mekanisk utrustning och mekaniska installationer. Men innan vi tittar p\u00e5 exempel p\u00e5 hur vibrationer kan f\u00f6rhindras ska vi titta [&hellip;]<\/p>\n","protected":false},"author":62,"featured_media":0,"parent":0,"menu_order":0,"comment_status":"closed","ping_status":"closed","template":"","meta":{"_acf_changed":false,"footnotes":""},"class_list":["post-49851","page","type-page","status-publish","hentry"],"acf":[],"yoast_head":"<!-- This site is optimized with the Yoast SEO Premium plugin v27.3 (Yoast SEO v27.3) - https:\/\/yoast.com\/product\/yoast-seo-premium-wordpress\/ -->\n<title>Vibrationernas grunder - Walraven Sverige<\/title>\n<meta name=\"description\" content=\"Inom VVS-branschen uppkommer ljud oftast som ett resultat av att en viss utrustning vibrerar.\" \/>\n<meta name=\"robots\" content=\"index, follow, max-snippet:-1, max-image-preview:large, max-video-preview:-1\" \/>\n<link rel=\"canonical\" href=\"https:\/\/www.walraven.com\/se\/vibrationernas-grunder\/\" \/>\n<meta property=\"og:locale\" content=\"sv_SE\" \/>\n<meta property=\"og:type\" content=\"article\" \/>\n<meta property=\"og:title\" content=\"Vibrationernas grunder\" \/>\n<meta property=\"og:description\" content=\"Inom VVS-branschen uppkommer ljud oftast som ett resultat av att en viss utrustning vibrerar.\" \/>\n<meta property=\"og:url\" content=\"https:\/\/www.walraven.com\/se\/vibrationernas-grunder\/\" \/>\n<meta property=\"og:site_name\" content=\"Walraven Sverige\" \/>\n<meta property=\"article:modified_time\" content=\"2022-03-14T09:35:15+00:00\" \/>\n<meta name=\"twitter:card\" content=\"summary_large_image\" \/>\n<meta name=\"twitter:label1\" content=\"Est. reading time\" \/>\n\t<meta name=\"twitter:data1\" content=\"3 minutes\" \/>\n<script type=\"application\/ld+json\" class=\"yoast-schema-graph\">{\"@context\":\"https:\\\/\\\/schema.org\",\"@graph\":[{\"@type\":\"WebPage\",\"@id\":\"https:\\\/\\\/www.walraven.com\\\/se\\\/vibrationernas-grunder\\\/\",\"url\":\"https:\\\/\\\/www.walraven.com\\\/se\\\/vibrationernas-grunder\\\/\",\"name\":\"Vibrationernas grunder - Walraven Sverige\",\"isPartOf\":{\"@id\":\"https:\\\/\\\/www.walraven.com\\\/se\\\/#website\"},\"datePublished\":\"2021-11-26T10:15:22+00:00\",\"dateModified\":\"2022-03-14T09:35:15+00:00\",\"description\":\"Inom VVS-branschen uppkommer ljud oftast som ett resultat av att en viss utrustning vibrerar.\",\"breadcrumb\":{\"@id\":\"https:\\\/\\\/www.walraven.com\\\/se\\\/vibrationernas-grunder\\\/#breadcrumb\"},\"inLanguage\":\"sv-SE\",\"potentialAction\":[{\"@type\":\"ReadAction\",\"target\":[\"https:\\\/\\\/www.walraven.com\\\/se\\\/vibrationernas-grunder\\\/\"]}]},{\"@type\":\"BreadcrumbList\",\"@id\":\"https:\\\/\\\/www.walraven.com\\\/se\\\/vibrationernas-grunder\\\/#breadcrumb\",\"itemListElement\":[{\"@type\":\"ListItem\",\"position\":1,\"name\":\"Hem\",\"item\":\"https:\\\/\\\/www.walraven.com\\\/se\\\/\"},{\"@type\":\"ListItem\",\"position\":2,\"name\":\"Vibrationernas grunder\"}]},{\"@type\":\"WebSite\",\"@id\":\"https:\\\/\\\/www.walraven.com\\\/se\\\/#website\",\"url\":\"https:\\\/\\\/www.walraven.com\\\/se\\\/\",\"name\":\"Walraven Sverige\",\"description\":\"\",\"publisher\":{\"@id\":\"https:\\\/\\\/www.walraven.com\\\/se\\\/#organization\"},\"potentialAction\":[{\"@type\":\"SearchAction\",\"target\":{\"@type\":\"EntryPoint\",\"urlTemplate\":\"https:\\\/\\\/www.walraven.com\\\/se\\\/?s={search_term_string}\"},\"query-input\":{\"@type\":\"PropertyValueSpecification\",\"valueRequired\":true,\"valueName\":\"search_term_string\"}}],\"inLanguage\":\"sv-SE\"},{\"@type\":\"Organization\",\"@id\":\"https:\\\/\\\/www.walraven.com\\\/se\\\/#organization\",\"name\":\"Walraven Nordic AB\",\"alternateName\":\"Walraven Nordic AB\",\"url\":\"https:\\\/\\\/www.walraven.com\\\/se\\\/\",\"logo\":{\"@type\":\"ImageObject\",\"inLanguage\":\"sv-SE\",\"@id\":\"https:\\\/\\\/www.walraven.com\\\/se\\\/#\\\/schema\\\/logo\\\/image\\\/\",\"url\":\"https:\\\/\\\/www.walraven.com\\\/se\\\/wp-content\\\/uploads\\\/sites\\\/15\\\/2023\\\/12\\\/Walraven_logo300x300.jpg\",\"contentUrl\":\"https:\\\/\\\/www.walraven.com\\\/se\\\/wp-content\\\/uploads\\\/sites\\\/15\\\/2023\\\/12\\\/Walraven_logo300x300.jpg\",\"width\":300,\"height\":300,\"caption\":\"Walraven Nordic AB\"},\"image\":{\"@id\":\"https:\\\/\\\/www.walraven.com\\\/se\\\/#\\\/schema\\\/logo\\\/image\\\/\"},\"sameAs\":[\"https:\\\/\\\/www.youtube.com\\\/channel\\\/UCS8Qmqffzee1wAbnQMCsxCQ\",\"https:\\\/\\\/www.linkedin.com\\\/company\\\/walraven-nordic-ab\\\/\"]}]}<\/script>\n<!-- \/ Yoast SEO Premium plugin. -->","yoast_head_json":{"title":"Vibrationernas grunder - Walraven Sverige","description":"Inom VVS-branschen uppkommer ljud oftast som ett resultat av att en viss utrustning vibrerar.","robots":{"index":"index","follow":"follow","max-snippet":"max-snippet:-1","max-image-preview":"max-image-preview:large","max-video-preview":"max-video-preview:-1"},"canonical":"https:\/\/www.walraven.com\/se\/vibrationernas-grunder\/","og_locale":"sv_SE","og_type":"article","og_title":"Vibrationernas grunder","og_description":"Inom VVS-branschen uppkommer ljud oftast som ett resultat av att en viss utrustning vibrerar.","og_url":"https:\/\/www.walraven.com\/se\/vibrationernas-grunder\/","og_site_name":"Walraven Sverige","article_modified_time":"2022-03-14T09:35:15+00:00","twitter_card":"summary_large_image","twitter_misc":{"Est. reading time":"3 minutes"},"schema":{"@context":"https:\/\/schema.org","@graph":[{"@type":"WebPage","@id":"https:\/\/www.walraven.com\/se\/vibrationernas-grunder\/","url":"https:\/\/www.walraven.com\/se\/vibrationernas-grunder\/","name":"Vibrationernas grunder - Walraven Sverige","isPartOf":{"@id":"https:\/\/www.walraven.com\/se\/#website"},"datePublished":"2021-11-26T10:15:22+00:00","dateModified":"2022-03-14T09:35:15+00:00","description":"Inom VVS-branschen uppkommer ljud oftast som ett resultat av att en viss utrustning vibrerar.","breadcrumb":{"@id":"https:\/\/www.walraven.com\/se\/vibrationernas-grunder\/#breadcrumb"},"inLanguage":"sv-SE","potentialAction":[{"@type":"ReadAction","target":["https:\/\/www.walraven.com\/se\/vibrationernas-grunder\/"]}]},{"@type":"BreadcrumbList","@id":"https:\/\/www.walraven.com\/se\/vibrationernas-grunder\/#breadcrumb","itemListElement":[{"@type":"ListItem","position":1,"name":"Hem","item":"https:\/\/www.walraven.com\/se\/"},{"@type":"ListItem","position":2,"name":"Vibrationernas grunder"}]},{"@type":"WebSite","@id":"https:\/\/www.walraven.com\/se\/#website","url":"https:\/\/www.walraven.com\/se\/","name":"Walraven Sverige","description":"","publisher":{"@id":"https:\/\/www.walraven.com\/se\/#organization"},"potentialAction":[{"@type":"SearchAction","target":{"@type":"EntryPoint","urlTemplate":"https:\/\/www.walraven.com\/se\/?s={search_term_string}"},"query-input":{"@type":"PropertyValueSpecification","valueRequired":true,"valueName":"search_term_string"}}],"inLanguage":"sv-SE"},{"@type":"Organization","@id":"https:\/\/www.walraven.com\/se\/#organization","name":"Walraven Nordic AB","alternateName":"Walraven Nordic AB","url":"https:\/\/www.walraven.com\/se\/","logo":{"@type":"ImageObject","inLanguage":"sv-SE","@id":"https:\/\/www.walraven.com\/se\/#\/schema\/logo\/image\/","url":"https:\/\/www.walraven.com\/se\/wp-content\/uploads\/sites\/15\/2023\/12\/Walraven_logo300x300.jpg","contentUrl":"https:\/\/www.walraven.com\/se\/wp-content\/uploads\/sites\/15\/2023\/12\/Walraven_logo300x300.jpg","width":300,"height":300,"caption":"Walraven Nordic AB"},"image":{"@id":"https:\/\/www.walraven.com\/se\/#\/schema\/logo\/image\/"},"sameAs":["https:\/\/www.youtube.com\/channel\/UCS8Qmqffzee1wAbnQMCsxCQ","https:\/\/www.linkedin.com\/company\/walraven-nordic-ab\/"]}]}},"_links":{"self":[{"href":"https:\/\/www.walraven.com\/se\/wp-json\/wp\/v2\/pages\/49851","targetHints":{"allow":["GET"]}}],"collection":[{"href":"https:\/\/www.walraven.com\/se\/wp-json\/wp\/v2\/pages"}],"about":[{"href":"https:\/\/www.walraven.com\/se\/wp-json\/wp\/v2\/types\/page"}],"author":[{"embeddable":true,"href":"https:\/\/www.walraven.com\/se\/wp-json\/wp\/v2\/users\/62"}],"replies":[{"embeddable":true,"href":"https:\/\/www.walraven.com\/se\/wp-json\/wp\/v2\/comments?post=49851"}],"version-history":[{"count":2,"href":"https:\/\/www.walraven.com\/se\/wp-json\/wp\/v2\/pages\/49851\/revisions"}],"predecessor-version":[{"id":50127,"href":"https:\/\/www.walraven.com\/se\/wp-json\/wp\/v2\/pages\/49851\/revisions\/50127"}],"wp:attachment":[{"href":"https:\/\/www.walraven.com\/se\/wp-json\/wp\/v2\/media?parent=49851"}],"curies":[{"name":"wp","href":"https:\/\/api.w.org\/{rel}","templated":true}]}}