{"id":50509,"date":"2023-02-13T10:32:22","date_gmt":"2023-02-13T09:32:22","guid":{"rendered":"https:\/\/www.walraven.com\/int\/?page_id=58520"},"modified":"2023-06-07T10:25:55","modified_gmt":"2023-06-07T08:25:55","slug":"pacifyre-produktvaljare","status":"publish","type":"page","link":"https:\/\/www.walraven.com\/se\/pacifyre-produktvaljare\/","title":{"rendered":"Walraven Pacifyre\u00ae Produktv\u00e4ljare"},"content":{"rendered":"<p>Du kan anv\u00e4nda produktv\u00e4ljaren Walraven Pacifyre\u00ae f\u00f6r att hitta r\u00e4tt l\u00f6sning f\u00f6r de flesta av dina brandskyddssituationer. Om en viss l\u00f6sning inte ges, v\u00e4nligen fr\u00e5ga v\u00e5ra <a href=\"https:\/\/www.walraven.com\/se\/kontakt\/\">tekniska r\u00e5dgivare om support<\/a>. Installationer m\u00e5ste alltid f\u00f6lja lokala lagar eller f\u00f6rordningar.<\/p>\n","protected":false},"excerpt":{"rendered":"<p>Du kan anv\u00e4nda produktv\u00e4ljaren Walraven Pacifyre\u00ae f\u00f6r att hitta r\u00e4tt l\u00f6sning f\u00f6r de flesta av dina brandskyddssituationer. Om en viss l\u00f6sning inte ges, v\u00e4nligen fr\u00e5ga v\u00e5ra tekniska r\u00e5dgivare om support. Installationer m\u00e5ste alltid f\u00f6lja lokala lagar eller f\u00f6rordningar.<\/p>\n","protected":false},"author":43,"featured_media":0,"parent":0,"menu_order":0,"comment_status":"closed","ping_status":"closed","template":"page-templates\/tpl-productselector.php","meta":{"_acf_changed":false,"footnotes":""},"class_list":["post-50509","page","type-page","status-publish","hentry"],"acf":[],"yoast_head":"<!-- This site is optimized with the Yoast SEO Premium plugin v27.3 (Yoast SEO v27.3) - https:\/\/yoast.com\/product\/yoast-seo-premium-wordpress\/ -->\n<title>Walraven Pacifyre\u00ae Produktv\u00e4ljare - Walraven Sverige<\/title>\n<meta name=\"description\" content=\"Du kan anv\u00e4nda produktv\u00e4ljaren Walraven Pacifyre\u00ae f\u00f6r att hitta r\u00e4tt l\u00f6sning f\u00f6r de flesta av dina brandskyddssituationer.\" \/>\n<meta name=\"robots\" content=\"index, follow, max-snippet:-1, max-image-preview:large, max-video-preview:-1\" \/>\n<link rel=\"canonical\" href=\"https:\/\/www.walraven.com\/se\/pacifyre-produktvaljare\/\" \/>\n<meta property=\"og:locale\" content=\"sv_SE\" \/>\n<meta property=\"og:type\" content=\"article\" \/>\n<meta property=\"og:title\" content=\"Walraven Pacifyre\u00ae Produktv\u00e4ljare\" \/>\n<meta property=\"og:description\" content=\"Du kan anv\u00e4nda produktv\u00e4ljaren Walraven Pacifyre\u00ae f\u00f6r att hitta r\u00e4tt l\u00f6sning f\u00f6r de flesta av dina brandskyddssituationer.\" \/>\n<meta property=\"og:url\" content=\"https:\/\/www.walraven.com\/se\/pacifyre-produktvaljare\/\" \/>\n<meta property=\"og:site_name\" content=\"Walraven Sverige\" \/>\n<meta property=\"article:modified_time\" content=\"2023-06-07T08:25:55+00:00\" \/>\n<meta name=\"twitter:card\" content=\"summary_large_image\" \/>\n<meta name=\"twitter:label1\" content=\"Est. reading time\" \/>\n\t<meta name=\"twitter:data1\" content=\"1 minute\" \/>\n<script type=\"application\/ld+json\" class=\"yoast-schema-graph\">{\"@context\":\"https:\\\/\\\/schema.org\",\"@graph\":[{\"@type\":\"WebPage\",\"@id\":\"https:\\\/\\\/www.walraven.com\\\/se\\\/pacifyre-produktvaljare\\\/\",\"url\":\"https:\\\/\\\/www.walraven.com\\\/se\\\/pacifyre-produktvaljare\\\/\",\"name\":\"Walraven Pacifyre\u00ae Produktv\u00e4ljare - Walraven Sverige\",\"isPartOf\":{\"@id\":\"https:\\\/\\\/www.walraven.com\\\/se\\\/#website\"},\"datePublished\":\"2023-02-13T09:32:22+00:00\",\"dateModified\":\"2023-06-07T08:25:55+00:00\",\"description\":\"Du kan anv\u00e4nda produktv\u00e4ljaren Walraven Pacifyre\u00ae f\u00f6r att hitta r\u00e4tt l\u00f6sning f\u00f6r de flesta av dina brandskyddssituationer.\",\"breadcrumb\":{\"@id\":\"https:\\\/\\\/www.walraven.com\\\/se\\\/pacifyre-produktvaljare\\\/#breadcrumb\"},\"inLanguage\":\"sv-SE\",\"potentialAction\":[{\"@type\":\"ReadAction\",\"target\":[\"https:\\\/\\\/www.walraven.com\\\/se\\\/pacifyre-produktvaljare\\\/\"]}]},{\"@type\":\"BreadcrumbList\",\"@id\":\"https:\\\/\\\/www.walraven.com\\\/se\\\/pacifyre-produktvaljare\\\/#breadcrumb\",\"itemListElement\":[{\"@type\":\"ListItem\",\"position\":1,\"name\":\"Hem\",\"item\":\"https:\\\/\\\/www.walraven.com\\\/se\\\/\"},{\"@type\":\"ListItem\",\"position\":2,\"name\":\"Walraven Pacifyre\u00ae Produktv\u00e4ljare\"}]},{\"@type\":\"WebSite\",\"@id\":\"https:\\\/\\\/www.walraven.com\\\/se\\\/#website\",\"url\":\"https:\\\/\\\/www.walraven.com\\\/se\\\/\",\"name\":\"Walraven Sverige\",\"description\":\"\",\"publisher\":{\"@id\":\"https:\\\/\\\/www.walraven.com\\\/se\\\/#organization\"},\"potentialAction\":[{\"@type\":\"SearchAction\",\"target\":{\"@type\":\"EntryPoint\",\"urlTemplate\":\"https:\\\/\\\/www.walraven.com\\\/se\\\/?s={search_term_string}\"},\"query-input\":{\"@type\":\"PropertyValueSpecification\",\"valueRequired\":true,\"valueName\":\"search_term_string\"}}],\"inLanguage\":\"sv-SE\"},{\"@type\":\"Organization\",\"@id\":\"https:\\\/\\\/www.walraven.com\\\/se\\\/#organization\",\"name\":\"Walraven Nordic AB\",\"alternateName\":\"Walraven Nordic AB\",\"url\":\"https:\\\/\\\/www.walraven.com\\\/se\\\/\",\"logo\":{\"@type\":\"ImageObject\",\"inLanguage\":\"sv-SE\",\"@id\":\"https:\\\/\\\/www.walraven.com\\\/se\\\/#\\\/schema\\\/logo\\\/image\\\/\",\"url\":\"https:\\\/\\\/www.walraven.com\\\/se\\\/wp-content\\\/uploads\\\/sites\\\/15\\\/2023\\\/12\\\/Walraven_logo300x300.jpg\",\"contentUrl\":\"https:\\\/\\\/www.walraven.com\\\/se\\\/wp-content\\\/uploads\\\/sites\\\/15\\\/2023\\\/12\\\/Walraven_logo300x300.jpg\",\"width\":300,\"height\":300,\"caption\":\"Walraven Nordic AB\"},\"image\":{\"@id\":\"https:\\\/\\\/www.walraven.com\\\/se\\\/#\\\/schema\\\/logo\\\/image\\\/\"},\"sameAs\":[\"https:\\\/\\\/www.youtube.com\\\/channel\\\/UCS8Qmqffzee1wAbnQMCsxCQ\",\"https:\\\/\\\/www.linkedin.com\\\/company\\\/walraven-nordic-ab\\\/\"]}]}<\/script>\n<!-- \/ Yoast SEO Premium plugin. -->","yoast_head_json":{"title":"Walraven Pacifyre\u00ae Produktv\u00e4ljare - Walraven Sverige","description":"Du kan anv\u00e4nda produktv\u00e4ljaren Walraven Pacifyre\u00ae f\u00f6r att hitta r\u00e4tt l\u00f6sning f\u00f6r de flesta av dina brandskyddssituationer.","robots":{"index":"index","follow":"follow","max-snippet":"max-snippet:-1","max-image-preview":"max-image-preview:large","max-video-preview":"max-video-preview:-1"},"canonical":"https:\/\/www.walraven.com\/se\/pacifyre-produktvaljare\/","og_locale":"sv_SE","og_type":"article","og_title":"Walraven Pacifyre\u00ae Produktv\u00e4ljare","og_description":"Du kan anv\u00e4nda produktv\u00e4ljaren Walraven Pacifyre\u00ae f\u00f6r att hitta r\u00e4tt l\u00f6sning f\u00f6r de flesta av dina brandskyddssituationer.","og_url":"https:\/\/www.walraven.com\/se\/pacifyre-produktvaljare\/","og_site_name":"Walraven Sverige","article_modified_time":"2023-06-07T08:25:55+00:00","twitter_card":"summary_large_image","twitter_misc":{"Est. reading time":"1 minute"},"schema":{"@context":"https:\/\/schema.org","@graph":[{"@type":"WebPage","@id":"https:\/\/www.walraven.com\/se\/pacifyre-produktvaljare\/","url":"https:\/\/www.walraven.com\/se\/pacifyre-produktvaljare\/","name":"Walraven Pacifyre\u00ae Produktv\u00e4ljare - Walraven Sverige","isPartOf":{"@id":"https:\/\/www.walraven.com\/se\/#website"},"datePublished":"2023-02-13T09:32:22+00:00","dateModified":"2023-06-07T08:25:55+00:00","description":"Du kan anv\u00e4nda produktv\u00e4ljaren Walraven Pacifyre\u00ae f\u00f6r att hitta r\u00e4tt l\u00f6sning f\u00f6r de flesta av dina brandskyddssituationer.","breadcrumb":{"@id":"https:\/\/www.walraven.com\/se\/pacifyre-produktvaljare\/#breadcrumb"},"inLanguage":"sv-SE","potentialAction":[{"@type":"ReadAction","target":["https:\/\/www.walraven.com\/se\/pacifyre-produktvaljare\/"]}]},{"@type":"BreadcrumbList","@id":"https:\/\/www.walraven.com\/se\/pacifyre-produktvaljare\/#breadcrumb","itemListElement":[{"@type":"ListItem","position":1,"name":"Hem","item":"https:\/\/www.walraven.com\/se\/"},{"@type":"ListItem","position":2,"name":"Walraven Pacifyre\u00ae Produktv\u00e4ljare"}]},{"@type":"WebSite","@id":"https:\/\/www.walraven.com\/se\/#website","url":"https:\/\/www.walraven.com\/se\/","name":"Walraven Sverige","description":"","publisher":{"@id":"https:\/\/www.walraven.com\/se\/#organization"},"potentialAction":[{"@type":"SearchAction","target":{"@type":"EntryPoint","urlTemplate":"https:\/\/www.walraven.com\/se\/?s={search_term_string}"},"query-input":{"@type":"PropertyValueSpecification","valueRequired":true,"valueName":"search_term_string"}}],"inLanguage":"sv-SE"},{"@type":"Organization","@id":"https:\/\/www.walraven.com\/se\/#organization","name":"Walraven Nordic AB","alternateName":"Walraven Nordic AB","url":"https:\/\/www.walraven.com\/se\/","logo":{"@type":"ImageObject","inLanguage":"sv-SE","@id":"https:\/\/www.walraven.com\/se\/#\/schema\/logo\/image\/","url":"https:\/\/www.walraven.com\/se\/wp-content\/uploads\/sites\/15\/2023\/12\/Walraven_logo300x300.jpg","contentUrl":"https:\/\/www.walraven.com\/se\/wp-content\/uploads\/sites\/15\/2023\/12\/Walraven_logo300x300.jpg","width":300,"height":300,"caption":"Walraven Nordic AB"},"image":{"@id":"https:\/\/www.walraven.com\/se\/#\/schema\/logo\/image\/"},"sameAs":["https:\/\/www.youtube.com\/channel\/UCS8Qmqffzee1wAbnQMCsxCQ","https:\/\/www.linkedin.com\/company\/walraven-nordic-ab\/"]}]}},"_links":{"self":[{"href":"https:\/\/www.walraven.com\/se\/wp-json\/wp\/v2\/pages\/50509","targetHints":{"allow":["GET"]}}],"collection":[{"href":"https:\/\/www.walraven.com\/se\/wp-json\/wp\/v2\/pages"}],"about":[{"href":"https:\/\/www.walraven.com\/se\/wp-json\/wp\/v2\/types\/page"}],"author":[{"embeddable":true,"href":"https:\/\/www.walraven.com\/se\/wp-json\/wp\/v2\/users\/43"}],"replies":[{"embeddable":true,"href":"https:\/\/www.walraven.com\/se\/wp-json\/wp\/v2\/comments?post=50509"}],"version-history":[{"count":2,"href":"https:\/\/www.walraven.com\/se\/wp-json\/wp\/v2\/pages\/50509\/revisions"}],"predecessor-version":[{"id":50511,"href":"https:\/\/www.walraven.com\/se\/wp-json\/wp\/v2\/pages\/50509\/revisions\/50511"}],"wp:attachment":[{"href":"https:\/\/www.walraven.com\/se\/wp-json\/wp\/v2\/media?parent=50509"}],"curies":[{"name":"wp","href":"https:\/\/api.w.org\/{rel}","templated":true}]}}