{"id":55512,"date":"2025-07-25T15:02:34","date_gmt":"2025-07-25T13:02:34","guid":{"rendered":"https:\/\/example.walraven.com\/?page_id=154493"},"modified":"2025-10-28T12:32:19","modified_gmt":"2025-10-28T11:32:19","slug":"channel-systems","status":"publish","type":"page","link":"https:\/\/www.walraven.com\/se\/channel-systems\/","title":{"rendered":"Walraven Channel Systems f\u00f6renklar din HVAC-installation"},"content":{"rendered":"","protected":false},"excerpt":{"rendered":"","protected":false},"author":62,"featured_media":0,"parent":0,"menu_order":0,"comment_status":"closed","ping_status":"closed","template":"page-templates\/tpl-landingspage.php","meta":{"_acf_changed":false,"footnotes":""},"class_list":["post-55512","page","type-page","status-publish","hentry"],"acf":[],"yoast_head":"<!-- This site is optimized with the Yoast SEO Premium plugin v27.3 (Yoast SEO v27.3) - https:\/\/yoast.com\/product\/yoast-seo-premium-wordpress\/ -->\n<title>Walraven Channel Systems f\u00f6renklar din HVAC-installation - Walraven Sverige<\/title>\n<meta name=\"description\" content=\"Uppt\u00e4ck varf\u00f6r HVAC-proffs litar p\u00e5 Walraven f\u00f6r effektiva och problemfria installationer. V\u00e5ra omfattande och modul\u00e4ra l\u00f6sningar anpassar sig efter en rad olika projektbehov, fr\u00e5n l\u00e4tta till tunga applikationer. Det omfattande sortimentet av f\u00e4rdiga tillbeh\u00f6r f\u00f6rb\u00e4ttrar prestandan p\u00e5 f\u00e4ltet avsev\u00e4rt och garanterar enkla, snabba och s\u00e4kra installationer.\" \/>\n<meta name=\"robots\" content=\"index, follow, max-snippet:-1, max-image-preview:large, max-video-preview:-1\" \/>\n<link rel=\"canonical\" href=\"https:\/\/www.walraven.com\/se\/channel-systems\/\" \/>\n<meta property=\"og:locale\" content=\"sv_SE\" \/>\n<meta property=\"og:type\" content=\"article\" \/>\n<meta property=\"og:title\" content=\"Walraven Channel Systems f\u00f6renklar din HVAC-installation\" \/>\n<meta property=\"og:description\" content=\"Uppt\u00e4ck varf\u00f6r HVAC-proffs litar p\u00e5 Walraven f\u00f6r effektiva och problemfria installationer. V\u00e5ra omfattande och modul\u00e4ra l\u00f6sningar anpassar sig efter en rad olika projektbehov, fr\u00e5n l\u00e4tta till tunga applikationer. Det omfattande sortimentet av f\u00e4rdiga tillbeh\u00f6r f\u00f6rb\u00e4ttrar prestandan p\u00e5 f\u00e4ltet avsev\u00e4rt och garanterar enkla, snabba och s\u00e4kra installationer.\" \/>\n<meta property=\"og:url\" content=\"https:\/\/www.walraven.com\/se\/channel-systems\/\" \/>\n<meta property=\"og:site_name\" content=\"Walraven Sverige\" \/>\n<meta property=\"article:modified_time\" content=\"2025-10-28T11:32:19+00:00\" \/>\n<meta name=\"twitter:card\" content=\"summary_large_image\" \/>\n<meta name=\"twitter:label1\" content=\"Est. reading time\" \/>\n\t<meta name=\"twitter:data1\" content=\"4 minutes\" \/>\n<script type=\"application\/ld+json\" class=\"yoast-schema-graph\">{\"@context\":\"https:\\\/\\\/schema.org\",\"@graph\":[{\"@type\":\"WebPage\",\"@id\":\"https:\\\/\\\/www.walraven.com\\\/se\\\/channel-systems\\\/\",\"url\":\"https:\\\/\\\/www.walraven.com\\\/se\\\/channel-systems\\\/\",\"name\":\"Walraven Channel Systems f\u00f6renklar din HVAC-installation - Walraven Sverige\",\"isPartOf\":{\"@id\":\"https:\\\/\\\/www.walraven.com\\\/se\\\/#website\"},\"datePublished\":\"2025-07-25T13:02:34+00:00\",\"dateModified\":\"2025-10-28T11:32:19+00:00\",\"description\":\"Uppt\u00e4ck varf\u00f6r HVAC-proffs litar p\u00e5 Walraven f\u00f6r effektiva och problemfria installationer. V\u00e5ra omfattande och modul\u00e4ra l\u00f6sningar anpassar sig efter en rad olika projektbehov, fr\u00e5n l\u00e4tta till tunga applikationer. Det omfattande sortimentet av f\u00e4rdiga tillbeh\u00f6r f\u00f6rb\u00e4ttrar prestandan p\u00e5 f\u00e4ltet avsev\u00e4rt och garanterar enkla, snabba och s\u00e4kra installationer.\",\"breadcrumb\":{\"@id\":\"https:\\\/\\\/www.walraven.com\\\/se\\\/channel-systems\\\/#breadcrumb\"},\"inLanguage\":\"sv-SE\",\"potentialAction\":[{\"@type\":\"ReadAction\",\"target\":[\"https:\\\/\\\/www.walraven.com\\\/se\\\/channel-systems\\\/\"]}]},{\"@type\":\"BreadcrumbList\",\"@id\":\"https:\\\/\\\/www.walraven.com\\\/se\\\/channel-systems\\\/#breadcrumb\",\"itemListElement\":[{\"@type\":\"ListItem\",\"position\":1,\"name\":\"Hem\",\"item\":\"https:\\\/\\\/www.walraven.com\\\/se\\\/\"},{\"@type\":\"ListItem\",\"position\":2,\"name\":\"Walraven Channel Systems f\u00f6renklar din HVAC-installation\"}]},{\"@type\":\"WebSite\",\"@id\":\"https:\\\/\\\/www.walraven.com\\\/se\\\/#website\",\"url\":\"https:\\\/\\\/www.walraven.com\\\/se\\\/\",\"name\":\"Walraven Sverige\",\"description\":\"\",\"publisher\":{\"@id\":\"https:\\\/\\\/www.walraven.com\\\/se\\\/#organization\"},\"potentialAction\":[{\"@type\":\"SearchAction\",\"target\":{\"@type\":\"EntryPoint\",\"urlTemplate\":\"https:\\\/\\\/www.walraven.com\\\/se\\\/?s={search_term_string}\"},\"query-input\":{\"@type\":\"PropertyValueSpecification\",\"valueRequired\":true,\"valueName\":\"search_term_string\"}}],\"inLanguage\":\"sv-SE\"},{\"@type\":\"Organization\",\"@id\":\"https:\\\/\\\/www.walraven.com\\\/se\\\/#organization\",\"name\":\"Walraven Nordic AB\",\"alternateName\":\"Walraven Nordic AB\",\"url\":\"https:\\\/\\\/www.walraven.com\\\/se\\\/\",\"logo\":{\"@type\":\"ImageObject\",\"inLanguage\":\"sv-SE\",\"@id\":\"https:\\\/\\\/www.walraven.com\\\/se\\\/#\\\/schema\\\/logo\\\/image\\\/\",\"url\":\"https:\\\/\\\/www.walraven.com\\\/se\\\/wp-content\\\/uploads\\\/sites\\\/15\\\/2023\\\/12\\\/Walraven_logo300x300.jpg\",\"contentUrl\":\"https:\\\/\\\/www.walraven.com\\\/se\\\/wp-content\\\/uploads\\\/sites\\\/15\\\/2023\\\/12\\\/Walraven_logo300x300.jpg\",\"width\":300,\"height\":300,\"caption\":\"Walraven Nordic AB\"},\"image\":{\"@id\":\"https:\\\/\\\/www.walraven.com\\\/se\\\/#\\\/schema\\\/logo\\\/image\\\/\"},\"sameAs\":[\"https:\\\/\\\/www.youtube.com\\\/channel\\\/UCS8Qmqffzee1wAbnQMCsxCQ\",\"https:\\\/\\\/www.linkedin.com\\\/company\\\/walraven-nordic-ab\\\/\"]}]}<\/script>\n<!-- \/ Yoast SEO Premium plugin. -->","yoast_head_json":{"title":"Walraven Channel Systems f\u00f6renklar din HVAC-installation - Walraven Sverige","description":"Uppt\u00e4ck varf\u00f6r HVAC-proffs litar p\u00e5 Walraven f\u00f6r effektiva och problemfria installationer. V\u00e5ra omfattande och modul\u00e4ra l\u00f6sningar anpassar sig efter en rad olika projektbehov, fr\u00e5n l\u00e4tta till tunga applikationer. Det omfattande sortimentet av f\u00e4rdiga tillbeh\u00f6r f\u00f6rb\u00e4ttrar prestandan p\u00e5 f\u00e4ltet avsev\u00e4rt och garanterar enkla, snabba och s\u00e4kra installationer.","robots":{"index":"index","follow":"follow","max-snippet":"max-snippet:-1","max-image-preview":"max-image-preview:large","max-video-preview":"max-video-preview:-1"},"canonical":"https:\/\/www.walraven.com\/se\/channel-systems\/","og_locale":"sv_SE","og_type":"article","og_title":"Walraven Channel Systems f\u00f6renklar din HVAC-installation","og_description":"Uppt\u00e4ck varf\u00f6r HVAC-proffs litar p\u00e5 Walraven f\u00f6r effektiva och problemfria installationer. V\u00e5ra omfattande och modul\u00e4ra l\u00f6sningar anpassar sig efter en rad olika projektbehov, fr\u00e5n l\u00e4tta till tunga applikationer. Det omfattande sortimentet av f\u00e4rdiga tillbeh\u00f6r f\u00f6rb\u00e4ttrar prestandan p\u00e5 f\u00e4ltet avsev\u00e4rt och garanterar enkla, snabba och s\u00e4kra installationer.","og_url":"https:\/\/www.walraven.com\/se\/channel-systems\/","og_site_name":"Walraven Sverige","article_modified_time":"2025-10-28T11:32:19+00:00","twitter_card":"summary_large_image","twitter_misc":{"Est. reading time":"4 minutes"},"schema":{"@context":"https:\/\/schema.org","@graph":[{"@type":"WebPage","@id":"https:\/\/www.walraven.com\/se\/channel-systems\/","url":"https:\/\/www.walraven.com\/se\/channel-systems\/","name":"Walraven Channel Systems f\u00f6renklar din HVAC-installation - Walraven Sverige","isPartOf":{"@id":"https:\/\/www.walraven.com\/se\/#website"},"datePublished":"2025-07-25T13:02:34+00:00","dateModified":"2025-10-28T11:32:19+00:00","description":"Uppt\u00e4ck varf\u00f6r HVAC-proffs litar p\u00e5 Walraven f\u00f6r effektiva och problemfria installationer. V\u00e5ra omfattande och modul\u00e4ra l\u00f6sningar anpassar sig efter en rad olika projektbehov, fr\u00e5n l\u00e4tta till tunga applikationer. Det omfattande sortimentet av f\u00e4rdiga tillbeh\u00f6r f\u00f6rb\u00e4ttrar prestandan p\u00e5 f\u00e4ltet avsev\u00e4rt och garanterar enkla, snabba och s\u00e4kra installationer.","breadcrumb":{"@id":"https:\/\/www.walraven.com\/se\/channel-systems\/#breadcrumb"},"inLanguage":"sv-SE","potentialAction":[{"@type":"ReadAction","target":["https:\/\/www.walraven.com\/se\/channel-systems\/"]}]},{"@type":"BreadcrumbList","@id":"https:\/\/www.walraven.com\/se\/channel-systems\/#breadcrumb","itemListElement":[{"@type":"ListItem","position":1,"name":"Hem","item":"https:\/\/www.walraven.com\/se\/"},{"@type":"ListItem","position":2,"name":"Walraven Channel Systems f\u00f6renklar din HVAC-installation"}]},{"@type":"WebSite","@id":"https:\/\/www.walraven.com\/se\/#website","url":"https:\/\/www.walraven.com\/se\/","name":"Walraven Sverige","description":"","publisher":{"@id":"https:\/\/www.walraven.com\/se\/#organization"},"potentialAction":[{"@type":"SearchAction","target":{"@type":"EntryPoint","urlTemplate":"https:\/\/www.walraven.com\/se\/?s={search_term_string}"},"query-input":{"@type":"PropertyValueSpecification","valueRequired":true,"valueName":"search_term_string"}}],"inLanguage":"sv-SE"},{"@type":"Organization","@id":"https:\/\/www.walraven.com\/se\/#organization","name":"Walraven Nordic AB","alternateName":"Walraven Nordic AB","url":"https:\/\/www.walraven.com\/se\/","logo":{"@type":"ImageObject","inLanguage":"sv-SE","@id":"https:\/\/www.walraven.com\/se\/#\/schema\/logo\/image\/","url":"https:\/\/www.walraven.com\/se\/wp-content\/uploads\/sites\/15\/2023\/12\/Walraven_logo300x300.jpg","contentUrl":"https:\/\/www.walraven.com\/se\/wp-content\/uploads\/sites\/15\/2023\/12\/Walraven_logo300x300.jpg","width":300,"height":300,"caption":"Walraven Nordic AB"},"image":{"@id":"https:\/\/www.walraven.com\/se\/#\/schema\/logo\/image\/"},"sameAs":["https:\/\/www.youtube.com\/channel\/UCS8Qmqffzee1wAbnQMCsxCQ","https:\/\/www.linkedin.com\/company\/walraven-nordic-ab\/"]}]}},"_links":{"self":[{"href":"https:\/\/www.walraven.com\/se\/wp-json\/wp\/v2\/pages\/55512","targetHints":{"allow":["GET"]}}],"collection":[{"href":"https:\/\/www.walraven.com\/se\/wp-json\/wp\/v2\/pages"}],"about":[{"href":"https:\/\/www.walraven.com\/se\/wp-json\/wp\/v2\/types\/page"}],"author":[{"embeddable":true,"href":"https:\/\/www.walraven.com\/se\/wp-json\/wp\/v2\/users\/62"}],"replies":[{"embeddable":true,"href":"https:\/\/www.walraven.com\/se\/wp-json\/wp\/v2\/comments?post=55512"}],"version-history":[{"count":5,"href":"https:\/\/www.walraven.com\/se\/wp-json\/wp\/v2\/pages\/55512\/revisions"}],"predecessor-version":[{"id":55612,"href":"https:\/\/www.walraven.com\/se\/wp-json\/wp\/v2\/pages\/55512\/revisions\/55612"}],"wp:attachment":[{"href":"https:\/\/www.walraven.com\/se\/wp-json\/wp\/v2\/media?parent=55512"}],"curies":[{"name":"wp","href":"https:\/\/api.w.org\/{rel}","templated":true}]}}