{"id":149,"date":"2016-10-03T10:05:58","date_gmt":"2016-10-03T08:05:58","guid":{"rendered":"https:\/\/www.walraven.com\/cz\/?page_id=149"},"modified":"2021-01-27T11:01:45","modified_gmt":"2021-01-27T10:01:45","slug":"home","status":"publish","type":"page","link":"https:\/\/www.walraven.com\/sk\/","title":{"rendered":"Home"},"content":{"rendered":"","protected":false},"excerpt":{"rendered":"","protected":false},"author":7,"featured_media":0,"parent":0,"menu_order":0,"comment_status":"closed","ping_status":"closed","template":"","meta":{"_acf_changed":false,"footnotes":""},"class_list":["post-149","page","type-page","status-publish","hentry"],"acf":[],"yoast_head":"<!-- This site is optimized with the Yoast SEO Premium plugin v27.3 (Yoast SEO v27.3) - https:\/\/yoast.com\/product\/yoast-seo-premium-wordpress\/ -->\n<title>Walraven Slovensko<\/title>\n<meta name=\"description\" content=\"V\u00fdrobca upev\u0148ovac\u00edch syst\u00e9mov, mont\u00e1\u017enych l\u00ed\u0161t, obj\u00edmok, protipo\u017eiarnych man\u017eiet. Kon\u0161trukcie pre stre\u0161n\u00e9 syst\u00e9my BIS Yeti. Technick\u00e1 podpora zadarmo.\" \/>\n<meta name=\"robots\" content=\"index, follow, max-snippet:-1, max-image-preview:large, max-video-preview:-1\" \/>\n<link rel=\"canonical\" href=\"https:\/\/www.walraven.com\/sk\/\" \/>\n<meta property=\"og:locale\" content=\"sk_SK\" \/>\n<meta property=\"og:type\" content=\"article\" \/>\n<meta property=\"og:title\" content=\"Home\" \/>\n<meta property=\"og:description\" content=\"V\u00fdrobca upev\u0148ovac\u00edch syst\u00e9mov, mont\u00e1\u017enych l\u00ed\u0161t, obj\u00edmok, protipo\u017eiarnych man\u017eiet. Kon\u0161trukcie pre stre\u0161n\u00e9 syst\u00e9my BIS Yeti. Technick\u00e1 podpora zadarmo.\" \/>\n<meta property=\"og:url\" content=\"https:\/\/www.walraven.com\/sk\/\" \/>\n<meta property=\"og:site_name\" content=\"Walraven Slovensko\" \/>\n<meta property=\"article:modified_time\" content=\"2021-01-27T10:01:45+00:00\" \/>\n<meta name=\"twitter:card\" content=\"summary_large_image\" \/>\n<script type=\"application\/ld+json\" class=\"yoast-schema-graph\">{\"@context\":\"https:\\\/\\\/schema.org\",\"@graph\":[{\"@type\":\"WebPage\",\"@id\":\"https:\\\/\\\/www.walraven.com\\\/sk\\\/\",\"url\":\"https:\\\/\\\/www.walraven.com\\\/sk\\\/\",\"name\":\"Walraven Slovensko\",\"isPartOf\":{\"@id\":\"https:\\\/\\\/www.walraven.com\\\/sk\\\/#website\"},\"datePublished\":\"2016-10-03T08:05:58+00:00\",\"dateModified\":\"2021-01-27T10:01:45+00:00\",\"description\":\"V\u00fdrobca upev\u0148ovac\u00edch syst\u00e9mov, mont\u00e1\u017enych l\u00ed\u0161t, obj\u00edmok, protipo\u017eiarnych man\u017eiet. Kon\u0161trukcie pre stre\u0161n\u00e9 syst\u00e9my BIS Yeti. Technick\u00e1 podpora zadarmo.\",\"breadcrumb\":{\"@id\":\"https:\\\/\\\/www.walraven.com\\\/sk\\\/#breadcrumb\"},\"inLanguage\":\"sk-SK\",\"potentialAction\":[{\"@type\":\"ReadAction\",\"target\":[\"https:\\\/\\\/www.walraven.com\\\/sk\\\/\"]}]},{\"@type\":\"BreadcrumbList\",\"@id\":\"https:\\\/\\\/www.walraven.com\\\/sk\\\/#breadcrumb\",\"itemListElement\":[{\"@type\":\"ListItem\",\"position\":1,\"name\":\"\u00davod\",\"item\":\"https:\\\/\\\/www.walraven.com\\\/sk\\\/\"},{\"@type\":\"ListItem\",\"position\":2,\"name\":\"Home\"}]},{\"@type\":\"WebSite\",\"@id\":\"https:\\\/\\\/www.walraven.com\\\/sk\\\/#website\",\"url\":\"https:\\\/\\\/www.walraven.com\\\/sk\\\/\",\"name\":\"Walraven Slovensko\",\"description\":\"\",\"publisher\":{\"@id\":\"https:\\\/\\\/www.walraven.com\\\/sk\\\/#organization\"},\"potentialAction\":[{\"@type\":\"SearchAction\",\"target\":{\"@type\":\"EntryPoint\",\"urlTemplate\":\"https:\\\/\\\/www.walraven.com\\\/sk\\\/?s={search_term_string}\"},\"query-input\":{\"@type\":\"PropertyValueSpecification\",\"valueRequired\":true,\"valueName\":\"search_term_string\"}}],\"inLanguage\":\"sk-SK\"},{\"@type\":\"Organization\",\"@id\":\"https:\\\/\\\/www.walraven.com\\\/sk\\\/#organization\",\"name\":\"Walraven s.r.o.\",\"alternateName\":\"Walraven s.r.o.\",\"url\":\"https:\\\/\\\/www.walraven.com\\\/sk\\\/\",\"logo\":{\"@type\":\"ImageObject\",\"inLanguage\":\"sk-SK\",\"@id\":\"https:\\\/\\\/www.walraven.com\\\/sk\\\/#\\\/schema\\\/logo\\\/image\\\/\",\"url\":\"https:\\\/\\\/www.walraven.com\\\/sk\\\/wp-content\\\/uploads\\\/sites\\\/34\\\/2023\\\/12\\\/Walraven_logo300x300.jpg\",\"contentUrl\":\"https:\\\/\\\/www.walraven.com\\\/sk\\\/wp-content\\\/uploads\\\/sites\\\/34\\\/2023\\\/12\\\/Walraven_logo300x300.jpg\",\"width\":300,\"height\":300,\"caption\":\"Walraven s.r.o.\"},\"image\":{\"@id\":\"https:\\\/\\\/www.walraven.com\\\/sk\\\/#\\\/schema\\\/logo\\\/image\\\/\"}}]}<\/script>\n<!-- \/ Yoast SEO Premium plugin. -->","yoast_head_json":{"title":"Walraven Slovensko","description":"V\u00fdrobca upev\u0148ovac\u00edch syst\u00e9mov, mont\u00e1\u017enych l\u00ed\u0161t, obj\u00edmok, protipo\u017eiarnych man\u017eiet. Kon\u0161trukcie pre stre\u0161n\u00e9 syst\u00e9my BIS Yeti. Technick\u00e1 podpora zadarmo.","robots":{"index":"index","follow":"follow","max-snippet":"max-snippet:-1","max-image-preview":"max-image-preview:large","max-video-preview":"max-video-preview:-1"},"canonical":"https:\/\/www.walraven.com\/sk\/","og_locale":"sk_SK","og_type":"article","og_title":"Home","og_description":"V\u00fdrobca upev\u0148ovac\u00edch syst\u00e9mov, mont\u00e1\u017enych l\u00ed\u0161t, obj\u00edmok, protipo\u017eiarnych man\u017eiet. Kon\u0161trukcie pre stre\u0161n\u00e9 syst\u00e9my BIS Yeti. Technick\u00e1 podpora zadarmo.","og_url":"https:\/\/www.walraven.com\/sk\/","og_site_name":"Walraven Slovensko","article_modified_time":"2021-01-27T10:01:45+00:00","twitter_card":"summary_large_image","schema":{"@context":"https:\/\/schema.org","@graph":[{"@type":"WebPage","@id":"https:\/\/www.walraven.com\/sk\/","url":"https:\/\/www.walraven.com\/sk\/","name":"Walraven Slovensko","isPartOf":{"@id":"https:\/\/www.walraven.com\/sk\/#website"},"datePublished":"2016-10-03T08:05:58+00:00","dateModified":"2021-01-27T10:01:45+00:00","description":"V\u00fdrobca upev\u0148ovac\u00edch syst\u00e9mov, mont\u00e1\u017enych l\u00ed\u0161t, obj\u00edmok, protipo\u017eiarnych man\u017eiet. Kon\u0161trukcie pre stre\u0161n\u00e9 syst\u00e9my BIS Yeti. Technick\u00e1 podpora zadarmo.","breadcrumb":{"@id":"https:\/\/www.walraven.com\/sk\/#breadcrumb"},"inLanguage":"sk-SK","potentialAction":[{"@type":"ReadAction","target":["https:\/\/www.walraven.com\/sk\/"]}]},{"@type":"BreadcrumbList","@id":"https:\/\/www.walraven.com\/sk\/#breadcrumb","itemListElement":[{"@type":"ListItem","position":1,"name":"\u00davod","item":"https:\/\/www.walraven.com\/sk\/"},{"@type":"ListItem","position":2,"name":"Home"}]},{"@type":"WebSite","@id":"https:\/\/www.walraven.com\/sk\/#website","url":"https:\/\/www.walraven.com\/sk\/","name":"Walraven Slovensko","description":"","publisher":{"@id":"https:\/\/www.walraven.com\/sk\/#organization"},"potentialAction":[{"@type":"SearchAction","target":{"@type":"EntryPoint","urlTemplate":"https:\/\/www.walraven.com\/sk\/?s={search_term_string}"},"query-input":{"@type":"PropertyValueSpecification","valueRequired":true,"valueName":"search_term_string"}}],"inLanguage":"sk-SK"},{"@type":"Organization","@id":"https:\/\/www.walraven.com\/sk\/#organization","name":"Walraven s.r.o.","alternateName":"Walraven s.r.o.","url":"https:\/\/www.walraven.com\/sk\/","logo":{"@type":"ImageObject","inLanguage":"sk-SK","@id":"https:\/\/www.walraven.com\/sk\/#\/schema\/logo\/image\/","url":"https:\/\/www.walraven.com\/sk\/wp-content\/uploads\/sites\/34\/2023\/12\/Walraven_logo300x300.jpg","contentUrl":"https:\/\/www.walraven.com\/sk\/wp-content\/uploads\/sites\/34\/2023\/12\/Walraven_logo300x300.jpg","width":300,"height":300,"caption":"Walraven s.r.o."},"image":{"@id":"https:\/\/www.walraven.com\/sk\/#\/schema\/logo\/image\/"}}]}},"_links":{"self":[{"href":"https:\/\/www.walraven.com\/sk\/wp-json\/wp\/v2\/pages\/149","targetHints":{"allow":["GET"]}}],"collection":[{"href":"https:\/\/www.walraven.com\/sk\/wp-json\/wp\/v2\/pages"}],"about":[{"href":"https:\/\/www.walraven.com\/sk\/wp-json\/wp\/v2\/types\/page"}],"author":[{"embeddable":true,"href":"https:\/\/www.walraven.com\/sk\/wp-json\/wp\/v2\/users\/7"}],"replies":[{"embeddable":true,"href":"https:\/\/www.walraven.com\/sk\/wp-json\/wp\/v2\/comments?post=149"}],"version-history":[{"count":3,"href":"https:\/\/www.walraven.com\/sk\/wp-json\/wp\/v2\/pages\/149\/revisions"}],"predecessor-version":[{"id":382,"href":"https:\/\/www.walraven.com\/sk\/wp-json\/wp\/v2\/pages\/149\/revisions\/382"}],"wp:attachment":[{"href":"https:\/\/www.walraven.com\/sk\/wp-json\/wp\/v2\/media?parent=149"}],"curies":[{"name":"wp","href":"https:\/\/api.w.org\/{rel}","templated":true}]}}