{"id":53562,"date":"2018-03-14T14:36:54","date_gmt":"2018-03-14T13:36:54","guid":{"rendered":"https:\/\/www.walraven.com\/?page_id=119732"},"modified":"2025-07-16T09:00:46","modified_gmt":"2025-07-16T07:00:46","slug":"strechy","status":"publish","type":"page","link":"https:\/\/www.walraven.com\/sk\/strechy\/","title":{"rendered":"Kon\u0161trukcie pre stre\u0161n\u00e9 in\u0161tal\u00e1cie"},"content":{"rendered":"","protected":false},"excerpt":{"rendered":"","protected":false},"author":43,"featured_media":54864,"parent":0,"menu_order":0,"comment_status":"closed","ping_status":"closed","template":"page-templates\/tpl-landingspage.php","meta":{"_acf_changed":false,"footnotes":""},"class_list":["post-53562","page","type-page","status-publish","has-post-thumbnail","hentry"],"acf":[],"yoast_head":"<!-- This site is optimized with the Yoast SEO Premium plugin v27.3 (Yoast SEO v27.3) - https:\/\/yoast.com\/product\/yoast-seo-premium-wordpress\/ -->\n<title>Kon\u0161trukcie pre stre\u0161n\u00e9 in\u0161tal\u00e1cie - Walraven Slovensko<\/title>\n<meta name=\"description\" content=\"Walraven je inov\u00e1tor v oblasti kon\u0161trukci\u00ed na ploch\u00fdch strech\u00e1ch. M\u00e1me rie\u0161enie pre ka\u017ed\u00fa strechu. \u2705 Vysok\u00e1 kvalita produktov \u2705Technick\u00e1 podpora zdarma\u2705 Inovat\u00edvne rie\u0161enia\" \/>\n<meta name=\"robots\" content=\"index, follow, max-snippet:-1, max-image-preview:large, max-video-preview:-1\" \/>\n<link rel=\"canonical\" href=\"https:\/\/www.walraven.com\/sk\/strechy\/\" \/>\n<meta property=\"og:locale\" content=\"sk_SK\" \/>\n<meta property=\"og:type\" content=\"article\" \/>\n<meta property=\"og:title\" content=\"Kon\u0161trukcie pre stre\u0161n\u00e9 in\u0161tal\u00e1cie\" \/>\n<meta property=\"og:description\" content=\"Walraven je inov\u00e1tor v oblasti kon\u0161trukci\u00ed na ploch\u00fdch strech\u00e1ch. M\u00e1me rie\u0161enie pre ka\u017ed\u00fa strechu. \u2705 Vysok\u00e1 kvalita produktov \u2705Technick\u00e1 podpora zdarma\u2705 Inovat\u00edvne rie\u0161enia\" \/>\n<meta property=\"og:url\" content=\"https:\/\/www.walraven.com\/sk\/strechy\/\" \/>\n<meta property=\"og:site_name\" content=\"Walraven Slovensko\" \/>\n<meta property=\"article:modified_time\" content=\"2025-07-16T07:00:46+00:00\" \/>\n<meta property=\"og:image\" content=\"https:\/\/www.walraven.com\/sk\/wp-content\/uploads\/sites\/34\/2019\/09\/Rooftop-slider.jpg\" \/>\n\t<meta property=\"og:image:width\" content=\"380\" \/>\n\t<meta property=\"og:image:height\" content=\"640\" \/>\n\t<meta property=\"og:image:type\" content=\"image\/jpeg\" \/>\n<meta name=\"twitter:card\" content=\"summary_large_image\" \/>\n<meta name=\"twitter:label1\" content=\"Predpokladan\u00fd \u010das \u010d\u00edtania\" \/>\n\t<meta name=\"twitter:data1\" content=\"6 min\u00fat\" \/>\n<script type=\"application\/ld+json\" class=\"yoast-schema-graph\">{\"@context\":\"https:\\\/\\\/schema.org\",\"@graph\":[{\"@type\":\"WebPage\",\"@id\":\"https:\\\/\\\/www.walraven.com\\\/sk\\\/strechy\\\/\",\"url\":\"https:\\\/\\\/www.walraven.com\\\/sk\\\/strechy\\\/\",\"name\":\"Kon\u0161trukcie pre stre\u0161n\u00e9 in\u0161tal\u00e1cie - Walraven Slovensko\",\"isPartOf\":{\"@id\":\"https:\\\/\\\/www.walraven.com\\\/sk\\\/#website\"},\"primaryImageOfPage\":{\"@id\":\"https:\\\/\\\/www.walraven.com\\\/sk\\\/strechy\\\/#primaryimage\"},\"image\":{\"@id\":\"https:\\\/\\\/www.walraven.com\\\/sk\\\/strechy\\\/#primaryimage\"},\"thumbnailUrl\":\"https:\\\/\\\/www.walraven.com\\\/sk\\\/wp-content\\\/uploads\\\/sites\\\/34\\\/2019\\\/09\\\/Rooftop-slider.jpg\",\"datePublished\":\"2018-03-14T13:36:54+00:00\",\"dateModified\":\"2025-07-16T07:00:46+00:00\",\"description\":\"Walraven je inov\u00e1tor v oblasti kon\u0161trukci\u00ed na ploch\u00fdch strech\u00e1ch. M\u00e1me rie\u0161enie pre ka\u017ed\u00fa strechu. \u2705 Vysok\u00e1 kvalita produktov \u2705Technick\u00e1 podpora zdarma\u2705 Inovat\u00edvne rie\u0161enia\",\"breadcrumb\":{\"@id\":\"https:\\\/\\\/www.walraven.com\\\/sk\\\/strechy\\\/#breadcrumb\"},\"inLanguage\":\"sk-SK\",\"potentialAction\":[{\"@type\":\"ReadAction\",\"target\":[\"https:\\\/\\\/www.walraven.com\\\/sk\\\/strechy\\\/\"]}]},{\"@type\":\"ImageObject\",\"inLanguage\":\"sk-SK\",\"@id\":\"https:\\\/\\\/www.walraven.com\\\/sk\\\/strechy\\\/#primaryimage\",\"url\":\"https:\\\/\\\/www.walraven.com\\\/sk\\\/wp-content\\\/uploads\\\/sites\\\/34\\\/2019\\\/09\\\/Rooftop-slider.jpg\",\"contentUrl\":\"https:\\\/\\\/www.walraven.com\\\/sk\\\/wp-content\\\/uploads\\\/sites\\\/34\\\/2019\\\/09\\\/Rooftop-slider.jpg\",\"width\":380,\"height\":640,\"caption\":\"Rooftop-slider\"},{\"@type\":\"BreadcrumbList\",\"@id\":\"https:\\\/\\\/www.walraven.com\\\/sk\\\/strechy\\\/#breadcrumb\",\"itemListElement\":[{\"@type\":\"ListItem\",\"position\":1,\"name\":\"\u00davod\",\"item\":\"https:\\\/\\\/www.walraven.com\\\/sk\\\/\"},{\"@type\":\"ListItem\",\"position\":2,\"name\":\"Kon\u0161trukcie pre stre\u0161n\u00e9 in\u0161tal\u00e1cie\"}]},{\"@type\":\"WebSite\",\"@id\":\"https:\\\/\\\/www.walraven.com\\\/sk\\\/#website\",\"url\":\"https:\\\/\\\/www.walraven.com\\\/sk\\\/\",\"name\":\"Walraven Slovensko\",\"description\":\"\",\"publisher\":{\"@id\":\"https:\\\/\\\/www.walraven.com\\\/sk\\\/#organization\"},\"potentialAction\":[{\"@type\":\"SearchAction\",\"target\":{\"@type\":\"EntryPoint\",\"urlTemplate\":\"https:\\\/\\\/www.walraven.com\\\/sk\\\/?s={search_term_string}\"},\"query-input\":{\"@type\":\"PropertyValueSpecification\",\"valueRequired\":true,\"valueName\":\"search_term_string\"}}],\"inLanguage\":\"sk-SK\"},{\"@type\":\"Organization\",\"@id\":\"https:\\\/\\\/www.walraven.com\\\/sk\\\/#organization\",\"name\":\"Walraven s.r.o.\",\"alternateName\":\"Walraven s.r.o.\",\"url\":\"https:\\\/\\\/www.walraven.com\\\/sk\\\/\",\"logo\":{\"@type\":\"ImageObject\",\"inLanguage\":\"sk-SK\",\"@id\":\"https:\\\/\\\/www.walraven.com\\\/sk\\\/#\\\/schema\\\/logo\\\/image\\\/\",\"url\":\"https:\\\/\\\/www.walraven.com\\\/sk\\\/wp-content\\\/uploads\\\/sites\\\/34\\\/2023\\\/12\\\/Walraven_logo300x300.jpg\",\"contentUrl\":\"https:\\\/\\\/www.walraven.com\\\/sk\\\/wp-content\\\/uploads\\\/sites\\\/34\\\/2023\\\/12\\\/Walraven_logo300x300.jpg\",\"width\":300,\"height\":300,\"caption\":\"Walraven s.r.o.\"},\"image\":{\"@id\":\"https:\\\/\\\/www.walraven.com\\\/sk\\\/#\\\/schema\\\/logo\\\/image\\\/\"}}]}<\/script>\n<!-- \/ Yoast SEO Premium plugin. -->","yoast_head_json":{"title":"Kon\u0161trukcie pre stre\u0161n\u00e9 in\u0161tal\u00e1cie - Walraven Slovensko","description":"Walraven je inov\u00e1tor v oblasti kon\u0161trukci\u00ed na ploch\u00fdch strech\u00e1ch. M\u00e1me rie\u0161enie pre ka\u017ed\u00fa strechu. \u2705 Vysok\u00e1 kvalita produktov \u2705Technick\u00e1 podpora zdarma\u2705 Inovat\u00edvne rie\u0161enia","robots":{"index":"index","follow":"follow","max-snippet":"max-snippet:-1","max-image-preview":"max-image-preview:large","max-video-preview":"max-video-preview:-1"},"canonical":"https:\/\/www.walraven.com\/sk\/strechy\/","og_locale":"sk_SK","og_type":"article","og_title":"Kon\u0161trukcie pre stre\u0161n\u00e9 in\u0161tal\u00e1cie","og_description":"Walraven je inov\u00e1tor v oblasti kon\u0161trukci\u00ed na ploch\u00fdch strech\u00e1ch. M\u00e1me rie\u0161enie pre ka\u017ed\u00fa strechu. \u2705 Vysok\u00e1 kvalita produktov \u2705Technick\u00e1 podpora zdarma\u2705 Inovat\u00edvne rie\u0161enia","og_url":"https:\/\/www.walraven.com\/sk\/strechy\/","og_site_name":"Walraven Slovensko","article_modified_time":"2025-07-16T07:00:46+00:00","og_image":[{"width":380,"height":640,"url":"https:\/\/www.walraven.com\/sk\/wp-content\/uploads\/sites\/34\/2019\/09\/Rooftop-slider.jpg","type":"image\/jpeg"}],"twitter_card":"summary_large_image","twitter_misc":{"Predpokladan\u00fd \u010das \u010d\u00edtania":"6 min\u00fat"},"schema":{"@context":"https:\/\/schema.org","@graph":[{"@type":"WebPage","@id":"https:\/\/www.walraven.com\/sk\/strechy\/","url":"https:\/\/www.walraven.com\/sk\/strechy\/","name":"Kon\u0161trukcie pre stre\u0161n\u00e9 in\u0161tal\u00e1cie - Walraven Slovensko","isPartOf":{"@id":"https:\/\/www.walraven.com\/sk\/#website"},"primaryImageOfPage":{"@id":"https:\/\/www.walraven.com\/sk\/strechy\/#primaryimage"},"image":{"@id":"https:\/\/www.walraven.com\/sk\/strechy\/#primaryimage"},"thumbnailUrl":"https:\/\/www.walraven.com\/sk\/wp-content\/uploads\/sites\/34\/2019\/09\/Rooftop-slider.jpg","datePublished":"2018-03-14T13:36:54+00:00","dateModified":"2025-07-16T07:00:46+00:00","description":"Walraven je inov\u00e1tor v oblasti kon\u0161trukci\u00ed na ploch\u00fdch strech\u00e1ch. M\u00e1me rie\u0161enie pre ka\u017ed\u00fa strechu. \u2705 Vysok\u00e1 kvalita produktov \u2705Technick\u00e1 podpora zdarma\u2705 Inovat\u00edvne rie\u0161enia","breadcrumb":{"@id":"https:\/\/www.walraven.com\/sk\/strechy\/#breadcrumb"},"inLanguage":"sk-SK","potentialAction":[{"@type":"ReadAction","target":["https:\/\/www.walraven.com\/sk\/strechy\/"]}]},{"@type":"ImageObject","inLanguage":"sk-SK","@id":"https:\/\/www.walraven.com\/sk\/strechy\/#primaryimage","url":"https:\/\/www.walraven.com\/sk\/wp-content\/uploads\/sites\/34\/2019\/09\/Rooftop-slider.jpg","contentUrl":"https:\/\/www.walraven.com\/sk\/wp-content\/uploads\/sites\/34\/2019\/09\/Rooftop-slider.jpg","width":380,"height":640,"caption":"Rooftop-slider"},{"@type":"BreadcrumbList","@id":"https:\/\/www.walraven.com\/sk\/strechy\/#breadcrumb","itemListElement":[{"@type":"ListItem","position":1,"name":"\u00davod","item":"https:\/\/www.walraven.com\/sk\/"},{"@type":"ListItem","position":2,"name":"Kon\u0161trukcie pre stre\u0161n\u00e9 in\u0161tal\u00e1cie"}]},{"@type":"WebSite","@id":"https:\/\/www.walraven.com\/sk\/#website","url":"https:\/\/www.walraven.com\/sk\/","name":"Walraven Slovensko","description":"","publisher":{"@id":"https:\/\/www.walraven.com\/sk\/#organization"},"potentialAction":[{"@type":"SearchAction","target":{"@type":"EntryPoint","urlTemplate":"https:\/\/www.walraven.com\/sk\/?s={search_term_string}"},"query-input":{"@type":"PropertyValueSpecification","valueRequired":true,"valueName":"search_term_string"}}],"inLanguage":"sk-SK"},{"@type":"Organization","@id":"https:\/\/www.walraven.com\/sk\/#organization","name":"Walraven s.r.o.","alternateName":"Walraven s.r.o.","url":"https:\/\/www.walraven.com\/sk\/","logo":{"@type":"ImageObject","inLanguage":"sk-SK","@id":"https:\/\/www.walraven.com\/sk\/#\/schema\/logo\/image\/","url":"https:\/\/www.walraven.com\/sk\/wp-content\/uploads\/sites\/34\/2023\/12\/Walraven_logo300x300.jpg","contentUrl":"https:\/\/www.walraven.com\/sk\/wp-content\/uploads\/sites\/34\/2023\/12\/Walraven_logo300x300.jpg","width":300,"height":300,"caption":"Walraven s.r.o."},"image":{"@id":"https:\/\/www.walraven.com\/sk\/#\/schema\/logo\/image\/"}}]}},"_links":{"self":[{"href":"https:\/\/www.walraven.com\/sk\/wp-json\/wp\/v2\/pages\/53562","targetHints":{"allow":["GET"]}}],"collection":[{"href":"https:\/\/www.walraven.com\/sk\/wp-json\/wp\/v2\/pages"}],"about":[{"href":"https:\/\/www.walraven.com\/sk\/wp-json\/wp\/v2\/types\/page"}],"author":[{"embeddable":true,"href":"https:\/\/www.walraven.com\/sk\/wp-json\/wp\/v2\/users\/43"}],"replies":[{"embeddable":true,"href":"https:\/\/www.walraven.com\/sk\/wp-json\/wp\/v2\/comments?post=53562"}],"version-history":[{"count":6,"href":"https:\/\/www.walraven.com\/sk\/wp-json\/wp\/v2\/pages\/53562\/revisions"}],"predecessor-version":[{"id":61571,"href":"https:\/\/www.walraven.com\/sk\/wp-json\/wp\/v2\/pages\/53562\/revisions\/61571"}],"wp:featuredmedia":[{"embeddable":true,"href":"https:\/\/www.walraven.com\/sk\/wp-json\/wp\/v2\/media\/54864"}],"wp:attachment":[{"href":"https:\/\/www.walraven.com\/sk\/wp-json\/wp\/v2\/media?parent=53562"}],"curies":[{"name":"wp","href":"https:\/\/api.w.org\/{rel}","templated":true}]}}