{"id":53604,"date":"2018-04-11T17:22:02","date_gmt":"2018-04-11T15:22:02","guid":{"rendered":"https:\/\/www.walraven.com\/?page_id=119893"},"modified":"2025-07-22T11:34:31","modified_gmt":"2025-07-22T09:34:31","slug":"opora-vzt-rozvodov","status":"publish","type":"page","link":"https:\/\/www.walraven.com\/sk\/strechy\/opora-vzt-rozvodov\/","title":{"rendered":"Opora VZT rozvodov"},"content":{"rendered":"","protected":false},"excerpt":{"rendered":"","protected":false},"author":43,"featured_media":0,"parent":53562,"menu_order":0,"comment_status":"closed","ping_status":"closed","template":"page-templates\/tpl-landingspage.php","meta":{"_acf_changed":false,"footnotes":""},"class_list":["post-53604","page","type-page","status-publish","hentry"],"acf":[],"yoast_head":"<!-- This site is optimized with the Yoast SEO Premium plugin v27.3 (Yoast SEO v27.3) - https:\/\/yoast.com\/product\/yoast-seo-premium-wordpress\/ -->\n<title>Opora VZT rozvodov - Walraven Slovensko<\/title>\n<meta name=\"description\" content=\"From small to large ducts our tailored Duct Support solutions are suitable for all types and sizes of ductwork and can run at practically any specified height above the roof surface. \u2705 High quality products \u2705Free project support\u2705 Your challenge, our support\" \/>\n<meta name=\"robots\" content=\"index, follow, max-snippet:-1, max-image-preview:large, max-video-preview:-1\" \/>\n<link rel=\"canonical\" href=\"https:\/\/www.walraven.com\/sk\/strechy\/opora-vzt-rozvodov\/\" \/>\n<meta property=\"og:locale\" content=\"sk_SK\" \/>\n<meta property=\"og:type\" content=\"article\" \/>\n<meta property=\"og:title\" content=\"Opora VZT rozvodov\" \/>\n<meta property=\"og:description\" content=\"From small to large ducts our tailored Duct Support solutions are suitable for all types and sizes of ductwork and can run at practically any specified height above the roof surface. \u2705 High quality products \u2705Free project support\u2705 Your challenge, our support\" \/>\n<meta property=\"og:url\" content=\"https:\/\/www.walraven.com\/sk\/strechy\/opora-vzt-rozvodov\/\" \/>\n<meta property=\"og:site_name\" content=\"Walraven Slovensko\" \/>\n<meta property=\"article:modified_time\" content=\"2025-07-22T09:34:31+00:00\" \/>\n<meta name=\"twitter:card\" content=\"summary_large_image\" \/>\n<meta name=\"twitter:label1\" content=\"Predpokladan\u00fd \u010das \u010d\u00edtania\" \/>\n\t<meta name=\"twitter:data1\" content=\"2 min\u00faty\" \/>\n<script type=\"application\/ld+json\" class=\"yoast-schema-graph\">{\"@context\":\"https:\\\/\\\/schema.org\",\"@graph\":[{\"@type\":\"WebPage\",\"@id\":\"https:\\\/\\\/www.walraven.com\\\/sk\\\/strechy\\\/opora-vzt-rozvodov\\\/\",\"url\":\"https:\\\/\\\/www.walraven.com\\\/sk\\\/strechy\\\/opora-vzt-rozvodov\\\/\",\"name\":\"Opora VZT rozvodov - Walraven Slovensko\",\"isPartOf\":{\"@id\":\"https:\\\/\\\/www.walraven.com\\\/sk\\\/#website\"},\"datePublished\":\"2018-04-11T15:22:02+00:00\",\"dateModified\":\"2025-07-22T09:34:31+00:00\",\"description\":\"From small to large ducts our tailored Duct Support solutions are suitable for all types and sizes of ductwork and can run at practically any specified height above the roof surface. \u2705 High quality products \u2705Free project support\u2705 Your challenge, our support\",\"breadcrumb\":{\"@id\":\"https:\\\/\\\/www.walraven.com\\\/sk\\\/strechy\\\/opora-vzt-rozvodov\\\/#breadcrumb\"},\"inLanguage\":\"sk-SK\",\"potentialAction\":[{\"@type\":\"ReadAction\",\"target\":[\"https:\\\/\\\/www.walraven.com\\\/sk\\\/strechy\\\/opora-vzt-rozvodov\\\/\"]}]},{\"@type\":\"BreadcrumbList\",\"@id\":\"https:\\\/\\\/www.walraven.com\\\/sk\\\/strechy\\\/opora-vzt-rozvodov\\\/#breadcrumb\",\"itemListElement\":[{\"@type\":\"ListItem\",\"position\":1,\"name\":\"\u00davod\",\"item\":\"https:\\\/\\\/www.walraven.com\\\/sk\\\/\"},{\"@type\":\"ListItem\",\"position\":2,\"name\":\"Kon\u0161trukcie pre stre\u0161n\u00e9 in\u0161tal\u00e1cie\",\"item\":\"https:\\\/\\\/www.walraven.com\\\/sk\\\/strechy\\\/\"},{\"@type\":\"ListItem\",\"position\":3,\"name\":\"Opora VZT rozvodov\"}]},{\"@type\":\"WebSite\",\"@id\":\"https:\\\/\\\/www.walraven.com\\\/sk\\\/#website\",\"url\":\"https:\\\/\\\/www.walraven.com\\\/sk\\\/\",\"name\":\"Walraven Slovensko\",\"description\":\"\",\"publisher\":{\"@id\":\"https:\\\/\\\/www.walraven.com\\\/sk\\\/#organization\"},\"potentialAction\":[{\"@type\":\"SearchAction\",\"target\":{\"@type\":\"EntryPoint\",\"urlTemplate\":\"https:\\\/\\\/www.walraven.com\\\/sk\\\/?s={search_term_string}\"},\"query-input\":{\"@type\":\"PropertyValueSpecification\",\"valueRequired\":true,\"valueName\":\"search_term_string\"}}],\"inLanguage\":\"sk-SK\"},{\"@type\":\"Organization\",\"@id\":\"https:\\\/\\\/www.walraven.com\\\/sk\\\/#organization\",\"name\":\"Walraven s.r.o.\",\"alternateName\":\"Walraven s.r.o.\",\"url\":\"https:\\\/\\\/www.walraven.com\\\/sk\\\/\",\"logo\":{\"@type\":\"ImageObject\",\"inLanguage\":\"sk-SK\",\"@id\":\"https:\\\/\\\/www.walraven.com\\\/sk\\\/#\\\/schema\\\/logo\\\/image\\\/\",\"url\":\"https:\\\/\\\/www.walraven.com\\\/sk\\\/wp-content\\\/uploads\\\/sites\\\/34\\\/2023\\\/12\\\/Walraven_logo300x300.jpg\",\"contentUrl\":\"https:\\\/\\\/www.walraven.com\\\/sk\\\/wp-content\\\/uploads\\\/sites\\\/34\\\/2023\\\/12\\\/Walraven_logo300x300.jpg\",\"width\":300,\"height\":300,\"caption\":\"Walraven s.r.o.\"},\"image\":{\"@id\":\"https:\\\/\\\/www.walraven.com\\\/sk\\\/#\\\/schema\\\/logo\\\/image\\\/\"}}]}<\/script>\n<!-- \/ Yoast SEO Premium plugin. -->","yoast_head_json":{"title":"Opora VZT rozvodov - Walraven Slovensko","description":"From small to large ducts our tailored Duct Support solutions are suitable for all types and sizes of ductwork and can run at practically any specified height above the roof surface. \u2705 High quality products \u2705Free project support\u2705 Your challenge, our support","robots":{"index":"index","follow":"follow","max-snippet":"max-snippet:-1","max-image-preview":"max-image-preview:large","max-video-preview":"max-video-preview:-1"},"canonical":"https:\/\/www.walraven.com\/sk\/strechy\/opora-vzt-rozvodov\/","og_locale":"sk_SK","og_type":"article","og_title":"Opora VZT rozvodov","og_description":"From small to large ducts our tailored Duct Support solutions are suitable for all types and sizes of ductwork and can run at practically any specified height above the roof surface. \u2705 High quality products \u2705Free project support\u2705 Your challenge, our support","og_url":"https:\/\/www.walraven.com\/sk\/strechy\/opora-vzt-rozvodov\/","og_site_name":"Walraven Slovensko","article_modified_time":"2025-07-22T09:34:31+00:00","twitter_card":"summary_large_image","twitter_misc":{"Predpokladan\u00fd \u010das \u010d\u00edtania":"2 min\u00faty"},"schema":{"@context":"https:\/\/schema.org","@graph":[{"@type":"WebPage","@id":"https:\/\/www.walraven.com\/sk\/strechy\/opora-vzt-rozvodov\/","url":"https:\/\/www.walraven.com\/sk\/strechy\/opora-vzt-rozvodov\/","name":"Opora VZT rozvodov - Walraven Slovensko","isPartOf":{"@id":"https:\/\/www.walraven.com\/sk\/#website"},"datePublished":"2018-04-11T15:22:02+00:00","dateModified":"2025-07-22T09:34:31+00:00","description":"From small to large ducts our tailored Duct Support solutions are suitable for all types and sizes of ductwork and can run at practically any specified height above the roof surface. \u2705 High quality products \u2705Free project support\u2705 Your challenge, our support","breadcrumb":{"@id":"https:\/\/www.walraven.com\/sk\/strechy\/opora-vzt-rozvodov\/#breadcrumb"},"inLanguage":"sk-SK","potentialAction":[{"@type":"ReadAction","target":["https:\/\/www.walraven.com\/sk\/strechy\/opora-vzt-rozvodov\/"]}]},{"@type":"BreadcrumbList","@id":"https:\/\/www.walraven.com\/sk\/strechy\/opora-vzt-rozvodov\/#breadcrumb","itemListElement":[{"@type":"ListItem","position":1,"name":"\u00davod","item":"https:\/\/www.walraven.com\/sk\/"},{"@type":"ListItem","position":2,"name":"Kon\u0161trukcie pre stre\u0161n\u00e9 in\u0161tal\u00e1cie","item":"https:\/\/www.walraven.com\/sk\/strechy\/"},{"@type":"ListItem","position":3,"name":"Opora VZT rozvodov"}]},{"@type":"WebSite","@id":"https:\/\/www.walraven.com\/sk\/#website","url":"https:\/\/www.walraven.com\/sk\/","name":"Walraven Slovensko","description":"","publisher":{"@id":"https:\/\/www.walraven.com\/sk\/#organization"},"potentialAction":[{"@type":"SearchAction","target":{"@type":"EntryPoint","urlTemplate":"https:\/\/www.walraven.com\/sk\/?s={search_term_string}"},"query-input":{"@type":"PropertyValueSpecification","valueRequired":true,"valueName":"search_term_string"}}],"inLanguage":"sk-SK"},{"@type":"Organization","@id":"https:\/\/www.walraven.com\/sk\/#organization","name":"Walraven s.r.o.","alternateName":"Walraven s.r.o.","url":"https:\/\/www.walraven.com\/sk\/","logo":{"@type":"ImageObject","inLanguage":"sk-SK","@id":"https:\/\/www.walraven.com\/sk\/#\/schema\/logo\/image\/","url":"https:\/\/www.walraven.com\/sk\/wp-content\/uploads\/sites\/34\/2023\/12\/Walraven_logo300x300.jpg","contentUrl":"https:\/\/www.walraven.com\/sk\/wp-content\/uploads\/sites\/34\/2023\/12\/Walraven_logo300x300.jpg","width":300,"height":300,"caption":"Walraven s.r.o."},"image":{"@id":"https:\/\/www.walraven.com\/sk\/#\/schema\/logo\/image\/"}}]}},"_links":{"self":[{"href":"https:\/\/www.walraven.com\/sk\/wp-json\/wp\/v2\/pages\/53604","targetHints":{"allow":["GET"]}}],"collection":[{"href":"https:\/\/www.walraven.com\/sk\/wp-json\/wp\/v2\/pages"}],"about":[{"href":"https:\/\/www.walraven.com\/sk\/wp-json\/wp\/v2\/types\/page"}],"author":[{"embeddable":true,"href":"https:\/\/www.walraven.com\/sk\/wp-json\/wp\/v2\/users\/43"}],"replies":[{"embeddable":true,"href":"https:\/\/www.walraven.com\/sk\/wp-json\/wp\/v2\/comments?post=53604"}],"version-history":[{"count":6,"href":"https:\/\/www.walraven.com\/sk\/wp-json\/wp\/v2\/pages\/53604\/revisions"}],"predecessor-version":[{"id":61600,"href":"https:\/\/www.walraven.com\/sk\/wp-json\/wp\/v2\/pages\/53604\/revisions\/61600"}],"up":[{"embeddable":true,"href":"https:\/\/www.walraven.com\/sk\/wp-json\/wp\/v2\/pages\/53562"}],"wp:attachment":[{"href":"https:\/\/www.walraven.com\/sk\/wp-json\/wp\/v2\/media?parent=53604"}],"curies":[{"name":"wp","href":"https:\/\/api.w.org\/{rel}","templated":true}]}}