{"id":53625,"date":"2018-04-11T17:03:18","date_gmt":"2018-04-11T15:03:18","guid":{"rendered":"https:\/\/www.walraven.com\/?page_id=119882"},"modified":"2025-07-22T11:34:36","modified_gmt":"2025-07-22T09:34:36","slug":"opora-vysokeho-zatazenia","status":"publish","type":"page","link":"https:\/\/www.walraven.com\/sk\/strechy\/opora-vysokeho-zatazenia\/","title":{"rendered":"Opora vysok\u00e9ho za\u0165a\u017eenia"},"content":{"rendered":"","protected":false},"excerpt":{"rendered":"","protected":false},"author":43,"featured_media":0,"parent":53562,"menu_order":0,"comment_status":"closed","ping_status":"closed","template":"page-templates\/tpl-landingspage.php","meta":{"_acf_changed":false,"footnotes":""},"class_list":["post-53625","page","type-page","status-publish","hentry"],"acf":[],"yoast_head":"<!-- This site is optimized with the Yoast SEO Premium plugin v27.3 (Yoast SEO v27.3) - https:\/\/yoast.com\/product\/yoast-seo-premium-wordpress\/ -->\n<title>Opora vysok\u00e9ho za\u0165a\u017eenia - Walraven Slovensko<\/title>\n<meta name=\"description\" content=\"Wherever load distribution is critical, Walraven provides solutions capable of supporting the largest and heaviest machinery at every flat roof. \u2705 High quality products \u2705Free project support \u2705 Your challenge, our support\" \/>\n<meta name=\"robots\" content=\"index, follow, max-snippet:-1, max-image-preview:large, max-video-preview:-1\" \/>\n<link rel=\"canonical\" href=\"https:\/\/www.walraven.com\/sk\/strechy\/opora-vysokeho-zatazenia\/\" \/>\n<meta property=\"og:locale\" content=\"sk_SK\" \/>\n<meta property=\"og:type\" content=\"article\" \/>\n<meta property=\"og:title\" content=\"Opora vysok\u00e9ho za\u0165a\u017eenia\" \/>\n<meta property=\"og:description\" content=\"Wherever load distribution is critical, Walraven provides solutions capable of supporting the largest and heaviest machinery at every flat roof. \u2705 High quality products \u2705Free project support \u2705 Your challenge, our support\" \/>\n<meta property=\"og:url\" content=\"https:\/\/www.walraven.com\/sk\/strechy\/opora-vysokeho-zatazenia\/\" \/>\n<meta property=\"og:site_name\" content=\"Walraven Slovensko\" \/>\n<meta property=\"article:modified_time\" content=\"2025-07-22T09:34:36+00:00\" \/>\n<meta name=\"twitter:card\" content=\"summary_large_image\" \/>\n<meta name=\"twitter:label1\" content=\"Predpokladan\u00fd \u010das \u010d\u00edtania\" \/>\n\t<meta name=\"twitter:data1\" content=\"2 min\u00faty\" \/>\n<script type=\"application\/ld+json\" class=\"yoast-schema-graph\">{\"@context\":\"https:\\\/\\\/schema.org\",\"@graph\":[{\"@type\":\"WebPage\",\"@id\":\"https:\\\/\\\/www.walraven.com\\\/sk\\\/strechy\\\/opora-vysokeho-zatazenia\\\/\",\"url\":\"https:\\\/\\\/www.walraven.com\\\/sk\\\/strechy\\\/opora-vysokeho-zatazenia\\\/\",\"name\":\"Opora vysok\u00e9ho za\u0165a\u017eenia - Walraven Slovensko\",\"isPartOf\":{\"@id\":\"https:\\\/\\\/www.walraven.com\\\/sk\\\/#website\"},\"datePublished\":\"2018-04-11T15:03:18+00:00\",\"dateModified\":\"2025-07-22T09:34:36+00:00\",\"description\":\"Wherever load distribution is critical, Walraven provides solutions capable of supporting the largest and heaviest machinery at every flat roof. \u2705 High quality products \u2705Free project support \u2705 Your challenge, our support\",\"breadcrumb\":{\"@id\":\"https:\\\/\\\/www.walraven.com\\\/sk\\\/strechy\\\/opora-vysokeho-zatazenia\\\/#breadcrumb\"},\"inLanguage\":\"sk-SK\",\"potentialAction\":[{\"@type\":\"ReadAction\",\"target\":[\"https:\\\/\\\/www.walraven.com\\\/sk\\\/strechy\\\/opora-vysokeho-zatazenia\\\/\"]}]},{\"@type\":\"BreadcrumbList\",\"@id\":\"https:\\\/\\\/www.walraven.com\\\/sk\\\/strechy\\\/opora-vysokeho-zatazenia\\\/#breadcrumb\",\"itemListElement\":[{\"@type\":\"ListItem\",\"position\":1,\"name\":\"\u00davod\",\"item\":\"https:\\\/\\\/www.walraven.com\\\/sk\\\/\"},{\"@type\":\"ListItem\",\"position\":2,\"name\":\"Kon\u0161trukcie pre stre\u0161n\u00e9 in\u0161tal\u00e1cie\",\"item\":\"https:\\\/\\\/www.walraven.com\\\/sk\\\/strechy\\\/\"},{\"@type\":\"ListItem\",\"position\":3,\"name\":\"Opora vysok\u00e9ho za\u0165a\u017eenia\"}]},{\"@type\":\"WebSite\",\"@id\":\"https:\\\/\\\/www.walraven.com\\\/sk\\\/#website\",\"url\":\"https:\\\/\\\/www.walraven.com\\\/sk\\\/\",\"name\":\"Walraven Slovensko\",\"description\":\"\",\"publisher\":{\"@id\":\"https:\\\/\\\/www.walraven.com\\\/sk\\\/#organization\"},\"potentialAction\":[{\"@type\":\"SearchAction\",\"target\":{\"@type\":\"EntryPoint\",\"urlTemplate\":\"https:\\\/\\\/www.walraven.com\\\/sk\\\/?s={search_term_string}\"},\"query-input\":{\"@type\":\"PropertyValueSpecification\",\"valueRequired\":true,\"valueName\":\"search_term_string\"}}],\"inLanguage\":\"sk-SK\"},{\"@type\":\"Organization\",\"@id\":\"https:\\\/\\\/www.walraven.com\\\/sk\\\/#organization\",\"name\":\"Walraven s.r.o.\",\"alternateName\":\"Walraven s.r.o.\",\"url\":\"https:\\\/\\\/www.walraven.com\\\/sk\\\/\",\"logo\":{\"@type\":\"ImageObject\",\"inLanguage\":\"sk-SK\",\"@id\":\"https:\\\/\\\/www.walraven.com\\\/sk\\\/#\\\/schema\\\/logo\\\/image\\\/\",\"url\":\"https:\\\/\\\/www.walraven.com\\\/sk\\\/wp-content\\\/uploads\\\/sites\\\/34\\\/2023\\\/12\\\/Walraven_logo300x300.jpg\",\"contentUrl\":\"https:\\\/\\\/www.walraven.com\\\/sk\\\/wp-content\\\/uploads\\\/sites\\\/34\\\/2023\\\/12\\\/Walraven_logo300x300.jpg\",\"width\":300,\"height\":300,\"caption\":\"Walraven s.r.o.\"},\"image\":{\"@id\":\"https:\\\/\\\/www.walraven.com\\\/sk\\\/#\\\/schema\\\/logo\\\/image\\\/\"}}]}<\/script>\n<!-- \/ Yoast SEO Premium plugin. -->","yoast_head_json":{"title":"Opora vysok\u00e9ho za\u0165a\u017eenia - Walraven Slovensko","description":"Wherever load distribution is critical, Walraven provides solutions capable of supporting the largest and heaviest machinery at every flat roof. \u2705 High quality products \u2705Free project support \u2705 Your challenge, our support","robots":{"index":"index","follow":"follow","max-snippet":"max-snippet:-1","max-image-preview":"max-image-preview:large","max-video-preview":"max-video-preview:-1"},"canonical":"https:\/\/www.walraven.com\/sk\/strechy\/opora-vysokeho-zatazenia\/","og_locale":"sk_SK","og_type":"article","og_title":"Opora vysok\u00e9ho za\u0165a\u017eenia","og_description":"Wherever load distribution is critical, Walraven provides solutions capable of supporting the largest and heaviest machinery at every flat roof. \u2705 High quality products \u2705Free project support \u2705 Your challenge, our support","og_url":"https:\/\/www.walraven.com\/sk\/strechy\/opora-vysokeho-zatazenia\/","og_site_name":"Walraven Slovensko","article_modified_time":"2025-07-22T09:34:36+00:00","twitter_card":"summary_large_image","twitter_misc":{"Predpokladan\u00fd \u010das \u010d\u00edtania":"2 min\u00faty"},"schema":{"@context":"https:\/\/schema.org","@graph":[{"@type":"WebPage","@id":"https:\/\/www.walraven.com\/sk\/strechy\/opora-vysokeho-zatazenia\/","url":"https:\/\/www.walraven.com\/sk\/strechy\/opora-vysokeho-zatazenia\/","name":"Opora vysok\u00e9ho za\u0165a\u017eenia - Walraven Slovensko","isPartOf":{"@id":"https:\/\/www.walraven.com\/sk\/#website"},"datePublished":"2018-04-11T15:03:18+00:00","dateModified":"2025-07-22T09:34:36+00:00","description":"Wherever load distribution is critical, Walraven provides solutions capable of supporting the largest and heaviest machinery at every flat roof. \u2705 High quality products \u2705Free project support \u2705 Your challenge, our support","breadcrumb":{"@id":"https:\/\/www.walraven.com\/sk\/strechy\/opora-vysokeho-zatazenia\/#breadcrumb"},"inLanguage":"sk-SK","potentialAction":[{"@type":"ReadAction","target":["https:\/\/www.walraven.com\/sk\/strechy\/opora-vysokeho-zatazenia\/"]}]},{"@type":"BreadcrumbList","@id":"https:\/\/www.walraven.com\/sk\/strechy\/opora-vysokeho-zatazenia\/#breadcrumb","itemListElement":[{"@type":"ListItem","position":1,"name":"\u00davod","item":"https:\/\/www.walraven.com\/sk\/"},{"@type":"ListItem","position":2,"name":"Kon\u0161trukcie pre stre\u0161n\u00e9 in\u0161tal\u00e1cie","item":"https:\/\/www.walraven.com\/sk\/strechy\/"},{"@type":"ListItem","position":3,"name":"Opora vysok\u00e9ho za\u0165a\u017eenia"}]},{"@type":"WebSite","@id":"https:\/\/www.walraven.com\/sk\/#website","url":"https:\/\/www.walraven.com\/sk\/","name":"Walraven Slovensko","description":"","publisher":{"@id":"https:\/\/www.walraven.com\/sk\/#organization"},"potentialAction":[{"@type":"SearchAction","target":{"@type":"EntryPoint","urlTemplate":"https:\/\/www.walraven.com\/sk\/?s={search_term_string}"},"query-input":{"@type":"PropertyValueSpecification","valueRequired":true,"valueName":"search_term_string"}}],"inLanguage":"sk-SK"},{"@type":"Organization","@id":"https:\/\/www.walraven.com\/sk\/#organization","name":"Walraven s.r.o.","alternateName":"Walraven s.r.o.","url":"https:\/\/www.walraven.com\/sk\/","logo":{"@type":"ImageObject","inLanguage":"sk-SK","@id":"https:\/\/www.walraven.com\/sk\/#\/schema\/logo\/image\/","url":"https:\/\/www.walraven.com\/sk\/wp-content\/uploads\/sites\/34\/2023\/12\/Walraven_logo300x300.jpg","contentUrl":"https:\/\/www.walraven.com\/sk\/wp-content\/uploads\/sites\/34\/2023\/12\/Walraven_logo300x300.jpg","width":300,"height":300,"caption":"Walraven s.r.o."},"image":{"@id":"https:\/\/www.walraven.com\/sk\/#\/schema\/logo\/image\/"}}]}},"_links":{"self":[{"href":"https:\/\/www.walraven.com\/sk\/wp-json\/wp\/v2\/pages\/53625","targetHints":{"allow":["GET"]}}],"collection":[{"href":"https:\/\/www.walraven.com\/sk\/wp-json\/wp\/v2\/pages"}],"about":[{"href":"https:\/\/www.walraven.com\/sk\/wp-json\/wp\/v2\/types\/page"}],"author":[{"embeddable":true,"href":"https:\/\/www.walraven.com\/sk\/wp-json\/wp\/v2\/users\/43"}],"replies":[{"embeddable":true,"href":"https:\/\/www.walraven.com\/sk\/wp-json\/wp\/v2\/comments?post=53625"}],"version-history":[{"count":5,"href":"https:\/\/www.walraven.com\/sk\/wp-json\/wp\/v2\/pages\/53625\/revisions"}],"predecessor-version":[{"id":61601,"href":"https:\/\/www.walraven.com\/sk\/wp-json\/wp\/v2\/pages\/53625\/revisions\/61601"}],"up":[{"embeddable":true,"href":"https:\/\/www.walraven.com\/sk\/wp-json\/wp\/v2\/pages\/53562"}],"wp:attachment":[{"href":"https:\/\/www.walraven.com\/sk\/wp-json\/wp\/v2\/media?parent=53625"}],"curies":[{"name":"wp","href":"https:\/\/api.w.org\/{rel}","templated":true}]}}