{"id":54093,"date":"2019-02-06T11:31:06","date_gmt":"2019-02-06T10:31:06","guid":{"rendered":"https:\/\/www.walraven.com\/sk\/?page_id=54093"},"modified":"2025-11-21T15:16:53","modified_gmt":"2025-11-21T14:16:53","slug":"vop","status":"publish","type":"page","link":"https:\/\/www.walraven.com\/sk\/vop\/","title":{"rendered":"V\u0161eobecn\u00e9 obchodn\u00e9 podmienky"},"content":{"rendered":"<p><strong>\u00a0<\/strong><\/p>\n<ol>\n<li><strong>V\u0161eobecn\u00e1 ustanoven\u00ed<\/strong><\/li>\n<\/ol>\n<p>T\u011bmito V\u0161eobecn\u00fdmi obchodn\u00edmi podm\u00ednkami se \u0159\u00edd\u00ed v\u0161echny obchodn\u00ed vztahy mezi spole\u010dnost\u00ed Walraven s.r.o., se s\u00eddlem Horka u Star\u00e9 Paky, 51234 Horka u Star\u00e9 Paky, \u010cesk\u00e1 republika, I\u010c: 48171476, DI\u010c: CZ48171476, v&nbsp;obchodn\u00edm rejst\u0159\u00edku je zaps\u00e1na pod spisovou zna\u010dkou C 53419 veden\u00e9 u Krajsk\u00e9ho soudu v&nbsp;\u00dast\u00ed nad Labem a druhou smluvn\u00ed stranou.<\/p>\n<ol start=\"2\">\n<li><strong>Vymezen\u00ed pojm\u016f<\/strong><\/li>\n<\/ol>\n<p>N\u00e1sleduj\u00edc\u00ed pojmy u\u017eit\u00e9 v\u00a0textu t\u011bchto v\u0161eobecn\u00fdch obchodn\u00edch podm\u00ednek s\u00a0velk\u00fdmi p\u00edsmeny budou m\u00edt n\u00ed\u017ee uveden\u00fd v\u00fdznam:<\/p>\n<p>\u201eDodavatel\u201c znamen\u00e1 spole\u010dnost Walraven s.r.o.;<\/p>\n<p>\u201eOdb\u011bratel\u201c znamen\u00e1 osobu nebo spole\u010dnost, kter\u00e1 uzav\u0159ela s\u00a0Dodavatelem R\u00e1mcovou dohodu nebo Smlouvu;<\/p>\n<p>\u201eCen\u00edk\u201c znamen\u00e1 aktu\u00e1ln\u00ed ceny, kter\u00e9 jsou uvedeny k&nbsp;jednotliv\u00fdm Produkt\u016fm, za\u0159azen\u00fdm v\u00a0Katalogu;<\/p>\n<p>\u201eDodac\u00ed list\u201c p\u0159edstavuje doklad o p\u0159ed\u00e1n\u00ed Zbo\u017e\u00ed Odb\u011brateli, a tedy jednak dodac\u00ed list nebo obdobn\u00fd doklad vystaven Dodavateli ze strany Odb\u011bratele;<\/p>\n<p>\u201eDokumentace\u201c znamen\u00e1 zejm\u00e9na manu\u00e1l u\u017e\u00edv\u00e1n\u00ed Zbo\u017e\u00ed, n\u00e1vod k&nbsp;pou\u017eit\u00ed, prohl\u00e1\u0161en\u00ed o shod\u011b v\u00fdrobku, piktogram uveden\u00fd na Zbo\u017e\u00ed nebo obalu, p\u0159\u00edbalov\u00fd let\u00e1k a dal\u0161\u00ed dokumentace poskytnut\u00e1 Dodavateli v&nbsp;souvislosti s&nbsp;prodejem a u\u017e\u00edv\u00e1n\u00edm Zbo\u017e\u00ed;<\/p>\n<p>\u201eDopravce\u201c znamen\u00e1 t\u0159et\u00ed osobu, kter\u00e1 je ve smluvn\u00edm vztahu s\u00a0Dodavatelem, a kter\u00e1 zajist\u00ed doru\u010den\u00ed Zbo\u017e\u00ed Odb\u011brateli na m\u00edsto ur\u010den\u00ed;<\/p>\n<p>,,Katalog&#8220; p\u0159edstavuje souhrn katalogov\u00fdch list\u016f v&nbsp;r\u00e1mci katalogu Produkt\u016f na dan\u00fd rok, jako\u017e i jednotliv\u00e9 katalogov\u00e9 listy nov\u00fdch Produkt\u016f. Katalog je dostupn\u00fd v\u00a0s\u00eddle Dodavatele, u obchodn\u00edho z\u00e1stupce a na internetov\u00e9 str\u00e1nce www.walraven.com\/cz;<\/p>\n<p>\u201eSmluvn\u00ed vztah\u201c znamen\u00e1 vztah ze Smlouvy nebo R\u00e1mcov\u00e9 dohody, kter\u00e1 se uzav\u00edr\u00e1 v&nbsp;souvislosti s&nbsp;v\u00fdkonem podnikatelsk\u00e9 \u010dinnosti Odb\u011bratele;<\/p>\n<p>\u201eObjedn\u00e1vka\u201c znamen\u00e1 jakoukoliv \u00fastn\u00ed \u010di p\u00edsemnou objedn\u00e1vku Produkt\u016f;<\/p>\n<p>\u201eOstatn\u00ed slu\u017eby\u201c znamen\u00e1 doprava, \u0161kolen\u00ed a technick\u00e9 poradenstv\u00ed;<\/p>\n<p>\u201eProdukty\u201c znamenaj\u00ed Zbo\u017e\u00ed a Ostatn\u00ed slu\u017eby;<\/p>\n<p>\u201eR\u00e1mcov\u00e1 dohoda\u201c znamen\u00e1 smlouvu mezi Dodavatelem a Odb\u011bratelem upravuj\u00edc\u00ed rabatov\u00e9 a dal\u0161\u00ed podm\u00ednky, za nich\u017e budou uzav\u00edrat jednotliv\u00e9 Smlouvy a dod\u00e1vat si Produkty;<\/p>\n<p>\u201eSmlouva\u201c znamen\u00e1 p\u00edsemnou \u010di \u00fastn\u00ed smlouvu mezi Dodavatelem a Z\u00e1kazn\u00edkem o dod\u00e1vce konkr\u00e9tn\u00edch Produkt\u016f, jako\u017e i o zaji\u0161t\u011bn\u00ed Ostatn\u00edch slu\u017eeb na z\u00e1klad\u011b Objedn\u00e1vky;<\/p>\n<p>\u201eVOP\u201c znamenaj\u00ed tyto v\u0161eobecn\u00e9 obchodn\u00ed podm\u00ednky;<\/p>\n<p>\u201eOdb\u011bratel\u201c znamen\u00e1 osobu, kter\u00e1 s\u00a0Dodavatelem uzav\u0159ela Smluvn\u00ed vztah;<\/p>\n<p>\u201eZbo\u017e\u00ed\u201c znamen\u00e1 zbo\u017e\u00ed nab\u00edzen\u00e9 v&nbsp;Katalogu nebo na str\u00e1nk\u00e1ch www.walraven.com\/cz;<\/p>\n<ol start=\"3\">\n<li><strong>Nab\u00eddka sortimentu<\/strong><\/li>\n<\/ol>\n<p>Ucelen\u00e1 nab\u00eddka sortimentu Dodavatele je uvedena v&nbsp;Katalogu a Cen\u00edku pro konkr\u00e9tn\u00ed platn\u00e9 obdob\u00ed. P\u0159\u00edpadn\u00e9 d\u00edl\u010d\u00ed zm\u011bny v&nbsp;sortimentu, cen\u00e1ch \u010di rabatov\u00fdch podm\u00ednk\u00e1ch jsou v\u017edy v\u010das oznamov\u00e1ny v\u0161em Odb\u011bratel\u016fm, a to v&nbsp;p\u00edsemn\u00e9 nebo elektronick\u00e9 podob\u011b. Tyto VOP se jako R\u00e1mcov\u00e1 dohoda vztahuj\u00ed na prodej Zbo\u017e\u00ed, kter\u00e9 m\u00e1 Dodavatel ve sv\u00e9m katalogu, jako\u017e i na Ostatn\u00ed slu\u017eby, kter\u00e9 Dodavatel dod\u00e1.<\/p>\n<ol start=\"4\">\n<li><strong>Objedn\u00e1vky<\/strong><\/li>\n<\/ol>\n<p>Objedn\u00e1vky lze p\u0159ij\u00edmat telefonicky, emailem (<a href=\"mailto:objednavky.cz@walraven.com\">objednavky.cz@walraven.com<\/a>), po\u0161tou nebo osobn\u011b. Dodavatel se zavazuje dod\u00e1vat Odb\u011brateli Zbo\u017e\u00ed na z\u00e1klad\u011b p\u00edsemn\u00fdch Objedn\u00e1vek v&nbsp;dohodnut\u00e9m druhu, mno\u017estv\u00ed a term\u00ednech. Dodavatel se zavazuje dod\u00e1vat Zbo\u017e\u00ed za ceny uveden\u00e9 ve sv\u00e9m cen\u00edku, platn\u00e9m pro konkr\u00e9tn\u00ed obdob\u00ed a dle R\u00e1mcov\u00e9 dohody. V&nbsp;Objedn\u00e1vce Zbo\u017e\u00ed Odb\u011bratel zejm\u00e9na uvede: ozna\u010den\u00ed firmy Odb\u011bratele, objednac\u00ed \u010d\u00edslo druhu a mno\u017estv\u00ed Zbo\u017e\u00ed, term\u00edn dod\u00e1vky, m\u00edsto ur\u010den\u00ed, datum Objedn\u00e1vky (listinnou objedn\u00e1vku opat\u0159\u00ed otiskem raz\u00edtka a podpisem opr\u00e1vn\u011bn\u00e9 osoby). Odb\u011bratel se zavazuje zaplatit Dodavateli kupn\u00ed cenu ur\u010denou dle R\u00e1mcov\u00e9 dohody nebo Smlouvy a v&nbsp;p\u0159\u00edloze Smlouvy, \u010di p\u0159\u00edloh\u00e1ch, kter\u00e9 ji pozd\u011bji nahrad\u00ed.<\/p>\n<ol start=\"5\">\n<li><strong>Term\u00edny dod\u00e1vek<\/strong><\/li>\n<\/ol>\n<p>Zbo\u017e\u00ed je expedov\u00e1no ka\u017ed\u00fd pracovn\u00ed den. Objedn\u00e1vka mus\u00ed b\u00fdt Dodavateli doru\u010dena max. do 12.00 hod. po\u017eadovan\u00e9ho dne expedice (objedn\u00e1vky doru\u010den\u00e9 po t\u00e9to lh\u016ft\u011b jsou expedov\u00e1ny n\u00e1sleduj\u00edc\u00ed pracovn\u00ed den). Z\u00e1silka je Odb\u011brateli doru\u010dena zpravidla do 24 hodin ode dne expedice (v&nbsp;p\u0159\u00edpad\u011b z\u00e1silky p\u0159esahuj\u00edc\u00ed n\u011bkter\u00fd z\u00a0rozm\u011br\u016f 3 m, m\u016f\u017ee b\u00fdt z\u00e1silka doru\u010dena pozd\u011bji, cca 48 hodin), pokud nen\u00ed dohodnuto jinak. Pokud nen\u00ed v&nbsp;dob\u011b p\u0159\u00edjmu Objedn\u00e1vky objednan\u00e9 Zbo\u017e\u00ed v&nbsp;dostate\u010dn\u00e9m mno\u017estv\u00ed skladem \u010di nen\u00ed veden\u00e9 jako skladov\u00e1 polo\u017eka Dodavatele, mus\u00ed b\u00fdt o tomto Odb\u011bratel informov\u00e1n a pokud souhlas\u00ed s&nbsp;rezervac\u00ed dan\u00e9ho Zbo\u017e\u00ed, bude mu toto dod\u00e1no v&nbsp;nejkrat\u0161\u00edm mo\u017en\u00e9m term\u00ednu. Nov\u00fd term\u00edn dod\u00e1n\u00ed je stanoven vz\u00e1jemnou dohodou mezi Dodavatelem a Odb\u011bratelem. V\u00a0p\u0159\u00edpad\u011b Objedn\u00e1vky neskladov\u00e9ho Zbo\u017e\u00ed nebo Ostatn\u00edch slu\u017eeb jsou dodac\u00ed podm\u00ednky a p\u0159\u00edpadn\u011b i cena dohodnuty individu\u00e1ln\u011b.<\/p>\n<ol start=\"6\">\n<li><strong>Zp\u016fsob dopravy a jej\u00ed \u00fahrada<\/strong><\/li>\n<\/ol>\n<p>Zbo\u017e\u00ed je dod\u00e1v\u00e1no Odb\u011brateli pomoc\u00ed Dopravce. Zp\u016fsob \u00fahrady n\u00e1klad\u016f na p\u0159epravu je uveden v&nbsp;rabatov\u00fdch podm\u00ednk\u00e1ch, p\u0159epravn\u00ed podm\u00ednky jsou uvedeny na internetov\u00fdch str\u00e1nk\u00e1ch <a href=\"https:\/\/www.walraven.com\/cz\/nejcastejsi-otazky-a-odpovedi\/#faq2\">walraven.com\/cz<\/a>. Nen\u00ed-li uvedeno jinak, Dodavatel hrad\u00ed dopravu za podm\u00ednky, \u017ee fakturovan\u00e1 cena Odb\u011brateli dopravovan\u00e9 dod\u00e1vky (z\u00e1silky) \u010din\u00ed nejm\u00e9n\u011b 5&nbsp;000&nbsp;K\u010d bez DPH (nebo 200 EUR). Nebezpe\u010d\u00ed \u0161kody na Zbo\u017e\u00ed p\u0159ech\u00e1z\u00ed jeho p\u0159ed\u00e1n\u00edm Odb\u011brateli nebo, je-li Zbo\u017e\u00ed odes\u00edl\u00e1no prost\u0159ednictv\u00edm Dopravce, jeho p\u0159ed\u00e1n\u00edm prvn\u00edmu Dopravci k&nbsp;p\u0159eprav\u011b pro Odb\u011bratele. Ujednan\u00fdm m\u00edstem ur\u010den\u00ed dod\u00e1vky Zbo\u017e\u00ed je m\u00edsto uveden\u00e9 na Objedn\u00e1vce, nen\u00ed-li ur\u010deno, m\u00e1 se za to, \u017ee je to m\u00edsto, kam je Zbo\u017e\u00ed Odb\u011brateli obvykle dod\u00e1v\u00e1no nebo m\u00edsto jeho s\u00eddla. P\u0159evzet\u00ed dod\u00e1vky Zbo\u017e\u00ed potvrd\u00ed Odb\u011bratel v&nbsp;Dodac\u00edm list\u011b vystaven\u00e9m Dodavatelem podpisem opr\u00e1vn\u011bn\u00e9 osoby zpravidla dopln\u011bn\u00fdm otiskem raz\u00edtka Odb\u011bratele, p\u0159\u00edpadn\u011b dal\u0161\u00edm identifika\u010dn\u00edm znakem. Dodac\u00ed list mus\u00ed obsahovat v\u0161echny obvykl\u00e9 \u00fadaje, zejm\u00e9na \u00fadaje o Dodavateli a Odb\u011brateli, datu Objedn\u00e1vky, druhu, mno\u017estv\u00ed. Opr\u00e1vn\u011bnou osobou k&nbsp;p\u0159evzet\u00ed dod\u00e1vky z\u00e1silky je v&nbsp;m\u00edst\u011b ur\u010den\u00ed dod\u00e1vky osoba, o n\u00ed\u017e to lze obvykle vzhledem k&nbsp;okolnostem (\u010dasu a m\u00edstu p\u0159ed\u00e1n\u00ed m\u00edstu ur\u010den\u00ed dod\u00e1vky Zbo\u017e\u00ed), rozumn\u011b p\u0159edpokl\u00e1dat. Osobn\u00ed odb\u011bry mus\u00ed Odb\u011bratel uv\u00e9st na objedn\u00e1vku nebo p\u0159edem telefonicky avizovat. Provozn\u00ed doba obchodn\u00edho odd\u011blen\u00ed a expedi\u010dn\u00edho skladu: Po\u2013\u010ct 07.00 \u2013 16.00 hod, P\u00e1 07.00 \u2013 12.00 hod.<\/p>\n<ol start=\"7\">\n<li><strong>Cena a platebn\u00ed podm\u00ednky<\/strong><\/li>\n<\/ol>\n<p>Ceny uveden\u00e9 v&nbsp;cen\u00edku Dodavatele jsou smluvn\u00ed a p\u0159edstavuj\u00ed DPC (doporu\u010den\u00e9 prodejn\u00ed ceny pro kone\u010dn\u00e9ho z\u00e1kazn\u00edka). Rabatov\u00e9 podm\u00ednky ze z\u00e1kladn\u00edho cen\u00edku jsou ned\u00edlnou sou\u010d\u00e1st\u00ed R\u00e1mcov\u00e9 dohody, odb\u011bratel je obdr\u017e\u00ed samostatn\u011b. Rabatov\u00e9 podm\u00ednky jsou p\u0159izn\u00e1v\u00e1ny Odb\u011bratel\u016fm individu\u00e1ln\u011b s&nbsp;platnost\u00ed po ur\u010dit\u00e9 obdob\u00ed. Dodavatel si vyhrazuje pr\u00e1vo na zm\u011bnu obchodn\u00edho rabatu a st\u00e1vaj\u00edc\u00edch obchodn\u00edch podm\u00ednek v&nbsp;p\u0159\u00edpad\u011b prodlen\u00ed s&nbsp;\u00fahradami dod\u00e1vek. P\u0159\u00edpadn\u00e9 zm\u011bny mus\u00ed Dodavatel ozn\u00e1mit Odb\u011brateli p\u00edsemn\u011b nebo emailem. Pro poskytnut\u00ed p\u0159\u00edslu\u0161n\u00e9ho rabatu mus\u00ed b\u00fdt spln\u011bna podm\u00ednka minim\u00e1ln\u00ed hodnoty Objedn\u00e1vky ve stanoven\u00e9 v\u00fd\u0161i (viz Rabatov\u00e9 a obchodn\u00ed podm\u00ednky). V&nbsp;p\u0159\u00edpad\u011b zkr\u00e1cen\u00e9 \u00fahrady poskytuje Dodavatel skonto (viz Rabatov\u00e9 a obchodn\u00ed podm\u00ednky). Na platbu dod\u00e1vky Zbo\u017e\u00ed poskytuje Dodavatel b\u011b\u017enou standardn\u00ed splatnost 14&nbsp;dn\u00ed. Podkladem k&nbsp;zaplacen\u00ed ceny Produkt\u016f je faktura jako da\u0148ov\u00fd doklad, kter\u00fd m\u00e1 n\u00e1le\u017eitosti stanoven\u00e9 pr\u00e1vn\u00edm p\u0159edpisem. Cena je splatn\u00e1 ve lh\u016ft\u011b, kter\u00e1 je pro splatnost uvedena na da\u0148ov\u00e9m dokladu. Odb\u011bratel je povinen zaplatit cenu za dodan\u00e9 Zbo\u017e\u00ed nejpozd\u011bji do data splatnosti uveden\u00e9ho na faktu\u0159e. T\u00edm se rozum\u00ed, \u017ee dan\u00e1 \u010d\u00e1stka bude nejpozd\u011bji v&nbsp;den jej\u00ed splatnosti p\u0159ips\u00e1na na \u00fa\u010det Dodavatele. Dodavatel je opr\u00e1vn\u011bn na Odb\u011brateli po\u017eadovat, aby p\u0159ed uzav\u0159en\u00edm Smlouvy nebo i kdykoliv v&nbsp;pr\u016fb\u011bhu smluvn\u00edho vztahu poskytl Dodavateli s\u00e1m nebo prost\u0159ednictv\u00edm t\u0159et\u00ed osoby zaji\u0161t\u011bn\u00ed sv\u00e9ho z\u00e1vazku k&nbsp;zaplacen\u00ed ceny Zbo\u017e\u00ed formou bankovn\u00ed z\u00e1ruky, ru\u010ditelsk\u00e9ho prohl\u00e1\u0161en\u00ed, p\u0159edkupn\u00edho pr\u00e1va, z\u00e1stavy apod. Odb\u011bratel se zavazuje bez zbyte\u010dn\u00e9ho odkladu ozn\u00e1mit Dodavateli zm\u011bnu sv\u00e9ho bankovn\u00edho spojen\u00ed. Zbo\u017e\u00ed z\u016fst\u00e1v\u00e1 a\u017e do jeho \u00fapln\u00e9ho zaplacen\u00ed majetkem Dodavatele. Odb\u011bratel p\u0159i \u00fahrad\u011b faktury po lh\u016ft\u011b splatnosti zaplat\u00ed smluvn\u00ed pokutu 0,05&nbsp;% za ka\u017ed\u00fd den prodlen\u00ed.<\/p>\n<ol start=\"8\">\n<li><strong>Reklamace a z\u00e1ruka<\/strong><\/li>\n<\/ol>\n<p>Na Zbo\u017e\u00ed je poskytov\u00e1na z\u00e1ruka po dobu 24 m\u011bs\u00edc\u016f. Z\u00e1ruka se vztahuje na povrchovou \u00fapravu, funk\u010dnost, proveden\u00ed, zaru\u010denou nosnost. Reklamace je vy\u0159izov\u00e1na okam\u017eitou v\u00fdm\u011bnou za nov\u00fd v\u00fdrobek. Na ozna\u010den\u00e9 v\u00fdrobky je poskytov\u00e1na z\u00e1ruka del\u0161\u00ed ne\u017e dva roky p\u0159i dodr\u017een\u00ed podm\u00ednek uveden\u00fdch v&nbsp;samostatn\u00e9m prohl\u00e1\u0161en\u00ed, kter\u00e9 je za\u0159azeno v\u00a0kapitole Technick\u00e9 dokumentace katalogu v\u00fdrobk\u016f. Odb\u011bratel je povinen p\u0159i p\u0159evzet\u00ed Zbo\u017e\u00ed zkontrolovat jeho \u00faplnost a neporu\u0161enost. Pokud je Zbo\u017e\u00ed dod\u00e1no p\u0159epravn\u00ed spole\u010dnost\u00ed, je Odb\u011bratel povinen z\u00e1silku p\u0159evz\u00edt d\u016fkladn\u011b a p\u0159\u00edpadnou ne\u00faplnost, po\u0161kozen\u00ed \u010di jin\u00e9 nesrovnalosti \u0159\u00e1dn\u011b zapsat do p\u0159epravn\u00edho listu. V&nbsp;opa\u010dn\u00e9m p\u0159\u00edpad\u011b nen\u00ed mo\u017en\u00e9 po p\u0159epravn\u00ed spole\u010dnosti po\u017eadovat n\u00e1hradu \u0161kody a m\u00e1 se tedy za to, \u017ee Odb\u011bratel p\u0159evzal z\u00e1silku \u00faplnou. Na spr\u00e1vnost dod\u00e1vky objednan\u00e9ho Zbo\u017e\u00ed poskytuje Dodavatel z\u00e1ruku po dobu 3 dn\u016f ode dne p\u0159evzet\u00ed Zbo\u017e\u00ed. Zji\u0161t\u011bn\u00e9 eventu\u00e1ln\u00ed nesrovnalosti (z\u00e1m\u011bna Zbo\u017e\u00ed, dod\u00e1vka neobjednan\u00e9 polo\u017eky apod.) se \u0159e\u0161\u00ed dle dohody mezi Odb\u011bratelem a Dodavatelem. N\u00e1klady na \u0159e\u0161en\u00ed t\u00e9to reklamace (zavin\u011bn\u00e9 ze strany Dodavatele) nese Dodavatel. Dodavatel neodpov\u00edd\u00e1 za \u017e\u00e1dn\u00e9 \u0161kody vypl\u00fdvaj\u00edc\u00ed z&nbsp;poradenstv\u00ed nebo informac\u00ed poskytnut\u00fdch Odb\u011bratel\u016fm, pokud s&nbsp;t\u00edm v\u00fdslovn\u011b a p\u00edsemn\u011b nesouhlas\u00ed.<\/p>\n<p>Z\u00e1ruka se nevztahuje na n\u00e1sleduj\u00edc\u00ed skute\u010dnosti: Pou\u017e\u00edv\u00e1n\u00ed Zbo\u017e\u00ed v\u00a0rozporu s\u00a0p\u0159edanou Dokumentac\u00ed; pou\u017eit\u00ed Zbo\u017e\u00ed k\u00a0jin\u00fdm \u00fa\u010del\u016fm, ne\u017e je ur\u010deno; p\u016fsoben\u00edm p\u0159\u00edrodn\u00edch sil \u010di jin\u00fdch vn\u011bj\u0161\u00edch ud\u00e1lost\u00ed, neodborn\u00e9 manipulace, kter\u00e9 nezp\u016fsobil Dodavatel ani Dopravce.<\/p>\n<ol start=\"9\">\n<li><strong>Ochrana osobn\u00edch \u00fadaj\u016f<\/strong><\/li>\n<\/ol>\n<p>Informace t\u00fdkaj\u00edc\u00ed se ochrany osobn\u00edch \u00fadaj\u016f v&nbsp;souvislosti s&nbsp;pr\u00e1vn\u00ed \u00fapravou v&nbsp;oblasti osobn\u00edch \u00fadaj\u016f \u2013 Na\u0159\u00edzen\u00edm Evropsk\u00e9ho parlamentu a Rady EU 2016\/679 o ochran\u011b fyzick\u00fdch osob v&nbsp;souvislosti se zpracov\u00e1n\u00edm osobn\u00edch \u00fadaj\u016f a o voln\u00e9m pohybu t\u011bchto \u00fadaj\u016f \u2013 d\u00e1le jen GDPR a se souvisej\u00edc\u00edmi pr\u00e1vn\u00edmi p\u0159edpisy upravuj\u00edc\u00edmi ochranu osobn\u00edch \u00fadaj\u016f najde Odb\u011bratel na internetov\u00fdch str\u00e1nk\u00e1ch: www.walraven.com\/cz<\/p>\n<ol start=\"10\">\n<li><strong>Z\u00e1v\u011bre\u010dn\u00e1 ustanoven\u00ed <\/strong><\/li>\n<\/ol>\n<p>Ve\u0161ker\u00e9 obchodn\u00ed vztahy mezi Dodavatelem a Odb\u011bratelem se \u0159\u00edd\u00ed pr\u00e1vn\u00edm \u0159\u00e1dem \u010cesk\u00e9 republiky, p\u0159edev\u0161\u00edm p\u0159\u00edslu\u0161n\u00fdmi ustanoven\u00edmi z\u00e1kona \u010d. 89\/2012 Sb., Ob\u010dansk\u00e9ho z\u00e1kon\u00edku. VOP upravuj\u00ed z\u00e1kladn\u00ed podm\u00ednky prodeje Zbo\u017e\u00ed Dodavatelem, a pokud se odchyluj\u00ed od dispozitivn\u00edch norem \u00fa\u010dinn\u00fdch pr\u00e1vn\u00edch p\u0159edpis\u016f, maj\u00ed p\u0159ed t\u011bmito normami p\u0159ednost.<\/p>\n<p>P\u0159\u00edpadn\u00e9 odli\u0161n\u00e9 podm\u00ednky Odb\u011bratele jsou platn\u00e9 jen v&nbsp;p\u0159\u00edpad\u011b v\u00fdslovn\u00e9ho p\u00edsemn\u00e9ho souhlasu Dodavatele, nen\u00ed-li v&nbsp;konkr\u00e9tn\u00ed Smlouv\u011b mezi Odb\u011bratelem a Dodavatelem sjedn\u00e1no jinak.<\/p>\n<p>Smluvn\u00ed strany se zavazuj\u00ed zachov\u00e1vat ve\u0161ker\u00e1, na v\u0161eobecn\u00e9 podm\u00ednky navazuj\u00edc\u00ed ujedn\u00e1n\u00ed v&nbsp;souvislosti s&nbsp;t\u00edmto Smluvn\u00edm vztahem, jako obchodn\u00ed tajemstv\u00ed a nesd\u011blovat je t\u0159et\u00edm stran\u00e1m.<\/p>\n<p><strong>\u00a0<\/strong><\/p>\n<p>V\u0161eobecn\u00e9 obchodn\u00ed podm\u00ednky jsou vyhl\u00e1\u0161eny s&nbsp;\u00fa\u010dinnost\u00ed od 1.1.2022.<\/p>\n","protected":false},"excerpt":{"rendered":"<p>\u00a0 V\u0161eobecn\u00e1 ustanoven\u00ed T\u011bmito V\u0161eobecn\u00fdmi obchodn\u00edmi podm\u00ednkami se \u0159\u00edd\u00ed v\u0161echny obchodn\u00ed vztahy mezi spole\u010dnost\u00ed Walraven s.r.o., se s\u00eddlem Horka u Star\u00e9 Paky, 51234 Horka u Star\u00e9 Paky, \u010cesk\u00e1 republika, I\u010c: 48171476, DI\u010c: CZ48171476, v&nbsp;obchodn\u00edm rejst\u0159\u00edku je zaps\u00e1na pod spisovou zna\u010dkou C 53419 veden\u00e9 u Krajsk\u00e9ho soudu v&nbsp;\u00dast\u00ed nad Labem a druhou smluvn\u00ed stranou. Vymezen\u00ed pojm\u016f [&hellip;]<\/p>\n","protected":false},"author":43,"featured_media":0,"parent":0,"menu_order":0,"comment_status":"closed","ping_status":"closed","template":"","meta":{"_acf_changed":false,"footnotes":""},"class_list":["post-54093","page","type-page","status-publish","hentry"],"acf":[],"yoast_head":"<!-- This site is optimized with the Yoast SEO Premium plugin v27.3 (Yoast SEO v27.3) - https:\/\/yoast.com\/product\/yoast-seo-premium-wordpress\/ -->\n<title>V\u0161eobecn\u00e9 obchodn\u00e9 podmienky - Walraven Slovensko<\/title>\n<meta name=\"robots\" content=\"index, follow, max-snippet:-1, max-image-preview:large, max-video-preview:-1\" \/>\n<link rel=\"canonical\" href=\"https:\/\/www.walraven.com\/sk\/vop\/\" \/>\n<meta property=\"og:locale\" content=\"sk_SK\" \/>\n<meta property=\"og:type\" content=\"article\" \/>\n<meta property=\"og:title\" content=\"V\u0161eobecn\u00e9 obchodn\u00e9 podmienky\" \/>\n<meta property=\"og:description\" content=\"\u00a0 V\u0161eobecn\u00e1 ustanoven\u00ed T\u011bmito V\u0161eobecn\u00fdmi obchodn\u00edmi podm\u00ednkami se \u0159\u00edd\u00ed v\u0161echny obchodn\u00ed vztahy mezi spole\u010dnost\u00ed Walraven s.r.o., se s\u00eddlem Horka u Star\u00e9 Paky, 51234 Horka u Star\u00e9 Paky, \u010cesk\u00e1 republika, I\u010c: 48171476, DI\u010c: CZ48171476, v&nbsp;obchodn\u00edm rejst\u0159\u00edku je zaps\u00e1na pod spisovou zna\u010dkou C 53419 veden\u00e9 u Krajsk\u00e9ho soudu v&nbsp;\u00dast\u00ed nad Labem a druhou smluvn\u00ed stranou. Vymezen\u00ed pojm\u016f [&hellip;]\" \/>\n<meta property=\"og:url\" content=\"https:\/\/www.walraven.com\/sk\/vop\/\" \/>\n<meta property=\"og:site_name\" content=\"Walraven Slovensko\" \/>\n<meta property=\"article:modified_time\" content=\"2025-11-21T14:16:53+00:00\" \/>\n<meta name=\"twitter:card\" content=\"summary_large_image\" \/>\n<meta name=\"twitter:label1\" content=\"Predpokladan\u00fd \u010das \u010d\u00edtania\" \/>\n\t<meta name=\"twitter:data1\" content=\"8 min\u00fat\" \/>\n<script type=\"application\/ld+json\" class=\"yoast-schema-graph\">{\"@context\":\"https:\\\/\\\/schema.org\",\"@graph\":[{\"@type\":\"WebPage\",\"@id\":\"https:\\\/\\\/www.walraven.com\\\/sk\\\/vop\\\/\",\"url\":\"https:\\\/\\\/www.walraven.com\\\/sk\\\/vop\\\/\",\"name\":\"V\u0161eobecn\u00e9 obchodn\u00e9 podmienky - Walraven Slovensko\",\"isPartOf\":{\"@id\":\"https:\\\/\\\/www.walraven.com\\\/sk\\\/#website\"},\"datePublished\":\"2019-02-06T10:31:06+00:00\",\"dateModified\":\"2025-11-21T14:16:53+00:00\",\"breadcrumb\":{\"@id\":\"https:\\\/\\\/www.walraven.com\\\/sk\\\/vop\\\/#breadcrumb\"},\"inLanguage\":\"sk-SK\",\"potentialAction\":[{\"@type\":\"ReadAction\",\"target\":[\"https:\\\/\\\/www.walraven.com\\\/sk\\\/vop\\\/\"]}]},{\"@type\":\"BreadcrumbList\",\"@id\":\"https:\\\/\\\/www.walraven.com\\\/sk\\\/vop\\\/#breadcrumb\",\"itemListElement\":[{\"@type\":\"ListItem\",\"position\":1,\"name\":\"\u00davod\",\"item\":\"https:\\\/\\\/www.walraven.com\\\/sk\\\/\"},{\"@type\":\"ListItem\",\"position\":2,\"name\":\"V\u0161eobecn\u00e9 obchodn\u00e9 podmienky\"}]},{\"@type\":\"WebSite\",\"@id\":\"https:\\\/\\\/www.walraven.com\\\/sk\\\/#website\",\"url\":\"https:\\\/\\\/www.walraven.com\\\/sk\\\/\",\"name\":\"Walraven Slovensko\",\"description\":\"\",\"publisher\":{\"@id\":\"https:\\\/\\\/www.walraven.com\\\/sk\\\/#organization\"},\"potentialAction\":[{\"@type\":\"SearchAction\",\"target\":{\"@type\":\"EntryPoint\",\"urlTemplate\":\"https:\\\/\\\/www.walraven.com\\\/sk\\\/?s={search_term_string}\"},\"query-input\":{\"@type\":\"PropertyValueSpecification\",\"valueRequired\":true,\"valueName\":\"search_term_string\"}}],\"inLanguage\":\"sk-SK\"},{\"@type\":\"Organization\",\"@id\":\"https:\\\/\\\/www.walraven.com\\\/sk\\\/#organization\",\"name\":\"Walraven s.r.o.\",\"alternateName\":\"Walraven s.r.o.\",\"url\":\"https:\\\/\\\/www.walraven.com\\\/sk\\\/\",\"logo\":{\"@type\":\"ImageObject\",\"inLanguage\":\"sk-SK\",\"@id\":\"https:\\\/\\\/www.walraven.com\\\/sk\\\/#\\\/schema\\\/logo\\\/image\\\/\",\"url\":\"https:\\\/\\\/www.walraven.com\\\/sk\\\/wp-content\\\/uploads\\\/sites\\\/34\\\/2023\\\/12\\\/Walraven_logo300x300.jpg\",\"contentUrl\":\"https:\\\/\\\/www.walraven.com\\\/sk\\\/wp-content\\\/uploads\\\/sites\\\/34\\\/2023\\\/12\\\/Walraven_logo300x300.jpg\",\"width\":300,\"height\":300,\"caption\":\"Walraven s.r.o.\"},\"image\":{\"@id\":\"https:\\\/\\\/www.walraven.com\\\/sk\\\/#\\\/schema\\\/logo\\\/image\\\/\"}}]}<\/script>\n<!-- \/ Yoast SEO Premium plugin. -->","yoast_head_json":{"title":"V\u0161eobecn\u00e9 obchodn\u00e9 podmienky - Walraven Slovensko","robots":{"index":"index","follow":"follow","max-snippet":"max-snippet:-1","max-image-preview":"max-image-preview:large","max-video-preview":"max-video-preview:-1"},"canonical":"https:\/\/www.walraven.com\/sk\/vop\/","og_locale":"sk_SK","og_type":"article","og_title":"V\u0161eobecn\u00e9 obchodn\u00e9 podmienky","og_description":"\u00a0 V\u0161eobecn\u00e1 ustanoven\u00ed T\u011bmito V\u0161eobecn\u00fdmi obchodn\u00edmi podm\u00ednkami se \u0159\u00edd\u00ed v\u0161echny obchodn\u00ed vztahy mezi spole\u010dnost\u00ed Walraven s.r.o., se s\u00eddlem Horka u Star\u00e9 Paky, 51234 Horka u Star\u00e9 Paky, \u010cesk\u00e1 republika, I\u010c: 48171476, DI\u010c: CZ48171476, v&nbsp;obchodn\u00edm rejst\u0159\u00edku je zaps\u00e1na pod spisovou zna\u010dkou C 53419 veden\u00e9 u Krajsk\u00e9ho soudu v&nbsp;\u00dast\u00ed nad Labem a druhou smluvn\u00ed stranou. Vymezen\u00ed pojm\u016f [&hellip;]","og_url":"https:\/\/www.walraven.com\/sk\/vop\/","og_site_name":"Walraven Slovensko","article_modified_time":"2025-11-21T14:16:53+00:00","twitter_card":"summary_large_image","twitter_misc":{"Predpokladan\u00fd \u010das \u010d\u00edtania":"8 min\u00fat"},"schema":{"@context":"https:\/\/schema.org","@graph":[{"@type":"WebPage","@id":"https:\/\/www.walraven.com\/sk\/vop\/","url":"https:\/\/www.walraven.com\/sk\/vop\/","name":"V\u0161eobecn\u00e9 obchodn\u00e9 podmienky - Walraven Slovensko","isPartOf":{"@id":"https:\/\/www.walraven.com\/sk\/#website"},"datePublished":"2019-02-06T10:31:06+00:00","dateModified":"2025-11-21T14:16:53+00:00","breadcrumb":{"@id":"https:\/\/www.walraven.com\/sk\/vop\/#breadcrumb"},"inLanguage":"sk-SK","potentialAction":[{"@type":"ReadAction","target":["https:\/\/www.walraven.com\/sk\/vop\/"]}]},{"@type":"BreadcrumbList","@id":"https:\/\/www.walraven.com\/sk\/vop\/#breadcrumb","itemListElement":[{"@type":"ListItem","position":1,"name":"\u00davod","item":"https:\/\/www.walraven.com\/sk\/"},{"@type":"ListItem","position":2,"name":"V\u0161eobecn\u00e9 obchodn\u00e9 podmienky"}]},{"@type":"WebSite","@id":"https:\/\/www.walraven.com\/sk\/#website","url":"https:\/\/www.walraven.com\/sk\/","name":"Walraven Slovensko","description":"","publisher":{"@id":"https:\/\/www.walraven.com\/sk\/#organization"},"potentialAction":[{"@type":"SearchAction","target":{"@type":"EntryPoint","urlTemplate":"https:\/\/www.walraven.com\/sk\/?s={search_term_string}"},"query-input":{"@type":"PropertyValueSpecification","valueRequired":true,"valueName":"search_term_string"}}],"inLanguage":"sk-SK"},{"@type":"Organization","@id":"https:\/\/www.walraven.com\/sk\/#organization","name":"Walraven s.r.o.","alternateName":"Walraven s.r.o.","url":"https:\/\/www.walraven.com\/sk\/","logo":{"@type":"ImageObject","inLanguage":"sk-SK","@id":"https:\/\/www.walraven.com\/sk\/#\/schema\/logo\/image\/","url":"https:\/\/www.walraven.com\/sk\/wp-content\/uploads\/sites\/34\/2023\/12\/Walraven_logo300x300.jpg","contentUrl":"https:\/\/www.walraven.com\/sk\/wp-content\/uploads\/sites\/34\/2023\/12\/Walraven_logo300x300.jpg","width":300,"height":300,"caption":"Walraven s.r.o."},"image":{"@id":"https:\/\/www.walraven.com\/sk\/#\/schema\/logo\/image\/"}}]}},"_links":{"self":[{"href":"https:\/\/www.walraven.com\/sk\/wp-json\/wp\/v2\/pages\/54093","targetHints":{"allow":["GET"]}}],"collection":[{"href":"https:\/\/www.walraven.com\/sk\/wp-json\/wp\/v2\/pages"}],"about":[{"href":"https:\/\/www.walraven.com\/sk\/wp-json\/wp\/v2\/types\/page"}],"author":[{"embeddable":true,"href":"https:\/\/www.walraven.com\/sk\/wp-json\/wp\/v2\/users\/43"}],"replies":[{"embeddable":true,"href":"https:\/\/www.walraven.com\/sk\/wp-json\/wp\/v2\/comments?post=54093"}],"version-history":[{"count":4,"href":"https:\/\/www.walraven.com\/sk\/wp-json\/wp\/v2\/pages\/54093\/revisions"}],"predecessor-version":[{"id":61864,"href":"https:\/\/www.walraven.com\/sk\/wp-json\/wp\/v2\/pages\/54093\/revisions\/61864"}],"wp:attachment":[{"href":"https:\/\/www.walraven.com\/sk\/wp-json\/wp\/v2\/media?parent=54093"}],"curies":[{"name":"wp","href":"https:\/\/api.w.org\/{rel}","templated":true}]}}