{"id":54547,"date":"2019-03-15T15:53:27","date_gmt":"2019-03-15T14:53:27","guid":{"rendered":"https:\/\/www.walraven.com\/en\/?page_id=54128"},"modified":"2019-11-06T14:30:14","modified_gmt":"2019-11-06T13:30:14","slug":"supiska-vyrobkov","status":"publish","type":"page","link":"https:\/\/www.walraven.com\/sk\/supiska-vyrobkov\/","title":{"rendered":"S\u00fapiska v\u00fdrobkov"},"content":{"rendered":"<p>Ak chcete vytvori\u0165 zoznam \u017eelan\u00ed, vyberte polo\u017eky z&nbsp;<a href=\"\/sk\/vyrobky\/\">katal\u00f3gu produktov<\/a>. S\u00fapiska je ur\u010den\u00e1 ako n\u00e1stroj, ktor\u00fd v\u00e1m pom\u00f4\u017ee vy\u017eiada\u0165 si cenov\u00fa ponuku od v\u00e1\u0161ho ve\u013ekoobchodu. Nejedn\u00e1 sa o online objedn\u00e1vkov\u00fd formul\u00e1r. M\u00f4\u017eete vytvori\u0165 zoznam produktov k&nbsp;stiahnutiu alebo pre zaslanie emailom svojmu distrib\u00fatorovi. Zoznam predajcov vo va\u0161ej oblasti v\u00e1m poskytne n\u00e1\u0161 z\u00e1kazn\u00edcky servis na \u010d\u00edsle +420&nbsp;326&nbsp;724&nbsp;009.<\/p>\n","protected":false},"excerpt":{"rendered":"<p>Ak chcete vytvori\u0165 zoznam \u017eelan\u00ed, vyberte polo\u017eky z&nbsp;katal\u00f3gu produktov. S\u00fapiska je ur\u010den\u00e1 ako n\u00e1stroj, ktor\u00fd v\u00e1m pom\u00f4\u017ee vy\u017eiada\u0165 si cenov\u00fa ponuku od v\u00e1\u0161ho ve\u013ekoobchodu. Nejedn\u00e1 sa o online objedn\u00e1vkov\u00fd formul\u00e1r. M\u00f4\u017eete vytvori\u0165 zoznam produktov k&nbsp;stiahnutiu alebo pre zaslanie emailom svojmu distrib\u00fatorovi. Zoznam predajcov vo va\u0161ej oblasti v\u00e1m poskytne n\u00e1\u0161 z\u00e1kazn\u00edcky servis na \u010d\u00edsle +420&nbsp;326&nbsp;724&nbsp;009.<\/p>\n","protected":false},"author":43,"featured_media":0,"parent":0,"menu_order":0,"comment_status":"closed","ping_status":"closed","template":"page-templates\/tpl-material-list.php","meta":{"_acf_changed":false,"footnotes":""},"class_list":["post-54547","page","type-page","status-publish","hentry"],"acf":[],"yoast_head":"<!-- This site is optimized with the Yoast SEO Premium plugin v27.5 (Yoast SEO v27.5) - https:\/\/yoast.com\/product\/yoast-seo-premium-wordpress\/ -->\n<title>S\u00fapiska v\u00fdrobkov - Walraven Slovensko<\/title>\n<meta name=\"description\" content=\"Zoznam \u017eelan\u00ed spolo\u010dnosti Walraven je ur\u010den\u00fd ako n\u00e1stroj, ktor\u00fd v\u00e1m pom\u00f4\u017ee po\u017eiada\u0165 o ponuku od distrib\u00fatora. Sta\u010d\u00ed si vybra\u0165 produkty, ktor\u00e9 v\u00e1s zauj\u00edmaj\u00fa.\" \/>\n<meta name=\"robots\" content=\"index, follow, max-snippet:-1, max-image-preview:large, max-video-preview:-1\" \/>\n<link rel=\"canonical\" href=\"https:\/\/www.walraven.com\/sk\/supiska-vyrobkov\/\" \/>\n<meta property=\"og:locale\" content=\"sk_SK\" \/>\n<meta property=\"og:type\" content=\"article\" \/>\n<meta property=\"og:title\" content=\"S\u00fapiska v\u00fdrobkov\" \/>\n<meta property=\"og:description\" content=\"Zoznam \u017eelan\u00ed spolo\u010dnosti Walraven je ur\u010den\u00fd ako n\u00e1stroj, ktor\u00fd v\u00e1m pom\u00f4\u017ee po\u017eiada\u0165 o ponuku od distrib\u00fatora. Sta\u010d\u00ed si vybra\u0165 produkty, ktor\u00e9 v\u00e1s zauj\u00edmaj\u00fa.\" \/>\n<meta property=\"og:url\" content=\"https:\/\/www.walraven.com\/sk\/supiska-vyrobkov\/\" \/>\n<meta property=\"og:site_name\" content=\"Walraven Slovensko\" \/>\n<meta property=\"article:modified_time\" content=\"2019-11-06T13:30:14+00:00\" \/>\n<meta name=\"twitter:card\" content=\"summary_large_image\" \/>\n<script type=\"application\/ld+json\" class=\"yoast-schema-graph\">{\"@context\":\"https:\\\/\\\/schema.org\",\"@graph\":[{\"@type\":\"WebPage\",\"@id\":\"https:\\\/\\\/www.walraven.com\\\/sk\\\/supiska-vyrobkov\\\/\",\"url\":\"https:\\\/\\\/www.walraven.com\\\/sk\\\/supiska-vyrobkov\\\/\",\"name\":\"S\u00fapiska v\u00fdrobkov - Walraven Slovensko\",\"isPartOf\":{\"@id\":\"https:\\\/\\\/www.walraven.com\\\/sk\\\/#website\"},\"datePublished\":\"2019-03-15T14:53:27+00:00\",\"dateModified\":\"2019-11-06T13:30:14+00:00\",\"description\":\"Zoznam \u017eelan\u00ed spolo\u010dnosti Walraven je ur\u010den\u00fd ako n\u00e1stroj, ktor\u00fd v\u00e1m pom\u00f4\u017ee po\u017eiada\u0165 o ponuku od distrib\u00fatora. Sta\u010d\u00ed si vybra\u0165 produkty, ktor\u00e9 v\u00e1s zauj\u00edmaj\u00fa.\",\"breadcrumb\":{\"@id\":\"https:\\\/\\\/www.walraven.com\\\/sk\\\/supiska-vyrobkov\\\/#breadcrumb\"},\"inLanguage\":\"sk-SK\",\"potentialAction\":[{\"@type\":\"ReadAction\",\"target\":[\"https:\\\/\\\/www.walraven.com\\\/sk\\\/supiska-vyrobkov\\\/\"]}]},{\"@type\":\"BreadcrumbList\",\"@id\":\"https:\\\/\\\/www.walraven.com\\\/sk\\\/supiska-vyrobkov\\\/#breadcrumb\",\"itemListElement\":[{\"@type\":\"ListItem\",\"position\":1,\"name\":\"\u00davod\",\"item\":\"https:\\\/\\\/www.walraven.com\\\/sk\\\/\"},{\"@type\":\"ListItem\",\"position\":2,\"name\":\"S\u00fapiska v\u00fdrobkov\"}]},{\"@type\":\"WebSite\",\"@id\":\"https:\\\/\\\/www.walraven.com\\\/sk\\\/#website\",\"url\":\"https:\\\/\\\/www.walraven.com\\\/sk\\\/\",\"name\":\"Walraven Slovensko\",\"description\":\"\",\"publisher\":{\"@id\":\"https:\\\/\\\/www.walraven.com\\\/sk\\\/#organization\"},\"potentialAction\":[{\"@type\":\"SearchAction\",\"target\":{\"@type\":\"EntryPoint\",\"urlTemplate\":\"https:\\\/\\\/www.walraven.com\\\/sk\\\/?s={search_term_string}\"},\"query-input\":{\"@type\":\"PropertyValueSpecification\",\"valueRequired\":true,\"valueName\":\"search_term_string\"}}],\"inLanguage\":\"sk-SK\"},{\"@type\":\"Organization\",\"@id\":\"https:\\\/\\\/www.walraven.com\\\/sk\\\/#organization\",\"name\":\"Walraven s.r.o.\",\"alternateName\":\"Walraven s.r.o.\",\"url\":\"https:\\\/\\\/www.walraven.com\\\/sk\\\/\",\"logo\":{\"@type\":\"ImageObject\",\"inLanguage\":\"sk-SK\",\"@id\":\"https:\\\/\\\/www.walraven.com\\\/sk\\\/#\\\/schema\\\/logo\\\/image\\\/\",\"url\":\"https:\\\/\\\/www.walraven.com\\\/sk\\\/wp-content\\\/uploads\\\/sites\\\/34\\\/2023\\\/12\\\/Walraven_logo300x300.jpg\",\"contentUrl\":\"https:\\\/\\\/www.walraven.com\\\/sk\\\/wp-content\\\/uploads\\\/sites\\\/34\\\/2023\\\/12\\\/Walraven_logo300x300.jpg\",\"width\":300,\"height\":300,\"caption\":\"Walraven s.r.o.\"},\"image\":{\"@id\":\"https:\\\/\\\/www.walraven.com\\\/sk\\\/#\\\/schema\\\/logo\\\/image\\\/\"}}]}<\/script>\n<!-- \/ Yoast SEO Premium plugin. -->","yoast_head_json":{"title":"S\u00fapiska v\u00fdrobkov - Walraven Slovensko","description":"Zoznam \u017eelan\u00ed spolo\u010dnosti Walraven je ur\u010den\u00fd ako n\u00e1stroj, ktor\u00fd v\u00e1m pom\u00f4\u017ee po\u017eiada\u0165 o ponuku od distrib\u00fatora. Sta\u010d\u00ed si vybra\u0165 produkty, ktor\u00e9 v\u00e1s zauj\u00edmaj\u00fa.","robots":{"index":"index","follow":"follow","max-snippet":"max-snippet:-1","max-image-preview":"max-image-preview:large","max-video-preview":"max-video-preview:-1"},"canonical":"https:\/\/www.walraven.com\/sk\/supiska-vyrobkov\/","og_locale":"sk_SK","og_type":"article","og_title":"S\u00fapiska v\u00fdrobkov","og_description":"Zoznam \u017eelan\u00ed spolo\u010dnosti Walraven je ur\u010den\u00fd ako n\u00e1stroj, ktor\u00fd v\u00e1m pom\u00f4\u017ee po\u017eiada\u0165 o ponuku od distrib\u00fatora. Sta\u010d\u00ed si vybra\u0165 produkty, ktor\u00e9 v\u00e1s zauj\u00edmaj\u00fa.","og_url":"https:\/\/www.walraven.com\/sk\/supiska-vyrobkov\/","og_site_name":"Walraven Slovensko","article_modified_time":"2019-11-06T13:30:14+00:00","twitter_card":"summary_large_image","schema":{"@context":"https:\/\/schema.org","@graph":[{"@type":"WebPage","@id":"https:\/\/www.walraven.com\/sk\/supiska-vyrobkov\/","url":"https:\/\/www.walraven.com\/sk\/supiska-vyrobkov\/","name":"S\u00fapiska v\u00fdrobkov - Walraven Slovensko","isPartOf":{"@id":"https:\/\/www.walraven.com\/sk\/#website"},"datePublished":"2019-03-15T14:53:27+00:00","dateModified":"2019-11-06T13:30:14+00:00","description":"Zoznam \u017eelan\u00ed spolo\u010dnosti Walraven je ur\u010den\u00fd ako n\u00e1stroj, ktor\u00fd v\u00e1m pom\u00f4\u017ee po\u017eiada\u0165 o ponuku od distrib\u00fatora. Sta\u010d\u00ed si vybra\u0165 produkty, ktor\u00e9 v\u00e1s zauj\u00edmaj\u00fa.","breadcrumb":{"@id":"https:\/\/www.walraven.com\/sk\/supiska-vyrobkov\/#breadcrumb"},"inLanguage":"sk-SK","potentialAction":[{"@type":"ReadAction","target":["https:\/\/www.walraven.com\/sk\/supiska-vyrobkov\/"]}]},{"@type":"BreadcrumbList","@id":"https:\/\/www.walraven.com\/sk\/supiska-vyrobkov\/#breadcrumb","itemListElement":[{"@type":"ListItem","position":1,"name":"\u00davod","item":"https:\/\/www.walraven.com\/sk\/"},{"@type":"ListItem","position":2,"name":"S\u00fapiska v\u00fdrobkov"}]},{"@type":"WebSite","@id":"https:\/\/www.walraven.com\/sk\/#website","url":"https:\/\/www.walraven.com\/sk\/","name":"Walraven Slovensko","description":"","publisher":{"@id":"https:\/\/www.walraven.com\/sk\/#organization"},"potentialAction":[{"@type":"SearchAction","target":{"@type":"EntryPoint","urlTemplate":"https:\/\/www.walraven.com\/sk\/?s={search_term_string}"},"query-input":{"@type":"PropertyValueSpecification","valueRequired":true,"valueName":"search_term_string"}}],"inLanguage":"sk-SK"},{"@type":"Organization","@id":"https:\/\/www.walraven.com\/sk\/#organization","name":"Walraven s.r.o.","alternateName":"Walraven s.r.o.","url":"https:\/\/www.walraven.com\/sk\/","logo":{"@type":"ImageObject","inLanguage":"sk-SK","@id":"https:\/\/www.walraven.com\/sk\/#\/schema\/logo\/image\/","url":"https:\/\/www.walraven.com\/sk\/wp-content\/uploads\/sites\/34\/2023\/12\/Walraven_logo300x300.jpg","contentUrl":"https:\/\/www.walraven.com\/sk\/wp-content\/uploads\/sites\/34\/2023\/12\/Walraven_logo300x300.jpg","width":300,"height":300,"caption":"Walraven s.r.o."},"image":{"@id":"https:\/\/www.walraven.com\/sk\/#\/schema\/logo\/image\/"}}]}},"_links":{"self":[{"href":"https:\/\/www.walraven.com\/sk\/wp-json\/wp\/v2\/pages\/54547","targetHints":{"allow":["GET"]}}],"collection":[{"href":"https:\/\/www.walraven.com\/sk\/wp-json\/wp\/v2\/pages"}],"about":[{"href":"https:\/\/www.walraven.com\/sk\/wp-json\/wp\/v2\/types\/page"}],"author":[{"embeddable":true,"href":"https:\/\/www.walraven.com\/sk\/wp-json\/wp\/v2\/users\/43"}],"replies":[{"embeddable":true,"href":"https:\/\/www.walraven.com\/sk\/wp-json\/wp\/v2\/comments?post=54547"}],"version-history":[{"count":4,"href":"https:\/\/www.walraven.com\/sk\/wp-json\/wp\/v2\/pages\/54547\/revisions"}],"predecessor-version":[{"id":55026,"href":"https:\/\/www.walraven.com\/sk\/wp-json\/wp\/v2\/pages\/54547\/revisions\/55026"}],"wp:attachment":[{"href":"https:\/\/www.walraven.com\/sk\/wp-json\/wp\/v2\/media?parent=54547"}],"curies":[{"name":"wp","href":"https:\/\/api.w.org\/{rel}","templated":true}]}}