{"id":54556,"date":"2019-06-05T10:28:45","date_gmt":"2019-06-05T08:28:45","guid":{"rendered":"https:\/\/www.walraven.com\/en\/?page_id=54919"},"modified":"2025-07-22T11:54:08","modified_gmt":"2025-07-22T09:54:08","slug":"kompletny-projektovy-servis","status":"publish","type":"page","link":"https:\/\/www.walraven.com\/sk\/projektova-podpora\/kompletny-projektovy-servis\/","title":{"rendered":"Kompletn\u00fd projektov\u00fd servis"},"content":{"rendered":"","protected":false},"excerpt":{"rendered":"","protected":false},"author":43,"featured_media":0,"parent":54554,"menu_order":0,"comment_status":"closed","ping_status":"closed","template":"page-templates\/tpl-landingspage.php","meta":{"_acf_changed":false,"footnotes":""},"class_list":["post-54556","page","type-page","status-publish","hentry"],"acf":[],"yoast_head":"<!-- This site is optimized with the Yoast SEO Premium plugin v27.3 (Yoast SEO v27.3) - https:\/\/yoast.com\/product\/yoast-seo-premium-wordpress\/ -->\n<title>Kompletn\u00fd projektov\u00fd servis - Walraven Slovensko<\/title>\n<meta name=\"description\" content=\"Na\u0161i technici v\u00e1m pom\u00f4\u017eu s najr\u00f4znej\u0161\u00edmi po\u017eiadavkami v oblasti projektovej podpory. \u2705 N\u00e1vrh \u2705 V\u00fdpo\u010det \u2705 Valid\u00e1cia\" \/>\n<meta name=\"robots\" content=\"index, follow, max-snippet:-1, max-image-preview:large, max-video-preview:-1\" \/>\n<link rel=\"canonical\" href=\"https:\/\/www.walraven.com\/sk\/projektova-podpora\/kompletny-projektovy-servis\/\" \/>\n<meta property=\"og:locale\" content=\"sk_SK\" \/>\n<meta property=\"og:type\" content=\"article\" \/>\n<meta property=\"og:title\" content=\"Kompletn\u00fd projektov\u00fd servis\" \/>\n<meta property=\"og:description\" content=\"Na\u0161i technici v\u00e1m pom\u00f4\u017eu s najr\u00f4znej\u0161\u00edmi po\u017eiadavkami v oblasti projektovej podpory. \u2705 N\u00e1vrh \u2705 V\u00fdpo\u010det \u2705 Valid\u00e1cia\" \/>\n<meta property=\"og:url\" content=\"https:\/\/www.walraven.com\/sk\/projektova-podpora\/kompletny-projektovy-servis\/\" \/>\n<meta property=\"og:site_name\" content=\"Walraven Slovensko\" \/>\n<meta property=\"article:modified_time\" content=\"2025-07-22T09:54:08+00:00\" \/>\n<meta name=\"twitter:card\" content=\"summary_large_image\" \/>\n<meta name=\"twitter:label1\" content=\"Predpokladan\u00fd \u010das \u010d\u00edtania\" \/>\n\t<meta name=\"twitter:data1\" content=\"1 min\u00fata\" \/>\n<script type=\"application\/ld+json\" class=\"yoast-schema-graph\">{\"@context\":\"https:\\\/\\\/schema.org\",\"@graph\":[{\"@type\":\"WebPage\",\"@id\":\"https:\\\/\\\/www.walraven.com\\\/sk\\\/projektova-podpora\\\/kompletny-projektovy-servis\\\/\",\"url\":\"https:\\\/\\\/www.walraven.com\\\/sk\\\/projektova-podpora\\\/kompletny-projektovy-servis\\\/\",\"name\":\"Kompletn\u00fd projektov\u00fd servis - Walraven Slovensko\",\"isPartOf\":{\"@id\":\"https:\\\/\\\/www.walraven.com\\\/sk\\\/#website\"},\"datePublished\":\"2019-06-05T08:28:45+00:00\",\"dateModified\":\"2025-07-22T09:54:08+00:00\",\"description\":\"Na\u0161i technici v\u00e1m pom\u00f4\u017eu s najr\u00f4znej\u0161\u00edmi po\u017eiadavkami v oblasti projektovej podpory. \u2705 N\u00e1vrh \u2705 V\u00fdpo\u010det \u2705 Valid\u00e1cia\",\"breadcrumb\":{\"@id\":\"https:\\\/\\\/www.walraven.com\\\/sk\\\/projektova-podpora\\\/kompletny-projektovy-servis\\\/#breadcrumb\"},\"inLanguage\":\"sk-SK\",\"potentialAction\":[{\"@type\":\"ReadAction\",\"target\":[\"https:\\\/\\\/www.walraven.com\\\/sk\\\/projektova-podpora\\\/kompletny-projektovy-servis\\\/\"]}]},{\"@type\":\"BreadcrumbList\",\"@id\":\"https:\\\/\\\/www.walraven.com\\\/sk\\\/projektova-podpora\\\/kompletny-projektovy-servis\\\/#breadcrumb\",\"itemListElement\":[{\"@type\":\"ListItem\",\"position\":1,\"name\":\"\u00davod\",\"item\":\"https:\\\/\\\/www.walraven.com\\\/sk\\\/\"},{\"@type\":\"ListItem\",\"position\":2,\"name\":\"Projektov\u00e1 podpora\",\"item\":\"https:\\\/\\\/www.walraven.com\\\/sk\\\/projektova-podpora\\\/\"},{\"@type\":\"ListItem\",\"position\":3,\"name\":\"Kompletn\u00fd projektov\u00fd servis\"}]},{\"@type\":\"WebSite\",\"@id\":\"https:\\\/\\\/www.walraven.com\\\/sk\\\/#website\",\"url\":\"https:\\\/\\\/www.walraven.com\\\/sk\\\/\",\"name\":\"Walraven Slovensko\",\"description\":\"\",\"publisher\":{\"@id\":\"https:\\\/\\\/www.walraven.com\\\/sk\\\/#organization\"},\"potentialAction\":[{\"@type\":\"SearchAction\",\"target\":{\"@type\":\"EntryPoint\",\"urlTemplate\":\"https:\\\/\\\/www.walraven.com\\\/sk\\\/?s={search_term_string}\"},\"query-input\":{\"@type\":\"PropertyValueSpecification\",\"valueRequired\":true,\"valueName\":\"search_term_string\"}}],\"inLanguage\":\"sk-SK\"},{\"@type\":\"Organization\",\"@id\":\"https:\\\/\\\/www.walraven.com\\\/sk\\\/#organization\",\"name\":\"Walraven s.r.o.\",\"alternateName\":\"Walraven s.r.o.\",\"url\":\"https:\\\/\\\/www.walraven.com\\\/sk\\\/\",\"logo\":{\"@type\":\"ImageObject\",\"inLanguage\":\"sk-SK\",\"@id\":\"https:\\\/\\\/www.walraven.com\\\/sk\\\/#\\\/schema\\\/logo\\\/image\\\/\",\"url\":\"https:\\\/\\\/www.walraven.com\\\/sk\\\/wp-content\\\/uploads\\\/sites\\\/34\\\/2023\\\/12\\\/Walraven_logo300x300.jpg\",\"contentUrl\":\"https:\\\/\\\/www.walraven.com\\\/sk\\\/wp-content\\\/uploads\\\/sites\\\/34\\\/2023\\\/12\\\/Walraven_logo300x300.jpg\",\"width\":300,\"height\":300,\"caption\":\"Walraven s.r.o.\"},\"image\":{\"@id\":\"https:\\\/\\\/www.walraven.com\\\/sk\\\/#\\\/schema\\\/logo\\\/image\\\/\"}}]}<\/script>\n<!-- \/ Yoast SEO Premium plugin. -->","yoast_head_json":{"title":"Kompletn\u00fd projektov\u00fd servis - Walraven Slovensko","description":"Na\u0161i technici v\u00e1m pom\u00f4\u017eu s najr\u00f4znej\u0161\u00edmi po\u017eiadavkami v oblasti projektovej podpory. \u2705 N\u00e1vrh \u2705 V\u00fdpo\u010det \u2705 Valid\u00e1cia","robots":{"index":"index","follow":"follow","max-snippet":"max-snippet:-1","max-image-preview":"max-image-preview:large","max-video-preview":"max-video-preview:-1"},"canonical":"https:\/\/www.walraven.com\/sk\/projektova-podpora\/kompletny-projektovy-servis\/","og_locale":"sk_SK","og_type":"article","og_title":"Kompletn\u00fd projektov\u00fd servis","og_description":"Na\u0161i technici v\u00e1m pom\u00f4\u017eu s najr\u00f4znej\u0161\u00edmi po\u017eiadavkami v oblasti projektovej podpory. \u2705 N\u00e1vrh \u2705 V\u00fdpo\u010det \u2705 Valid\u00e1cia","og_url":"https:\/\/www.walraven.com\/sk\/projektova-podpora\/kompletny-projektovy-servis\/","og_site_name":"Walraven Slovensko","article_modified_time":"2025-07-22T09:54:08+00:00","twitter_card":"summary_large_image","twitter_misc":{"Predpokladan\u00fd \u010das \u010d\u00edtania":"1 min\u00fata"},"schema":{"@context":"https:\/\/schema.org","@graph":[{"@type":"WebPage","@id":"https:\/\/www.walraven.com\/sk\/projektova-podpora\/kompletny-projektovy-servis\/","url":"https:\/\/www.walraven.com\/sk\/projektova-podpora\/kompletny-projektovy-servis\/","name":"Kompletn\u00fd projektov\u00fd servis - Walraven Slovensko","isPartOf":{"@id":"https:\/\/www.walraven.com\/sk\/#website"},"datePublished":"2019-06-05T08:28:45+00:00","dateModified":"2025-07-22T09:54:08+00:00","description":"Na\u0161i technici v\u00e1m pom\u00f4\u017eu s najr\u00f4znej\u0161\u00edmi po\u017eiadavkami v oblasti projektovej podpory. \u2705 N\u00e1vrh \u2705 V\u00fdpo\u010det \u2705 Valid\u00e1cia","breadcrumb":{"@id":"https:\/\/www.walraven.com\/sk\/projektova-podpora\/kompletny-projektovy-servis\/#breadcrumb"},"inLanguage":"sk-SK","potentialAction":[{"@type":"ReadAction","target":["https:\/\/www.walraven.com\/sk\/projektova-podpora\/kompletny-projektovy-servis\/"]}]},{"@type":"BreadcrumbList","@id":"https:\/\/www.walraven.com\/sk\/projektova-podpora\/kompletny-projektovy-servis\/#breadcrumb","itemListElement":[{"@type":"ListItem","position":1,"name":"\u00davod","item":"https:\/\/www.walraven.com\/sk\/"},{"@type":"ListItem","position":2,"name":"Projektov\u00e1 podpora","item":"https:\/\/www.walraven.com\/sk\/projektova-podpora\/"},{"@type":"ListItem","position":3,"name":"Kompletn\u00fd projektov\u00fd servis"}]},{"@type":"WebSite","@id":"https:\/\/www.walraven.com\/sk\/#website","url":"https:\/\/www.walraven.com\/sk\/","name":"Walraven Slovensko","description":"","publisher":{"@id":"https:\/\/www.walraven.com\/sk\/#organization"},"potentialAction":[{"@type":"SearchAction","target":{"@type":"EntryPoint","urlTemplate":"https:\/\/www.walraven.com\/sk\/?s={search_term_string}"},"query-input":{"@type":"PropertyValueSpecification","valueRequired":true,"valueName":"search_term_string"}}],"inLanguage":"sk-SK"},{"@type":"Organization","@id":"https:\/\/www.walraven.com\/sk\/#organization","name":"Walraven s.r.o.","alternateName":"Walraven s.r.o.","url":"https:\/\/www.walraven.com\/sk\/","logo":{"@type":"ImageObject","inLanguage":"sk-SK","@id":"https:\/\/www.walraven.com\/sk\/#\/schema\/logo\/image\/","url":"https:\/\/www.walraven.com\/sk\/wp-content\/uploads\/sites\/34\/2023\/12\/Walraven_logo300x300.jpg","contentUrl":"https:\/\/www.walraven.com\/sk\/wp-content\/uploads\/sites\/34\/2023\/12\/Walraven_logo300x300.jpg","width":300,"height":300,"caption":"Walraven s.r.o."},"image":{"@id":"https:\/\/www.walraven.com\/sk\/#\/schema\/logo\/image\/"}}]}},"_links":{"self":[{"href":"https:\/\/www.walraven.com\/sk\/wp-json\/wp\/v2\/pages\/54556","targetHints":{"allow":["GET"]}}],"collection":[{"href":"https:\/\/www.walraven.com\/sk\/wp-json\/wp\/v2\/pages"}],"about":[{"href":"https:\/\/www.walraven.com\/sk\/wp-json\/wp\/v2\/types\/page"}],"author":[{"embeddable":true,"href":"https:\/\/www.walraven.com\/sk\/wp-json\/wp\/v2\/users\/43"}],"replies":[{"embeddable":true,"href":"https:\/\/www.walraven.com\/sk\/wp-json\/wp\/v2\/comments?post=54556"}],"version-history":[{"count":5,"href":"https:\/\/www.walraven.com\/sk\/wp-json\/wp\/v2\/pages\/54556\/revisions"}],"predecessor-version":[{"id":61617,"href":"https:\/\/www.walraven.com\/sk\/wp-json\/wp\/v2\/pages\/54556\/revisions\/61617"}],"up":[{"embeddable":true,"href":"https:\/\/www.walraven.com\/sk\/wp-json\/wp\/v2\/pages\/54554"}],"wp:attachment":[{"href":"https:\/\/www.walraven.com\/sk\/wp-json\/wp\/v2\/media?parent=54556"}],"curies":[{"name":"wp","href":"https:\/\/api.w.org\/{rel}","templated":true}]}}