{"id":54581,"date":"2019-03-18T12:25:13","date_gmt":"2019-03-18T11:25:13","guid":{"rendered":"https:\/\/www.walraven.com\/en\/?page_id=54130"},"modified":"2024-03-12T11:08:37","modified_gmt":"2024-03-12T10:08:37","slug":"plastove-objimky-prichytky","status":"publish","type":"page","link":"https:\/\/www.walraven.com\/sk\/upevnovacie-systemy\/plastove-objimky-prichytky\/","title":{"rendered":"Plastic fixing solutions"},"content":{"rendered":"","protected":false},"excerpt":{"rendered":"","protected":false},"author":43,"featured_media":0,"parent":54688,"menu_order":0,"comment_status":"closed","ping_status":"closed","template":"page-templates\/tpl-landingspage.php","meta":{"_acf_changed":false,"footnotes":""},"class_list":["post-54581","page","type-page","status-publish","hentry"],"acf":[],"yoast_head":"<!-- This site is optimized with the Yoast SEO Premium plugin v27.3 (Yoast SEO v27.3) - https:\/\/yoast.com\/product\/yoast-seo-premium-wordpress\/ -->\n<title>Plastic fixing solutions - Walraven Slovensko<\/title>\n<meta name=\"description\" content=\"Plastic fixing solutions can be used to quickly and securely install multiple pipes and conduit for heating, plumbing and electrical installations.\" \/>\n<meta name=\"robots\" content=\"index, follow, max-snippet:-1, max-image-preview:large, max-video-preview:-1\" \/>\n<link rel=\"canonical\" href=\"https:\/\/www.walraven.com\/sk\/upevnovacie-systemy\/plastove-objimky-prichytky\/\" \/>\n<meta property=\"og:locale\" content=\"sk_SK\" \/>\n<meta property=\"og:type\" content=\"article\" \/>\n<meta property=\"og:title\" content=\"Plastic fixing solutions\" \/>\n<meta property=\"og:description\" content=\"Plastic fixing solutions can be used to quickly and securely install multiple pipes and conduit for heating, plumbing and electrical installations.\" \/>\n<meta property=\"og:url\" content=\"https:\/\/www.walraven.com\/sk\/upevnovacie-systemy\/plastove-objimky-prichytky\/\" \/>\n<meta property=\"og:site_name\" content=\"Walraven Slovensko\" \/>\n<meta property=\"article:modified_time\" content=\"2024-03-12T10:08:37+00:00\" \/>\n<meta name=\"twitter:card\" content=\"summary_large_image\" \/>\n<meta name=\"twitter:label1\" content=\"Predpokladan\u00fd \u010das \u010d\u00edtania\" \/>\n\t<meta name=\"twitter:data1\" content=\"3 min\u00faty\" \/>\n<script type=\"application\/ld+json\" class=\"yoast-schema-graph\">{\"@context\":\"https:\\\/\\\/schema.org\",\"@graph\":[{\"@type\":\"WebPage\",\"@id\":\"https:\\\/\\\/www.walraven.com\\\/sk\\\/upevnovacie-systemy\\\/plastove-objimky-prichytky\\\/\",\"url\":\"https:\\\/\\\/www.walraven.com\\\/sk\\\/upevnovacie-systemy\\\/plastove-objimky-prichytky\\\/\",\"name\":\"Plastic fixing solutions - Walraven Slovensko\",\"isPartOf\":{\"@id\":\"https:\\\/\\\/www.walraven.com\\\/sk\\\/#website\"},\"datePublished\":\"2019-03-18T11:25:13+00:00\",\"dateModified\":\"2024-03-12T10:08:37+00:00\",\"description\":\"Plastic fixing solutions can be used to quickly and securely install multiple pipes and conduit for heating, plumbing and electrical installations.\",\"breadcrumb\":{\"@id\":\"https:\\\/\\\/www.walraven.com\\\/sk\\\/upevnovacie-systemy\\\/plastove-objimky-prichytky\\\/#breadcrumb\"},\"inLanguage\":\"sk-SK\",\"potentialAction\":[{\"@type\":\"ReadAction\",\"target\":[\"https:\\\/\\\/www.walraven.com\\\/sk\\\/upevnovacie-systemy\\\/plastove-objimky-prichytky\\\/\"]}]},{\"@type\":\"BreadcrumbList\",\"@id\":\"https:\\\/\\\/www.walraven.com\\\/sk\\\/upevnovacie-systemy\\\/plastove-objimky-prichytky\\\/#breadcrumb\",\"itemListElement\":[{\"@type\":\"ListItem\",\"position\":1,\"name\":\"\u00davod\",\"item\":\"https:\\\/\\\/www.walraven.com\\\/sk\\\/\"},{\"@type\":\"ListItem\",\"position\":2,\"name\":\"Upev\u0148ovacie syst\u00e9my\",\"item\":\"https:\\\/\\\/www.walraven.com\\\/sk\\\/upevnovacie-systemy\\\/\"},{\"@type\":\"ListItem\",\"position\":3,\"name\":\"Plastic fixing solutions\"}]},{\"@type\":\"WebSite\",\"@id\":\"https:\\\/\\\/www.walraven.com\\\/sk\\\/#website\",\"url\":\"https:\\\/\\\/www.walraven.com\\\/sk\\\/\",\"name\":\"Walraven Slovensko\",\"description\":\"\",\"publisher\":{\"@id\":\"https:\\\/\\\/www.walraven.com\\\/sk\\\/#organization\"},\"potentialAction\":[{\"@type\":\"SearchAction\",\"target\":{\"@type\":\"EntryPoint\",\"urlTemplate\":\"https:\\\/\\\/www.walraven.com\\\/sk\\\/?s={search_term_string}\"},\"query-input\":{\"@type\":\"PropertyValueSpecification\",\"valueRequired\":true,\"valueName\":\"search_term_string\"}}],\"inLanguage\":\"sk-SK\"},{\"@type\":\"Organization\",\"@id\":\"https:\\\/\\\/www.walraven.com\\\/sk\\\/#organization\",\"name\":\"Walraven s.r.o.\",\"alternateName\":\"Walraven s.r.o.\",\"url\":\"https:\\\/\\\/www.walraven.com\\\/sk\\\/\",\"logo\":{\"@type\":\"ImageObject\",\"inLanguage\":\"sk-SK\",\"@id\":\"https:\\\/\\\/www.walraven.com\\\/sk\\\/#\\\/schema\\\/logo\\\/image\\\/\",\"url\":\"https:\\\/\\\/www.walraven.com\\\/sk\\\/wp-content\\\/uploads\\\/sites\\\/34\\\/2023\\\/12\\\/Walraven_logo300x300.jpg\",\"contentUrl\":\"https:\\\/\\\/www.walraven.com\\\/sk\\\/wp-content\\\/uploads\\\/sites\\\/34\\\/2023\\\/12\\\/Walraven_logo300x300.jpg\",\"width\":300,\"height\":300,\"caption\":\"Walraven s.r.o.\"},\"image\":{\"@id\":\"https:\\\/\\\/www.walraven.com\\\/sk\\\/#\\\/schema\\\/logo\\\/image\\\/\"}}]}<\/script>\n<!-- \/ Yoast SEO Premium plugin. -->","yoast_head_json":{"title":"Plastic fixing solutions - Walraven Slovensko","description":"Plastic fixing solutions can be used to quickly and securely install multiple pipes and conduit for heating, plumbing and electrical installations.","robots":{"index":"index","follow":"follow","max-snippet":"max-snippet:-1","max-image-preview":"max-image-preview:large","max-video-preview":"max-video-preview:-1"},"canonical":"https:\/\/www.walraven.com\/sk\/upevnovacie-systemy\/plastove-objimky-prichytky\/","og_locale":"sk_SK","og_type":"article","og_title":"Plastic fixing solutions","og_description":"Plastic fixing solutions can be used to quickly and securely install multiple pipes and conduit for heating, plumbing and electrical installations.","og_url":"https:\/\/www.walraven.com\/sk\/upevnovacie-systemy\/plastove-objimky-prichytky\/","og_site_name":"Walraven Slovensko","article_modified_time":"2024-03-12T10:08:37+00:00","twitter_card":"summary_large_image","twitter_misc":{"Predpokladan\u00fd \u010das \u010d\u00edtania":"3 min\u00faty"},"schema":{"@context":"https:\/\/schema.org","@graph":[{"@type":"WebPage","@id":"https:\/\/www.walraven.com\/sk\/upevnovacie-systemy\/plastove-objimky-prichytky\/","url":"https:\/\/www.walraven.com\/sk\/upevnovacie-systemy\/plastove-objimky-prichytky\/","name":"Plastic fixing solutions - Walraven Slovensko","isPartOf":{"@id":"https:\/\/www.walraven.com\/sk\/#website"},"datePublished":"2019-03-18T11:25:13+00:00","dateModified":"2024-03-12T10:08:37+00:00","description":"Plastic fixing solutions can be used to quickly and securely install multiple pipes and conduit for heating, plumbing and electrical installations.","breadcrumb":{"@id":"https:\/\/www.walraven.com\/sk\/upevnovacie-systemy\/plastove-objimky-prichytky\/#breadcrumb"},"inLanguage":"sk-SK","potentialAction":[{"@type":"ReadAction","target":["https:\/\/www.walraven.com\/sk\/upevnovacie-systemy\/plastove-objimky-prichytky\/"]}]},{"@type":"BreadcrumbList","@id":"https:\/\/www.walraven.com\/sk\/upevnovacie-systemy\/plastove-objimky-prichytky\/#breadcrumb","itemListElement":[{"@type":"ListItem","position":1,"name":"\u00davod","item":"https:\/\/www.walraven.com\/sk\/"},{"@type":"ListItem","position":2,"name":"Upev\u0148ovacie syst\u00e9my","item":"https:\/\/www.walraven.com\/sk\/upevnovacie-systemy\/"},{"@type":"ListItem","position":3,"name":"Plastic fixing solutions"}]},{"@type":"WebSite","@id":"https:\/\/www.walraven.com\/sk\/#website","url":"https:\/\/www.walraven.com\/sk\/","name":"Walraven Slovensko","description":"","publisher":{"@id":"https:\/\/www.walraven.com\/sk\/#organization"},"potentialAction":[{"@type":"SearchAction","target":{"@type":"EntryPoint","urlTemplate":"https:\/\/www.walraven.com\/sk\/?s={search_term_string}"},"query-input":{"@type":"PropertyValueSpecification","valueRequired":true,"valueName":"search_term_string"}}],"inLanguage":"sk-SK"},{"@type":"Organization","@id":"https:\/\/www.walraven.com\/sk\/#organization","name":"Walraven s.r.o.","alternateName":"Walraven s.r.o.","url":"https:\/\/www.walraven.com\/sk\/","logo":{"@type":"ImageObject","inLanguage":"sk-SK","@id":"https:\/\/www.walraven.com\/sk\/#\/schema\/logo\/image\/","url":"https:\/\/www.walraven.com\/sk\/wp-content\/uploads\/sites\/34\/2023\/12\/Walraven_logo300x300.jpg","contentUrl":"https:\/\/www.walraven.com\/sk\/wp-content\/uploads\/sites\/34\/2023\/12\/Walraven_logo300x300.jpg","width":300,"height":300,"caption":"Walraven s.r.o."},"image":{"@id":"https:\/\/www.walraven.com\/sk\/#\/schema\/logo\/image\/"}}]}},"_links":{"self":[{"href":"https:\/\/www.walraven.com\/sk\/wp-json\/wp\/v2\/pages\/54581","targetHints":{"allow":["GET"]}}],"collection":[{"href":"https:\/\/www.walraven.com\/sk\/wp-json\/wp\/v2\/pages"}],"about":[{"href":"https:\/\/www.walraven.com\/sk\/wp-json\/wp\/v2\/types\/page"}],"author":[{"embeddable":true,"href":"https:\/\/www.walraven.com\/sk\/wp-json\/wp\/v2\/users\/43"}],"replies":[{"embeddable":true,"href":"https:\/\/www.walraven.com\/sk\/wp-json\/wp\/v2\/comments?post=54581"}],"version-history":[{"count":4,"href":"https:\/\/www.walraven.com\/sk\/wp-json\/wp\/v2\/pages\/54581\/revisions"}],"predecessor-version":[{"id":57027,"href":"https:\/\/www.walraven.com\/sk\/wp-json\/wp\/v2\/pages\/54581\/revisions\/57027"}],"up":[{"embeddable":true,"href":"https:\/\/www.walraven.com\/sk\/wp-json\/wp\/v2\/pages\/54688"}],"wp:attachment":[{"href":"https:\/\/www.walraven.com\/sk\/wp-json\/wp\/v2\/media?parent=54581"}],"curies":[{"name":"wp","href":"https:\/\/api.w.org\/{rel}","templated":true}]}}