{"id":54717,"date":"2016-10-20T11:43:19","date_gmt":"2016-10-20T09:43:19","guid":{"rendered":"https:\/\/www.walraven.com\/en\/?page_id=592"},"modified":"2025-10-20T11:52:23","modified_gmt":"2025-10-20T09:52:23","slug":"vyziadajte-si-katalogy","status":"publish","type":"page","link":"https:\/\/www.walraven.com\/sk\/kontakt\/vyziadajte-si-katalogy\/","title":{"rendered":"Vy\u017eiadajte si katal\u00f3g 2025"},"content":{"rendered":"<p>Katal\u00f3g Walraven 2025 a \u010fal\u0161ie materi\u00e1ly v\u00e1m radi za\u0161leme v&nbsp;tla\u010denej podobe. <a href=\"https:\/\/www.walraven.com\/cz\/kontakt\/katalog-walraven-2024-tisk\/\">Chcem posla\u0165 katal\u00f3g po\u0161tou.<\/a><\/p>\n<p><img loading=\"lazy\" decoding=\"async\" class=\"size-medium wp-image-54408 alignright\" src=\"https:\/\/www.walraven.com\/wp-content\/uploads\/sites\/7\/2022\/03\/Obalka-katalog-2022-190x300.png\" alt=\"Katalog Walraven\" width=\"190\" height=\"300\" \/><\/p>\n<p>Pokia\u013e chcete len stiahnu\u0165 katal\u00f3g, vypl\u0148te z\u00e1kladn\u00e9 \u00fadaje a dole na str\u00e1nke stla\u010dte tla\u010didlo &#8222;Stiahnu\u0165&#8220;<\/p>\n<div class=\"ms-form\"><div\r\n        data-form-id='697dc1d9-fb66-f011-bec3-7c1e5261da1d'\r\n        data-form-api-url='https:\/\/public-eur.mkt.dynamics.com\/api\/v1.0\/orgs\/2cd7df8f-f10a-4dbf-abd6-99a66c64630a\/landingpageforms'\r\n        data-cached-form-url='https:\/\/assets1-eur.mkt.dynamics.com\/2cd7df8f-f10a-4dbf-abd6-99a66c64630a\/digitalassets\/forms\/697dc1d9-fb66-f011-bec3-7c1e5261da1d' ><\/div>\r\n        <script src = 'https:\/\/cxppusa1formui01cdnsa01-endpoint.azureedge.net\/eur\/FormLoader\/FormLoader.bundle.js' ><\/script><\/div>\n","protected":false},"excerpt":{"rendered":"<p>Katal\u00f3g Walraven 2025 a \u010fal\u0161ie materi\u00e1ly v\u00e1m radi za\u0161leme v&nbsp;tla\u010denej podobe. Chcem posla\u0165 katal\u00f3g po\u0161tou. Pokia\u013e chcete len stiahnu\u0165 katal\u00f3g, vypl\u0148te z\u00e1kladn\u00e9 \u00fadaje a dole na str\u00e1nke stla\u010dte tla\u010didlo &#8222;Stiahnu\u0165&#8220;<\/p>\n","protected":false},"author":7,"featured_media":54718,"parent":69,"menu_order":0,"comment_status":"closed","ping_status":"closed","template":"","meta":{"_acf_changed":false,"footnotes":""},"class_list":["post-54717","page","type-page","status-publish","has-post-thumbnail","hentry"],"acf":[],"yoast_head":"<!-- This site is optimized with the Yoast SEO Premium plugin v27.3 (Yoast SEO v27.3) - https:\/\/yoast.com\/product\/yoast-seo-premium-wordpress\/ -->\n<title>Vy\u017eiadajte si katal\u00f3g 2025 - Walraven Slovensko<\/title>\n<meta name=\"description\" content=\"Vy\u017eiadajte si na\u0161e katal\u00f3gy a pozrite si cel\u00fd sortiment. \u2705 Britclips\u00ae katal\u00f3g \u2705 Gener\u00e1lny katal\u00f3g \u2705 Kotvy pre vysok\u00e9 za\u0165a\u017eenie \u2705 Protipo\u017eiarne upch\u00e1vky\" \/>\n<meta name=\"robots\" content=\"index, follow, max-snippet:-1, max-image-preview:large, max-video-preview:-1\" \/>\n<link rel=\"canonical\" href=\"https:\/\/www.walraven.com\/sk\/kontakt\/vyziadajte-si-katalogy\/\" \/>\n<meta property=\"og:locale\" content=\"sk_SK\" \/>\n<meta property=\"og:type\" content=\"article\" \/>\n<meta property=\"og:title\" content=\"Vy\u017eiadajte si katal\u00f3g 2025\" \/>\n<meta property=\"og:description\" content=\"Vy\u017eiadajte si na\u0161e katal\u00f3gy a pozrite si cel\u00fd sortiment. \u2705 Britclips\u00ae katal\u00f3g \u2705 Gener\u00e1lny katal\u00f3g \u2705 Kotvy pre vysok\u00e9 za\u0165a\u017eenie \u2705 Protipo\u017eiarne upch\u00e1vky\" \/>\n<meta property=\"og:url\" content=\"https:\/\/www.walraven.com\/sk\/kontakt\/vyziadajte-si-katalogy\/\" \/>\n<meta property=\"og:site_name\" content=\"Walraven Slovensko\" \/>\n<meta property=\"article:modified_time\" content=\"2025-10-20T09:52:23+00:00\" \/>\n<meta property=\"og:image\" content=\"https:\/\/www.walraven.com\/sk\/wp-content\/uploads\/sites\/34\/2016\/10\/nquyrynf2hgrytl2co9xdjdh0bdo8n-GMQ2mw.jpg\" \/>\n\t<meta property=\"og:image:width\" content=\"200\" \/>\n\t<meta property=\"og:image:height\" content=\"200\" \/>\n\t<meta property=\"og:image:type\" content=\"image\/jpeg\" \/>\n<meta name=\"twitter:card\" content=\"summary_large_image\" \/>\n<meta name=\"twitter:label1\" content=\"Predpokladan\u00fd \u010das \u010d\u00edtania\" \/>\n\t<meta name=\"twitter:data1\" content=\"1 min\u00fata\" \/>\n<script type=\"application\/ld+json\" class=\"yoast-schema-graph\">{\"@context\":\"https:\\\/\\\/schema.org\",\"@graph\":[{\"@type\":\"WebPage\",\"@id\":\"https:\\\/\\\/www.walraven.com\\\/sk\\\/kontakt\\\/vyziadajte-si-katalogy\\\/\",\"url\":\"https:\\\/\\\/www.walraven.com\\\/sk\\\/kontakt\\\/vyziadajte-si-katalogy\\\/\",\"name\":\"Vy\u017eiadajte si katal\u00f3g 2025 - Walraven Slovensko\",\"isPartOf\":{\"@id\":\"https:\\\/\\\/www.walraven.com\\\/sk\\\/#website\"},\"primaryImageOfPage\":{\"@id\":\"https:\\\/\\\/www.walraven.com\\\/sk\\\/kontakt\\\/vyziadajte-si-katalogy\\\/#primaryimage\"},\"image\":{\"@id\":\"https:\\\/\\\/www.walraven.com\\\/sk\\\/kontakt\\\/vyziadajte-si-katalogy\\\/#primaryimage\"},\"thumbnailUrl\":\"https:\\\/\\\/www.walraven.com\\\/sk\\\/wp-content\\\/uploads\\\/sites\\\/34\\\/2016\\\/10\\\/nquyrynf2hgrytl2co9xdjdh0bdo8n-GMQ2mw.jpg\",\"datePublished\":\"2016-10-20T09:43:19+00:00\",\"dateModified\":\"2025-10-20T09:52:23+00:00\",\"description\":\"Vy\u017eiadajte si na\u0161e katal\u00f3gy a pozrite si cel\u00fd sortiment. \u2705 Britclips\u00ae katal\u00f3g \u2705 Gener\u00e1lny katal\u00f3g \u2705 Kotvy pre vysok\u00e9 za\u0165a\u017eenie \u2705 Protipo\u017eiarne upch\u00e1vky\",\"breadcrumb\":{\"@id\":\"https:\\\/\\\/www.walraven.com\\\/sk\\\/kontakt\\\/vyziadajte-si-katalogy\\\/#breadcrumb\"},\"inLanguage\":\"sk-SK\",\"potentialAction\":[{\"@type\":\"ReadAction\",\"target\":[\"https:\\\/\\\/www.walraven.com\\\/sk\\\/kontakt\\\/vyziadajte-si-katalogy\\\/\"]}]},{\"@type\":\"ImageObject\",\"inLanguage\":\"sk-SK\",\"@id\":\"https:\\\/\\\/www.walraven.com\\\/sk\\\/kontakt\\\/vyziadajte-si-katalogy\\\/#primaryimage\",\"url\":\"https:\\\/\\\/www.walraven.com\\\/sk\\\/wp-content\\\/uploads\\\/sites\\\/34\\\/2016\\\/10\\\/nquyrynf2hgrytl2co9xdjdh0bdo8n-GMQ2mw.jpg\",\"contentUrl\":\"https:\\\/\\\/www.walraven.com\\\/sk\\\/wp-content\\\/uploads\\\/sites\\\/34\\\/2016\\\/10\\\/nquyrynf2hgrytl2co9xdjdh0bdo8n-GMQ2mw.jpg\",\"width\":200,\"height\":200},{\"@type\":\"BreadcrumbList\",\"@id\":\"https:\\\/\\\/www.walraven.com\\\/sk\\\/kontakt\\\/vyziadajte-si-katalogy\\\/#breadcrumb\",\"itemListElement\":[{\"@type\":\"ListItem\",\"position\":1,\"name\":\"\u00davod\",\"item\":\"https:\\\/\\\/www.walraven.com\\\/sk\\\/\"},{\"@type\":\"ListItem\",\"position\":2,\"name\":\"Kontakt\",\"item\":\"https:\\\/\\\/www.walraven.com\\\/sk\\\/kontakt\\\/\"},{\"@type\":\"ListItem\",\"position\":3,\"name\":\"Vy\u017eiadajte si katal\u00f3g 2025\"}]},{\"@type\":\"WebSite\",\"@id\":\"https:\\\/\\\/www.walraven.com\\\/sk\\\/#website\",\"url\":\"https:\\\/\\\/www.walraven.com\\\/sk\\\/\",\"name\":\"Walraven Slovensko\",\"description\":\"\",\"publisher\":{\"@id\":\"https:\\\/\\\/www.walraven.com\\\/sk\\\/#organization\"},\"potentialAction\":[{\"@type\":\"SearchAction\",\"target\":{\"@type\":\"EntryPoint\",\"urlTemplate\":\"https:\\\/\\\/www.walraven.com\\\/sk\\\/?s={search_term_string}\"},\"query-input\":{\"@type\":\"PropertyValueSpecification\",\"valueRequired\":true,\"valueName\":\"search_term_string\"}}],\"inLanguage\":\"sk-SK\"},{\"@type\":\"Organization\",\"@id\":\"https:\\\/\\\/www.walraven.com\\\/sk\\\/#organization\",\"name\":\"Walraven s.r.o.\",\"alternateName\":\"Walraven s.r.o.\",\"url\":\"https:\\\/\\\/www.walraven.com\\\/sk\\\/\",\"logo\":{\"@type\":\"ImageObject\",\"inLanguage\":\"sk-SK\",\"@id\":\"https:\\\/\\\/www.walraven.com\\\/sk\\\/#\\\/schema\\\/logo\\\/image\\\/\",\"url\":\"https:\\\/\\\/www.walraven.com\\\/sk\\\/wp-content\\\/uploads\\\/sites\\\/34\\\/2023\\\/12\\\/Walraven_logo300x300.jpg\",\"contentUrl\":\"https:\\\/\\\/www.walraven.com\\\/sk\\\/wp-content\\\/uploads\\\/sites\\\/34\\\/2023\\\/12\\\/Walraven_logo300x300.jpg\",\"width\":300,\"height\":300,\"caption\":\"Walraven s.r.o.\"},\"image\":{\"@id\":\"https:\\\/\\\/www.walraven.com\\\/sk\\\/#\\\/schema\\\/logo\\\/image\\\/\"}}]}<\/script>\n<!-- \/ Yoast SEO Premium plugin. -->","yoast_head_json":{"title":"Vy\u017eiadajte si katal\u00f3g 2025 - Walraven Slovensko","description":"Vy\u017eiadajte si na\u0161e katal\u00f3gy a pozrite si cel\u00fd sortiment. \u2705 Britclips\u00ae katal\u00f3g \u2705 Gener\u00e1lny katal\u00f3g \u2705 Kotvy pre vysok\u00e9 za\u0165a\u017eenie \u2705 Protipo\u017eiarne upch\u00e1vky","robots":{"index":"index","follow":"follow","max-snippet":"max-snippet:-1","max-image-preview":"max-image-preview:large","max-video-preview":"max-video-preview:-1"},"canonical":"https:\/\/www.walraven.com\/sk\/kontakt\/vyziadajte-si-katalogy\/","og_locale":"sk_SK","og_type":"article","og_title":"Vy\u017eiadajte si katal\u00f3g 2025","og_description":"Vy\u017eiadajte si na\u0161e katal\u00f3gy a pozrite si cel\u00fd sortiment. \u2705 Britclips\u00ae katal\u00f3g \u2705 Gener\u00e1lny katal\u00f3g \u2705 Kotvy pre vysok\u00e9 za\u0165a\u017eenie \u2705 Protipo\u017eiarne upch\u00e1vky","og_url":"https:\/\/www.walraven.com\/sk\/kontakt\/vyziadajte-si-katalogy\/","og_site_name":"Walraven Slovensko","article_modified_time":"2025-10-20T09:52:23+00:00","og_image":[{"width":200,"height":200,"url":"https:\/\/www.walraven.com\/sk\/wp-content\/uploads\/sites\/34\/2016\/10\/nquyrynf2hgrytl2co9xdjdh0bdo8n-GMQ2mw.jpg","type":"image\/jpeg"}],"twitter_card":"summary_large_image","twitter_misc":{"Predpokladan\u00fd \u010das \u010d\u00edtania":"1 min\u00fata"},"schema":{"@context":"https:\/\/schema.org","@graph":[{"@type":"WebPage","@id":"https:\/\/www.walraven.com\/sk\/kontakt\/vyziadajte-si-katalogy\/","url":"https:\/\/www.walraven.com\/sk\/kontakt\/vyziadajte-si-katalogy\/","name":"Vy\u017eiadajte si katal\u00f3g 2025 - Walraven Slovensko","isPartOf":{"@id":"https:\/\/www.walraven.com\/sk\/#website"},"primaryImageOfPage":{"@id":"https:\/\/www.walraven.com\/sk\/kontakt\/vyziadajte-si-katalogy\/#primaryimage"},"image":{"@id":"https:\/\/www.walraven.com\/sk\/kontakt\/vyziadajte-si-katalogy\/#primaryimage"},"thumbnailUrl":"https:\/\/www.walraven.com\/sk\/wp-content\/uploads\/sites\/34\/2016\/10\/nquyrynf2hgrytl2co9xdjdh0bdo8n-GMQ2mw.jpg","datePublished":"2016-10-20T09:43:19+00:00","dateModified":"2025-10-20T09:52:23+00:00","description":"Vy\u017eiadajte si na\u0161e katal\u00f3gy a pozrite si cel\u00fd sortiment. \u2705 Britclips\u00ae katal\u00f3g \u2705 Gener\u00e1lny katal\u00f3g \u2705 Kotvy pre vysok\u00e9 za\u0165a\u017eenie \u2705 Protipo\u017eiarne upch\u00e1vky","breadcrumb":{"@id":"https:\/\/www.walraven.com\/sk\/kontakt\/vyziadajte-si-katalogy\/#breadcrumb"},"inLanguage":"sk-SK","potentialAction":[{"@type":"ReadAction","target":["https:\/\/www.walraven.com\/sk\/kontakt\/vyziadajte-si-katalogy\/"]}]},{"@type":"ImageObject","inLanguage":"sk-SK","@id":"https:\/\/www.walraven.com\/sk\/kontakt\/vyziadajte-si-katalogy\/#primaryimage","url":"https:\/\/www.walraven.com\/sk\/wp-content\/uploads\/sites\/34\/2016\/10\/nquyrynf2hgrytl2co9xdjdh0bdo8n-GMQ2mw.jpg","contentUrl":"https:\/\/www.walraven.com\/sk\/wp-content\/uploads\/sites\/34\/2016\/10\/nquyrynf2hgrytl2co9xdjdh0bdo8n-GMQ2mw.jpg","width":200,"height":200},{"@type":"BreadcrumbList","@id":"https:\/\/www.walraven.com\/sk\/kontakt\/vyziadajte-si-katalogy\/#breadcrumb","itemListElement":[{"@type":"ListItem","position":1,"name":"\u00davod","item":"https:\/\/www.walraven.com\/sk\/"},{"@type":"ListItem","position":2,"name":"Kontakt","item":"https:\/\/www.walraven.com\/sk\/kontakt\/"},{"@type":"ListItem","position":3,"name":"Vy\u017eiadajte si katal\u00f3g 2025"}]},{"@type":"WebSite","@id":"https:\/\/www.walraven.com\/sk\/#website","url":"https:\/\/www.walraven.com\/sk\/","name":"Walraven Slovensko","description":"","publisher":{"@id":"https:\/\/www.walraven.com\/sk\/#organization"},"potentialAction":[{"@type":"SearchAction","target":{"@type":"EntryPoint","urlTemplate":"https:\/\/www.walraven.com\/sk\/?s={search_term_string}"},"query-input":{"@type":"PropertyValueSpecification","valueRequired":true,"valueName":"search_term_string"}}],"inLanguage":"sk-SK"},{"@type":"Organization","@id":"https:\/\/www.walraven.com\/sk\/#organization","name":"Walraven s.r.o.","alternateName":"Walraven s.r.o.","url":"https:\/\/www.walraven.com\/sk\/","logo":{"@type":"ImageObject","inLanguage":"sk-SK","@id":"https:\/\/www.walraven.com\/sk\/#\/schema\/logo\/image\/","url":"https:\/\/www.walraven.com\/sk\/wp-content\/uploads\/sites\/34\/2023\/12\/Walraven_logo300x300.jpg","contentUrl":"https:\/\/www.walraven.com\/sk\/wp-content\/uploads\/sites\/34\/2023\/12\/Walraven_logo300x300.jpg","width":300,"height":300,"caption":"Walraven s.r.o."},"image":{"@id":"https:\/\/www.walraven.com\/sk\/#\/schema\/logo\/image\/"}}]}},"_links":{"self":[{"href":"https:\/\/www.walraven.com\/sk\/wp-json\/wp\/v2\/pages\/54717","targetHints":{"allow":["GET"]}}],"collection":[{"href":"https:\/\/www.walraven.com\/sk\/wp-json\/wp\/v2\/pages"}],"about":[{"href":"https:\/\/www.walraven.com\/sk\/wp-json\/wp\/v2\/types\/page"}],"author":[{"embeddable":true,"href":"https:\/\/www.walraven.com\/sk\/wp-json\/wp\/v2\/users\/7"}],"replies":[{"embeddable":true,"href":"https:\/\/www.walraven.com\/sk\/wp-json\/wp\/v2\/comments?post=54717"}],"version-history":[{"count":6,"href":"https:\/\/www.walraven.com\/sk\/wp-json\/wp\/v2\/pages\/54717\/revisions"}],"predecessor-version":[{"id":61798,"href":"https:\/\/www.walraven.com\/sk\/wp-json\/wp\/v2\/pages\/54717\/revisions\/61798"}],"up":[{"embeddable":true,"href":"https:\/\/www.walraven.com\/sk\/wp-json\/wp\/v2\/pages\/69"}],"wp:featuredmedia":[{"embeddable":true,"href":"https:\/\/www.walraven.com\/sk\/wp-json\/wp\/v2\/media\/54718"}],"wp:attachment":[{"href":"https:\/\/www.walraven.com\/sk\/wp-json\/wp\/v2\/media?parent=54717"}],"curies":[{"name":"wp","href":"https:\/\/api.w.org\/{rel}","templated":true}]}}