{"id":56300,"date":"2021-11-26T11:15:22","date_gmt":"2021-11-26T10:15:22","guid":{"rendered":"https:\/\/www.walraven.com\/?page_id=126794"},"modified":"2024-06-06T13:29:10","modified_gmt":"2024-06-06T11:29:10","slug":"zakladne-informacie-o-vibraciach","status":"publish","type":"page","link":"https:\/\/www.walraven.com\/sk\/zakladne-informacie-o-vibraciach\/","title":{"rendered":"Z\u00e1kladn\u00e9 inform\u00e1cie o vibr\u00e1ci\u00e1ch"},"content":{"rendered":"<h2>\u010co s\u00fa vibr\u00e1cie a pre\u010do sa im chcete vyhn\u00fa\u0165?<\/h2>\n<p><span>Vzh\u013eadom na to, \u017ee st\u00e1le viac u\u017e\u00edvate\u013eov budov je ru\u0161en\u00fdch mechanick\u00fdmi vibr\u00e1ciami a vibr\u00e1ciami vyvolan\u00fdm hlukom poch\u00e1dzaj\u00facim z&nbsp;mechanick\u00fdch zariaden\u00ed, odvetv\u00ed zaoberaj\u00face sa v\u0161etk\u00fdmi rozvodmi, sa za\u010dalo viac venova\u0165 akustick\u00e9mu n\u00e1vrhu mechanick\u00fdch zariaden\u00ed a in\u0161tal\u00e1ci\u00ed.\u00a0<\/span><span>Ne\u017e v\u0161ak budeme sk\u00fama\u0165 a uv\u00e1dza\u0165 pr\u00edklady toho, ako sa d\u00e1 vibr\u00e1ci\u00e1m zabr\u00e1ni\u0165, pozrime sa na defin\u00edciu a ved\u013eaj\u0161ie \u00fa\u010dinky vibr\u00e1ci\u00ed.<\/span><\/p>\n<h2><span>\u010co s\u00fa to vibr\u00e1cie?<\/span><\/h2>\n<p><span>Jednoducho povedan\u00e9, vibr\u00e1cie s\u00fa mechanick\u00fd jav, kedy doch\u00e1dza k&nbsp;oscil\u00e1cii okolo rovnov\u00e1\u017eneho bodu.\u00a0<\/span><span>V niektor\u00fdch pr\u00edpadoch to m\u00f4\u017ee by\u0165 \u017eiaduce, napr\u00edklad v&nbsp;pr\u00edpade pohybu struny gitary, ale \u010dasto s\u00fa vibr\u00e1cie ne\u017eiaduce, preto\u017ee vytv\u00e1raj\u00fa ne\u017eiaduce hluk a nepohodlie.\u00a0<\/span><span>Medzi typick\u00e9 pr\u00edklady ne\u017eiaducich vibr\u00e1ci\u00ed patr\u00ed vibra\u010dn\u00fd pohyb motorov, elektromotorov alebo in\u00fdch mechanick\u00fdch zariaden\u00ed alebo zariaden\u00ed v&nbsp;prev\u00e1dzke.<\/span><\/p>\n<h2><span>Zvukov\u00e9 prejavy vibr\u00e1ci\u00ed<\/span><\/h2>\n<p><span>V kontexte rozvodov TZB s\u00fa zvuky v\u00e4\u010d\u0161inou generovan\u00e9 ako v\u00fdsledok vibr\u00e1ci\u00ed z&nbsp;\u010dasti zariadenia.\u00a0Niektor\u00e9 typy vibr\u00e1ci\u00ed v\u0161ak m\u00f4\u017eu taktie\u017e vytv\u00e1ra\u0165 zvukov\u00e9 efekty, ktor\u00e9 \u013eudia nedetekuj\u00fa.\u00a0Je v\u0161ak d\u00f4le\u017eit\u00e9 vedie\u0165, \u017ee\u00a0<\/span><i><span>nedetekovan\u00e9 zvukov\u00e9 efekty m\u00f4\u017eu tie\u017e ovplyvni\u0165 zdravie a pohodu pou\u017e\u00edvate\u013eov<\/span><\/i><span>\u00a0budov.\u00a0Preto najlep\u0161\u00edm sp\u00f4sobom, ako zn\u00ed\u017ei\u0165 zvuk, detekovate\u013en\u00fd aj nedetekovate\u013en\u00fd, je v&nbsp;prvom rade obmedzi\u0165 vibr\u00e1cie produkovan\u00e9 mechanick\u00fdm zariaden\u00edm.<\/span><\/p>\n<h2><span>Ak\u00e9 s\u00fa naj\u010dastej\u0161ie zdroje vibr\u00e1ci\u00ed v&nbsp;budov\u00e1ch?<\/span><\/h2>\n<p><span>Zariadenie TZB, ktor\u00e9 je pevne pripevnen\u00e9 k&nbsp;podkladu, stene alebo stropu, m\u00f4\u017ee pren\u00e1\u0161a\u0165 vibr\u00e1cie do nosnej kon\u0161trukcie a sp\u00f4sobova\u0165 vysoko ne\u017eiaduce \u00farovne hluku pren\u00e1\u0161an\u00e9ho kon\u0161trukciou.\u00a0<\/span><span>Tento hluk sa m\u00f4\u017ee \u0161\u00edri\u0165 \u010faleko a m\u00f4\u017ee sa dokonca \u0161\u00edri\u0165 po celej budove.\u00a0<\/span><span>Rovnako ako zariadenie m\u00f4\u017eu v\u0161etky rozvodn\u00e9 potrubia (kanaliza\u010dn\u00e9, vzduchotechnik\u00e9 at\u010f.) fungova\u0165 ako pren\u00e1\u0161a\u010de hluku pren\u00e1\u0161an\u00e9ho kon\u0161trukciou, pokia\u013e s\u00fa pevne spojen\u00e9 s&nbsp;vibruj\u00facim zariaden\u00edm<\/span><\/p>\n<h2><span>Nejde len o ne\u017eiaduci hluk, ale je toho viac<\/span><\/h2>\n<p><span>Okrem ne\u017eiaduceho hluku m\u00f4\u017eu pravideln\u00e9 a opakuj\u00face sa vibr\u00e1cie sp\u00f4sobi\u0165 \u010fal\u0161ie probl\u00e9my, ktor\u00e9 m\u00f4\u017eu ovplyvni\u0165 zariadenie, budovu a jej pou\u017e\u00edvate\u013eov.\u00a0<\/span><span>Medzi tieto probl\u00e9my patr\u00ed napr\u00edklad:<\/span><\/p>\n<ul>\n<li><span><span>vytv\u00e1ra\u0165 nepohodlie pre \u013eud\u00ed<\/span><\/span><\/li>\n<li><span><span>zn\u00ed\u017een\u00e1 bezpe\u010dnos\u0165 os\u00f4b v&nbsp;bl\u00edzkosti vibra\u010dn\u00e9ho zariadenia<\/span><\/span><\/li>\n<li><span><span>negat\u00edvne d\u00f4sledky pre kon\u0161trukciu budovy<\/span><\/span><\/li>\n<li><span><span>zv\u00fd\u0161en\u00e9 n\u00e1roky na \u00fadr\u017ebu zariadenia<\/span><\/span><\/li>\n<li><span><span>zn\u00ed\u017een\u00e1 \u017eivotnos\u0165 zariadenia<\/span><\/span><\/li>\n<li><span><span>nespr\u00e1vna prev\u00e1dzka zariadenia<\/span><\/span><\/li>\n<li><span><span>poru\u0161enie regula\u010dn\u00fdch po\u017eiadaviek \u2013 hlukov\u00fdch noriem<\/span><\/span><\/li>\n<\/ul>\n<h2><span>Ako vyrie\u0161i\u0165 vibr\u00e1cie?<\/span><\/h2>\n<p><span>Izol\u00e1cia zdrojov vibr\u00e1ci\u00ed od nosnej kon\u0161trukcie pomocou pru\u017en\u00fdch zariaden\u00ed, napr\u00edklad izol\u00e1torov, je naj\u00fa\u010dinnej\u0161\u00edm pr\u00edstupom k&nbsp;elimin\u00e1cii vibr\u00e1ci\u00ed.\u00a0<\/span><span>Starostlivo vybran\u00fd antivibra\u010dn\u00fd syst\u00e9m vibroakustick\u00fdch izol\u00e1torov je potrebn\u00e9 umiestni\u0165, pokia\u013e je to mo\u017en\u00e9, priamo medzi mont\u00e1\u017enu kon\u0161trukciu a zariadenie, ktor\u00e9 produkuje ne\u017eiaduce vibr\u00e1cie.\u00a0<\/span><span>Izol\u00e1tory potom m\u00f4\u017eu \u00fa\u010dinne absorbova\u0165 a\u017e 99&nbsp;% nadmern\u00fdch vibr\u00e1ci\u00ed produkovan\u00fdch zariaden\u00edm.<\/span><\/p>\n<h2><span>Prevencia je jednoduch\u0161ia a lacnej\u0161ia ako n\u00e1prava!<\/span><\/h2>\n<p><span>N\u00e1prava hluku alebo vibr\u00e1ci\u00ed m\u00f4\u017ee by\u0165 ove\u013ea n\u00e1kladnej\u0161ia ako rie\u0161enie probl\u00e9mu pred in\u0161tal\u00e1ciou zariadenia.\u00a0<\/span><span>N\u00e1klady na opravu m\u00f4\u017eu zah\u0155\u0148a\u0165 \u010das potrebn\u00fd na koordin\u00e1ciu vy\u0161etrovania, priame platby dod\u00e1vate\u013eovi rekon\u0161trukci\u00ed a pr\u00edpadn\u00e9 od\u0161kodnenie vyplaten\u00e9 u\u017e\u00edvate\u013eom budovy, ktor\u00ed podali s\u0165a\u017enosti.\u00a0<\/span><span>Preto by ste sa mali v\u017edy sna\u017ei\u0165 predch\u00e1dza\u0165 probl\u00e9mom s&nbsp;vibr\u00e1ciami a hlukom namiesto ich n\u00e1pravy.\u00a0<\/span><span>Zanedbate\u013en\u00e9 dodato\u010dn\u00e9 n\u00e1klady na prevenciu (obvykle asi 1&nbsp;% a\u017e 2&nbsp;% celkov\u00fdch n\u00e1kladov na syst\u00e9me rozvodov potrubia) s\u00fa dobre vynalo\u017een\u00e9 peniaze v&nbsp;porovnan\u00ed s&nbsp;druhou najlep\u0161ou alternat\u00edvou, ktor\u00e1 napravuje s\u00fa\u010dasn\u00fa situ\u00e1ciu.<\/span><\/p>\n<h2><span>Zistite viac o antivibra\u010dn\u00fdch rie\u0161eniach od Walravenu<\/span><\/h2>\n<p><span>V portf\u00f3liu Walraven m\u00f4\u017eete n\u00e1js\u0165 kompletn\u00fd rad gumov\u00fdch a kovov\u00fdch vibroakustick\u00fdch izol\u00e1torov, antivibra\u010dn\u00fdch podlo\u017eiek, dr\u017eiakov a pru\u017e\u00edn na odstr\u00e1nenie probl\u00e9mov s&nbsp;vibr\u00e1ciami v&nbsp;potrubn\u00fdch in\u0161tal\u00e1ci\u00e1ch.\u00a0Izol\u00e1tory je mo\u017en\u00e9 tie\u017e \u013eahko integrova\u0165 s&nbsp;in\u00fdmi typick\u00fdmi\u00a0<\/span><a href=\"https:\/\/www.walraven.com\/sk\/upevnovacie-systemy\/\"><span>upevneniami potrubia<\/span><\/a><span>\u00a0,\u00a0<\/span><a href=\"https:\/\/www.walraven.com\/sk\/upevnovacie-systemy\/rapidstrut\/\"><span>mont\u00e1\u017enymi syst\u00e9mami<\/span><\/a><span>\u00a0alebo\u00a0<\/span><a href=\"https:\/\/www.walraven.com\/sk\/strechy\/\"><span>kon\u0161trukciami pre stre\u0161n\u00e9 in\u0161tal\u00e1cie<\/span><\/a><span>\u00a0.<\/span><\/p>\n<p><a href=\"https:\/\/www.walraven.com\/sk\/izolacie-vibracii\/\"><b><span>Pre\u010d\u00edtajte si viac<\/span><\/b><\/a><\/p>\n","protected":false},"excerpt":{"rendered":"<p>\u010co s\u00fa vibr\u00e1cie a pre\u010do sa im chcete vyhn\u00fa\u0165? Vzh\u013eadom na to, \u017ee st\u00e1le viac u\u017e\u00edvate\u013eov budov je ru\u0161en\u00fdch mechanick\u00fdmi vibr\u00e1ciami a vibr\u00e1ciami vyvolan\u00fdm hlukom poch\u00e1dzaj\u00facim z&nbsp;mechanick\u00fdch zariaden\u00ed, odvetv\u00ed zaoberaj\u00face sa v\u0161etk\u00fdmi rozvodmi, sa za\u010dalo viac venova\u0165 akustick\u00e9mu n\u00e1vrhu mechanick\u00fdch zariaden\u00ed a in\u0161tal\u00e1ci\u00ed.\u00a0Ne\u017e v\u0161ak budeme sk\u00fama\u0165 a uv\u00e1dza\u0165 pr\u00edklady toho, ako sa d\u00e1 vibr\u00e1ci\u00e1m zabr\u00e1ni\u0165, [&hellip;]<\/p>\n","protected":false},"author":62,"featured_media":0,"parent":0,"menu_order":0,"comment_status":"closed","ping_status":"closed","template":"","meta":{"_acf_changed":false,"footnotes":""},"class_list":["post-56300","page","type-page","status-publish","hentry"],"acf":[],"yoast_head":"<!-- This site is optimized with the Yoast SEO Premium plugin v27.3 (Yoast SEO v27.3) - https:\/\/yoast.com\/product\/yoast-seo-premium-wordpress\/ -->\n<title>Z\u00e1kladn\u00e9 inform\u00e1cie o vibr\u00e1ci\u00e1ch - Walraven Slovensko<\/title>\n<meta name=\"robots\" content=\"index, follow, max-snippet:-1, max-image-preview:large, max-video-preview:-1\" \/>\n<link rel=\"canonical\" href=\"https:\/\/www.walraven.com\/sk\/zakladne-informacie-o-vibraciach\/\" \/>\n<meta property=\"og:locale\" content=\"sk_SK\" \/>\n<meta property=\"og:type\" content=\"article\" \/>\n<meta property=\"og:title\" content=\"Z\u00e1kladn\u00e9 inform\u00e1cie o vibr\u00e1ci\u00e1ch\" \/>\n<meta property=\"og:description\" content=\"\u010co s\u00fa vibr\u00e1cie a pre\u010do sa im chcete vyhn\u00fa\u0165? Vzh\u013eadom na to, \u017ee st\u00e1le viac u\u017e\u00edvate\u013eov budov je ru\u0161en\u00fdch mechanick\u00fdmi vibr\u00e1ciami a vibr\u00e1ciami vyvolan\u00fdm hlukom poch\u00e1dzaj\u00facim z&nbsp;mechanick\u00fdch zariaden\u00ed, odvetv\u00ed zaoberaj\u00face sa v\u0161etk\u00fdmi rozvodmi, sa za\u010dalo viac venova\u0165 akustick\u00e9mu n\u00e1vrhu mechanick\u00fdch zariaden\u00ed a in\u0161tal\u00e1ci\u00ed.\u00a0Ne\u017e v\u0161ak budeme sk\u00fama\u0165 a uv\u00e1dza\u0165 pr\u00edklady toho, ako sa d\u00e1 vibr\u00e1ci\u00e1m zabr\u00e1ni\u0165, [&hellip;]\" \/>\n<meta property=\"og:url\" content=\"https:\/\/www.walraven.com\/sk\/zakladne-informacie-o-vibraciach\/\" \/>\n<meta property=\"og:site_name\" content=\"Walraven Slovensko\" \/>\n<meta property=\"article:modified_time\" content=\"2024-06-06T11:29:10+00:00\" \/>\n<meta name=\"twitter:card\" content=\"summary_large_image\" \/>\n<meta name=\"twitter:label1\" content=\"Predpokladan\u00fd \u010das \u010d\u00edtania\" \/>\n\t<meta name=\"twitter:data1\" content=\"3 min\u00faty\" \/>\n<script type=\"application\/ld+json\" class=\"yoast-schema-graph\">{\"@context\":\"https:\\\/\\\/schema.org\",\"@graph\":[{\"@type\":\"WebPage\",\"@id\":\"https:\\\/\\\/www.walraven.com\\\/sk\\\/zakladne-informacie-o-vibraciach\\\/\",\"url\":\"https:\\\/\\\/www.walraven.com\\\/sk\\\/zakladne-informacie-o-vibraciach\\\/\",\"name\":\"Z\u00e1kladn\u00e9 inform\u00e1cie o vibr\u00e1ci\u00e1ch - Walraven Slovensko\",\"isPartOf\":{\"@id\":\"https:\\\/\\\/www.walraven.com\\\/sk\\\/#website\"},\"datePublished\":\"2021-11-26T10:15:22+00:00\",\"dateModified\":\"2024-06-06T11:29:10+00:00\",\"breadcrumb\":{\"@id\":\"https:\\\/\\\/www.walraven.com\\\/sk\\\/zakladne-informacie-o-vibraciach\\\/#breadcrumb\"},\"inLanguage\":\"sk-SK\",\"potentialAction\":[{\"@type\":\"ReadAction\",\"target\":[\"https:\\\/\\\/www.walraven.com\\\/sk\\\/zakladne-informacie-o-vibraciach\\\/\"]}]},{\"@type\":\"BreadcrumbList\",\"@id\":\"https:\\\/\\\/www.walraven.com\\\/sk\\\/zakladne-informacie-o-vibraciach\\\/#breadcrumb\",\"itemListElement\":[{\"@type\":\"ListItem\",\"position\":1,\"name\":\"\u00davod\",\"item\":\"https:\\\/\\\/www.walraven.com\\\/sk\\\/\"},{\"@type\":\"ListItem\",\"position\":2,\"name\":\"Z\u00e1kladn\u00e9 inform\u00e1cie o vibr\u00e1ci\u00e1ch\"}]},{\"@type\":\"WebSite\",\"@id\":\"https:\\\/\\\/www.walraven.com\\\/sk\\\/#website\",\"url\":\"https:\\\/\\\/www.walraven.com\\\/sk\\\/\",\"name\":\"Walraven Slovensko\",\"description\":\"\",\"publisher\":{\"@id\":\"https:\\\/\\\/www.walraven.com\\\/sk\\\/#organization\"},\"potentialAction\":[{\"@type\":\"SearchAction\",\"target\":{\"@type\":\"EntryPoint\",\"urlTemplate\":\"https:\\\/\\\/www.walraven.com\\\/sk\\\/?s={search_term_string}\"},\"query-input\":{\"@type\":\"PropertyValueSpecification\",\"valueRequired\":true,\"valueName\":\"search_term_string\"}}],\"inLanguage\":\"sk-SK\"},{\"@type\":\"Organization\",\"@id\":\"https:\\\/\\\/www.walraven.com\\\/sk\\\/#organization\",\"name\":\"Walraven s.r.o.\",\"alternateName\":\"Walraven s.r.o.\",\"url\":\"https:\\\/\\\/www.walraven.com\\\/sk\\\/\",\"logo\":{\"@type\":\"ImageObject\",\"inLanguage\":\"sk-SK\",\"@id\":\"https:\\\/\\\/www.walraven.com\\\/sk\\\/#\\\/schema\\\/logo\\\/image\\\/\",\"url\":\"https:\\\/\\\/www.walraven.com\\\/sk\\\/wp-content\\\/uploads\\\/sites\\\/34\\\/2023\\\/12\\\/Walraven_logo300x300.jpg\",\"contentUrl\":\"https:\\\/\\\/www.walraven.com\\\/sk\\\/wp-content\\\/uploads\\\/sites\\\/34\\\/2023\\\/12\\\/Walraven_logo300x300.jpg\",\"width\":300,\"height\":300,\"caption\":\"Walraven s.r.o.\"},\"image\":{\"@id\":\"https:\\\/\\\/www.walraven.com\\\/sk\\\/#\\\/schema\\\/logo\\\/image\\\/\"}}]}<\/script>\n<!-- \/ Yoast SEO Premium plugin. -->","yoast_head_json":{"title":"Z\u00e1kladn\u00e9 inform\u00e1cie o vibr\u00e1ci\u00e1ch - Walraven Slovensko","robots":{"index":"index","follow":"follow","max-snippet":"max-snippet:-1","max-image-preview":"max-image-preview:large","max-video-preview":"max-video-preview:-1"},"canonical":"https:\/\/www.walraven.com\/sk\/zakladne-informacie-o-vibraciach\/","og_locale":"sk_SK","og_type":"article","og_title":"Z\u00e1kladn\u00e9 inform\u00e1cie o vibr\u00e1ci\u00e1ch","og_description":"\u010co s\u00fa vibr\u00e1cie a pre\u010do sa im chcete vyhn\u00fa\u0165? Vzh\u013eadom na to, \u017ee st\u00e1le viac u\u017e\u00edvate\u013eov budov je ru\u0161en\u00fdch mechanick\u00fdmi vibr\u00e1ciami a vibr\u00e1ciami vyvolan\u00fdm hlukom poch\u00e1dzaj\u00facim z&nbsp;mechanick\u00fdch zariaden\u00ed, odvetv\u00ed zaoberaj\u00face sa v\u0161etk\u00fdmi rozvodmi, sa za\u010dalo viac venova\u0165 akustick\u00e9mu n\u00e1vrhu mechanick\u00fdch zariaden\u00ed a in\u0161tal\u00e1ci\u00ed.\u00a0Ne\u017e v\u0161ak budeme sk\u00fama\u0165 a uv\u00e1dza\u0165 pr\u00edklady toho, ako sa d\u00e1 vibr\u00e1ci\u00e1m zabr\u00e1ni\u0165, [&hellip;]","og_url":"https:\/\/www.walraven.com\/sk\/zakladne-informacie-o-vibraciach\/","og_site_name":"Walraven Slovensko","article_modified_time":"2024-06-06T11:29:10+00:00","twitter_card":"summary_large_image","twitter_misc":{"Predpokladan\u00fd \u010das \u010d\u00edtania":"3 min\u00faty"},"schema":{"@context":"https:\/\/schema.org","@graph":[{"@type":"WebPage","@id":"https:\/\/www.walraven.com\/sk\/zakladne-informacie-o-vibraciach\/","url":"https:\/\/www.walraven.com\/sk\/zakladne-informacie-o-vibraciach\/","name":"Z\u00e1kladn\u00e9 inform\u00e1cie o vibr\u00e1ci\u00e1ch - Walraven Slovensko","isPartOf":{"@id":"https:\/\/www.walraven.com\/sk\/#website"},"datePublished":"2021-11-26T10:15:22+00:00","dateModified":"2024-06-06T11:29:10+00:00","breadcrumb":{"@id":"https:\/\/www.walraven.com\/sk\/zakladne-informacie-o-vibraciach\/#breadcrumb"},"inLanguage":"sk-SK","potentialAction":[{"@type":"ReadAction","target":["https:\/\/www.walraven.com\/sk\/zakladne-informacie-o-vibraciach\/"]}]},{"@type":"BreadcrumbList","@id":"https:\/\/www.walraven.com\/sk\/zakladne-informacie-o-vibraciach\/#breadcrumb","itemListElement":[{"@type":"ListItem","position":1,"name":"\u00davod","item":"https:\/\/www.walraven.com\/sk\/"},{"@type":"ListItem","position":2,"name":"Z\u00e1kladn\u00e9 inform\u00e1cie o vibr\u00e1ci\u00e1ch"}]},{"@type":"WebSite","@id":"https:\/\/www.walraven.com\/sk\/#website","url":"https:\/\/www.walraven.com\/sk\/","name":"Walraven Slovensko","description":"","publisher":{"@id":"https:\/\/www.walraven.com\/sk\/#organization"},"potentialAction":[{"@type":"SearchAction","target":{"@type":"EntryPoint","urlTemplate":"https:\/\/www.walraven.com\/sk\/?s={search_term_string}"},"query-input":{"@type":"PropertyValueSpecification","valueRequired":true,"valueName":"search_term_string"}}],"inLanguage":"sk-SK"},{"@type":"Organization","@id":"https:\/\/www.walraven.com\/sk\/#organization","name":"Walraven s.r.o.","alternateName":"Walraven s.r.o.","url":"https:\/\/www.walraven.com\/sk\/","logo":{"@type":"ImageObject","inLanguage":"sk-SK","@id":"https:\/\/www.walraven.com\/sk\/#\/schema\/logo\/image\/","url":"https:\/\/www.walraven.com\/sk\/wp-content\/uploads\/sites\/34\/2023\/12\/Walraven_logo300x300.jpg","contentUrl":"https:\/\/www.walraven.com\/sk\/wp-content\/uploads\/sites\/34\/2023\/12\/Walraven_logo300x300.jpg","width":300,"height":300,"caption":"Walraven s.r.o."},"image":{"@id":"https:\/\/www.walraven.com\/sk\/#\/schema\/logo\/image\/"}}]}},"_links":{"self":[{"href":"https:\/\/www.walraven.com\/sk\/wp-json\/wp\/v2\/pages\/56300","targetHints":{"allow":["GET"]}}],"collection":[{"href":"https:\/\/www.walraven.com\/sk\/wp-json\/wp\/v2\/pages"}],"about":[{"href":"https:\/\/www.walraven.com\/sk\/wp-json\/wp\/v2\/types\/page"}],"author":[{"embeddable":true,"href":"https:\/\/www.walraven.com\/sk\/wp-json\/wp\/v2\/users\/62"}],"replies":[{"embeddable":true,"href":"https:\/\/www.walraven.com\/sk\/wp-json\/wp\/v2\/comments?post=56300"}],"version-history":[{"count":4,"href":"https:\/\/www.walraven.com\/sk\/wp-json\/wp\/v2\/pages\/56300\/revisions"}],"predecessor-version":[{"id":61109,"href":"https:\/\/www.walraven.com\/sk\/wp-json\/wp\/v2\/pages\/56300\/revisions\/61109"}],"wp:attachment":[{"href":"https:\/\/www.walraven.com\/sk\/wp-json\/wp\/v2\/media?parent=56300"}],"curies":[{"name":"wp","href":"https:\/\/api.w.org\/{rel}","templated":true}]}}