{"id":57742,"date":"2023-08-17T16:20:25","date_gmt":"2023-08-17T14:20:25","guid":{"rendered":"https:\/\/www.walraven.com\/int\/?page_id=58937"},"modified":"2025-10-07T21:02:20","modified_gmt":"2025-10-07T19:02:20","slug":"rapidstrut","status":"publish","type":"page","link":"https:\/\/www.walraven.com\/sk\/upevnovacie-systemy\/rapidstrut\/","title":{"rendered":"Walraven RapidStrut\u00ae"},"content":{"rendered":"","protected":false},"excerpt":{"rendered":"","protected":false},"author":62,"featured_media":57752,"parent":54688,"menu_order":0,"comment_status":"closed","ping_status":"closed","template":"page-templates\/tpl-landingspage.php","meta":{"_acf_changed":false,"footnotes":""},"class_list":["post-57742","page","type-page","status-publish","has-post-thumbnail","hentry"],"acf":[],"yoast_head":"<!-- This site is optimized with the Yoast SEO Premium plugin v27.3 (Yoast SEO v27.3) - https:\/\/yoast.com\/product\/yoast-seo-premium-wordpress\/ -->\n<title>Walraven RapidStrut\u00ae - Walraven Slovensko<\/title>\n<meta name=\"description\" content=\"Zv\u00fd\u0161te efektivitu in\u0161tal\u00e1cie v\u010faka kompletn\u00e9mu mont\u00e1\u017enemu syst\u00e9mu Walraven RapidStrut\u00ae, ktor\u00fd je ur\u010den\u00fd na pou\u017eitie v interi\u00e9ri aj exteri\u00e9ri.\" \/>\n<meta name=\"robots\" content=\"index, follow, max-snippet:-1, max-image-preview:large, max-video-preview:-1\" \/>\n<link rel=\"canonical\" href=\"https:\/\/www.walraven.com\/sk\/upevnovacie-systemy\/rapidstrut\/\" \/>\n<meta property=\"og:locale\" content=\"sk_SK\" \/>\n<meta property=\"og:type\" content=\"article\" \/>\n<meta property=\"og:title\" content=\"Walraven RapidStrut\u00ae\" \/>\n<meta property=\"og:description\" content=\"Zv\u00fd\u0161te efektivitu in\u0161tal\u00e1cie v\u010faka kompletn\u00e9mu mont\u00e1\u017enemu syst\u00e9mu Walraven RapidStrut\u00ae, ktor\u00fd je ur\u010den\u00fd na pou\u017eitie v interi\u00e9ri aj exteri\u00e9ri.\" \/>\n<meta property=\"og:url\" content=\"https:\/\/www.walraven.com\/sk\/upevnovacie-systemy\/rapidstrut\/\" \/>\n<meta property=\"og:site_name\" content=\"Walraven Slovensko\" \/>\n<meta property=\"article:modified_time\" content=\"2025-10-07T19:02:20+00:00\" \/>\n<meta property=\"og:image\" content=\"https:\/\/www.walraven.com\/sk\/wp-content\/uploads\/sites\/34\/2023\/08\/RapidStrut_Main_630x445px_2.jpg\" \/>\n\t<meta property=\"og:image:width\" content=\"840\" \/>\n\t<meta property=\"og:image:height\" content=\"593\" \/>\n\t<meta property=\"og:image:type\" content=\"image\/jpeg\" \/>\n<meta name=\"twitter:card\" content=\"summary_large_image\" \/>\n<meta name=\"twitter:label1\" content=\"Predpokladan\u00fd \u010das \u010d\u00edtania\" \/>\n\t<meta name=\"twitter:data1\" content=\"3 min\u00faty\" \/>\n<script type=\"application\/ld+json\" class=\"yoast-schema-graph\">{\"@context\":\"https:\\\/\\\/schema.org\",\"@graph\":[{\"@type\":\"WebPage\",\"@id\":\"https:\\\/\\\/www.walraven.com\\\/sk\\\/upevnovacie-systemy\\\/rapidstrut\\\/\",\"url\":\"https:\\\/\\\/www.walraven.com\\\/sk\\\/upevnovacie-systemy\\\/rapidstrut\\\/\",\"name\":\"Walraven RapidStrut\u00ae - Walraven Slovensko\",\"isPartOf\":{\"@id\":\"https:\\\/\\\/www.walraven.com\\\/sk\\\/#website\"},\"primaryImageOfPage\":{\"@id\":\"https:\\\/\\\/www.walraven.com\\\/sk\\\/upevnovacie-systemy\\\/rapidstrut\\\/#primaryimage\"},\"image\":{\"@id\":\"https:\\\/\\\/www.walraven.com\\\/sk\\\/upevnovacie-systemy\\\/rapidstrut\\\/#primaryimage\"},\"thumbnailUrl\":\"https:\\\/\\\/www.walraven.com\\\/sk\\\/wp-content\\\/uploads\\\/sites\\\/34\\\/2023\\\/08\\\/RapidStrut_Main_630x445px_2.jpg\",\"datePublished\":\"2023-08-17T14:20:25+00:00\",\"dateModified\":\"2025-10-07T19:02:20+00:00\",\"description\":\"Zv\u00fd\u0161te efektivitu in\u0161tal\u00e1cie v\u010faka kompletn\u00e9mu mont\u00e1\u017enemu syst\u00e9mu Walraven RapidStrut\u00ae, ktor\u00fd je ur\u010den\u00fd na pou\u017eitie v interi\u00e9ri aj exteri\u00e9ri.\",\"breadcrumb\":{\"@id\":\"https:\\\/\\\/www.walraven.com\\\/sk\\\/upevnovacie-systemy\\\/rapidstrut\\\/#breadcrumb\"},\"inLanguage\":\"sk-SK\",\"potentialAction\":[{\"@type\":\"ReadAction\",\"target\":[\"https:\\\/\\\/www.walraven.com\\\/sk\\\/upevnovacie-systemy\\\/rapidstrut\\\/\"]}]},{\"@type\":\"ImageObject\",\"inLanguage\":\"sk-SK\",\"@id\":\"https:\\\/\\\/www.walraven.com\\\/sk\\\/upevnovacie-systemy\\\/rapidstrut\\\/#primaryimage\",\"url\":\"https:\\\/\\\/www.walraven.com\\\/sk\\\/wp-content\\\/uploads\\\/sites\\\/34\\\/2023\\\/08\\\/RapidStrut_Main_630x445px_2.jpg\",\"contentUrl\":\"https:\\\/\\\/www.walraven.com\\\/sk\\\/wp-content\\\/uploads\\\/sites\\\/34\\\/2023\\\/08\\\/RapidStrut_Main_630x445px_2.jpg\",\"width\":840,\"height\":593},{\"@type\":\"BreadcrumbList\",\"@id\":\"https:\\\/\\\/www.walraven.com\\\/sk\\\/upevnovacie-systemy\\\/rapidstrut\\\/#breadcrumb\",\"itemListElement\":[{\"@type\":\"ListItem\",\"position\":1,\"name\":\"\u00davod\",\"item\":\"https:\\\/\\\/www.walraven.com\\\/sk\\\/\"},{\"@type\":\"ListItem\",\"position\":2,\"name\":\"Upev\u0148ovacie syst\u00e9my\",\"item\":\"https:\\\/\\\/www.walraven.com\\\/sk\\\/upevnovacie-systemy\\\/\"},{\"@type\":\"ListItem\",\"position\":3,\"name\":\"Walraven RapidStrut\u00ae\"}]},{\"@type\":\"WebSite\",\"@id\":\"https:\\\/\\\/www.walraven.com\\\/sk\\\/#website\",\"url\":\"https:\\\/\\\/www.walraven.com\\\/sk\\\/\",\"name\":\"Walraven Slovensko\",\"description\":\"\",\"publisher\":{\"@id\":\"https:\\\/\\\/www.walraven.com\\\/sk\\\/#organization\"},\"potentialAction\":[{\"@type\":\"SearchAction\",\"target\":{\"@type\":\"EntryPoint\",\"urlTemplate\":\"https:\\\/\\\/www.walraven.com\\\/sk\\\/?s={search_term_string}\"},\"query-input\":{\"@type\":\"PropertyValueSpecification\",\"valueRequired\":true,\"valueName\":\"search_term_string\"}}],\"inLanguage\":\"sk-SK\"},{\"@type\":\"Organization\",\"@id\":\"https:\\\/\\\/www.walraven.com\\\/sk\\\/#organization\",\"name\":\"Walraven s.r.o.\",\"alternateName\":\"Walraven s.r.o.\",\"url\":\"https:\\\/\\\/www.walraven.com\\\/sk\\\/\",\"logo\":{\"@type\":\"ImageObject\",\"inLanguage\":\"sk-SK\",\"@id\":\"https:\\\/\\\/www.walraven.com\\\/sk\\\/#\\\/schema\\\/logo\\\/image\\\/\",\"url\":\"https:\\\/\\\/www.walraven.com\\\/sk\\\/wp-content\\\/uploads\\\/sites\\\/34\\\/2023\\\/12\\\/Walraven_logo300x300.jpg\",\"contentUrl\":\"https:\\\/\\\/www.walraven.com\\\/sk\\\/wp-content\\\/uploads\\\/sites\\\/34\\\/2023\\\/12\\\/Walraven_logo300x300.jpg\",\"width\":300,\"height\":300,\"caption\":\"Walraven s.r.o.\"},\"image\":{\"@id\":\"https:\\\/\\\/www.walraven.com\\\/sk\\\/#\\\/schema\\\/logo\\\/image\\\/\"}}]}<\/script>\n<!-- \/ Yoast SEO Premium plugin. -->","yoast_head_json":{"title":"Walraven RapidStrut\u00ae - Walraven Slovensko","description":"Zv\u00fd\u0161te efektivitu in\u0161tal\u00e1cie v\u010faka kompletn\u00e9mu mont\u00e1\u017enemu syst\u00e9mu Walraven RapidStrut\u00ae, ktor\u00fd je ur\u010den\u00fd na pou\u017eitie v interi\u00e9ri aj exteri\u00e9ri.","robots":{"index":"index","follow":"follow","max-snippet":"max-snippet:-1","max-image-preview":"max-image-preview:large","max-video-preview":"max-video-preview:-1"},"canonical":"https:\/\/www.walraven.com\/sk\/upevnovacie-systemy\/rapidstrut\/","og_locale":"sk_SK","og_type":"article","og_title":"Walraven RapidStrut\u00ae","og_description":"Zv\u00fd\u0161te efektivitu in\u0161tal\u00e1cie v\u010faka kompletn\u00e9mu mont\u00e1\u017enemu syst\u00e9mu Walraven RapidStrut\u00ae, ktor\u00fd je ur\u010den\u00fd na pou\u017eitie v interi\u00e9ri aj exteri\u00e9ri.","og_url":"https:\/\/www.walraven.com\/sk\/upevnovacie-systemy\/rapidstrut\/","og_site_name":"Walraven Slovensko","article_modified_time":"2025-10-07T19:02:20+00:00","og_image":[{"width":840,"height":593,"url":"https:\/\/www.walraven.com\/sk\/wp-content\/uploads\/sites\/34\/2023\/08\/RapidStrut_Main_630x445px_2.jpg","type":"image\/jpeg"}],"twitter_card":"summary_large_image","twitter_misc":{"Predpokladan\u00fd \u010das \u010d\u00edtania":"3 min\u00faty"},"schema":{"@context":"https:\/\/schema.org","@graph":[{"@type":"WebPage","@id":"https:\/\/www.walraven.com\/sk\/upevnovacie-systemy\/rapidstrut\/","url":"https:\/\/www.walraven.com\/sk\/upevnovacie-systemy\/rapidstrut\/","name":"Walraven RapidStrut\u00ae - Walraven Slovensko","isPartOf":{"@id":"https:\/\/www.walraven.com\/sk\/#website"},"primaryImageOfPage":{"@id":"https:\/\/www.walraven.com\/sk\/upevnovacie-systemy\/rapidstrut\/#primaryimage"},"image":{"@id":"https:\/\/www.walraven.com\/sk\/upevnovacie-systemy\/rapidstrut\/#primaryimage"},"thumbnailUrl":"https:\/\/www.walraven.com\/sk\/wp-content\/uploads\/sites\/34\/2023\/08\/RapidStrut_Main_630x445px_2.jpg","datePublished":"2023-08-17T14:20:25+00:00","dateModified":"2025-10-07T19:02:20+00:00","description":"Zv\u00fd\u0161te efektivitu in\u0161tal\u00e1cie v\u010faka kompletn\u00e9mu mont\u00e1\u017enemu syst\u00e9mu Walraven RapidStrut\u00ae, ktor\u00fd je ur\u010den\u00fd na pou\u017eitie v interi\u00e9ri aj exteri\u00e9ri.","breadcrumb":{"@id":"https:\/\/www.walraven.com\/sk\/upevnovacie-systemy\/rapidstrut\/#breadcrumb"},"inLanguage":"sk-SK","potentialAction":[{"@type":"ReadAction","target":["https:\/\/www.walraven.com\/sk\/upevnovacie-systemy\/rapidstrut\/"]}]},{"@type":"ImageObject","inLanguage":"sk-SK","@id":"https:\/\/www.walraven.com\/sk\/upevnovacie-systemy\/rapidstrut\/#primaryimage","url":"https:\/\/www.walraven.com\/sk\/wp-content\/uploads\/sites\/34\/2023\/08\/RapidStrut_Main_630x445px_2.jpg","contentUrl":"https:\/\/www.walraven.com\/sk\/wp-content\/uploads\/sites\/34\/2023\/08\/RapidStrut_Main_630x445px_2.jpg","width":840,"height":593},{"@type":"BreadcrumbList","@id":"https:\/\/www.walraven.com\/sk\/upevnovacie-systemy\/rapidstrut\/#breadcrumb","itemListElement":[{"@type":"ListItem","position":1,"name":"\u00davod","item":"https:\/\/www.walraven.com\/sk\/"},{"@type":"ListItem","position":2,"name":"Upev\u0148ovacie syst\u00e9my","item":"https:\/\/www.walraven.com\/sk\/upevnovacie-systemy\/"},{"@type":"ListItem","position":3,"name":"Walraven RapidStrut\u00ae"}]},{"@type":"WebSite","@id":"https:\/\/www.walraven.com\/sk\/#website","url":"https:\/\/www.walraven.com\/sk\/","name":"Walraven Slovensko","description":"","publisher":{"@id":"https:\/\/www.walraven.com\/sk\/#organization"},"potentialAction":[{"@type":"SearchAction","target":{"@type":"EntryPoint","urlTemplate":"https:\/\/www.walraven.com\/sk\/?s={search_term_string}"},"query-input":{"@type":"PropertyValueSpecification","valueRequired":true,"valueName":"search_term_string"}}],"inLanguage":"sk-SK"},{"@type":"Organization","@id":"https:\/\/www.walraven.com\/sk\/#organization","name":"Walraven s.r.o.","alternateName":"Walraven s.r.o.","url":"https:\/\/www.walraven.com\/sk\/","logo":{"@type":"ImageObject","inLanguage":"sk-SK","@id":"https:\/\/www.walraven.com\/sk\/#\/schema\/logo\/image\/","url":"https:\/\/www.walraven.com\/sk\/wp-content\/uploads\/sites\/34\/2023\/12\/Walraven_logo300x300.jpg","contentUrl":"https:\/\/www.walraven.com\/sk\/wp-content\/uploads\/sites\/34\/2023\/12\/Walraven_logo300x300.jpg","width":300,"height":300,"caption":"Walraven s.r.o."},"image":{"@id":"https:\/\/www.walraven.com\/sk\/#\/schema\/logo\/image\/"}}]}},"_links":{"self":[{"href":"https:\/\/www.walraven.com\/sk\/wp-json\/wp\/v2\/pages\/57742","targetHints":{"allow":["GET"]}}],"collection":[{"href":"https:\/\/www.walraven.com\/sk\/wp-json\/wp\/v2\/pages"}],"about":[{"href":"https:\/\/www.walraven.com\/sk\/wp-json\/wp\/v2\/types\/page"}],"author":[{"embeddable":true,"href":"https:\/\/www.walraven.com\/sk\/wp-json\/wp\/v2\/users\/62"}],"replies":[{"embeddable":true,"href":"https:\/\/www.walraven.com\/sk\/wp-json\/wp\/v2\/comments?post=57742"}],"version-history":[{"count":5,"href":"https:\/\/www.walraven.com\/sk\/wp-json\/wp\/v2\/pages\/57742\/revisions"}],"predecessor-version":[{"id":61771,"href":"https:\/\/www.walraven.com\/sk\/wp-json\/wp\/v2\/pages\/57742\/revisions\/61771"}],"up":[{"embeddable":true,"href":"https:\/\/www.walraven.com\/sk\/wp-json\/wp\/v2\/pages\/54688"}],"wp:featuredmedia":[{"embeddable":true,"href":"https:\/\/www.walraven.com\/sk\/wp-json\/wp\/v2\/media\/57752"}],"wp:attachment":[{"href":"https:\/\/www.walraven.com\/sk\/wp-json\/wp\/v2\/media?parent=57742"}],"curies":[{"name":"wp","href":"https:\/\/api.w.org\/{rel}","templated":true}]}}