{"id":61572,"date":"2023-04-12T11:30:39","date_gmt":"2023-04-12T09:30:39","guid":{"rendered":"https:\/\/www.walraven.com\/pl\/?page_id=66841"},"modified":"2026-03-05T12:06:07","modified_gmt":"2026-03-05T11:06:07","slug":"nove-vyrobky","status":"publish","type":"page","link":"https:\/\/www.walraven.com\/sk\/nove-vyrobky\/","title":{"rendered":"Nov\u00e9 v\u00fdrobky"},"content":{"rendered":"","protected":false},"excerpt":{"rendered":"","protected":false},"author":43,"featured_media":61574,"parent":0,"menu_order":0,"comment_status":"closed","ping_status":"closed","template":"page-templates\/tpl-landingspage.php","meta":{"_acf_changed":false,"footnotes":""},"class_list":["post-61572","page","type-page","status-publish","has-post-thumbnail","hentry"],"acf":[],"yoast_head":"<!-- This site is optimized with the Yoast SEO Premium plugin v27.3 (Yoast SEO v27.3) - https:\/\/yoast.com\/product\/yoast-seo-premium-wordpress\/ -->\n<title>Nov\u00e9 v\u00fdrobky - Walraven Slovensko<\/title>\n<meta name=\"description\" content=\"Pozrite si ponuku nov\u00fdch produktov spolo\u010dnosti Walraven. Zistite, ako v\u00e1m Walraven pom\u00f4\u017ee dosiahnu\u0165 v\u00e1\u0161 cie\u013e.\" \/>\n<meta name=\"robots\" content=\"index, follow, max-snippet:-1, max-image-preview:large, max-video-preview:-1\" \/>\n<link rel=\"canonical\" href=\"https:\/\/www.walraven.com\/sk\/nove-vyrobky\/\" \/>\n<meta property=\"og:locale\" content=\"sk_SK\" \/>\n<meta property=\"og:type\" content=\"article\" \/>\n<meta property=\"og:title\" content=\"Nov\u00e9 v\u00fdrobky\" \/>\n<meta property=\"og:description\" content=\"Pozrite si ponuku nov\u00fdch produktov spolo\u010dnosti Walraven. Zistite, ako v\u00e1m Walraven pom\u00f4\u017ee dosiahnu\u0165 v\u00e1\u0161 cie\u013e.\" \/>\n<meta property=\"og:url\" content=\"https:\/\/www.walraven.com\/sk\/nove-vyrobky\/\" \/>\n<meta property=\"og:site_name\" content=\"Walraven Slovensko\" \/>\n<meta property=\"article:modified_time\" content=\"2026-03-05T11:06:07+00:00\" \/>\n<meta property=\"og:image\" content=\"https:\/\/www.walraven.com\/sk\/wp-content\/uploads\/sites\/34\/2023\/04\/6103311025_2.jpg\" \/>\n\t<meta property=\"og:image:width\" content=\"1488\" \/>\n\t<meta property=\"og:image:height\" content=\"945\" \/>\n\t<meta property=\"og:image:type\" content=\"image\/jpeg\" \/>\n<meta name=\"twitter:card\" content=\"summary_large_image\" \/>\n<meta name=\"twitter:label1\" content=\"Predpokladan\u00fd \u010das \u010d\u00edtania\" \/>\n\t<meta name=\"twitter:data1\" content=\"2 min\u00faty\" \/>\n<script type=\"application\/ld+json\" class=\"yoast-schema-graph\">{\"@context\":\"https:\\\/\\\/schema.org\",\"@graph\":[{\"@type\":\"WebPage\",\"@id\":\"https:\\\/\\\/www.walraven.com\\\/sk\\\/nove-vyrobky\\\/\",\"url\":\"https:\\\/\\\/www.walraven.com\\\/sk\\\/nove-vyrobky\\\/\",\"name\":\"Nov\u00e9 v\u00fdrobky - Walraven Slovensko\",\"isPartOf\":{\"@id\":\"https:\\\/\\\/www.walraven.com\\\/sk\\\/#website\"},\"primaryImageOfPage\":{\"@id\":\"https:\\\/\\\/www.walraven.com\\\/sk\\\/nove-vyrobky\\\/#primaryimage\"},\"image\":{\"@id\":\"https:\\\/\\\/www.walraven.com\\\/sk\\\/nove-vyrobky\\\/#primaryimage\"},\"thumbnailUrl\":\"https:\\\/\\\/www.walraven.com\\\/sk\\\/wp-content\\\/uploads\\\/sites\\\/34\\\/2023\\\/04\\\/6103311025_2.jpg\",\"datePublished\":\"2023-04-12T09:30:39+00:00\",\"dateModified\":\"2026-03-05T11:06:07+00:00\",\"description\":\"Pozrite si ponuku nov\u00fdch produktov spolo\u010dnosti Walraven. Zistite, ako v\u00e1m Walraven pom\u00f4\u017ee dosiahnu\u0165 v\u00e1\u0161 cie\u013e.\",\"breadcrumb\":{\"@id\":\"https:\\\/\\\/www.walraven.com\\\/sk\\\/nove-vyrobky\\\/#breadcrumb\"},\"inLanguage\":\"sk-SK\",\"potentialAction\":[{\"@type\":\"ReadAction\",\"target\":[\"https:\\\/\\\/www.walraven.com\\\/sk\\\/nove-vyrobky\\\/\"]}]},{\"@type\":\"ImageObject\",\"inLanguage\":\"sk-SK\",\"@id\":\"https:\\\/\\\/www.walraven.com\\\/sk\\\/nove-vyrobky\\\/#primaryimage\",\"url\":\"https:\\\/\\\/www.walraven.com\\\/sk\\\/wp-content\\\/uploads\\\/sites\\\/34\\\/2023\\\/04\\\/6103311025_2.jpg\",\"contentUrl\":\"https:\\\/\\\/www.walraven.com\\\/sk\\\/wp-content\\\/uploads\\\/sites\\\/34\\\/2023\\\/04\\\/6103311025_2.jpg\",\"width\":1488,\"height\":945},{\"@type\":\"BreadcrumbList\",\"@id\":\"https:\\\/\\\/www.walraven.com\\\/sk\\\/nove-vyrobky\\\/#breadcrumb\",\"itemListElement\":[{\"@type\":\"ListItem\",\"position\":1,\"name\":\"\u00davod\",\"item\":\"https:\\\/\\\/www.walraven.com\\\/sk\\\/\"},{\"@type\":\"ListItem\",\"position\":2,\"name\":\"Nov\u00e9 v\u00fdrobky\"}]},{\"@type\":\"WebSite\",\"@id\":\"https:\\\/\\\/www.walraven.com\\\/sk\\\/#website\",\"url\":\"https:\\\/\\\/www.walraven.com\\\/sk\\\/\",\"name\":\"Walraven Slovensko\",\"description\":\"\",\"publisher\":{\"@id\":\"https:\\\/\\\/www.walraven.com\\\/sk\\\/#organization\"},\"potentialAction\":[{\"@type\":\"SearchAction\",\"target\":{\"@type\":\"EntryPoint\",\"urlTemplate\":\"https:\\\/\\\/www.walraven.com\\\/sk\\\/?s={search_term_string}\"},\"query-input\":{\"@type\":\"PropertyValueSpecification\",\"valueRequired\":true,\"valueName\":\"search_term_string\"}}],\"inLanguage\":\"sk-SK\"},{\"@type\":\"Organization\",\"@id\":\"https:\\\/\\\/www.walraven.com\\\/sk\\\/#organization\",\"name\":\"Walraven s.r.o.\",\"alternateName\":\"Walraven s.r.o.\",\"url\":\"https:\\\/\\\/www.walraven.com\\\/sk\\\/\",\"logo\":{\"@type\":\"ImageObject\",\"inLanguage\":\"sk-SK\",\"@id\":\"https:\\\/\\\/www.walraven.com\\\/sk\\\/#\\\/schema\\\/logo\\\/image\\\/\",\"url\":\"https:\\\/\\\/www.walraven.com\\\/sk\\\/wp-content\\\/uploads\\\/sites\\\/34\\\/2023\\\/12\\\/Walraven_logo300x300.jpg\",\"contentUrl\":\"https:\\\/\\\/www.walraven.com\\\/sk\\\/wp-content\\\/uploads\\\/sites\\\/34\\\/2023\\\/12\\\/Walraven_logo300x300.jpg\",\"width\":300,\"height\":300,\"caption\":\"Walraven s.r.o.\"},\"image\":{\"@id\":\"https:\\\/\\\/www.walraven.com\\\/sk\\\/#\\\/schema\\\/logo\\\/image\\\/\"}}]}<\/script>\n<!-- \/ Yoast SEO Premium plugin. -->","yoast_head_json":{"title":"Nov\u00e9 v\u00fdrobky - Walraven Slovensko","description":"Pozrite si ponuku nov\u00fdch produktov spolo\u010dnosti Walraven. Zistite, ako v\u00e1m Walraven pom\u00f4\u017ee dosiahnu\u0165 v\u00e1\u0161 cie\u013e.","robots":{"index":"index","follow":"follow","max-snippet":"max-snippet:-1","max-image-preview":"max-image-preview:large","max-video-preview":"max-video-preview:-1"},"canonical":"https:\/\/www.walraven.com\/sk\/nove-vyrobky\/","og_locale":"sk_SK","og_type":"article","og_title":"Nov\u00e9 v\u00fdrobky","og_description":"Pozrite si ponuku nov\u00fdch produktov spolo\u010dnosti Walraven. Zistite, ako v\u00e1m Walraven pom\u00f4\u017ee dosiahnu\u0165 v\u00e1\u0161 cie\u013e.","og_url":"https:\/\/www.walraven.com\/sk\/nove-vyrobky\/","og_site_name":"Walraven Slovensko","article_modified_time":"2026-03-05T11:06:07+00:00","og_image":[{"width":1488,"height":945,"url":"https:\/\/www.walraven.com\/sk\/wp-content\/uploads\/sites\/34\/2023\/04\/6103311025_2.jpg","type":"image\/jpeg"}],"twitter_card":"summary_large_image","twitter_misc":{"Predpokladan\u00fd \u010das \u010d\u00edtania":"2 min\u00faty"},"schema":{"@context":"https:\/\/schema.org","@graph":[{"@type":"WebPage","@id":"https:\/\/www.walraven.com\/sk\/nove-vyrobky\/","url":"https:\/\/www.walraven.com\/sk\/nove-vyrobky\/","name":"Nov\u00e9 v\u00fdrobky - Walraven Slovensko","isPartOf":{"@id":"https:\/\/www.walraven.com\/sk\/#website"},"primaryImageOfPage":{"@id":"https:\/\/www.walraven.com\/sk\/nove-vyrobky\/#primaryimage"},"image":{"@id":"https:\/\/www.walraven.com\/sk\/nove-vyrobky\/#primaryimage"},"thumbnailUrl":"https:\/\/www.walraven.com\/sk\/wp-content\/uploads\/sites\/34\/2023\/04\/6103311025_2.jpg","datePublished":"2023-04-12T09:30:39+00:00","dateModified":"2026-03-05T11:06:07+00:00","description":"Pozrite si ponuku nov\u00fdch produktov spolo\u010dnosti Walraven. Zistite, ako v\u00e1m Walraven pom\u00f4\u017ee dosiahnu\u0165 v\u00e1\u0161 cie\u013e.","breadcrumb":{"@id":"https:\/\/www.walraven.com\/sk\/nove-vyrobky\/#breadcrumb"},"inLanguage":"sk-SK","potentialAction":[{"@type":"ReadAction","target":["https:\/\/www.walraven.com\/sk\/nove-vyrobky\/"]}]},{"@type":"ImageObject","inLanguage":"sk-SK","@id":"https:\/\/www.walraven.com\/sk\/nove-vyrobky\/#primaryimage","url":"https:\/\/www.walraven.com\/sk\/wp-content\/uploads\/sites\/34\/2023\/04\/6103311025_2.jpg","contentUrl":"https:\/\/www.walraven.com\/sk\/wp-content\/uploads\/sites\/34\/2023\/04\/6103311025_2.jpg","width":1488,"height":945},{"@type":"BreadcrumbList","@id":"https:\/\/www.walraven.com\/sk\/nove-vyrobky\/#breadcrumb","itemListElement":[{"@type":"ListItem","position":1,"name":"\u00davod","item":"https:\/\/www.walraven.com\/sk\/"},{"@type":"ListItem","position":2,"name":"Nov\u00e9 v\u00fdrobky"}]},{"@type":"WebSite","@id":"https:\/\/www.walraven.com\/sk\/#website","url":"https:\/\/www.walraven.com\/sk\/","name":"Walraven Slovensko","description":"","publisher":{"@id":"https:\/\/www.walraven.com\/sk\/#organization"},"potentialAction":[{"@type":"SearchAction","target":{"@type":"EntryPoint","urlTemplate":"https:\/\/www.walraven.com\/sk\/?s={search_term_string}"},"query-input":{"@type":"PropertyValueSpecification","valueRequired":true,"valueName":"search_term_string"}}],"inLanguage":"sk-SK"},{"@type":"Organization","@id":"https:\/\/www.walraven.com\/sk\/#organization","name":"Walraven s.r.o.","alternateName":"Walraven s.r.o.","url":"https:\/\/www.walraven.com\/sk\/","logo":{"@type":"ImageObject","inLanguage":"sk-SK","@id":"https:\/\/www.walraven.com\/sk\/#\/schema\/logo\/image\/","url":"https:\/\/www.walraven.com\/sk\/wp-content\/uploads\/sites\/34\/2023\/12\/Walraven_logo300x300.jpg","contentUrl":"https:\/\/www.walraven.com\/sk\/wp-content\/uploads\/sites\/34\/2023\/12\/Walraven_logo300x300.jpg","width":300,"height":300,"caption":"Walraven s.r.o."},"image":{"@id":"https:\/\/www.walraven.com\/sk\/#\/schema\/logo\/image\/"}}]}},"_links":{"self":[{"href":"https:\/\/www.walraven.com\/sk\/wp-json\/wp\/v2\/pages\/61572","targetHints":{"allow":["GET"]}}],"collection":[{"href":"https:\/\/www.walraven.com\/sk\/wp-json\/wp\/v2\/pages"}],"about":[{"href":"https:\/\/www.walraven.com\/sk\/wp-json\/wp\/v2\/types\/page"}],"author":[{"embeddable":true,"href":"https:\/\/www.walraven.com\/sk\/wp-json\/wp\/v2\/users\/43"}],"replies":[{"embeddable":true,"href":"https:\/\/www.walraven.com\/sk\/wp-json\/wp\/v2\/comments?post=61572"}],"version-history":[{"count":5,"href":"https:\/\/www.walraven.com\/sk\/wp-json\/wp\/v2\/pages\/61572\/revisions"}],"predecessor-version":[{"id":61970,"href":"https:\/\/www.walraven.com\/sk\/wp-json\/wp\/v2\/pages\/61572\/revisions\/61970"}],"wp:featuredmedia":[{"embeddable":true,"href":"https:\/\/www.walraven.com\/sk\/wp-json\/wp\/v2\/media\/61574"}],"wp:attachment":[{"href":"https:\/\/www.walraven.com\/sk\/wp-json\/wp\/v2\/media?parent=61572"}],"curies":[{"name":"wp","href":"https:\/\/api.w.org\/{rel}","templated":true}]}}