{"id":61686,"date":"2025-09-01T16:12:23","date_gmt":"2025-09-01T14:12:23","guid":{"rendered":"https:\/\/example.walraven.com\/?page_id=154713"},"modified":"2025-10-27T17:51:04","modified_gmt":"2025-10-27T16:51:04","slug":"support-form","status":"publish","type":"page","link":"https:\/\/www.walraven.com\/sk\/channel-systems\/support-form\/","title":{"rendered":"Povedzte n\u00e1m, ak\u00e9 v\u00fdzvy m\u00e1te, a zistite, ako v\u00e1m m\u00f4\u017eu pom\u00f4c\u0165 na\u0161i odborn\u00edci!"},"content":{"rendered":"","protected":false},"excerpt":{"rendered":"","protected":false},"author":43,"featured_media":0,"parent":61688,"menu_order":0,"comment_status":"closed","ping_status":"closed","template":"page-templates\/tpl-landingspage.php","meta":{"_acf_changed":false,"footnotes":""},"class_list":["post-61686","page","type-page","status-publish","hentry"],"acf":[],"yoast_head":"<!-- This site is optimized with the Yoast SEO Premium plugin v27.3 (Yoast SEO v27.3) - https:\/\/yoast.com\/product\/yoast-seo-premium-wordpress\/ -->\n<title>Povedzte n\u00e1m, ak\u00e9 v\u00fdzvy m\u00e1te, a zistite, ako v\u00e1m m\u00f4\u017eu pom\u00f4c\u0165 na\u0161i odborn\u00edci! - Walraven Slovensko<\/title>\n<meta name=\"description\" content=\"Povedzte n\u00e1m viac o va\u0161om probl\u00e9me a zistite rady na\u0161ich odborn\u00edkov! V\u00fdpo\u010dty, in\u017einierstvo, konzult\u00e1cie na mieste alebo prefabrik\u00e1cia!\" \/>\n<meta name=\"robots\" content=\"index, follow, max-snippet:-1, max-image-preview:large, max-video-preview:-1\" \/>\n<link rel=\"canonical\" href=\"https:\/\/www.walraven.com\/sk\/channel-systems\/support-form\/\" \/>\n<meta property=\"og:locale\" content=\"sk_SK\" \/>\n<meta property=\"og:type\" content=\"article\" \/>\n<meta property=\"og:title\" content=\"Povedzte n\u00e1m, ak\u00e9 v\u00fdzvy m\u00e1te, a zistite, ako v\u00e1m m\u00f4\u017eu pom\u00f4c\u0165 na\u0161i odborn\u00edci!\" \/>\n<meta property=\"og:description\" content=\"Povedzte n\u00e1m viac o va\u0161om probl\u00e9me a zistite rady na\u0161ich odborn\u00edkov! V\u00fdpo\u010dty, in\u017einierstvo, konzult\u00e1cie na mieste alebo prefabrik\u00e1cia!\" \/>\n<meta property=\"og:url\" content=\"https:\/\/www.walraven.com\/sk\/channel-systems\/support-form\/\" \/>\n<meta property=\"og:site_name\" content=\"Walraven Slovensko\" \/>\n<meta property=\"article:modified_time\" content=\"2025-10-27T16:51:04+00:00\" \/>\n<meta name=\"twitter:card\" content=\"summary_large_image\" \/>\n<meta name=\"twitter:label1\" content=\"Predpokladan\u00fd \u010das \u010d\u00edtania\" \/>\n\t<meta name=\"twitter:data1\" content=\"1 min\u00fata\" \/>\n<script type=\"application\/ld+json\" class=\"yoast-schema-graph\">{\"@context\":\"https:\\\/\\\/schema.org\",\"@graph\":[{\"@type\":\"WebPage\",\"@id\":\"https:\\\/\\\/www.walraven.com\\\/sk\\\/channel-systems\\\/support-form\\\/\",\"url\":\"https:\\\/\\\/www.walraven.com\\\/sk\\\/channel-systems\\\/support-form\\\/\",\"name\":\"Povedzte n\u00e1m, ak\u00e9 v\u00fdzvy m\u00e1te, a zistite, ako v\u00e1m m\u00f4\u017eu pom\u00f4c\u0165 na\u0161i odborn\u00edci! - Walraven Slovensko\",\"isPartOf\":{\"@id\":\"https:\\\/\\\/www.walraven.com\\\/sk\\\/#website\"},\"datePublished\":\"2025-09-01T14:12:23+00:00\",\"dateModified\":\"2025-10-27T16:51:04+00:00\",\"description\":\"Povedzte n\u00e1m viac o va\u0161om probl\u00e9me a zistite rady na\u0161ich odborn\u00edkov! V\u00fdpo\u010dty, in\u017einierstvo, konzult\u00e1cie na mieste alebo prefabrik\u00e1cia!\",\"breadcrumb\":{\"@id\":\"https:\\\/\\\/www.walraven.com\\\/sk\\\/channel-systems\\\/support-form\\\/#breadcrumb\"},\"inLanguage\":\"sk-SK\",\"potentialAction\":[{\"@type\":\"ReadAction\",\"target\":[\"https:\\\/\\\/www.walraven.com\\\/sk\\\/channel-systems\\\/support-form\\\/\"]}]},{\"@type\":\"BreadcrumbList\",\"@id\":\"https:\\\/\\\/www.walraven.com\\\/sk\\\/channel-systems\\\/support-form\\\/#breadcrumb\",\"itemListElement\":[{\"@type\":\"ListItem\",\"position\":1,\"name\":\"\u00davod\",\"item\":\"https:\\\/\\\/www.walraven.com\\\/sk\\\/\"},{\"@type\":\"ListItem\",\"position\":2,\"name\":\"Mont\u00e1\u017ene syst\u00e9my Walraven zjednodu\u0161uj\u00fa in\u0161tal\u00e1ciu rozvodov TZB a VZT\",\"item\":\"https:\\\/\\\/www.walraven.com\\\/sk\\\/channel-systems\\\/\"},{\"@type\":\"ListItem\",\"position\":3,\"name\":\"Povedzte n\u00e1m, ak\u00e9 v\u00fdzvy m\u00e1te, a zistite, ako v\u00e1m m\u00f4\u017eu pom\u00f4c\u0165 na\u0161i odborn\u00edci!\"}]},{\"@type\":\"WebSite\",\"@id\":\"https:\\\/\\\/www.walraven.com\\\/sk\\\/#website\",\"url\":\"https:\\\/\\\/www.walraven.com\\\/sk\\\/\",\"name\":\"Walraven Slovensko\",\"description\":\"\",\"publisher\":{\"@id\":\"https:\\\/\\\/www.walraven.com\\\/sk\\\/#organization\"},\"potentialAction\":[{\"@type\":\"SearchAction\",\"target\":{\"@type\":\"EntryPoint\",\"urlTemplate\":\"https:\\\/\\\/www.walraven.com\\\/sk\\\/?s={search_term_string}\"},\"query-input\":{\"@type\":\"PropertyValueSpecification\",\"valueRequired\":true,\"valueName\":\"search_term_string\"}}],\"inLanguage\":\"sk-SK\"},{\"@type\":\"Organization\",\"@id\":\"https:\\\/\\\/www.walraven.com\\\/sk\\\/#organization\",\"name\":\"Walraven s.r.o.\",\"alternateName\":\"Walraven s.r.o.\",\"url\":\"https:\\\/\\\/www.walraven.com\\\/sk\\\/\",\"logo\":{\"@type\":\"ImageObject\",\"inLanguage\":\"sk-SK\",\"@id\":\"https:\\\/\\\/www.walraven.com\\\/sk\\\/#\\\/schema\\\/logo\\\/image\\\/\",\"url\":\"https:\\\/\\\/www.walraven.com\\\/sk\\\/wp-content\\\/uploads\\\/sites\\\/34\\\/2023\\\/12\\\/Walraven_logo300x300.jpg\",\"contentUrl\":\"https:\\\/\\\/www.walraven.com\\\/sk\\\/wp-content\\\/uploads\\\/sites\\\/34\\\/2023\\\/12\\\/Walraven_logo300x300.jpg\",\"width\":300,\"height\":300,\"caption\":\"Walraven s.r.o.\"},\"image\":{\"@id\":\"https:\\\/\\\/www.walraven.com\\\/sk\\\/#\\\/schema\\\/logo\\\/image\\\/\"}}]}<\/script>\n<!-- \/ Yoast SEO Premium plugin. -->","yoast_head_json":{"title":"Povedzte n\u00e1m, ak\u00e9 v\u00fdzvy m\u00e1te, a zistite, ako v\u00e1m m\u00f4\u017eu pom\u00f4c\u0165 na\u0161i odborn\u00edci! - Walraven Slovensko","description":"Povedzte n\u00e1m viac o va\u0161om probl\u00e9me a zistite rady na\u0161ich odborn\u00edkov! V\u00fdpo\u010dty, in\u017einierstvo, konzult\u00e1cie na mieste alebo prefabrik\u00e1cia!","robots":{"index":"index","follow":"follow","max-snippet":"max-snippet:-1","max-image-preview":"max-image-preview:large","max-video-preview":"max-video-preview:-1"},"canonical":"https:\/\/www.walraven.com\/sk\/channel-systems\/support-form\/","og_locale":"sk_SK","og_type":"article","og_title":"Povedzte n\u00e1m, ak\u00e9 v\u00fdzvy m\u00e1te, a zistite, ako v\u00e1m m\u00f4\u017eu pom\u00f4c\u0165 na\u0161i odborn\u00edci!","og_description":"Povedzte n\u00e1m viac o va\u0161om probl\u00e9me a zistite rady na\u0161ich odborn\u00edkov! V\u00fdpo\u010dty, in\u017einierstvo, konzult\u00e1cie na mieste alebo prefabrik\u00e1cia!","og_url":"https:\/\/www.walraven.com\/sk\/channel-systems\/support-form\/","og_site_name":"Walraven Slovensko","article_modified_time":"2025-10-27T16:51:04+00:00","twitter_card":"summary_large_image","twitter_misc":{"Predpokladan\u00fd \u010das \u010d\u00edtania":"1 min\u00fata"},"schema":{"@context":"https:\/\/schema.org","@graph":[{"@type":"WebPage","@id":"https:\/\/www.walraven.com\/sk\/channel-systems\/support-form\/","url":"https:\/\/www.walraven.com\/sk\/channel-systems\/support-form\/","name":"Povedzte n\u00e1m, ak\u00e9 v\u00fdzvy m\u00e1te, a zistite, ako v\u00e1m m\u00f4\u017eu pom\u00f4c\u0165 na\u0161i odborn\u00edci! - Walraven Slovensko","isPartOf":{"@id":"https:\/\/www.walraven.com\/sk\/#website"},"datePublished":"2025-09-01T14:12:23+00:00","dateModified":"2025-10-27T16:51:04+00:00","description":"Povedzte n\u00e1m viac o va\u0161om probl\u00e9me a zistite rady na\u0161ich odborn\u00edkov! V\u00fdpo\u010dty, in\u017einierstvo, konzult\u00e1cie na mieste alebo prefabrik\u00e1cia!","breadcrumb":{"@id":"https:\/\/www.walraven.com\/sk\/channel-systems\/support-form\/#breadcrumb"},"inLanguage":"sk-SK","potentialAction":[{"@type":"ReadAction","target":["https:\/\/www.walraven.com\/sk\/channel-systems\/support-form\/"]}]},{"@type":"BreadcrumbList","@id":"https:\/\/www.walraven.com\/sk\/channel-systems\/support-form\/#breadcrumb","itemListElement":[{"@type":"ListItem","position":1,"name":"\u00davod","item":"https:\/\/www.walraven.com\/sk\/"},{"@type":"ListItem","position":2,"name":"Mont\u00e1\u017ene syst\u00e9my Walraven zjednodu\u0161uj\u00fa in\u0161tal\u00e1ciu rozvodov TZB a VZT","item":"https:\/\/www.walraven.com\/sk\/channel-systems\/"},{"@type":"ListItem","position":3,"name":"Povedzte n\u00e1m, ak\u00e9 v\u00fdzvy m\u00e1te, a zistite, ako v\u00e1m m\u00f4\u017eu pom\u00f4c\u0165 na\u0161i odborn\u00edci!"}]},{"@type":"WebSite","@id":"https:\/\/www.walraven.com\/sk\/#website","url":"https:\/\/www.walraven.com\/sk\/","name":"Walraven Slovensko","description":"","publisher":{"@id":"https:\/\/www.walraven.com\/sk\/#organization"},"potentialAction":[{"@type":"SearchAction","target":{"@type":"EntryPoint","urlTemplate":"https:\/\/www.walraven.com\/sk\/?s={search_term_string}"},"query-input":{"@type":"PropertyValueSpecification","valueRequired":true,"valueName":"search_term_string"}}],"inLanguage":"sk-SK"},{"@type":"Organization","@id":"https:\/\/www.walraven.com\/sk\/#organization","name":"Walraven s.r.o.","alternateName":"Walraven s.r.o.","url":"https:\/\/www.walraven.com\/sk\/","logo":{"@type":"ImageObject","inLanguage":"sk-SK","@id":"https:\/\/www.walraven.com\/sk\/#\/schema\/logo\/image\/","url":"https:\/\/www.walraven.com\/sk\/wp-content\/uploads\/sites\/34\/2023\/12\/Walraven_logo300x300.jpg","contentUrl":"https:\/\/www.walraven.com\/sk\/wp-content\/uploads\/sites\/34\/2023\/12\/Walraven_logo300x300.jpg","width":300,"height":300,"caption":"Walraven s.r.o."},"image":{"@id":"https:\/\/www.walraven.com\/sk\/#\/schema\/logo\/image\/"}}]}},"_links":{"self":[{"href":"https:\/\/www.walraven.com\/sk\/wp-json\/wp\/v2\/pages\/61686","targetHints":{"allow":["GET"]}}],"collection":[{"href":"https:\/\/www.walraven.com\/sk\/wp-json\/wp\/v2\/pages"}],"about":[{"href":"https:\/\/www.walraven.com\/sk\/wp-json\/wp\/v2\/types\/page"}],"author":[{"embeddable":true,"href":"https:\/\/www.walraven.com\/sk\/wp-json\/wp\/v2\/users\/43"}],"replies":[{"embeddable":true,"href":"https:\/\/www.walraven.com\/sk\/wp-json\/wp\/v2\/comments?post=61686"}],"version-history":[{"count":3,"href":"https:\/\/www.walraven.com\/sk\/wp-json\/wp\/v2\/pages\/61686\/revisions"}],"predecessor-version":[{"id":61734,"href":"https:\/\/www.walraven.com\/sk\/wp-json\/wp\/v2\/pages\/61686\/revisions\/61734"}],"up":[{"embeddable":true,"href":"https:\/\/www.walraven.com\/sk\/wp-json\/wp\/v2\/pages\/61688"}],"wp:attachment":[{"href":"https:\/\/www.walraven.com\/sk\/wp-json\/wp\/v2\/media?parent=61686"}],"curies":[{"name":"wp","href":"https:\/\/api.w.org\/{rel}","templated":true}]}}