{"id":494,"date":"2016-10-19T16:22:27","date_gmt":"2016-10-19T14:22:27","guid":{"rendered":"https:\/\/www.walraven.com\/?page_id=7147"},"modified":"2024-07-10T15:07:01","modified_gmt":"2024-07-10T13:07:01","slug":"disclaimer","status":"publish","type":"page","link":"https:\/\/www.walraven.com\/tr\/disclaimer\/","title":{"rendered":"A\u00e7\u0131klama"},"content":{"rendered":"<p>Bu web sitesinin derlenmesinde b\u00fcy\u00fck \u00f6zen g\u00f6stermemize ra\u011fmen, burada yay\u0131nlanan bilgilerin eksiksiz veya kesin oldu\u011fu iddia edilmemektedir. <\/p>\n<p>Bu web sitesinin kullan\u0131m\u0131 veya ge\u00e7ici olarak kullan\u0131lamamas\u0131yla herhangi bir \u015fekilde ba\u011flant\u0131l\u0131 olabilecek veya bundan kaynaklanabilecek herhangi bir nitelikteki do\u011frudan veya dolayl\u0131 kay\u0131p veya zararla ilgili olarak hi\u00e7bir sorumlulu\u011fu kabul etmiyoruz. Bu web sitesi arac\u0131l\u0131\u011f\u0131yla elde edilen bilgilerin kullan\u0131m\u0131ndan kaynaklanan herhangi bir do\u011frudan veya dolayl\u0131 kay\u0131p veya zarar i\u00e7in hi\u00e7bir sorumluluk kabul etmiyoruz. <\/p>\n<p>Web sitesini ziyaret edenlerin iznimiz olmadan bu web sitesinde saklanan herhangi bir bilgiyi yay\u0131nlamalar\u0131 veya \u00e7o\u011faltmalar\u0131 yasakt\u0131r. <\/p>\n","protected":false},"excerpt":{"rendered":"<p>Bu web sitesinin derlenmesinde b\u00fcy\u00fck \u00f6zen g\u00f6stermemize ra\u011fmen, burada yay\u0131nlanan bilgilerin eksiksiz veya kesin oldu\u011fu iddia edilmemektedir. Bu web sitesinin kullan\u0131m\u0131 veya ge\u00e7ici olarak kullan\u0131lamamas\u0131yla herhangi bir \u015fekilde ba\u011flant\u0131l\u0131 olabilecek veya bundan kaynaklanabilecek herhangi bir nitelikteki do\u011frudan veya dolayl\u0131 kay\u0131p veya zararla ilgili olarak hi\u00e7bir sorumlulu\u011fu kabul etmiyoruz. Bu web sitesi arac\u0131l\u0131\u011f\u0131yla elde edilen bilgilerin [&hellip;]<\/p>\n","protected":false},"author":7,"featured_media":0,"parent":0,"menu_order":0,"comment_status":"closed","ping_status":"closed","template":"","meta":{"_acf_changed":false,"footnotes":""},"class_list":["post-494","page","type-page","status-publish","hentry"],"acf":[],"yoast_head":"<!-- This site is optimized with the Yoast SEO Premium plugin v27.3 (Yoast SEO v27.3) - https:\/\/yoast.com\/product\/yoast-seo-premium-wordpress\/ -->\n<title>A\u00e7\u0131klama - Walraven T\u00fcrkiye<\/title>\n<meta name=\"robots\" content=\"noindex, follow, max-snippet:-1, max-image-preview:large, max-video-preview:-1\" \/>\n<meta property=\"og:locale\" content=\"tr_TR\" \/>\n<meta property=\"og:type\" content=\"article\" \/>\n<meta property=\"og:title\" content=\"A\u00e7\u0131klama\" \/>\n<meta property=\"og:description\" content=\"Bu web sitesinin derlenmesinde b\u00fcy\u00fck \u00f6zen g\u00f6stermemize ra\u011fmen, burada yay\u0131nlanan bilgilerin eksiksiz veya kesin oldu\u011fu iddia edilmemektedir. Bu web sitesinin kullan\u0131m\u0131 veya ge\u00e7ici olarak kullan\u0131lamamas\u0131yla herhangi bir \u015fekilde ba\u011flant\u0131l\u0131 olabilecek veya bundan kaynaklanabilecek herhangi bir nitelikteki do\u011frudan veya dolayl\u0131 kay\u0131p veya zararla ilgili olarak hi\u00e7bir sorumlulu\u011fu kabul etmiyoruz. Bu web sitesi arac\u0131l\u0131\u011f\u0131yla elde edilen bilgilerin [&hellip;]\" \/>\n<meta property=\"og:url\" content=\"https:\/\/www.walraven.com\/tr\/disclaimer\/\" \/>\n<meta property=\"og:site_name\" content=\"Walraven T\u00fcrkiye\" \/>\n<meta property=\"article:modified_time\" content=\"2024-07-10T13:07:01+00:00\" \/>\n<meta name=\"twitter:card\" content=\"summary_large_image\" \/>\n<meta name=\"twitter:label1\" content=\"Tahmini okuma s\u00fcresi\" \/>\n\t<meta name=\"twitter:data1\" content=\"1 dakika\" \/>\n<script type=\"application\/ld+json\" class=\"yoast-schema-graph\">{\"@context\":\"https:\\\/\\\/schema.org\",\"@graph\":[{\"@type\":\"WebPage\",\"@id\":\"https:\\\/\\\/www.walraven.com\\\/tr\\\/disclaimer\\\/\",\"url\":\"https:\\\/\\\/www.walraven.com\\\/tr\\\/disclaimer\\\/\",\"name\":\"A\u00e7\u0131klama - Walraven T\u00fcrkiye\",\"isPartOf\":{\"@id\":\"https:\\\/\\\/www.walraven.com\\\/tr\\\/#website\"},\"datePublished\":\"2016-10-19T14:22:27+00:00\",\"dateModified\":\"2024-07-10T13:07:01+00:00\",\"breadcrumb\":{\"@id\":\"https:\\\/\\\/www.walraven.com\\\/tr\\\/disclaimer\\\/#breadcrumb\"},\"inLanguage\":\"tr\",\"potentialAction\":[{\"@type\":\"ReadAction\",\"target\":[\"https:\\\/\\\/www.walraven.com\\\/tr\\\/disclaimer\\\/\"]}]},{\"@type\":\"BreadcrumbList\",\"@id\":\"https:\\\/\\\/www.walraven.com\\\/tr\\\/disclaimer\\\/#breadcrumb\",\"itemListElement\":[{\"@type\":\"ListItem\",\"position\":1,\"name\":\"Home\",\"item\":\"https:\\\/\\\/www.walraven.com\\\/tr\\\/\"},{\"@type\":\"ListItem\",\"position\":2,\"name\":\"A\u00e7\u0131klama\"}]},{\"@type\":\"WebSite\",\"@id\":\"https:\\\/\\\/www.walraven.com\\\/tr\\\/#website\",\"url\":\"https:\\\/\\\/www.walraven.com\\\/tr\\\/\",\"name\":\"Walraven T\u00fcrkiye\",\"description\":\"\",\"publisher\":{\"@id\":\"https:\\\/\\\/www.walraven.com\\\/tr\\\/#organization\"},\"potentialAction\":[{\"@type\":\"SearchAction\",\"target\":{\"@type\":\"EntryPoint\",\"urlTemplate\":\"https:\\\/\\\/www.walraven.com\\\/tr\\\/?s={search_term_string}\"},\"query-input\":{\"@type\":\"PropertyValueSpecification\",\"valueRequired\":true,\"valueName\":\"search_term_string\"}}],\"inLanguage\":\"tr\"},{\"@type\":\"Organization\",\"@id\":\"https:\\\/\\\/www.walraven.com\\\/tr\\\/#organization\",\"name\":\"Walraven T\u00fcrkiye\",\"url\":\"https:\\\/\\\/www.walraven.com\\\/tr\\\/\",\"logo\":{\"@type\":\"ImageObject\",\"inLanguage\":\"tr\",\"@id\":\"https:\\\/\\\/www.walraven.com\\\/tr\\\/#\\\/schema\\\/logo\\\/image\\\/\",\"url\":\"https:\\\/\\\/www.walraven.com\\\/tr\\\/wp-content\\\/uploads\\\/sites\\\/41\\\/2024\\\/08\\\/Walraven_logo_280x280.jpg\",\"contentUrl\":\"https:\\\/\\\/www.walraven.com\\\/tr\\\/wp-content\\\/uploads\\\/sites\\\/41\\\/2024\\\/08\\\/Walraven_logo_280x280.jpg\",\"width\":280,\"height\":280,\"caption\":\"Walraven T\u00fcrkiye\"},\"image\":{\"@id\":\"https:\\\/\\\/www.walraven.com\\\/tr\\\/#\\\/schema\\\/logo\\\/image\\\/\"}}]}<\/script>\n<!-- \/ Yoast SEO Premium plugin. -->","yoast_head_json":{"title":"A\u00e7\u0131klama - Walraven T\u00fcrkiye","robots":{"index":"noindex","follow":"follow","max-snippet":"max-snippet:-1","max-image-preview":"max-image-preview:large","max-video-preview":"max-video-preview:-1"},"og_locale":"tr_TR","og_type":"article","og_title":"A\u00e7\u0131klama","og_description":"Bu web sitesinin derlenmesinde b\u00fcy\u00fck \u00f6zen g\u00f6stermemize ra\u011fmen, burada yay\u0131nlanan bilgilerin eksiksiz veya kesin oldu\u011fu iddia edilmemektedir. Bu web sitesinin kullan\u0131m\u0131 veya ge\u00e7ici olarak kullan\u0131lamamas\u0131yla herhangi bir \u015fekilde ba\u011flant\u0131l\u0131 olabilecek veya bundan kaynaklanabilecek herhangi bir nitelikteki do\u011frudan veya dolayl\u0131 kay\u0131p veya zararla ilgili olarak hi\u00e7bir sorumlulu\u011fu kabul etmiyoruz. Bu web sitesi arac\u0131l\u0131\u011f\u0131yla elde edilen bilgilerin [&hellip;]","og_url":"https:\/\/www.walraven.com\/tr\/disclaimer\/","og_site_name":"Walraven T\u00fcrkiye","article_modified_time":"2024-07-10T13:07:01+00:00","twitter_card":"summary_large_image","twitter_misc":{"Tahmini okuma s\u00fcresi":"1 dakika"},"schema":{"@context":"https:\/\/schema.org","@graph":[{"@type":"WebPage","@id":"https:\/\/www.walraven.com\/tr\/disclaimer\/","url":"https:\/\/www.walraven.com\/tr\/disclaimer\/","name":"A\u00e7\u0131klama - Walraven T\u00fcrkiye","isPartOf":{"@id":"https:\/\/www.walraven.com\/tr\/#website"},"datePublished":"2016-10-19T14:22:27+00:00","dateModified":"2024-07-10T13:07:01+00:00","breadcrumb":{"@id":"https:\/\/www.walraven.com\/tr\/disclaimer\/#breadcrumb"},"inLanguage":"tr","potentialAction":[{"@type":"ReadAction","target":["https:\/\/www.walraven.com\/tr\/disclaimer\/"]}]},{"@type":"BreadcrumbList","@id":"https:\/\/www.walraven.com\/tr\/disclaimer\/#breadcrumb","itemListElement":[{"@type":"ListItem","position":1,"name":"Home","item":"https:\/\/www.walraven.com\/tr\/"},{"@type":"ListItem","position":2,"name":"A\u00e7\u0131klama"}]},{"@type":"WebSite","@id":"https:\/\/www.walraven.com\/tr\/#website","url":"https:\/\/www.walraven.com\/tr\/","name":"Walraven T\u00fcrkiye","description":"","publisher":{"@id":"https:\/\/www.walraven.com\/tr\/#organization"},"potentialAction":[{"@type":"SearchAction","target":{"@type":"EntryPoint","urlTemplate":"https:\/\/www.walraven.com\/tr\/?s={search_term_string}"},"query-input":{"@type":"PropertyValueSpecification","valueRequired":true,"valueName":"search_term_string"}}],"inLanguage":"tr"},{"@type":"Organization","@id":"https:\/\/www.walraven.com\/tr\/#organization","name":"Walraven T\u00fcrkiye","url":"https:\/\/www.walraven.com\/tr\/","logo":{"@type":"ImageObject","inLanguage":"tr","@id":"https:\/\/www.walraven.com\/tr\/#\/schema\/logo\/image\/","url":"https:\/\/www.walraven.com\/tr\/wp-content\/uploads\/sites\/41\/2024\/08\/Walraven_logo_280x280.jpg","contentUrl":"https:\/\/www.walraven.com\/tr\/wp-content\/uploads\/sites\/41\/2024\/08\/Walraven_logo_280x280.jpg","width":280,"height":280,"caption":"Walraven T\u00fcrkiye"},"image":{"@id":"https:\/\/www.walraven.com\/tr\/#\/schema\/logo\/image\/"}}]}},"_links":{"self":[{"href":"https:\/\/www.walraven.com\/tr\/wp-json\/wp\/v2\/pages\/494","targetHints":{"allow":["GET"]}}],"collection":[{"href":"https:\/\/www.walraven.com\/tr\/wp-json\/wp\/v2\/pages"}],"about":[{"href":"https:\/\/www.walraven.com\/tr\/wp-json\/wp\/v2\/types\/page"}],"author":[{"embeddable":true,"href":"https:\/\/www.walraven.com\/tr\/wp-json\/wp\/v2\/users\/7"}],"replies":[{"embeddable":true,"href":"https:\/\/www.walraven.com\/tr\/wp-json\/wp\/v2\/comments?post=494"}],"version-history":[{"count":1,"href":"https:\/\/www.walraven.com\/tr\/wp-json\/wp\/v2\/pages\/494\/revisions"}],"predecessor-version":[{"id":57836,"href":"https:\/\/www.walraven.com\/tr\/wp-json\/wp\/v2\/pages\/494\/revisions\/57836"}],"wp:attachment":[{"href":"https:\/\/www.walraven.com\/tr\/wp-json\/wp\/v2\/media?parent=494"}],"curies":[{"name":"wp","href":"https:\/\/api.w.org\/{rel}","templated":true}]}}