{"id":52747,"date":"2018-03-15T09:34:35","date_gmt":"2018-03-15T08:34:35","guid":{"rendered":"https:\/\/www.walraven.com\/?page_id=119765"},"modified":"2025-09-10T10:54:24","modified_gmt":"2025-09-10T07:54:24","slug":"working-at-walraven","status":"publish","type":"page","link":"https:\/\/www.walraven.com\/tr\/working-at-walraven\/","title":{"rendered":"Kalbinizle \u00e7ok uluslu bir \u015firketin bir par\u00e7as\u0131 olun"},"content":{"rendered":"","protected":false},"excerpt":{"rendered":"<p>Walraven Grubu, d\u00fcnya \u00e7ap\u0131nda binin \u00fczerinde \u00e7al\u0131\u015fan\u0131 olan, h\u0131zl\u0131 b\u00fcy\u00fcyen bir \u015firkettir. 1942 y\u0131l\u0131ndan bu yana k\u00fc\u00e7\u00fck bir aile \u015firketinden uluslararas\u0131 bir giri\u015fim haline geldik. \u015eimdi Avrupa, Amerika Birle\u015fik Devletleri, Ortado\u011fu ve Uzak Do\u011fu\u2019da \u00fcretim ve sat\u0131\u015f tesislerimiz var. <\/p>\n","protected":false},"author":43,"featured_media":52812,"parent":0,"menu_order":0,"comment_status":"closed","ping_status":"closed","template":"page-templates\/tpl-landingspage.php","meta":{"_acf_changed":false,"footnotes":""},"class_list":["post-52747","page","type-page","status-publish","has-post-thumbnail","hentry"],"acf":[],"yoast_head":"<!-- This site is optimized with the Yoast SEO Premium plugin v27.3 (Yoast SEO v27.3) - https:\/\/yoast.com\/product\/yoast-seo-premium-wordpress\/ -->\n<title>Walraven&#039;de \u00e7al\u0131\u015f\u0131yor - Walraven<\/title>\n<meta name=\"description\" content=\"Walraven Grubu h\u0131zla b\u00fcy\u00fcyen bir \u015firkettir ve d\u00fcnya \u00e7ap\u0131nda binden fazla ki\u015fiye istihdam sa\u011flamaktad\u0131r. Web sayfam\u0131zdan i\u015f f\u0131rsatlar\u0131m\u0131za bak\u0131n.\" \/>\n<meta name=\"robots\" content=\"noindex, follow, max-snippet:-1, max-image-preview:large, max-video-preview:-1\" \/>\n<meta property=\"og:locale\" content=\"tr_TR\" \/>\n<meta property=\"og:type\" content=\"article\" \/>\n<meta property=\"og:title\" content=\"Kalbinizle \u00e7ok uluslu bir \u015firketin bir par\u00e7as\u0131 olun\" \/>\n<meta property=\"og:description\" content=\"Walraven Grubu h\u0131zla b\u00fcy\u00fcyen bir \u015firkettir ve d\u00fcnya \u00e7ap\u0131nda binden fazla ki\u015fiye istihdam sa\u011flamaktad\u0131r. Web sayfam\u0131zdan i\u015f f\u0131rsatlar\u0131m\u0131za bak\u0131n.\" \/>\n<meta property=\"og:url\" content=\"https:\/\/www.walraven.com\/tr\/working-at-walraven\/\" \/>\n<meta property=\"og:site_name\" content=\"Walraven T\u00fcrkiye\" \/>\n<meta property=\"article:modified_time\" content=\"2025-09-10T07:54:24+00:00\" \/>\n<meta property=\"og:image\" content=\"https:\/\/www.walraven.com\/tr\/wp-content\/uploads\/sites\/41\/2018\/06\/werken_by_walraven_slider_1903x268.jpg\" \/>\n\t<meta property=\"og:image:width\" content=\"1903\" \/>\n\t<meta property=\"og:image:height\" content=\"268\" \/>\n\t<meta property=\"og:image:type\" content=\"image\/jpeg\" \/>\n<meta name=\"twitter:card\" content=\"summary_large_image\" \/>\n<meta name=\"twitter:label1\" content=\"Tahmini okuma s\u00fcresi\" \/>\n\t<meta name=\"twitter:data1\" content=\"4 dakika\" \/>\n<script type=\"application\/ld+json\" class=\"yoast-schema-graph\">{\"@context\":\"https:\\\/\\\/schema.org\",\"@graph\":[{\"@type\":\"WebPage\",\"@id\":\"https:\\\/\\\/www.walraven.com\\\/tr\\\/working-at-walraven\\\/\",\"url\":\"https:\\\/\\\/www.walraven.com\\\/tr\\\/working-at-walraven\\\/\",\"name\":\"Walraven'de \u00e7al\u0131\u015f\u0131yor - Walraven\",\"isPartOf\":{\"@id\":\"https:\\\/\\\/www.walraven.com\\\/tr\\\/#website\"},\"primaryImageOfPage\":{\"@id\":\"https:\\\/\\\/www.walraven.com\\\/tr\\\/working-at-walraven\\\/#primaryimage\"},\"image\":{\"@id\":\"https:\\\/\\\/www.walraven.com\\\/tr\\\/working-at-walraven\\\/#primaryimage\"},\"thumbnailUrl\":\"https:\\\/\\\/www.walraven.com\\\/tr\\\/wp-content\\\/uploads\\\/sites\\\/41\\\/2018\\\/06\\\/werken_by_walraven_slider_1903x268.jpg\",\"datePublished\":\"2018-03-15T08:34:35+00:00\",\"dateModified\":\"2025-09-10T07:54:24+00:00\",\"description\":\"Walraven Grubu h\u0131zla b\u00fcy\u00fcyen bir \u015firkettir ve d\u00fcnya \u00e7ap\u0131nda binden fazla ki\u015fiye istihdam sa\u011flamaktad\u0131r. Web sayfam\u0131zdan i\u015f f\u0131rsatlar\u0131m\u0131za bak\u0131n.\",\"breadcrumb\":{\"@id\":\"https:\\\/\\\/www.walraven.com\\\/tr\\\/working-at-walraven\\\/#breadcrumb\"},\"inLanguage\":\"tr\",\"potentialAction\":[{\"@type\":\"ReadAction\",\"target\":[\"https:\\\/\\\/www.walraven.com\\\/tr\\\/working-at-walraven\\\/\"]}]},{\"@type\":\"ImageObject\",\"inLanguage\":\"tr\",\"@id\":\"https:\\\/\\\/www.walraven.com\\\/tr\\\/working-at-walraven\\\/#primaryimage\",\"url\":\"https:\\\/\\\/www.walraven.com\\\/tr\\\/wp-content\\\/uploads\\\/sites\\\/41\\\/2018\\\/06\\\/werken_by_walraven_slider_1903x268.jpg\",\"contentUrl\":\"https:\\\/\\\/www.walraven.com\\\/tr\\\/wp-content\\\/uploads\\\/sites\\\/41\\\/2018\\\/06\\\/werken_by_walraven_slider_1903x268.jpg\",\"width\":1903,\"height\":268,\"caption\":\"werken_by_walraven_slider_1903x268\"},{\"@type\":\"BreadcrumbList\",\"@id\":\"https:\\\/\\\/www.walraven.com\\\/tr\\\/working-at-walraven\\\/#breadcrumb\",\"itemListElement\":[{\"@type\":\"ListItem\",\"position\":1,\"name\":\"Home\",\"item\":\"https:\\\/\\\/www.walraven.com\\\/tr\\\/\"},{\"@type\":\"ListItem\",\"position\":2,\"name\":\"Kalbinizle \u00e7ok uluslu bir \u015firketin bir par\u00e7as\u0131 olun\"}]},{\"@type\":\"WebSite\",\"@id\":\"https:\\\/\\\/www.walraven.com\\\/tr\\\/#website\",\"url\":\"https:\\\/\\\/www.walraven.com\\\/tr\\\/\",\"name\":\"Walraven T\u00fcrkiye\",\"description\":\"\",\"publisher\":{\"@id\":\"https:\\\/\\\/www.walraven.com\\\/tr\\\/#organization\"},\"potentialAction\":[{\"@type\":\"SearchAction\",\"target\":{\"@type\":\"EntryPoint\",\"urlTemplate\":\"https:\\\/\\\/www.walraven.com\\\/tr\\\/?s={search_term_string}\"},\"query-input\":{\"@type\":\"PropertyValueSpecification\",\"valueRequired\":true,\"valueName\":\"search_term_string\"}}],\"inLanguage\":\"tr\"},{\"@type\":\"Organization\",\"@id\":\"https:\\\/\\\/www.walraven.com\\\/tr\\\/#organization\",\"name\":\"Walraven T\u00fcrkiye\",\"url\":\"https:\\\/\\\/www.walraven.com\\\/tr\\\/\",\"logo\":{\"@type\":\"ImageObject\",\"inLanguage\":\"tr\",\"@id\":\"https:\\\/\\\/www.walraven.com\\\/tr\\\/#\\\/schema\\\/logo\\\/image\\\/\",\"url\":\"https:\\\/\\\/www.walraven.com\\\/tr\\\/wp-content\\\/uploads\\\/sites\\\/41\\\/2024\\\/08\\\/Walraven_logo_280x280.jpg\",\"contentUrl\":\"https:\\\/\\\/www.walraven.com\\\/tr\\\/wp-content\\\/uploads\\\/sites\\\/41\\\/2024\\\/08\\\/Walraven_logo_280x280.jpg\",\"width\":280,\"height\":280,\"caption\":\"Walraven T\u00fcrkiye\"},\"image\":{\"@id\":\"https:\\\/\\\/www.walraven.com\\\/tr\\\/#\\\/schema\\\/logo\\\/image\\\/\"}}]}<\/script>\n<!-- \/ Yoast SEO Premium plugin. -->","yoast_head_json":{"title":"Walraven'de \u00e7al\u0131\u015f\u0131yor - Walraven","description":"Walraven Grubu h\u0131zla b\u00fcy\u00fcyen bir \u015firkettir ve d\u00fcnya \u00e7ap\u0131nda binden fazla ki\u015fiye istihdam sa\u011flamaktad\u0131r. Web sayfam\u0131zdan i\u015f f\u0131rsatlar\u0131m\u0131za bak\u0131n.","robots":{"index":"noindex","follow":"follow","max-snippet":"max-snippet:-1","max-image-preview":"max-image-preview:large","max-video-preview":"max-video-preview:-1"},"og_locale":"tr_TR","og_type":"article","og_title":"Kalbinizle \u00e7ok uluslu bir \u015firketin bir par\u00e7as\u0131 olun","og_description":"Walraven Grubu h\u0131zla b\u00fcy\u00fcyen bir \u015firkettir ve d\u00fcnya \u00e7ap\u0131nda binden fazla ki\u015fiye istihdam sa\u011flamaktad\u0131r. Web sayfam\u0131zdan i\u015f f\u0131rsatlar\u0131m\u0131za bak\u0131n.","og_url":"https:\/\/www.walraven.com\/tr\/working-at-walraven\/","og_site_name":"Walraven T\u00fcrkiye","article_modified_time":"2025-09-10T07:54:24+00:00","og_image":[{"width":1903,"height":268,"url":"https:\/\/www.walraven.com\/tr\/wp-content\/uploads\/sites\/41\/2018\/06\/werken_by_walraven_slider_1903x268.jpg","type":"image\/jpeg"}],"twitter_card":"summary_large_image","twitter_misc":{"Tahmini okuma s\u00fcresi":"4 dakika"},"schema":{"@context":"https:\/\/schema.org","@graph":[{"@type":"WebPage","@id":"https:\/\/www.walraven.com\/tr\/working-at-walraven\/","url":"https:\/\/www.walraven.com\/tr\/working-at-walraven\/","name":"Walraven'de \u00e7al\u0131\u015f\u0131yor - Walraven","isPartOf":{"@id":"https:\/\/www.walraven.com\/tr\/#website"},"primaryImageOfPage":{"@id":"https:\/\/www.walraven.com\/tr\/working-at-walraven\/#primaryimage"},"image":{"@id":"https:\/\/www.walraven.com\/tr\/working-at-walraven\/#primaryimage"},"thumbnailUrl":"https:\/\/www.walraven.com\/tr\/wp-content\/uploads\/sites\/41\/2018\/06\/werken_by_walraven_slider_1903x268.jpg","datePublished":"2018-03-15T08:34:35+00:00","dateModified":"2025-09-10T07:54:24+00:00","description":"Walraven Grubu h\u0131zla b\u00fcy\u00fcyen bir \u015firkettir ve d\u00fcnya \u00e7ap\u0131nda binden fazla ki\u015fiye istihdam sa\u011flamaktad\u0131r. Web sayfam\u0131zdan i\u015f f\u0131rsatlar\u0131m\u0131za bak\u0131n.","breadcrumb":{"@id":"https:\/\/www.walraven.com\/tr\/working-at-walraven\/#breadcrumb"},"inLanguage":"tr","potentialAction":[{"@type":"ReadAction","target":["https:\/\/www.walraven.com\/tr\/working-at-walraven\/"]}]},{"@type":"ImageObject","inLanguage":"tr","@id":"https:\/\/www.walraven.com\/tr\/working-at-walraven\/#primaryimage","url":"https:\/\/www.walraven.com\/tr\/wp-content\/uploads\/sites\/41\/2018\/06\/werken_by_walraven_slider_1903x268.jpg","contentUrl":"https:\/\/www.walraven.com\/tr\/wp-content\/uploads\/sites\/41\/2018\/06\/werken_by_walraven_slider_1903x268.jpg","width":1903,"height":268,"caption":"werken_by_walraven_slider_1903x268"},{"@type":"BreadcrumbList","@id":"https:\/\/www.walraven.com\/tr\/working-at-walraven\/#breadcrumb","itemListElement":[{"@type":"ListItem","position":1,"name":"Home","item":"https:\/\/www.walraven.com\/tr\/"},{"@type":"ListItem","position":2,"name":"Kalbinizle \u00e7ok uluslu bir \u015firketin bir par\u00e7as\u0131 olun"}]},{"@type":"WebSite","@id":"https:\/\/www.walraven.com\/tr\/#website","url":"https:\/\/www.walraven.com\/tr\/","name":"Walraven T\u00fcrkiye","description":"","publisher":{"@id":"https:\/\/www.walraven.com\/tr\/#organization"},"potentialAction":[{"@type":"SearchAction","target":{"@type":"EntryPoint","urlTemplate":"https:\/\/www.walraven.com\/tr\/?s={search_term_string}"},"query-input":{"@type":"PropertyValueSpecification","valueRequired":true,"valueName":"search_term_string"}}],"inLanguage":"tr"},{"@type":"Organization","@id":"https:\/\/www.walraven.com\/tr\/#organization","name":"Walraven T\u00fcrkiye","url":"https:\/\/www.walraven.com\/tr\/","logo":{"@type":"ImageObject","inLanguage":"tr","@id":"https:\/\/www.walraven.com\/tr\/#\/schema\/logo\/image\/","url":"https:\/\/www.walraven.com\/tr\/wp-content\/uploads\/sites\/41\/2024\/08\/Walraven_logo_280x280.jpg","contentUrl":"https:\/\/www.walraven.com\/tr\/wp-content\/uploads\/sites\/41\/2024\/08\/Walraven_logo_280x280.jpg","width":280,"height":280,"caption":"Walraven T\u00fcrkiye"},"image":{"@id":"https:\/\/www.walraven.com\/tr\/#\/schema\/logo\/image\/"}}]}},"_links":{"self":[{"href":"https:\/\/www.walraven.com\/tr\/wp-json\/wp\/v2\/pages\/52747","targetHints":{"allow":["GET"]}}],"collection":[{"href":"https:\/\/www.walraven.com\/tr\/wp-json\/wp\/v2\/pages"}],"about":[{"href":"https:\/\/www.walraven.com\/tr\/wp-json\/wp\/v2\/types\/page"}],"author":[{"embeddable":true,"href":"https:\/\/www.walraven.com\/tr\/wp-json\/wp\/v2\/users\/43"}],"replies":[{"embeddable":true,"href":"https:\/\/www.walraven.com\/tr\/wp-json\/wp\/v2\/comments?post=52747"}],"version-history":[{"count":7,"href":"https:\/\/www.walraven.com\/tr\/wp-json\/wp\/v2\/pages\/52747\/revisions"}],"predecessor-version":[{"id":58036,"href":"https:\/\/www.walraven.com\/tr\/wp-json\/wp\/v2\/pages\/52747\/revisions\/58036"}],"wp:featuredmedia":[{"embeddable":true,"href":"https:\/\/www.walraven.com\/tr\/wp-json\/wp\/v2\/media\/52812"}],"wp:attachment":[{"href":"https:\/\/www.walraven.com\/tr\/wp-json\/wp\/v2\/media?parent=52747"}],"curies":[{"name":"wp","href":"https:\/\/api.w.org\/{rel}","templated":true}]}}