{"id":57859,"date":"2024-04-17T09:53:51","date_gmt":"2024-04-17T07:53:51","guid":{"rendered":"https:\/\/www.walraven.com\/?page_id=135714"},"modified":"2024-11-19T10:41:45","modified_gmt":"2024-11-19T08:41:45","slug":"sustainability","status":"publish","type":"page","link":"https:\/\/www.walraven.com\/tr\/sustainability\/","title":{"rendered":"Kalbi olan bir \u00e7okuluslu \u015firket in\u015fa ederek s\u00fcrd\u00fcr\u00fclebilir bir fark yaratabilece\u011fimize inan\u0131yoruz"},"content":{"rendered":"","protected":false},"excerpt":{"rendered":"","protected":false},"author":43,"featured_media":0,"parent":0,"menu_order":0,"comment_status":"closed","ping_status":"closed","template":"page-templates\/tpl-landingspage.php","meta":{"_acf_changed":false,"footnotes":""},"class_list":["post-57859","page","type-page","status-publish","hentry"],"acf":[],"yoast_head":"<!-- This site is optimized with the Yoast SEO Premium plugin v27.3 (Yoast SEO v27.3) - https:\/\/yoast.com\/product\/yoast-seo-premium-wordpress\/ -->\n<title>Kalbi olan bir \u00e7okuluslu \u015firket in\u015fa ederek s\u00fcrd\u00fcr\u00fclebilir bir fark yaratabilece\u011fimize inan\u0131yoruz - Walraven T\u00fcrkiye<\/title>\n<meta name=\"robots\" content=\"noindex, follow, max-snippet:-1, max-image-preview:large, max-video-preview:-1\" \/>\n<meta property=\"og:locale\" content=\"tr_TR\" \/>\n<meta property=\"og:type\" content=\"article\" \/>\n<meta property=\"og:title\" content=\"Kalbi olan bir \u00e7okuluslu \u015firket in\u015fa ederek s\u00fcrd\u00fcr\u00fclebilir bir fark yaratabilece\u011fimize inan\u0131yoruz\" \/>\n<meta property=\"og:url\" content=\"https:\/\/www.walraven.com\/tr\/sustainability\/\" \/>\n<meta property=\"og:site_name\" content=\"Walraven T\u00fcrkiye\" \/>\n<meta property=\"article:modified_time\" content=\"2024-11-19T08:41:45+00:00\" \/>\n<meta name=\"twitter:card\" content=\"summary_large_image\" \/>\n<meta name=\"twitter:label1\" content=\"Tahmini okuma s\u00fcresi\" \/>\n\t<meta name=\"twitter:data1\" content=\"6 dakika\" \/>\n<script type=\"application\/ld+json\" class=\"yoast-schema-graph\">{\"@context\":\"https:\\\/\\\/schema.org\",\"@graph\":[{\"@type\":\"WebPage\",\"@id\":\"https:\\\/\\\/www.walraven.com\\\/tr\\\/sustainability\\\/\",\"url\":\"https:\\\/\\\/www.walraven.com\\\/tr\\\/sustainability\\\/\",\"name\":\"Kalbi olan bir \u00e7okuluslu \u015firket in\u015fa ederek s\u00fcrd\u00fcr\u00fclebilir bir fark yaratabilece\u011fimize inan\u0131yoruz - Walraven T\u00fcrkiye\",\"isPartOf\":{\"@id\":\"https:\\\/\\\/www.walraven.com\\\/tr\\\/#website\"},\"datePublished\":\"2024-04-17T07:53:51+00:00\",\"dateModified\":\"2024-11-19T08:41:45+00:00\",\"breadcrumb\":{\"@id\":\"https:\\\/\\\/www.walraven.com\\\/tr\\\/sustainability\\\/#breadcrumb\"},\"inLanguage\":\"tr\",\"potentialAction\":[{\"@type\":\"ReadAction\",\"target\":[\"https:\\\/\\\/www.walraven.com\\\/tr\\\/sustainability\\\/\"]}]},{\"@type\":\"BreadcrumbList\",\"@id\":\"https:\\\/\\\/www.walraven.com\\\/tr\\\/sustainability\\\/#breadcrumb\",\"itemListElement\":[{\"@type\":\"ListItem\",\"position\":1,\"name\":\"Home\",\"item\":\"https:\\\/\\\/www.walraven.com\\\/tr\\\/\"},{\"@type\":\"ListItem\",\"position\":2,\"name\":\"Kalbi olan bir \u00e7okuluslu \u015firket in\u015fa ederek s\u00fcrd\u00fcr\u00fclebilir bir fark yaratabilece\u011fimize inan\u0131yoruz\"}]},{\"@type\":\"WebSite\",\"@id\":\"https:\\\/\\\/www.walraven.com\\\/tr\\\/#website\",\"url\":\"https:\\\/\\\/www.walraven.com\\\/tr\\\/\",\"name\":\"Walraven T\u00fcrkiye\",\"description\":\"\",\"publisher\":{\"@id\":\"https:\\\/\\\/www.walraven.com\\\/tr\\\/#organization\"},\"potentialAction\":[{\"@type\":\"SearchAction\",\"target\":{\"@type\":\"EntryPoint\",\"urlTemplate\":\"https:\\\/\\\/www.walraven.com\\\/tr\\\/?s={search_term_string}\"},\"query-input\":{\"@type\":\"PropertyValueSpecification\",\"valueRequired\":true,\"valueName\":\"search_term_string\"}}],\"inLanguage\":\"tr\"},{\"@type\":\"Organization\",\"@id\":\"https:\\\/\\\/www.walraven.com\\\/tr\\\/#organization\",\"name\":\"Walraven T\u00fcrkiye\",\"url\":\"https:\\\/\\\/www.walraven.com\\\/tr\\\/\",\"logo\":{\"@type\":\"ImageObject\",\"inLanguage\":\"tr\",\"@id\":\"https:\\\/\\\/www.walraven.com\\\/tr\\\/#\\\/schema\\\/logo\\\/image\\\/\",\"url\":\"https:\\\/\\\/www.walraven.com\\\/tr\\\/wp-content\\\/uploads\\\/sites\\\/41\\\/2024\\\/08\\\/Walraven_logo_280x280.jpg\",\"contentUrl\":\"https:\\\/\\\/www.walraven.com\\\/tr\\\/wp-content\\\/uploads\\\/sites\\\/41\\\/2024\\\/08\\\/Walraven_logo_280x280.jpg\",\"width\":280,\"height\":280,\"caption\":\"Walraven T\u00fcrkiye\"},\"image\":{\"@id\":\"https:\\\/\\\/www.walraven.com\\\/tr\\\/#\\\/schema\\\/logo\\\/image\\\/\"}}]}<\/script>\n<!-- \/ Yoast SEO Premium plugin. -->","yoast_head_json":{"title":"Kalbi olan bir \u00e7okuluslu \u015firket in\u015fa ederek s\u00fcrd\u00fcr\u00fclebilir bir fark yaratabilece\u011fimize inan\u0131yoruz - Walraven T\u00fcrkiye","robots":{"index":"noindex","follow":"follow","max-snippet":"max-snippet:-1","max-image-preview":"max-image-preview:large","max-video-preview":"max-video-preview:-1"},"og_locale":"tr_TR","og_type":"article","og_title":"Kalbi olan bir \u00e7okuluslu \u015firket in\u015fa ederek s\u00fcrd\u00fcr\u00fclebilir bir fark yaratabilece\u011fimize inan\u0131yoruz","og_url":"https:\/\/www.walraven.com\/tr\/sustainability\/","og_site_name":"Walraven T\u00fcrkiye","article_modified_time":"2024-11-19T08:41:45+00:00","twitter_card":"summary_large_image","twitter_misc":{"Tahmini okuma s\u00fcresi":"6 dakika"},"schema":{"@context":"https:\/\/schema.org","@graph":[{"@type":"WebPage","@id":"https:\/\/www.walraven.com\/tr\/sustainability\/","url":"https:\/\/www.walraven.com\/tr\/sustainability\/","name":"Kalbi olan bir \u00e7okuluslu \u015firket in\u015fa ederek s\u00fcrd\u00fcr\u00fclebilir bir fark yaratabilece\u011fimize inan\u0131yoruz - Walraven T\u00fcrkiye","isPartOf":{"@id":"https:\/\/www.walraven.com\/tr\/#website"},"datePublished":"2024-04-17T07:53:51+00:00","dateModified":"2024-11-19T08:41:45+00:00","breadcrumb":{"@id":"https:\/\/www.walraven.com\/tr\/sustainability\/#breadcrumb"},"inLanguage":"tr","potentialAction":[{"@type":"ReadAction","target":["https:\/\/www.walraven.com\/tr\/sustainability\/"]}]},{"@type":"BreadcrumbList","@id":"https:\/\/www.walraven.com\/tr\/sustainability\/#breadcrumb","itemListElement":[{"@type":"ListItem","position":1,"name":"Home","item":"https:\/\/www.walraven.com\/tr\/"},{"@type":"ListItem","position":2,"name":"Kalbi olan bir \u00e7okuluslu \u015firket in\u015fa ederek s\u00fcrd\u00fcr\u00fclebilir bir fark yaratabilece\u011fimize inan\u0131yoruz"}]},{"@type":"WebSite","@id":"https:\/\/www.walraven.com\/tr\/#website","url":"https:\/\/www.walraven.com\/tr\/","name":"Walraven T\u00fcrkiye","description":"","publisher":{"@id":"https:\/\/www.walraven.com\/tr\/#organization"},"potentialAction":[{"@type":"SearchAction","target":{"@type":"EntryPoint","urlTemplate":"https:\/\/www.walraven.com\/tr\/?s={search_term_string}"},"query-input":{"@type":"PropertyValueSpecification","valueRequired":true,"valueName":"search_term_string"}}],"inLanguage":"tr"},{"@type":"Organization","@id":"https:\/\/www.walraven.com\/tr\/#organization","name":"Walraven T\u00fcrkiye","url":"https:\/\/www.walraven.com\/tr\/","logo":{"@type":"ImageObject","inLanguage":"tr","@id":"https:\/\/www.walraven.com\/tr\/#\/schema\/logo\/image\/","url":"https:\/\/www.walraven.com\/tr\/wp-content\/uploads\/sites\/41\/2024\/08\/Walraven_logo_280x280.jpg","contentUrl":"https:\/\/www.walraven.com\/tr\/wp-content\/uploads\/sites\/41\/2024\/08\/Walraven_logo_280x280.jpg","width":280,"height":280,"caption":"Walraven T\u00fcrkiye"},"image":{"@id":"https:\/\/www.walraven.com\/tr\/#\/schema\/logo\/image\/"}}]}},"_links":{"self":[{"href":"https:\/\/www.walraven.com\/tr\/wp-json\/wp\/v2\/pages\/57859","targetHints":{"allow":["GET"]}}],"collection":[{"href":"https:\/\/www.walraven.com\/tr\/wp-json\/wp\/v2\/pages"}],"about":[{"href":"https:\/\/www.walraven.com\/tr\/wp-json\/wp\/v2\/types\/page"}],"author":[{"embeddable":true,"href":"https:\/\/www.walraven.com\/tr\/wp-json\/wp\/v2\/users\/43"}],"replies":[{"embeddable":true,"href":"https:\/\/www.walraven.com\/tr\/wp-json\/wp\/v2\/comments?post=57859"}],"version-history":[{"count":5,"href":"https:\/\/www.walraven.com\/tr\/wp-json\/wp\/v2\/pages\/57859\/revisions"}],"predecessor-version":[{"id":58017,"href":"https:\/\/www.walraven.com\/tr\/wp-json\/wp\/v2\/pages\/57859\/revisions\/58017"}],"wp:attachment":[{"href":"https:\/\/www.walraven.com\/tr\/wp-json\/wp\/v2\/media?parent=57859"}],"curies":[{"name":"wp","href":"https:\/\/api.w.org\/{rel}","templated":true}]}}