{"id":57976,"date":"2024-08-28T14:21:33","date_gmt":"2024-08-28T11:21:33","guid":{"rendered":"https:\/\/www.walraven.com\/tr\/?page_id=57976"},"modified":"2024-08-29T14:24:55","modified_gmt":"2024-08-29T11:24:55","slug":"surecler","status":"publish","type":"page","link":"https:\/\/www.walraven.com\/tr\/surecler\/","title":{"rendered":"S\u00fcre\u00e7ler"},"content":{"rendered":"","protected":false},"excerpt":{"rendered":"","protected":false},"author":43,"featured_media":0,"parent":0,"menu_order":0,"comment_status":"closed","ping_status":"closed","template":"page-templates\/tpl-landingspage.php","meta":{"_acf_changed":false,"footnotes":""},"class_list":["post-57976","page","type-page","status-publish","hentry"],"acf":[],"yoast_head":"<!-- This site is optimized with the Yoast SEO Premium plugin v27.3 (Yoast SEO v27.3) - https:\/\/yoast.com\/product\/yoast-seo-premium-wordpress\/ -->\n<title>S\u00fcre\u00e7ler - Walraven T\u00fcrkiye<\/title>\n<meta name=\"description\" content=\"Sekt\u00f6rde uzun zamand\u0131r var olan bilgilerimizi kau\u00e7uk profilleri, s\u00fcnger profilleri, koekstr\u00fczyon profilleri ve PVC-TPE profilleri imalat\u0131nda kullanmaktay\u0131z.\" \/>\n<meta name=\"robots\" content=\"noindex, follow, max-snippet:-1, max-image-preview:large, max-video-preview:-1\" \/>\n<meta property=\"og:locale\" content=\"tr_TR\" \/>\n<meta property=\"og:type\" content=\"article\" \/>\n<meta property=\"og:title\" content=\"S\u00fcre\u00e7ler\" \/>\n<meta property=\"og:description\" content=\"Sekt\u00f6rde uzun zamand\u0131r var olan bilgilerimizi kau\u00e7uk profilleri, s\u00fcnger profilleri, koekstr\u00fczyon profilleri ve PVC-TPE profilleri imalat\u0131nda kullanmaktay\u0131z.\" \/>\n<meta property=\"og:url\" content=\"https:\/\/www.walraven.com\/tr\/surecler\/\" \/>\n<meta property=\"og:site_name\" content=\"Walraven T\u00fcrkiye\" \/>\n<meta property=\"article:modified_time\" content=\"2024-08-29T11:24:55+00:00\" \/>\n<meta name=\"twitter:card\" content=\"summary_large_image\" \/>\n<meta name=\"twitter:label1\" content=\"Tahmini okuma s\u00fcresi\" \/>\n\t<meta name=\"twitter:data1\" content=\"1 dakika\" \/>\n<script type=\"application\/ld+json\" class=\"yoast-schema-graph\">{\"@context\":\"https:\\\/\\\/schema.org\",\"@graph\":[{\"@type\":\"WebPage\",\"@id\":\"https:\\\/\\\/www.walraven.com\\\/tr\\\/surecler\\\/\",\"url\":\"https:\\\/\\\/www.walraven.com\\\/tr\\\/surecler\\\/\",\"name\":\"S\u00fcre\u00e7ler - Walraven T\u00fcrkiye\",\"isPartOf\":{\"@id\":\"https:\\\/\\\/www.walraven.com\\\/tr\\\/#website\"},\"datePublished\":\"2024-08-28T11:21:33+00:00\",\"dateModified\":\"2024-08-29T11:24:55+00:00\",\"description\":\"Sekt\u00f6rde uzun zamand\u0131r var olan bilgilerimizi kau\u00e7uk profilleri, s\u00fcnger profilleri, koekstr\u00fczyon profilleri ve PVC-TPE profilleri imalat\u0131nda kullanmaktay\u0131z.\",\"breadcrumb\":{\"@id\":\"https:\\\/\\\/www.walraven.com\\\/tr\\\/surecler\\\/#breadcrumb\"},\"inLanguage\":\"tr\",\"potentialAction\":[{\"@type\":\"ReadAction\",\"target\":[\"https:\\\/\\\/www.walraven.com\\\/tr\\\/surecler\\\/\"]}]},{\"@type\":\"BreadcrumbList\",\"@id\":\"https:\\\/\\\/www.walraven.com\\\/tr\\\/surecler\\\/#breadcrumb\",\"itemListElement\":[{\"@type\":\"ListItem\",\"position\":1,\"name\":\"Home\",\"item\":\"https:\\\/\\\/www.walraven.com\\\/tr\\\/\"},{\"@type\":\"ListItem\",\"position\":2,\"name\":\"S\u00fcre\u00e7ler\"}]},{\"@type\":\"WebSite\",\"@id\":\"https:\\\/\\\/www.walraven.com\\\/tr\\\/#website\",\"url\":\"https:\\\/\\\/www.walraven.com\\\/tr\\\/\",\"name\":\"Walraven T\u00fcrkiye\",\"description\":\"\",\"publisher\":{\"@id\":\"https:\\\/\\\/www.walraven.com\\\/tr\\\/#organization\"},\"potentialAction\":[{\"@type\":\"SearchAction\",\"target\":{\"@type\":\"EntryPoint\",\"urlTemplate\":\"https:\\\/\\\/www.walraven.com\\\/tr\\\/?s={search_term_string}\"},\"query-input\":{\"@type\":\"PropertyValueSpecification\",\"valueRequired\":true,\"valueName\":\"search_term_string\"}}],\"inLanguage\":\"tr\"},{\"@type\":\"Organization\",\"@id\":\"https:\\\/\\\/www.walraven.com\\\/tr\\\/#organization\",\"name\":\"Walraven T\u00fcrkiye\",\"url\":\"https:\\\/\\\/www.walraven.com\\\/tr\\\/\",\"logo\":{\"@type\":\"ImageObject\",\"inLanguage\":\"tr\",\"@id\":\"https:\\\/\\\/www.walraven.com\\\/tr\\\/#\\\/schema\\\/logo\\\/image\\\/\",\"url\":\"https:\\\/\\\/www.walraven.com\\\/tr\\\/wp-content\\\/uploads\\\/sites\\\/41\\\/2024\\\/08\\\/Walraven_logo_280x280.jpg\",\"contentUrl\":\"https:\\\/\\\/www.walraven.com\\\/tr\\\/wp-content\\\/uploads\\\/sites\\\/41\\\/2024\\\/08\\\/Walraven_logo_280x280.jpg\",\"width\":280,\"height\":280,\"caption\":\"Walraven T\u00fcrkiye\"},\"image\":{\"@id\":\"https:\\\/\\\/www.walraven.com\\\/tr\\\/#\\\/schema\\\/logo\\\/image\\\/\"}}]}<\/script>\n<!-- \/ Yoast SEO Premium plugin. -->","yoast_head_json":{"title":"S\u00fcre\u00e7ler - Walraven T\u00fcrkiye","description":"Sekt\u00f6rde uzun zamand\u0131r var olan bilgilerimizi kau\u00e7uk profilleri, s\u00fcnger profilleri, koekstr\u00fczyon profilleri ve PVC-TPE profilleri imalat\u0131nda kullanmaktay\u0131z.","robots":{"index":"noindex","follow":"follow","max-snippet":"max-snippet:-1","max-image-preview":"max-image-preview:large","max-video-preview":"max-video-preview:-1"},"og_locale":"tr_TR","og_type":"article","og_title":"S\u00fcre\u00e7ler","og_description":"Sekt\u00f6rde uzun zamand\u0131r var olan bilgilerimizi kau\u00e7uk profilleri, s\u00fcnger profilleri, koekstr\u00fczyon profilleri ve PVC-TPE profilleri imalat\u0131nda kullanmaktay\u0131z.","og_url":"https:\/\/www.walraven.com\/tr\/surecler\/","og_site_name":"Walraven T\u00fcrkiye","article_modified_time":"2024-08-29T11:24:55+00:00","twitter_card":"summary_large_image","twitter_misc":{"Tahmini okuma s\u00fcresi":"1 dakika"},"schema":{"@context":"https:\/\/schema.org","@graph":[{"@type":"WebPage","@id":"https:\/\/www.walraven.com\/tr\/surecler\/","url":"https:\/\/www.walraven.com\/tr\/surecler\/","name":"S\u00fcre\u00e7ler - Walraven T\u00fcrkiye","isPartOf":{"@id":"https:\/\/www.walraven.com\/tr\/#website"},"datePublished":"2024-08-28T11:21:33+00:00","dateModified":"2024-08-29T11:24:55+00:00","description":"Sekt\u00f6rde uzun zamand\u0131r var olan bilgilerimizi kau\u00e7uk profilleri, s\u00fcnger profilleri, koekstr\u00fczyon profilleri ve PVC-TPE profilleri imalat\u0131nda kullanmaktay\u0131z.","breadcrumb":{"@id":"https:\/\/www.walraven.com\/tr\/surecler\/#breadcrumb"},"inLanguage":"tr","potentialAction":[{"@type":"ReadAction","target":["https:\/\/www.walraven.com\/tr\/surecler\/"]}]},{"@type":"BreadcrumbList","@id":"https:\/\/www.walraven.com\/tr\/surecler\/#breadcrumb","itemListElement":[{"@type":"ListItem","position":1,"name":"Home","item":"https:\/\/www.walraven.com\/tr\/"},{"@type":"ListItem","position":2,"name":"S\u00fcre\u00e7ler"}]},{"@type":"WebSite","@id":"https:\/\/www.walraven.com\/tr\/#website","url":"https:\/\/www.walraven.com\/tr\/","name":"Walraven T\u00fcrkiye","description":"","publisher":{"@id":"https:\/\/www.walraven.com\/tr\/#organization"},"potentialAction":[{"@type":"SearchAction","target":{"@type":"EntryPoint","urlTemplate":"https:\/\/www.walraven.com\/tr\/?s={search_term_string}"},"query-input":{"@type":"PropertyValueSpecification","valueRequired":true,"valueName":"search_term_string"}}],"inLanguage":"tr"},{"@type":"Organization","@id":"https:\/\/www.walraven.com\/tr\/#organization","name":"Walraven T\u00fcrkiye","url":"https:\/\/www.walraven.com\/tr\/","logo":{"@type":"ImageObject","inLanguage":"tr","@id":"https:\/\/www.walraven.com\/tr\/#\/schema\/logo\/image\/","url":"https:\/\/www.walraven.com\/tr\/wp-content\/uploads\/sites\/41\/2024\/08\/Walraven_logo_280x280.jpg","contentUrl":"https:\/\/www.walraven.com\/tr\/wp-content\/uploads\/sites\/41\/2024\/08\/Walraven_logo_280x280.jpg","width":280,"height":280,"caption":"Walraven T\u00fcrkiye"},"image":{"@id":"https:\/\/www.walraven.com\/tr\/#\/schema\/logo\/image\/"}}]}},"_links":{"self":[{"href":"https:\/\/www.walraven.com\/tr\/wp-json\/wp\/v2\/pages\/57976","targetHints":{"allow":["GET"]}}],"collection":[{"href":"https:\/\/www.walraven.com\/tr\/wp-json\/wp\/v2\/pages"}],"about":[{"href":"https:\/\/www.walraven.com\/tr\/wp-json\/wp\/v2\/types\/page"}],"author":[{"embeddable":true,"href":"https:\/\/www.walraven.com\/tr\/wp-json\/wp\/v2\/users\/43"}],"replies":[{"embeddable":true,"href":"https:\/\/www.walraven.com\/tr\/wp-json\/wp\/v2\/comments?post=57976"}],"version-history":[{"count":5,"href":"https:\/\/www.walraven.com\/tr\/wp-json\/wp\/v2\/pages\/57976\/revisions"}],"predecessor-version":[{"id":57988,"href":"https:\/\/www.walraven.com\/tr\/wp-json\/wp\/v2\/pages\/57976\/revisions\/57988"}],"wp:attachment":[{"href":"https:\/\/www.walraven.com\/tr\/wp-json\/wp\/v2\/media?parent=57976"}],"curies":[{"name":"wp","href":"https:\/\/api.w.org\/{rel}","templated":true}]}}